{"id":1281,"date":"2024-09-09T14:45:04","date_gmt":"2024-09-09T14:45:04","guid":{"rendered":"https:\/\/escoladigital.madeira.gov.pt\/eb23louros\/?page_id=1281"},"modified":"2024-09-17T11:29:34","modified_gmt":"2024-09-17T11:29:34","slug":"politica-de-privacidade-e-cookies-termos-e-condicoes","status":"publish","type":"page","link":"https:\/\/escoladigital.madeira.gov.pt\/eb23louros\/politica-de-privacidade-e-cookies-termos-e-condicoes\/","title":{"rendered":"Pol\u00edtica de Privacidade (e cookies) &#8211; Termos e Condi\u00e7\u00f5es"},"content":{"rendered":"\n<p><strong>Pol\u00edtica de Privacidade (e&nbsp;<em>cookies<\/em>) \u2013 Termos e Condi\u00e7\u00f5es<\/strong><\/p>\n\n\n\n<p>O Regulamento Geral sobre a Prote\u00e7\u00e3o de Dados (RGPD) estabelece as regras sobre o tratamento, por uma pessoa, empresa ou organiza\u00e7\u00e3o, de dados pessoais na Uni\u00e3o Europeia. Para al\u00e9m do refor\u00e7o da prote\u00e7\u00e3o jur\u00eddica dos direitos dos titulares dos dados, o RGPD define ainda regras e procedimentos do ponto de vista tecnol\u00f3gico.<br><br><strong>Entidade Gestora do Portal da Escola<\/strong><br>O Portal da Escola \u00e9 gerido pelos servi\u00e7os da Escola B\u00e1sica com Pr\u00e9-Escolar e Creche dos Louros (EBPEC dos Louros), de acordo com os par\u00e2metros tecnol\u00f3gicos definidos pela Dire\u00e7\u00e3o Regional de Educa\u00e7\u00e3o (DRE) para o subdom\u00ednio Escola Digital. A infraestrutura tecnol\u00f3gica de suporte \u00e0 Escola Digital \u00e9 assegurada pela Dire\u00e7\u00e3o Regional de Inform\u00e1tica (DRI).<br><br>Se encontrar alguma falha no funcionamento do portal, por favor contacte-nos pelo endere\u00e7o:&nbsp;<a href=\"mailto:escbaslouros@edu.madeira.gov.pt\">escbaslouros@edu.madeira.gov.pt<\/a>&nbsp;<br><br><strong>Respons\u00e1vel pelo Tratamento<\/strong><br>Os servi\u00e7os da&nbsp;EBPEC dos Louros, enquanto respons\u00e1veis pelo tratamento de dados:<\/p>\n\n\n\n<ul class=\"wp-block-list\">\n<li>Asseguram que o tratamento dos seus dados pessoais \u00e9 efetuado no \u00e2mbito das finalidades para as quais os mesmos foram recolhidos ou para finalidades compat\u00edveis com aquelas;<\/li>\n\n\n\n<li>Recolhem, utilizam e conservam apenas os dados pessoais necess\u00e1rios para a finalidade em causa;<\/li>\n\n\n\n<li>N\u00e3o procedem a qualquer transmiss\u00e3o de dados pessoais para fins comerciais ou de publicidade;<\/li>\n\n\n\n<li>Tratam os dados pessoais para fins legalmente previstos ou para a prossecu\u00e7\u00e3o de servi\u00e7os da solicita\u00e7\u00e3o do cidad\u00e3o.<\/li>\n<\/ul>\n\n\n\n<p><br><strong>Confidencialidade e Privacidade<\/strong><br>Os servi\u00e7os da EBPEC dos Louros est\u00e3o empenhados em proceder ao tratamento dos seus dados, de forma leal e transparente, garantindo confidencialidade e seguran\u00e7a quanto \u00e0s informa\u00e7\u00f5es que lhe s\u00e3o solicitadas e assegurando que as mesmas ser\u00e3o usadas, apenas, para os fins expressamente indicados e autorizados.<br><br><strong>Recolha e tratamento de dados pessoais<\/strong><br>O Portal da&nbsp;Escola B\u00e1sica com Pr\u00e9-Escolar e Creche dos Louros procede \u00e0 recolha da informa\u00e7\u00e3o estritamente necess\u00e1ria e pertinente para a finalidade a que se destina.<br><br>No cumprimento da obriga\u00e7\u00e3o legal de garantir a seguran\u00e7a dos sistemas de informa\u00e7\u00e3o, prevista no n.\u00ba 1 do artigo 32.\u00ba do RGPD, a Escola B\u00e1sica com Pr\u00e9-Escolar e Creche dos Louros realiza um tratamento de dados pessoais com fundamento na al\u00ednea c) do n.\u00ba 1 do artigo 6.\u00ba do mesmo diploma (cumprimento de uma obriga\u00e7\u00e3o jur\u00eddica). Recolhe os seguintes dados dos visitantes do seu s\u00edtio da Internet: data e hora da consulta, endere\u00e7o de IP (protocolo de Internet), tipo de navegador utilizado pelo visitante e as p\u00e1ginas acedidas. Estes dados s\u00e3o conservados pelo per\u00edodo m\u00e1ximo de 90 dias. Os dados pessoais recolhidos n\u00e3o s\u00e3o objeto de qualquer an\u00e1lise, a menos que ocorram eventuais incidentes de seguran\u00e7a, sendo nesse caso, ap\u00f3s an\u00e1lise, comunicados \u00e0s autoridades competentes.<br><br><strong>Acesso, seguran\u00e7a e identifica\u00e7\u00e3o do utilizador<\/strong><br>A informa\u00e7\u00e3o pessoal que fornece encontra-se protegida por procedimentos de seguran\u00e7a contra acessos e divulga\u00e7\u00e3o n\u00e3o autorizados.<br><br><strong>Direito de acesso, retifica\u00e7\u00e3o, atualiza\u00e7\u00e3o e elimina\u00e7\u00e3o dos dados<\/strong><br>O Portal da Escola B\u00e1sica com Pr\u00e9-Escolar e Creche dos Louros garante-lhe, caso a caso e nos termos legais, o direito de acesso aos dados que lhe digam diretamente respeito, podendo proceder \u00e0 sua atualiza\u00e7\u00e3o ou corre\u00e7\u00e3o, \u00e0 sua portabilidade, ao seu apagamento, \u00e0 limita\u00e7\u00e3o no seu tratamento ou ao direito de se opor ao seu tratamento, sem comprometer a validade do tratamento de dados efetuado at\u00e9 esse momento.<br><br>Os per\u00edodos de conserva\u00e7\u00e3o espec\u00edficos podem alterar-se quando o interesse p\u00fablico associado e\/ou motivos hist\u00f3ricos, cient\u00edficos ou estat\u00edsticos o justifiquem.<br><br><strong>Utiliza\u00e7\u00e3o de&nbsp;<em>cookies<\/em><\/strong><br>O Portal da Escola B\u00e1sica com Pr\u00e9-Escolar e Creche dos Louros utiliza&nbsp;<em>cookies<\/em>&nbsp;que permitem melhorar o desempenho e a experi\u00eancia de navega\u00e7\u00e3o dos utilizadores.<br><br>Os&nbsp;<em>cookies<\/em>&nbsp;utilizados no Portal da Escola B\u00e1sica com Pr\u00e9-Escolar e Creche dos Louros s\u00e3o:<\/p>\n\n\n\n<ul class=\"wp-block-list\">\n<li>Essenciais \u2013 necess\u00e1rios \u00e0 navega\u00e7\u00e3o no s\u00edtio eletr\u00f3nico garantindo o acesso a \u00e1reas privadas do mesmo, de modo a permitir a realiza\u00e7\u00e3o de servi\u00e7os, designadamente,\u00a0<em>cookies<\/em>\u00a0de sess\u00e3o;<\/li>\n\n\n\n<li>Anal\u00edticos \u2013 necess\u00e1rios \u00e0 recolha de informa\u00e7\u00e3o para an\u00e1lise estat\u00edstica da navega\u00e7\u00e3o e utiliza\u00e7\u00e3o do s\u00edtio eletr\u00f3nico, nomeadamente, Google.<\/li>\n<\/ul>\n\n\n\n<p><strong>Redes Sociais<\/strong><br>O Portal da Escola B\u00e1sica com Pr\u00e9-Escolar e Creche dos Louros n\u00e3o utiliza a partilha direta de conte\u00fado para as redes sociais, pelo que n\u00e3o fornece quaisquer dados dos utilizadores a terceiros.<\/p>\n\n\n\n<p>A intera\u00e7\u00e3o com as redes sociais decorre de liga\u00e7\u00f5es simples divulgadas no Portal da Escola, bem como de liga\u00e7\u00f5es a espa\u00e7os nas redes sociais geridos por diferentes \u00e1reas da Escola B\u00e1sica com Pr\u00e9-Escolar e Creche dos Louros.<br><br><strong>Pol\u00edtica de Cookies e tecnologias semelhantes<\/strong><br>Nos s\u00edtios&nbsp;<em>web<\/em>, portais e plataformas digitais,&nbsp;a Escola B\u00e1sica com Pr\u00e9-Escolar e Creche dos Louros utiliza&nbsp;<em>cookies<\/em>&nbsp;e outras tecnologias semelhantes que permitem a experi\u00eancia de navega\u00e7\u00e3o mais personalizada e o desempenho dos servi\u00e7os pelos seus utilizadores, em prol da efici\u00eancia da resposta e elimina\u00e7\u00e3o da necessidade de introduzir repetidamente informa\u00e7\u00f5es pessoais para solicitar a presta\u00e7\u00e3o de servi\u00e7os, permitindo que a infraestrutura se lembre das suas prefer\u00eancias, nomeadamente, l\u00edngua, nome de utilizador, entre outras, durante um determinado per\u00edodo de tempo.<br><br>Na maioria dos&nbsp;<em>cookies<\/em>, n\u00e3o ser\u00e3o recolhidos dados pessoais. Os dados pessoais e informa\u00e7\u00f5es do dispositivo do utilizador (<em>cookies<\/em>, identificadores \u00fanicos e outros dados do dispositivo) ser\u00e3o utilizados especificamente pelos servi\u00e7os digitais da Escola, sem que sejam partilhados com fornecedores de terceiros. Poder\u00e3o ser utilizados&nbsp;<em>cookies<\/em>&nbsp;de desempenho para fins estat\u00edsticos sobre a experi\u00eancia de navega\u00e7\u00e3o dos nossos s\u00edtios digitais.<br><br>Alguns&nbsp;<em>cookies<\/em>&nbsp;poder\u00e3o ter o seu fundamento legal em interesse p\u00fablico, pela natureza da entidade Respons\u00e1vel pelo Tratamento ou com base no consentimento pr\u00e9vio do utilizador. As opera\u00e7\u00f5es de tratamento que decorram com base no interesse p\u00fablico poder\u00e3o ser alvo de oposi\u00e7\u00e3o do titular de dados, pessoa que tamb\u00e9m poder\u00e1 retirar, a todo o momento, qualquer consentimento que tenha dado sobre os seus dados.<br><br><strong>Encarregado de Prote\u00e7\u00e3o de Dados e Autoridade de Controlo<\/strong><br>Nos termos do artigo 37.\u00ba, n.\u00ba 1, al\u00ednea a), n.\u00ba 3 e n.\u00ba 5, do RGPD, o Governo Regional da Madeira criou o Gabinete Regional para a Conformidade Digital, Prote\u00e7\u00e3o de Dados e Ciberseguran\u00e7a (GCPD), por meio do Decreto Regulamentar Regional n.\u00ba 2\/2024\/M, de 15 de janeiro. Poder\u00e1 comunicar com o GCPD, no que respeita \u00e0s quest\u00f5es relacionadas com o tratamento dos seus dados pessoais, pelos seguintes contactos:<br><br><strong>Gabinete Regional para a Conformidade Digital, Prote\u00e7\u00e3o de Dados e Ciberseguran\u00e7a<\/strong><strong><br><\/strong>Pal\u00e1cio do Governo Regional \u2013 Avenida Zarco<br>9004-527 FUNCHAL<br>Telefone: (351) 291 145&nbsp;175<br><a href=\"mailto:gcpd.geral@madeira.gov.pt\">gcpd.geral@madeira.gov.pt<\/a><br><a href=\"http:\/\/www.madeira.gov.pt\/gcpd\">www.madeira.gov.pt\/gcpd<\/a><\/p>\n\n\n\n<p>O titular dos dados tem direito de apresentar reclama\u00e7\u00e3o a uma autoridade de controlo competente, que em Portugal \u00e9 a Comiss\u00e3o Nacional de Prote\u00e7\u00e3o de Dados (CNPD).<br><br><br>Data de origem da pol\u00edtica de privacidade \u2013 01 de abril de 2022<\/p>\n\n\n\n<p>Atualiza\u00e7\u00e3o ap\u00f3s integra\u00e7\u00e3o na estrutura \u2018Escola Digital\u2019 \u2013 17 de setembro de 2024<\/p>\n","protected":false},"excerpt":{"rendered":"<p>Pol\u00edtica de Privacidade (e&nbsp;cookies) \u2013 Termos e Condi\u00e7\u00f5es O Regulamento Geral sobre a Prote\u00e7\u00e3o de Dados (RGPD) estabelece as regras sobre o tratamento, por uma pessoa, empresa ou organiza\u00e7\u00e3o, de dados pessoais na Uni\u00e3o Europeia. Para al\u00e9m do refor\u00e7o da prote\u00e7\u00e3o jur\u00eddica dos direitos dos titulares dos dados, o RGPD define ainda regras e procedimentos [&hellip;]<\/p>\n","protected":false},"author":46,"featured_media":0,"parent":0,"menu_order":0,"comment_status":"closed","ping_status":"closed","template":"","meta":{"_themeisle_gutenberg_block_has_review":false,"footnotes":""},"class_list":["post-1281","page","type-page","status-publish","hentry"],"_links":{"self":[{"href":"https:\/\/escoladigital.madeira.gov.pt\/eb23louros\/wp-json\/wp\/v2\/pages\/1281","targetHints":{"allow":["GET"]}}],"collection":[{"href":"https:\/\/escoladigital.madeira.gov.pt\/eb23louros\/wp-json\/wp\/v2\/pages"}],"about":[{"href":"https:\/\/escoladigital.madeira.gov.pt\/eb23louros\/wp-json\/wp\/v2\/types\/page"}],"author":[{"embeddable":true,"href":"https:\/\/escoladigital.madeira.gov.pt\/eb23louros\/wp-json\/wp\/v2\/users\/46"}],"replies":[{"embeddable":true,"href":"https:\/\/escoladigital.madeira.gov.pt\/eb23louros\/wp-json\/wp\/v2\/comments?post=1281"}],"version-history":[{"count":7,"href":"https:\/\/escoladigital.madeira.gov.pt\/eb23louros\/wp-json\/wp\/v2\/pages\/1281\/revisions"}],"predecessor-version":[{"id":1448,"href":"https:\/\/escoladigital.madeira.gov.pt\/eb23louros\/wp-json\/wp\/v2\/pages\/1281\/revisions\/1448"}],"wp:attachment":[{"href":"https:\/\/escoladigital.madeira.gov.pt\/eb23louros\/wp-json\/wp\/v2\/media?parent=1281"}],"curies":[{"name":"wp","href":"https:\/\/api.w.org\/{rel}","templated":true}]}}