{"id":260,"date":"2024-05-08T14:38:23","date_gmt":"2024-05-08T14:38:23","guid":{"rendered":"https:\/\/escoladigital.madeira.gov.pt\/eb23louros\/?page_id=260"},"modified":"2025-09-10T09:47:29","modified_gmt":"2025-09-10T09:47:29","slug":"documentos-orientadores","status":"publish","type":"page","link":"https:\/\/escoladigital.madeira.gov.pt\/eb23louros\/documentos-orientadores\/","title":{"rendered":"Documentos Orientadores"},"content":{"rendered":"\t\t<div data-elementor-type=\"wp-page\" data-elementor-id=\"260\" class=\"elementor elementor-260\">\n\t\t\t\t<div class=\"elementor-element elementor-element-7174cd7 e-flex e-con-boxed e-con e-parent\" data-id=\"7174cd7\" data-element_type=\"container\" data-e-type=\"container\">\n\t\t\t\t\t<div class=\"e-con-inner\">\n\t\t<div class=\"elementor-element elementor-element-36dff68 e-con-full e-flex e-con e-child\" data-id=\"36dff68\" data-element_type=\"container\" data-e-type=\"container\">\n\t\t\t\t<div class=\"elementor-element elementor-element-047b9d2 elementor-widget__width-initial elementor-widget elementor-widget-image\" data-id=\"047b9d2\" data-element_type=\"widget\" data-e-type=\"widget\" data-widget_type=\"image.default\">\n\t\t\t\t<div class=\"elementor-widget-container\">\n\t\t\t\t\t\t\t\t\t\t\t\t\t\t\t<img fetchpriority=\"high\" decoding=\"async\" width=\"300\" height=\"300\" src=\"https:\/\/escoladigital.madeira.gov.pt\/eb23louros\/wp-content\/uploads\/sites\/34\/2024\/05\/documento_orientadores-300x300.png\" class=\"attachment-medium size-medium wp-image-290\" alt=\"\" srcset=\"https:\/\/escoladigital.madeira.gov.pt\/eb23louros\/wp-content\/uploads\/sites\/34\/2024\/05\/documento_orientadores-300x300.png 300w, https:\/\/escoladigital.madeira.gov.pt\/eb23louros\/wp-content\/uploads\/sites\/34\/2024\/05\/documento_orientadores-150x150.png 150w, https:\/\/escoladigital.madeira.gov.pt\/eb23louros\/wp-content\/uploads\/sites\/34\/2024\/05\/documento_orientadores-768x768.png 768w, https:\/\/escoladigital.madeira.gov.pt\/eb23louros\/wp-content\/uploads\/sites\/34\/2024\/05\/documento_orientadores.png 900w\" sizes=\"(max-width: 300px) 100vw, 300px\" \/>\t\t\t\t\t\t\t\t\t\t\t\t\t\t\t<\/div>\n\t\t\t\t<\/div>\n\t\t\t\t<\/div>\n\t\t<div class=\"elementor-element elementor-element-301ae4e e-con-full e-flex e-con e-child\" data-id=\"301ae4e\" data-element_type=\"container\" data-e-type=\"container\">\n\t\t<div class=\"elementor-element elementor-element-46ce76c e-con-full e-flex e-con e-child\" data-id=\"46ce76c\" data-element_type=\"container\" data-e-type=\"container\">\n\t\t\t\t<div class=\"elementor-element elementor-element-65a077a elementor-invisible elementor-widget elementor-widget-eael-adv-tabs\" data-id=\"65a077a\" data-element_type=\"widget\" data-e-type=\"widget\" data-settings=\"{&quot;_animation&quot;:&quot;fadeInRight&quot;}\" data-widget_type=\"eael-adv-tabs.default\">\n\t\t\t\t<div class=\"elementor-widget-container\">\n\t\t\t\t\t        <div data-scroll-on-click=\"no\" data-scroll-speed=\"300\" id=\"eael-advance-tabs-65a077a\" class=\"eael-advance-tabs eael-tabs-horizontal eael-tab-auto-active \" data-tabid=\"65a077a\">\n            <div class=\"eael-tabs-nav \">\n                <ul class=\"eael-tab-inline-icon\" role=\"tablist\">\n                                            <li id=\"regulamento-interno\" class=\"inactive eael-tab-item-trigger eael-tab-nav-item\" aria-selected=\"true\" data-tab=\"1\" role=\"tab\" tabindex=\"0\" aria-controls=\"regulamento-interno-tab\" aria-expanded=\"false\">\n                            \n                                                                <svg class=\"e-font-icon-svg e-fas-book\" viewBox=\"0 0 448 512\" xmlns=\"http:\/\/www.w3.org\/2000\/svg\"><path d=\"M448 360V24c0-13.3-10.7-24-24-24H96C43 0 0 43 0 96v320c0 53 43 96 96 96h328c13.3 0 24-10.7 24-24v-16c0-7.5-3.5-14.3-8.9-18.7-4.2-15.4-4.2-59.3 0-74.7 5.4-4.3 8.9-11.1 8.9-18.6zM128 134c0-3.3 2.7-6 6-6h212c3.3 0 6 2.7 6 6v20c0 3.3-2.7 6-6 6H134c-3.3 0-6-2.7-6-6v-20zm0 64c0-3.3 2.7-6 6-6h212c3.3 0 6 2.7 6 6v20c0 3.3-2.7 6-6 6H134c-3.3 0-6-2.7-6-6v-20zm253.4 250H96c-17.7 0-32-14.3-32-32 0-17.6 14.4-32 32-32h285.4c-1.9 17.1-1.9 46.9 0 64z\"><\/path><\/svg>                                                            \n                                                            <span class=\"eael-tab-title title-after-icon\" >Regulamento Interno<\/span>                            \n                                                    <\/li>\n                                            <li id=\"projeto-educativo\" class=\"inactive eael-tab-item-trigger eael-tab-nav-item\" aria-selected=\"false\" data-tab=\"2\" role=\"tab\" tabindex=\"-1\" aria-controls=\"projeto-educativo-tab\" aria-expanded=\"false\">\n                            \n                                                                <svg class=\"e-font-icon-svg e-fas-book-open\" viewBox=\"0 0 576 512\" xmlns=\"http:\/\/www.w3.org\/2000\/svg\"><path d=\"M542.22 32.05c-54.8 3.11-163.72 14.43-230.96 55.59-4.64 2.84-7.27 7.89-7.27 13.17v363.87c0 11.55 12.63 18.85 23.28 13.49 69.18-34.82 169.23-44.32 218.7-46.92 16.89-.89 30.02-14.43 30.02-30.66V62.75c.01-17.71-15.35-31.74-33.77-30.7zM264.73 87.64C197.5 46.48 88.58 35.17 33.78 32.05 15.36 31.01 0 45.04 0 62.75V400.6c0 16.24 13.13 29.78 30.02 30.66 49.49 2.6 149.59 12.11 218.77 46.95 10.62 5.35 23.21-1.94 23.21-13.46V100.63c0-5.29-2.62-10.14-7.27-12.99z\"><\/path><\/svg>                                                            \n                                                            <span class=\"eael-tab-title title-after-icon\" >Projeto Educativo<\/span>                            \n                                                    <\/li>\n                                            <li id=\"projeto-manuais-digitais\" class=\"inactive eael-tab-item-trigger eael-tab-nav-item\" aria-selected=\"false\" data-tab=\"3\" role=\"tab\" tabindex=\"-1\" aria-controls=\"projeto-manuais-digitais-tab\" aria-expanded=\"false\">\n                            \n                                                                <svg class=\"e-font-icon-svg e-fas-tablet-alt\" viewBox=\"0 0 448 512\" xmlns=\"http:\/\/www.w3.org\/2000\/svg\"><path d=\"M400 0H48C21.5 0 0 21.5 0 48v416c0 26.5 21.5 48 48 48h352c26.5 0 48-21.5 48-48V48c0-26.5-21.5-48-48-48zM224 480c-17.7 0-32-14.3-32-32s14.3-32 32-32 32 14.3 32 32-14.3 32-32 32zm176-108c0 6.6-5.4 12-12 12H60c-6.6 0-12-5.4-12-12V60c0-6.6 5.4-12 12-12h328c6.6 0 12 5.4 12 12v312z\"><\/path><\/svg>                                                            \n                                                            <span class=\"eael-tab-title title-after-icon\" >Projeto &#8220;Manuais Digitais&#8221;<\/span>                            \n                                                    <\/li>\n                    \n                                  <\/ul>\n            <\/div>\n            \n            <div class=\"eael-tabs-content\">\n\t\t        \n                    <div id=\"regulamento-interno-tab\" class=\"clearfix eael-tab-content-item inactive\" data-title-link=\"regulamento-interno-tab\">\n\t\t\t\t        <ul><li><p><a href=\"https:\/\/louros.webmadeira.net\/eb23louros\/documentos\/regulamento_interno\/RI_22.26.pdf\" target=\"_blank\" rel=\"noopener noreferrer nofollow\">Regulamento Interno<\/a><\/p><ul><li><p><a href=\"https:\/\/louros.webmadeira.net\/eb23louros\/documentos\/regulamento_interno\/ADENDA1.pdf\" target=\"_blank\" rel=\"noopener noreferrer nofollow\">Adenda 1<\/a><\/p><\/li><li><a href=\"https:\/\/louros.webmadeira.net\/eb23louros\/documentos\/adenda2.pdf\" target=\"_blank\" rel=\"noopener\">Adenda 2<\/a><\/li><\/ul><\/li><li><p>Manual de Procedimentos:<\/p><ul><li><p><a href=\"https:\/\/louros.webmadeira.net\/eb23louros\/documentos\/regulamento_interno\/manual_SF.pdf\" target=\"_blank\" rel=\"noopener noreferrer nofollow\">Edif\u00edcio S\u00e3o Filipe<\/a><\/p><\/li><li><p><a href=\"https:\/\/louros.webmadeira.net\/eb23louros\/documentos\/regulamento_interno\/manual_SG.pdf\" target=\"_blank\" rel=\"noopener noreferrer nofollow\">Edif\u00edcio S\u00e3o Gon\u00e7alo<\/a><\/p><\/li><\/ul><\/li><\/ul>                    <\/div>\n\t\t        \n                    <div id=\"projeto-educativo-tab\" class=\"clearfix eael-tab-content-item inactive\" data-title-link=\"projeto-educativo-tab\">\n\t\t\t\t        <ul><li><p><a href=\"https:\/\/louros.webmadeira.net\/eb23louros\/documentos\/projeto%20educativo\/P_Educativo_22-26.pdf\" target=\"_blank\" rel=\"noopener noreferrer nofollow\">Projeto Educativo;<\/a><\/p><ul><li><a href=\"https:\/\/louros.webmadeira.net\/eb23louros\/documentos\/24_25\/Autoavaliacao_Relatorio_Intercalar_PEE_27_11_24.pdf\" target=\"_blank\" rel=\"noopener\">Relat\u00f3rio Intercalar da Execu\u00e7\u00e3o do PEE &#8211; 2023 \u2013 2024<\/a><\/li><\/ul><\/li><\/ul><ul><li><p><a href=\"https:\/\/louros.webmadeira.net\/eb23louros\/documentos\/cidadania\/Plano_Est_Escola_Ed_Cidadania.pdf\" target=\"_blank\" rel=\"noopener noreferrer nofollow\">Estrat\u00e9gia da Escola de Educa\u00e7\u00e3o para a Cidadania<\/a>;<\/p><\/li><li><p><a href=\"https:\/\/louros.webmadeira.net\/eb23louros\/documentos\/cidadania\/Plano%20Estrat%C3%A9gico%20para%20a%20Ed_Inclusiva%2023-26.pdf\" target=\"_blank\" rel=\"noopener noreferrer nofollow\">Plano Estrat\u00e9gico para Educa\u00e7\u00e3o Inclusiva<\/a>;<\/p><\/li><li><p><a href=\"https:\/\/louros.webmadeira.net\/eb23louros\/documentos\/projeto%20educativo\/Anexo_2_Metas_PE_22_26.pdf\" target=\"_blank\" rel=\"noopener noreferrer nofollow\">Metas de projeto Educativo.<\/a><\/p><\/li><\/ul>                    <\/div>\n\t\t        \n                    <div id=\"projeto-manuais-digitais-tab\" class=\"clearfix eael-tab-content-item inactive\" data-title-link=\"projeto-manuais-digitais-tab\">\n\t\t\t\t        <ul><li><p><a href=\"https:\/\/louros.webmadeira.net\/eb23louros\/documentos\/Regulamento_de_emprestimo_equipamentos.pdf\" target=\"_blank\" rel=\"noopener noreferrer nofollow\">Regulamento de Empr\u00e9stimo e Utiliza\u00e7\u00e3o de Tablets Educativos<\/a><\/p><\/li><\/ul>                    <\/div>\n\t\t                    <\/div>\n        <\/div>\n\t\t\t\t<\/div>\n\t\t\t\t<\/div>\n\t\t\t\t<\/div>\n\t\t\t\t<\/div>\n\t\t\t\t\t<\/div>\n\t\t\t\t<\/div>\n\t\t<div class=\"elementor-element elementor-element-008fa1d e-flex e-con-boxed e-con e-parent\" data-id=\"008fa1d\" data-element_type=\"container\" data-e-type=\"container\">\n\t\t\t\t\t<div class=\"e-con-inner\">\n\t\t<div class=\"elementor-element elementor-element-ca9ecd6 e-con-full e-flex e-con e-child\" data-id=\"ca9ecd6\" data-element_type=\"container\" data-e-type=\"container\">\n\t\t\t\t<div class=\"elementor-element elementor-element-04356ed elementor-invisible elementor-widget elementor-widget-eael-adv-tabs\" data-id=\"04356ed\" data-element_type=\"widget\" data-e-type=\"widget\" data-settings=\"{&quot;_animation&quot;:&quot;fadeInRight&quot;}\" data-widget_type=\"eael-adv-tabs.default\">\n\t\t\t\t<div class=\"elementor-widget-container\">\n\t\t\t\t\t        <div data-scroll-on-click=\"no\" data-scroll-speed=\"300\" id=\"eael-advance-tabs-04356ed\" class=\"eael-advance-tabs eael-tabs-horizontal eael-tab-auto-active \" data-tabid=\"04356ed\">\n            <div class=\"eael-tabs-nav \">\n                <ul class=\"eael-tab-inline-icon\" role=\"tablist\">\n                                            <li id=\"critrios-de-avaliao\" class=\"inactive eael-tab-item-trigger eael-tab-nav-item\" aria-selected=\"true\" data-tab=\"1\" role=\"tab\" tabindex=\"0\" aria-controls=\"critrios-de-avaliao-tab\" aria-expanded=\"false\">\n                            \n                                                                <svg class=\"e-font-icon-svg e-far-check-square\" viewBox=\"0 0 448 512\" xmlns=\"http:\/\/www.w3.org\/2000\/svg\"><path d=\"M400 32H48C21.49 32 0 53.49 0 80v352c0 26.51 21.49 48 48 48h352c26.51 0 48-21.49 48-48V80c0-26.51-21.49-48-48-48zm0 400H48V80h352v352zm-35.864-241.724L191.547 361.48c-4.705 4.667-12.303 4.637-16.97-.068l-90.781-91.516c-4.667-4.705-4.637-12.303.069-16.971l22.719-22.536c4.705-4.667 12.303-4.637 16.97.069l59.792 60.277 141.352-140.216c4.705-4.667 12.303-4.637 16.97.068l22.536 22.718c4.667 4.706 4.637 12.304-.068 16.971z\"><\/path><\/svg>                                                            \n                                                            <span class=\"eael-tab-title title-after-icon\" >Crit\u00e9rios de Avalia\u00e7\u00e3o<\/span>                            \n                                                    <\/li>\n                                            <li id=\"equipas\" class=\"inactive eael-tab-item-trigger eael-tab-nav-item\" aria-selected=\"false\" data-tab=\"2\" role=\"tab\" tabindex=\"-1\" aria-controls=\"equipas-tab\" aria-expanded=\"false\">\n                            \n                                                                <svg class=\"e-font-icon-svg e-fas-american-sign-language-interpreting\" viewBox=\"0 0 640 512\" xmlns=\"http:\/\/www.w3.org\/2000\/svg\"><path d=\"M290.547 189.039c-20.295-10.149-44.147-11.199-64.739-3.89 42.606 0 71.208 20.475 85.578 50.576 8.576 17.899-5.148 38.071-23.617 38.071 18.429 0 32.211 20.136 23.617 38.071-14.725 30.846-46.123 50.854-80.298 50.854-.557 0-94.471-8.615-94.471-8.615l-66.406 33.347c-9.384 4.693-19.815.379-23.895-7.781L1.86 290.747c-4.167-8.615-1.111-18.897 6.946-23.621l58.072-33.069L108 159.861c6.39-57.245 34.731-109.767 79.743-146.726 11.391-9.448 28.341-7.781 37.51 3.613 9.446 11.394 7.78 28.067-3.612 37.516-12.503 10.559-23.618 22.509-32.509 35.57 21.672-14.729 46.679-24.732 74.186-28.067 14.725-1.945 28.063 8.336 29.73 23.065 1.945 14.728-8.336 28.067-23.062 29.734-16.116 1.945-31.12 7.503-44.178 15.284 26.114-5.713 58.712-3.138 88.079 11.115 13.336 6.669 18.893 22.509 12.224 35.848-6.389 13.06-22.504 18.617-35.564 12.226zm-27.229 69.472c-6.112-12.505-18.338-20.286-32.231-20.286a35.46 35.46 0 0 0-35.565 35.57c0 21.428 17.808 35.57 35.565 35.57 13.893 0 26.119-7.781 32.231-20.286 4.446-9.449 13.614-15.006 23.339-15.284-9.725-.277-18.893-5.835-23.339-15.284zm374.821-37.237c4.168 8.615 1.111 18.897-6.946 23.621l-58.071 33.069L532 352.16c-6.39 57.245-34.731 109.767-79.743 146.726-10.932 9.112-27.799 8.144-37.51-3.613-9.446-11.394-7.78-28.067 3.613-37.516 12.503-10.559 23.617-22.509 32.508-35.57-21.672 14.729-46.679 24.732-74.186 28.067-10.021 2.506-27.552-5.643-29.73-23.065-1.945-14.728 8.336-28.067 23.062-29.734 16.116-1.946 31.12-7.503 44.178-15.284-26.114 5.713-58.712 3.138-88.079-11.115-13.336-6.669-18.893-22.509-12.224-35.848 6.389-13.061 22.505-18.619 35.565-12.227 20.295 10.149 44.147 11.199 64.739 3.89-42.606 0-71.208-20.475-85.578-50.576-8.576-17.899 5.148-38.071 23.617-38.071-18.429 0-32.211-20.136-23.617-38.071 14.033-29.396 44.039-50.887 81.966-50.854l92.803 8.615 66.406-33.347c9.408-4.704 19.828-.354 23.894 7.781l44.455 88.926zm-229.227-18.618c-13.893 0-26.119 7.781-32.231 20.286-4.446 9.449-13.614 15.006-23.339 15.284 9.725.278 18.893 5.836 23.339 15.284 6.112 12.505 18.338 20.286 32.231 20.286a35.46 35.46 0 0 0 35.565-35.57c0-21.429-17.808-35.57-35.565-35.57z\"><\/path><\/svg>                                                            \n                                                            <span class=\"eael-tab-title title-after-icon\" >Equipas<\/span>                            \n                                                    <\/li>\n                                            <li id=\"balano-social\" class=\"inactive eael-tab-item-trigger eael-tab-nav-item\" aria-selected=\"false\" data-tab=\"3\" role=\"tab\" tabindex=\"-1\" aria-controls=\"balano-social-tab\" aria-expanded=\"false\">\n                            \n                                                                <svg class=\"e-font-icon-svg e-fas-balance-scale\" viewBox=\"0 0 640 512\" xmlns=\"http:\/\/www.w3.org\/2000\/svg\"><path d=\"M256 336h-.02c0-16.18 1.34-8.73-85.05-181.51-17.65-35.29-68.19-35.36-85.87 0C-2.06 328.75.02 320.33.02 336H0c0 44.18 57.31 80 128 80s128-35.82 128-80zM128 176l72 144H56l72-144zm511.98 160c0-16.18 1.34-8.73-85.05-181.51-17.65-35.29-68.19-35.36-85.87 0-87.12 174.26-85.04 165.84-85.04 181.51H384c0 44.18 57.31 80 128 80s128-35.82 128-80h-.02zM440 320l72-144 72 144H440zm88 128H352V153.25c23.51-10.29 41.16-31.48 46.39-57.25H528c8.84 0 16-7.16 16-16V48c0-8.84-7.16-16-16-16H383.64C369.04 12.68 346.09 0 320 0s-49.04 12.68-63.64 32H112c-8.84 0-16 7.16-16 16v32c0 8.84 7.16 16 16 16h129.61c5.23 25.76 22.87 46.96 46.39 57.25V448H112c-8.84 0-16 7.16-16 16v32c0 8.84 7.16 16 16 16h416c8.84 0 16-7.16 16-16v-32c0-8.84-7.16-16-16-16z\"><\/path><\/svg>                                                            \n                                                            <span class=\"eael-tab-title title-after-icon\" >Balan\u00e7o Social<\/span>                            \n                                                    <\/li>\n                    \n                                  <\/ul>\n            <\/div>\n            \n            <div class=\"eael-tabs-content\">\n\t\t        \n                    <div id=\"critrios-de-avaliao-tab\" class=\"clearfix eael-tab-content-item inactive\" data-title-link=\"critrios-de-avaliao-tab\">\n\t\t\t\t        <table><tbody><tr><td><strong>Creche<\/strong><\/td><td><strong>Pr\u00e9-Escolar\u00a0<\/strong><\/td><td><strong>1.\u00ba Ciclo\u00a0<\/strong><\/td><td><strong>2.\u00ba Ciclo<\/strong><\/td><td><strong>3.\u00ba Ciclo<\/strong><\/td><\/tr><tr><td><ul><li><a href=\"https:\/\/louros.webmadeira.net\/eb23louros\/documentos\/24_25\/PAE_Anexo_3_MANUAL%20DE%20PROCEDIMENTOS%20E%20ORIENT%20CURRICULARES%20_Creche_24_25.pdf\" target=\"_blank\" rel=\"noopener\">Manual de Procedimentos e Orienta\u00e7\u00f5es Curriculares da Creche<\/a><\/li><\/ul><\/td><td><ul><li><a href=\"https:\/\/louros.webmadeira.net\/eb23louros\/documentos\/24_25\/PAE_Anexo_3_MANUAL%20DE%20PROCEDIMENTOS%20E%20ORIENT%20CURRICULARES%20Pre%20escolar_24_25.pdf\" target=\"_blank\" rel=\"noopener\">Manual de Procedimentos e Orienta\u00e7\u00f5es Curriculares Educa\u00e7\u00e3o Pr\u00e9-Escolar<\/a><\/li><\/ul><\/td><td><ul><li><a href=\"https:\/\/louros.webmadeira.net\/eb23louros\/documentos\/24_25\/PAE_Anexo_3_MANUAL%20DE%20PROCEDIMENTOS%20DE%20AV%20DO%201%20CICLO.pdf\" target=\"_blank\" rel=\"noopener\">Manual de Procedimentos e Orienta\u00e7\u00f5es Curriculares do 1.\u00ba Ciclo<\/a><\/li><li><a href=\"https:\/\/escoladigital.madeira.gov.pt\/eb23louros\/ponderacoes-gerais-de-avaliacao-e-ponderacoes-adotadas-por-componentes-do-curriculo\/\" target=\"_blank\" rel=\"noopener\">Pondera\u00e7\u00f5es Gerais de Avalia\u00e7\u00e3o e Pondera\u00e7\u00f5es Adotadas por Componente do Curr\u00edculo<\/a><\/li><\/ul><\/td><td><ul><li><a href=\"https:\/\/louros.webmadeira.net\/eb23louros\/documentos\/24_25\/PAE_Anexo_3_MANUAL%20DE%20PROCEDIMENTOS%20DE%20AV%20DE%202%20E%203%20CICLOS.pdf\" target=\"_blank\" rel=\"noopener\">Manual de Procedimentos e Orienta\u00e7\u00f5es Curriculares do 2.\u00ba Ciclo<\/a><\/li><li><a href=\"https:\/\/escoladigital.madeira.gov.pt\/eb23louros\/2-o-ciclo-criterios-de-avaliacao\/\">Crit\u00e9rios de avalia\u00e7\u00e3o e Planos Curriculares<\/a><\/li><\/ul><\/td><td><ul><li><a href=\"https:\/\/louros.webmadeira.net\/eb23louros\/documentos\/24_25\/PAE_Anexo_3_MANUAL%20DE%20PROCEDIMENTOS%20DE%20AV%20DE%202%20E%203%20CICLOS.pdf\" target=\"_blank\" rel=\"noopener\">Manual de Procedimentos e Orienta\u00e7\u00f5es Curriculares do 3.\u00ba Ciclo<\/a><\/li><li><a href=\"https:\/\/escoladigital.madeira.gov.pt\/eb23louros\/3-o-ciclo-criterios-de-avaliacao\/\" target=\"_blank\" rel=\"noopener\">Crit\u00e9rios de avalia\u00e7\u00e3o e Planos Curriculares<\/a><\/li><\/ul><\/td><\/tr><\/tbody><\/table>                    <\/div>\n\t\t        \n                    <div id=\"equipas-tab\" class=\"clearfix eael-tab-content-item inactive\" data-title-link=\"equipas-tab\">\n\t\t\t\t        <ul><li>EMAEI<\/li><\/ul>                    <\/div>\n\t\t        \n                    <div id=\"balano-social-tab\" class=\"clearfix eael-tab-content-item inactive\" data-title-link=\"balano-social-tab\">\n\t\t\t\t        <table><tbody><tr align=\"center\"><td><a href=\"https:\/\/louros.webmadeira.net\/eb23louros\/documentos\/balanco_social_2014.pdf\" target=\"_blank\" rel=\"noopener noreferrer nofollow\">2014<\/a><\/td><td><a href=\"https:\/\/louros.webmadeira.net\/eb23louros\/documentos\/balanco_social_2018.pdf\" target=\"_blank\" rel=\"noopener noreferrer nofollow\">2018<\/a><\/td><td><a href=\"https:\/\/louros.webmadeira.net\/eb23louros\/documentos\/balanco_social_2022.pdf\" target=\"_blank\" rel=\"noopener noreferrer nofollow\">2022<\/a><\/td><\/tr><tr align=\"center\"><td><a href=\"https:\/\/louros.webmadeira.net\/eb23louros\/documentos\/balanco_2015.pdf\" target=\"_blank\" rel=\"noopener noreferrer nofollow\">2015<\/a><\/td><td><a href=\"https:\/\/louros.webmadeira.net\/eb23louros\/documentos\/balanco_social_2019.pdf\" target=\"_blank\" rel=\"noopener noreferrer nofollow\">2019<\/a><\/td><td>\u00a0<\/td><\/tr><tr align=\"center\"><td><a href=\"https:\/\/louros.webmadeira.net\/eb23louros\/documentos\/Balanco_Social_2016.pdf\" target=\"_blank\" rel=\"noopener noreferrer nofollow\">2016<\/a><\/td><td><a href=\"https:\/\/louros.webmadeira.net\/eb23louros\/documentos\/balanco_social_2020.pdf\" target=\"_blank\" rel=\"noopener noreferrer nofollow\">2020<\/a><\/td><td>\u00a0<\/td><\/tr><tr align=\"center\"><td><a href=\"https:\/\/louros.webmadeira.net\/eb23louros\/documentos\/balanco_social_2017.pdf\" target=\"_blank\" rel=\"noopener noreferrer nofollow\">2017<\/a><\/td><td><a href=\"https:\/\/louros.webmadeira.net\/eb23louros\/documentos\/balanco_social_2021.pdf\" target=\"_blank\" rel=\"noopener noreferrer nofollow\">2021<\/a><\/td><td>\u00a0<\/td><\/tr><\/tbody><\/table><p>\u00a0<\/p>                    <\/div>\n\t\t                    <\/div>\n        <\/div>\n\t\t\t\t<\/div>\n\t\t\t\t<\/div>\n\t\t\t\t<\/div>\n\t\t\t\t\t<\/div>\n\t\t\t\t<\/div>\n\t\t\t\t<\/div>\n\t\t","protected":false},"excerpt":{"rendered":"<p>Regulamento Interno Projeto Educativo Projeto &#8220;Manuais Digitais&#8221; Regulamento Interno Adenda 1 Adenda 2 Manual de Procedimentos: Edif\u00edcio S\u00e3o Filipe Edif\u00edcio S\u00e3o Gon\u00e7alo Projeto Educativo; Relat\u00f3rio Intercalar da Execu\u00e7\u00e3o do PEE &#8211; 2023 \u2013 2024 Estrat\u00e9gia da Escola de Educa\u00e7\u00e3o para a Cidadania; Plano Estrat\u00e9gico para Educa\u00e7\u00e3o Inclusiva; Metas de projeto Educativo. Regulamento de Empr\u00e9stimo e [&hellip;]<\/p>\n","protected":false},"author":46,"featured_media":0,"parent":0,"menu_order":0,"comment_status":"closed","ping_status":"closed","template":"","meta":{"_themeisle_gutenberg_block_has_review":false,"footnotes":""},"class_list":["post-260","page","type-page","status-publish","hentry"],"_links":{"self":[{"href":"https:\/\/escoladigital.madeira.gov.pt\/eb23louros\/wp-json\/wp\/v2\/pages\/260","targetHints":{"allow":["GET"]}}],"collection":[{"href":"https:\/\/escoladigital.madeira.gov.pt\/eb23louros\/wp-json\/wp\/v2\/pages"}],"about":[{"href":"https:\/\/escoladigital.madeira.gov.pt\/eb23louros\/wp-json\/wp\/v2\/types\/page"}],"author":[{"embeddable":true,"href":"https:\/\/escoladigital.madeira.gov.pt\/eb23louros\/wp-json\/wp\/v2\/users\/46"}],"replies":[{"embeddable":true,"href":"https:\/\/escoladigital.madeira.gov.pt\/eb23louros\/wp-json\/wp\/v2\/comments?post=260"}],"version-history":[{"count":190,"href":"https:\/\/escoladigital.madeira.gov.pt\/eb23louros\/wp-json\/wp\/v2\/pages\/260\/revisions"}],"predecessor-version":[{"id":3981,"href":"https:\/\/escoladigital.madeira.gov.pt\/eb23louros\/wp-json\/wp\/v2\/pages\/260\/revisions\/3981"}],"wp:attachment":[{"href":"https:\/\/escoladigital.madeira.gov.pt\/eb23louros\/wp-json\/wp\/v2\/media?parent=260"}],"curies":[{"name":"wp","href":"https:\/\/api.w.org\/{rel}","templated":true}]}}