{"id":3702,"date":"2025-06-17T14:17:03","date_gmt":"2025-06-17T14:17:03","guid":{"rendered":"https:\/\/escoladigital.madeira.gov.pt\/eb23louros\/?page_id=3702"},"modified":"2025-06-17T14:29:10","modified_gmt":"2025-06-17T14:29:10","slug":"exposicao-de-trabalhos","status":"publish","type":"page","link":"https:\/\/escoladigital.madeira.gov.pt\/eb23louros\/exposicao-de-trabalhos\/","title":{"rendered":"Exposi\u00e7\u00e3o de trabalhos"},"content":{"rendered":"\t\t<div data-elementor-type=\"wp-page\" data-elementor-id=\"3702\" class=\"elementor elementor-3702\">\n\t\t\t\t<div class=\"elementor-element elementor-element-26adcc0 e-flex e-con-boxed e-con e-parent\" data-id=\"26adcc0\" data-element_type=\"container\" data-e-type=\"container\">\n\t\t\t\t\t<div class=\"e-con-inner\">\n\t\t<div class=\"elementor-element elementor-element-b8f834e e-con-full e-flex e-con e-child\" data-id=\"b8f834e\" data-element_type=\"container\" data-e-type=\"container\">\n\t\t\t\t<div class=\"elementor-element elementor-element-0de415c elementor-widget__width-initial elementor-widget elementor-widget-premium-addon-title\" data-id=\"0de415c\" data-element_type=\"widget\" data-e-type=\"widget\" data-settings=\"{&quot;shining_animation_duration&quot;:&quot;1&quot;}\" data-widget_type=\"premium-addon-title.default\">\n\t\t\t\t<div class=\"elementor-widget-container\">\n\t\t\t\t\t\n\t\t<div class=\"premium-title-container style8\">\n\t\t\t<h3 class=\"premium-title-header premium-title-style8 premium-con-lq__\">\n\t\t\t\t\n\t\t\t\t\n\t\t\t\t\t\t\t\t\t\t\t\t<span class=\"premium-title-text\" data-shiny-delay=\"2\" data-shiny-dur=\"1\">\n\t\t\t\t\tTrabalhos Realizados na disciplina de Educa\u00e7\u00e3o Visual ao longo do ano letivo!\t\t\t\t<\/span>\n\t\t\t\t\t\n\t\t\t\t\t\t\t\t\n\t\t\t\t\t\t\t<\/h3>\n\n\t\t<\/div>\n\n\t\t\t\t\t\t<\/div>\n\t\t\t\t<\/div>\n\t\t\t\t<div class=\"elementor-element elementor-element-53ccf99 elementor-grid-eael-col-2 elementor-grid-tablet-eael-col-2 elementor-grid-mobile-eael-col-1 elementor-widget elementor-widget-eael-post-grid\" data-id=\"53ccf99\" data-element_type=\"widget\" data-e-type=\"widget\" data-settings=\"{&quot;eael_post_grid_columns&quot;:&quot;eael-col-2&quot;,&quot;eael_post_grid_columns_tablet&quot;:&quot;eael-col-2&quot;,&quot;eael_post_grid_columns_mobile&quot;:&quot;eael-col-1&quot;}\" data-widget_type=\"eael-post-grid.default\">\n\t\t\t\t<div class=\"elementor-widget-container\">\n\t\t\t\t\t<div id=\"eael-post-grid-53ccf99\" class=\"eael-post-grid-container\">\n            <div class=\"eael-post-grid eael-post-appender eael-post-appender-53ccf99 eael-post-grid-style-two\" data-layout-mode=\"grid\"><article class=\"eael-grid-post  eael-post-grid-column eael-pg-post-3781 category-exposicao\" data-id=\"3781\">\n    <div class=\"eael-grid-post-holder\">\n        <div class=\"eael-grid-post-holder-inner\"><div class=\"eael-entry-wrapper\"><header class=\"eael-entry-header\"><h2 class=\"eael-entry-title\"><a class=\"eael-grid-post-link\" href=\"https:\/\/escoladigital.madeira.gov.pt\/eb23louros\/a-cor-o-espaco-e-gestalt\/\" title=\"A Cor, O Espa\u00e7o e Gestalt\">A Cor, O Espa\u00e7o e Gestalt<\/a><\/h2><\/header><div class=\"eael-entry-content\">\n                                <div class=\"eael-grid-post-excerpt\"><p>Os alunos dos 6\u00ba anos em Educa\u00e7\u00e3o Visual, exploraram os v\u00e1rios conte\u00fados ao longo do ano letivo, nomeadamente: \u00abA Cor\u00bb; \u00abO Espa\u00e7o\u00bb e \u00abGestalt\u00bb<\/p><a href=\"https:\/\/escoladigital.madeira.gov.pt\/eb23louros\/a-cor-o-espaco-e-gestalt\/\" class=\"eael-post-elements-readmore-btn\">Ver trabalhos<\/a><\/div>\n                            <\/div><div class=\"eael-entry-header-after style-two\"><div class=\"eael-entry-meta\"><\/div><\/div><\/div><\/div>\n    <\/div>\n<\/article><article class=\"eael-grid-post  eael-post-grid-column eael-pg-post-3716 category-exposicao\" data-id=\"3716\">\n    <div class=\"eael-grid-post-holder\">\n        <div class=\"eael-grid-post-holder-inner\"><div class=\"eael-entry-wrapper\"><header class=\"eael-entry-header\"><h2 class=\"eael-entry-title\"><a class=\"eael-grid-post-link\" href=\"https:\/\/escoladigital.madeira.gov.pt\/eb23louros\/festividades\/\" title=\"Festividades\">Festividades<\/a><\/h2><\/header><div class=\"eael-entry-content\">\n                                <div class=\"eael-grid-post-excerpt\"><p>Educa\u00e7\u00e3o Visual tamb\u00e9m participou nas diversas festividades, com diversos trabalhos, ao longo do ano letivo, nomeadamente, 35 anos da escola; Natal e Carnaval, envolvendo os alunos nas tradi\u00e7\u00f5es culturais da nossa regi\u00e3o (Patrim\u00f3nio Cultural).<\/p><a href=\"https:\/\/escoladigital.madeira.gov.pt\/eb23louros\/festividades\/\" class=\"eael-post-elements-readmore-btn\">Ver trabalhos<\/a><\/div>\n                            <\/div><div class=\"eael-entry-header-after style-two\"><div class=\"eael-entry-meta\"><\/div><\/div><\/div><\/div>\n    <\/div>\n<\/article><article class=\"eael-grid-post  eael-post-grid-column eael-pg-post-3714 category-exposicao\" data-id=\"3714\">\n    <div class=\"eael-grid-post-holder\">\n        <div class=\"eael-grid-post-holder-inner\"><div class=\"eael-entry-wrapper\"><header class=\"eael-entry-header\"><h2 class=\"eael-entry-title\"><a class=\"eael-grid-post-link\" href=\"https:\/\/escoladigital.madeira.gov.pt\/eb23louros\/patrimonio\/\" title=\"Patrim\u00f3nio\">Patrim\u00f3nio<\/a><\/h2><\/header><div class=\"eael-entry-content\">\n                                <div class=\"eael-grid-post-excerpt\"><p>Os alunos do 6\u00ba ano, no conte\u00fado relativo ao \u00abPatrim\u00f3nio\u00bb criaram cartazes inspirando-se nas plantas end\u00e9micas da escola, como forma de sensibilizar para a import\u00e2ncia de conhecer e preservar o nosso patrim\u00f3nio natural.<\/p><a href=\"https:\/\/escoladigital.madeira.gov.pt\/eb23louros\/patrimonio\/\" class=\"eael-post-elements-readmore-btn\">Ver trabalhos<\/a><\/div>\n                            <\/div><div class=\"eael-entry-header-after style-two\"><div class=\"eael-entry-meta\"><\/div><\/div><\/div><\/div>\n    <\/div>\n<\/article><\/div>\n            <div class=\"clearfix\"><\/div>\n        <\/div>\t\t\t\t<\/div>\n\t\t\t\t<\/div>\n\t\t\t\t<\/div>\n\t\t\t\t\t<\/div>\n\t\t\t\t<\/div>\n\t\t\t\t<\/div>\n\t\t","protected":false},"excerpt":{"rendered":"<p>Trabalhos Realizados na disciplina de Educa\u00e7\u00e3o Visual ao longo do ano letivo! Festividades Educa\u00e7\u00e3o Visual tamb\u00e9m participou nas diversas festividades, com diversos trabalhos, ao longo do ano letivo, nomeadamente, 35 anos da escola; Natal e Carnaval, envolvendo os alunos nas tradi\u00e7\u00f5es culturais da nossa regi\u00e3o (Patrim\u00f3nio Cultural). Ver trabalhos Patrim\u00f3nio Os alunos do 6\u00ba ano, [&hellip;]<\/p>\n","protected":false},"author":46,"featured_media":0,"parent":0,"menu_order":0,"comment_status":"closed","ping_status":"closed","template":"","meta":{"_themeisle_gutenberg_block_has_review":false,"footnotes":""},"class_list":["post-3702","page","type-page","status-publish","hentry"],"_links":{"self":[{"href":"https:\/\/escoladigital.madeira.gov.pt\/eb23louros\/wp-json\/wp\/v2\/pages\/3702","targetHints":{"allow":["GET"]}}],"collection":[{"href":"https:\/\/escoladigital.madeira.gov.pt\/eb23louros\/wp-json\/wp\/v2\/pages"}],"about":[{"href":"https:\/\/escoladigital.madeira.gov.pt\/eb23louros\/wp-json\/wp\/v2\/types\/page"}],"author":[{"embeddable":true,"href":"https:\/\/escoladigital.madeira.gov.pt\/eb23louros\/wp-json\/wp\/v2\/users\/46"}],"replies":[{"embeddable":true,"href":"https:\/\/escoladigital.madeira.gov.pt\/eb23louros\/wp-json\/wp\/v2\/comments?post=3702"}],"version-history":[{"count":16,"href":"https:\/\/escoladigital.madeira.gov.pt\/eb23louros\/wp-json\/wp\/v2\/pages\/3702\/revisions"}],"predecessor-version":[{"id":3728,"href":"https:\/\/escoladigital.madeira.gov.pt\/eb23louros\/wp-json\/wp\/v2\/pages\/3702\/revisions\/3728"}],"wp:attachment":[{"href":"https:\/\/escoladigital.madeira.gov.pt\/eb23louros\/wp-json\/wp\/v2\/media?parent=3702"}],"curies":[{"name":"wp","href":"https:\/\/api.w.org\/{rel}","templated":true}]}}