{"id":3748,"date":"2025-06-23T09:49:20","date_gmt":"2025-06-23T09:49:20","guid":{"rendered":"https:\/\/escoladigital.madeira.gov.pt\/eb23louros\/?page_id=3748"},"modified":"2025-06-23T09:51:46","modified_gmt":"2025-06-23T09:51:46","slug":"aconteceu","status":"publish","type":"page","link":"https:\/\/escoladigital.madeira.gov.pt\/eb23louros\/aconteceu\/","title":{"rendered":"Aconteceu &#8230;"},"content":{"rendered":"\t\t<div data-elementor-type=\"wp-page\" data-elementor-id=\"3748\" class=\"elementor elementor-3748\">\n\t\t\t\t<div class=\"elementor-element elementor-element-26adcc0 e-flex e-con-boxed e-con e-parent\" data-id=\"26adcc0\" data-element_type=\"container\" data-e-type=\"container\">\n\t\t\t\t\t<div class=\"e-con-inner\">\n\t\t<div class=\"elementor-element elementor-element-b8f834e e-con-full e-flex e-con e-child\" data-id=\"b8f834e\" data-element_type=\"container\" data-e-type=\"container\">\n\t\t\t\t<div class=\"elementor-element elementor-element-0de415c elementor-widget__width-initial elementor-widget elementor-widget-premium-addon-title\" data-id=\"0de415c\" data-element_type=\"widget\" data-e-type=\"widget\" data-settings=\"{&quot;shining_animation_duration&quot;:&quot;1&quot;}\" data-widget_type=\"premium-addon-title.default\">\n\t\t\t\t<div class=\"elementor-widget-container\">\n\t\t\t\t\t\n\t\t<div class=\"premium-title-container style8\">\n\t\t\t<h3 class=\"premium-title-header premium-title-style8 premium-con-lq__\">\n\t\t\t\t\n\t\t\t\t\n\t\t\t\t\t\t\t\t\t\t\t\t<span class=\"premium-title-text\" data-shiny-delay=\"2\" data-shiny-dur=\"1\">\n\t\t\t\t\tAconteceu ...\t\t\t\t<\/span>\n\t\t\t\t\t\n\t\t\t\t\t\t\t\t\n\t\t\t\t\t\t\t<\/h3>\n\n\t\t<\/div>\n\n\t\t\t\t\t\t<\/div>\n\t\t\t\t<\/div>\n\t\t\t\t<div class=\"elementor-element elementor-element-53ccf99 elementor-grid-eael-col-3 elementor-grid-tablet-eael-col-2 elementor-grid-mobile-eael-col-1 elementor-widget elementor-widget-eael-post-grid\" data-id=\"53ccf99\" data-element_type=\"widget\" data-e-type=\"widget\" data-settings=\"{&quot;eael_post_grid_columns&quot;:&quot;eael-col-3&quot;,&quot;eael_post_grid_columns_tablet&quot;:&quot;eael-col-2&quot;,&quot;eael_post_grid_columns_mobile&quot;:&quot;eael-col-1&quot;}\" data-widget_type=\"eael-post-grid.default\">\n\t\t\t\t<div class=\"elementor-widget-container\">\n\t\t\t\t\t<div id=\"eael-post-grid-53ccf99\" class=\"eael-post-grid-container\">\n            <div class=\"eael-post-grid eael-post-appender eael-post-appender-53ccf99 eael-post-grid-style-two\" data-layout-mode=\"grid\"><article class=\"eael-grid-post  eael-post-grid-column eael-pg-post-5099 category-noticias\" data-id=\"5099\">\n    <div class=\"eael-grid-post-holder\">\n        <div class=\"eael-grid-post-holder-inner\"><div class=\"eael-entry-wrapper\"><header class=\"eael-entry-header\"><h2 class=\"eael-entry-title\"><a class=\"eael-grid-post-link\" href=\"https:\/\/escoladigital.madeira.gov.pt\/eb23louros\/projeto-de-autonomia-e-flexibilidade-curricular-da-turma-do-9o2-ecocidadania-saude-sustentabilidade-e-inclusao\/\" title=\"Projeto de autonomia e Flexibilidade Curricular da turma do 9\u00ba2 &#8211; &#8220;EcoCidadania: Sa\u00fade, Sustentabilidade e Inclus\u00e3o &#8220;\">Projeto de autonomia e Flexibilidade Curricular da turma do 9\u00ba2 &#8211; &#8220;EcoCidadania: Sa\u00fade, Sustentabilidade e Inclus\u00e3o &#8220;<\/a><\/h2><\/header><div class=\"eael-entry-content\">\n                                <div class=\"eael-grid-post-excerpt\"><p>https:\/\/youtu.be\/xA_gEojEesI<\/p><a href=\"https:\/\/escoladigital.madeira.gov.pt\/eb23louros\/projeto-de-autonomia-e-flexibilidade-curricular-da-turma-do-9o2-ecocidadania-saude-sustentabilidade-e-inclusao\/\" class=\"eael-post-elements-readmore-btn\">Ler Mais<\/a><\/div>\n                            <\/div><div class=\"eael-entry-header-after style-two\"><div class=\"eael-entry-meta\"><\/div><\/div><\/div><\/div>\n    <\/div>\n<\/article><article class=\"eael-grid-post  eael-post-grid-column eael-pg-post-5089 category-noticias\" data-id=\"5089\">\n    <div class=\"eael-grid-post-holder\">\n        <div class=\"eael-grid-post-holder-inner\"><div class=\"eael-entry-wrapper\"><header class=\"eael-entry-header\"><h2 class=\"eael-entry-title\"><a class=\"eael-grid-post-link\" href=\"https:\/\/escoladigital.madeira.gov.pt\/eb23louros\/alunos-dos-louros-desafiados-a-serem-a-geracao-da-integridade\/\" title=\"Alunos dos Louros desafiados a serem a \u201cgera\u00e7\u00e3o da integridade\u201d\">Alunos dos Louros desafiados a serem a \u201cgera\u00e7\u00e3o da integridade\u201d<\/a><\/h2><\/header><div class=\"eael-entry-content\">\n                                <div class=\"eael-grid-post-excerpt\"><p>A Escola B\u00e1sica com Pr\u00e9-escolar e Creche dos Louros promoveu uma sess\u00e3o dedicada \u00e0 \u00e9tica, integridade e transpar\u00eancia, onde os alunos foram desafiados a reconhecer e rejeitar as chamadas \u201cmini-corrup\u00e7\u00f5es\u201d do quotidiano escolar, refor\u00e7ando a import\u00e2ncia de escolhas respons\u00e1veis na constru\u00e7\u00e3o de uma cultura de cidadania. A iniciativa&nbsp;decorreu no dia 13 de abril, no \u00e2mbito [&hellip;]<\/p><a href=\"https:\/\/escoladigital.madeira.gov.pt\/eb23louros\/alunos-dos-louros-desafiados-a-serem-a-geracao-da-integridade\/\" class=\"eael-post-elements-readmore-btn\">Ler Mais<\/a><\/div>\n                            <\/div><div class=\"eael-entry-header-after style-two\"><div class=\"eael-entry-meta\"><\/div><\/div><\/div><\/div>\n    <\/div>\n<\/article><article class=\"eael-grid-post  eael-post-grid-column eael-pg-post-5075 category-noticias\" data-id=\"5075\">\n    <div class=\"eael-grid-post-holder\">\n        <div class=\"eael-grid-post-holder-inner\"><div class=\"eael-entry-wrapper\"><header class=\"eael-entry-header\"><h2 class=\"eael-entry-title\"><a class=\"eael-grid-post-link\" href=\"https:\/\/escoladigital.madeira.gov.pt\/eb23louros\/%f0%9f%8e%a8-atelies-de-educacao-artistica-no-bercario-2-%f0%9f%8c%bf\/\" title=\"\ud83c\udfa8\u00a0Ateli\u00eas de Educa\u00e7\u00e3o Art\u00edstica no Ber\u00e7\u00e1rio 2\u00a0\ud83c\udf3f\">\ud83c\udfa8\u00a0Ateli\u00eas de Educa\u00e7\u00e3o Art\u00edstica no Ber\u00e7\u00e1rio 2\u00a0\ud83c\udf3f<\/a><\/h2><\/header><div class=\"eael-entry-content\">\n                                <div class=\"eael-grid-post-excerpt\"><p>No B2, a arte nasce do encontro entre a curiosidade da crian\u00e7a e a intencionalidade do adulto. Atrav\u00e9s dos nossos ateli\u00eas mensais de educa\u00e7\u00e3o art\u00edstica, analisamos obras enviadas pelas fam\u00edlias e criamos ambientes cuidadosamente pensados &#8211; ricos em materiais, cores e possibilidades &#8211; onde cada crian\u00e7a \u00e9 convidada a explorar, experimentar e expressar-se livremente. Aqui, [&hellip;]<\/p><a href=\"https:\/\/escoladigital.madeira.gov.pt\/eb23louros\/%f0%9f%8e%a8-atelies-de-educacao-artistica-no-bercario-2-%f0%9f%8c%bf\/\" class=\"eael-post-elements-readmore-btn\">Ler Mais<\/a><\/div>\n                            <\/div><div class=\"eael-entry-header-after style-two\"><div class=\"eael-entry-meta\"><\/div><\/div><\/div><\/div>\n    <\/div>\n<\/article><article class=\"eael-grid-post  eael-post-grid-column eael-pg-post-5067 category-noticias\" data-id=\"5067\">\n    <div class=\"eael-grid-post-holder\">\n        <div class=\"eael-grid-post-holder-inner\"><div class=\"eael-entry-wrapper\"><header class=\"eael-entry-header\"><h2 class=\"eael-entry-title\"><a class=\"eael-grid-post-link\" href=\"https:\/\/escoladigital.madeira.gov.pt\/eb23louros\/%e2%9c%a8-uma-experiencia-magica-no-bercario-2-infantario-de-s-goncalo-%e2%9c%a8\/\" title=\"\u2728\u00a0Uma experi\u00eancia m\u00e1gica no Ber\u00e7\u00e1rio 2, Infant\u00e1rio de S. Gon\u00e7alo\u00a0\u2728\">\u2728\u00a0Uma experi\u00eancia m\u00e1gica no Ber\u00e7\u00e1rio 2, Infant\u00e1rio de S. Gon\u00e7alo\u00a0\u2728<\/a><\/h2><\/header><div class=\"eael-entry-content\">\n                                <div class=\"eael-grid-post-excerpt\"><p>Vivemos um momento muito especial no&nbsp;Ber\u00e7\u00e1rio 2&nbsp;com uma maravilhosa&nbsp;Sess\u00e3o Snoezelen. Num ambiente tranquilo, cheio de luzes suaves, texturas e sons relaxantes, as crian\u00e7as puderam explorar, descobrir e simplesmente&nbsp;sentir. Entre fibras \u00f3ticas brilhantes, peluches luminosos, espuma sensorial e m\u00fasica calma, cada crian\u00e7a encontrou o seu pr\u00f3prio ritmo de explora\u00e7\u00e3o. Foram momentos de&nbsp;curiosidade, serenidade e alegria, onde [&hellip;]<\/p><a href=\"https:\/\/escoladigital.madeira.gov.pt\/eb23louros\/%e2%9c%a8-uma-experiencia-magica-no-bercario-2-infantario-de-s-goncalo-%e2%9c%a8\/\" class=\"eael-post-elements-readmore-btn\">Ler Mais<\/a><\/div>\n                            <\/div><div class=\"eael-entry-header-after style-two\"><div class=\"eael-entry-meta\"><\/div><\/div><\/div><\/div>\n    <\/div>\n<\/article><article class=\"eael-grid-post  eael-post-grid-column eael-pg-post-5063 category-noticias\" data-id=\"5063\">\n    <div class=\"eael-grid-post-holder\">\n        <div class=\"eael-grid-post-holder-inner\"><div class=\"eael-entry-wrapper\"><header class=\"eael-entry-header\"><h2 class=\"eael-entry-title\"><a class=\"eael-grid-post-link\" href=\"https:\/\/escoladigital.madeira.gov.pt\/eb23louros\/laboratorio-com-vida\/\" title=\"Laborat\u00f3rio com vida\">Laborat\u00f3rio com vida<\/a><\/h2><\/header><div class=\"eael-entry-content\">\n                                <div class=\"eael-grid-post-excerpt\"><p>Nos dias 25 e 26 de mar\u00e7o decorreu a atividade \u201cLaborat\u00f3rio com Vida\u201d, dinamizada pelos grupos 230, 510 e 520, proporcionando aos alunos momentos de descoberta e aprendizagem no laborat\u00f3rio. A participa\u00e7\u00e3o foi marcada por grande curiosidade, entusiasmo e vontade de experimentar, tornando a experi\u00eancia ainda mais enriquecedora para todos!<\/p><a href=\"https:\/\/escoladigital.madeira.gov.pt\/eb23louros\/laboratorio-com-vida\/\" class=\"eael-post-elements-readmore-btn\">Ler Mais<\/a><\/div>\n                            <\/div><div class=\"eael-entry-header-after style-two\"><div class=\"eael-entry-meta\"><\/div><\/div><\/div><\/div>\n    <\/div>\n<\/article><article class=\"eael-grid-post  eael-post-grid-column eael-pg-post-5056 category-noticias\" data-id=\"5056\">\n    <div class=\"eael-grid-post-holder\">\n        <div class=\"eael-grid-post-holder-inner\"><div class=\"eael-entry-wrapper\"><header class=\"eael-entry-header\"><h2 class=\"eael-entry-title\"><a class=\"eael-grid-post-link\" href=\"https:\/\/escoladigital.madeira.gov.pt\/eb23louros\/biodiversidade-marinha-peixes-osseos\/\" title=\"Biodiversidade marinha\/peixes \u00f3sseos\">Biodiversidade marinha\/peixes \u00f3sseos<\/a><\/h2><\/header><div class=\"eael-entry-content\">\n                                <div class=\"eael-grid-post-excerpt\"><p>A turma do\u00a06.\u00ba2\u00a0participou numa enriquecedora palestra dedicada ao tema\u00a0&#8220;Biodiversidade marinha \/ Peixes \u00f3sseos&#8221;, promovida pela\u00a0Escola Azul, em parceria com a\u00a0Secretaria Regional da Agricultura e Pescas. Durante esta sess\u00e3o, os alunos tiveram a oportunidade de aprofundar conhecimentos sobre a diversidade de esp\u00e9cies marinhas, com especial enfoque nos peixes \u00f3sseos, compreendendo melhor a sua import\u00e2ncia para os [&hellip;]<\/p><a href=\"https:\/\/escoladigital.madeira.gov.pt\/eb23louros\/biodiversidade-marinha-peixes-osseos\/\" class=\"eael-post-elements-readmore-btn\">Ler Mais<\/a><\/div>\n                            <\/div><div class=\"eael-entry-header-after style-two\"><div class=\"eael-entry-meta\"><\/div><\/div><\/div><\/div>\n    <\/div>\n<\/article><article class=\"eael-grid-post  eael-post-grid-column eael-pg-post-5044 category-noticias\" data-id=\"5044\">\n    <div class=\"eael-grid-post-holder\">\n        <div class=\"eael-grid-post-holder-inner\"><div class=\"eael-entry-wrapper\"><header class=\"eael-entry-header\"><h2 class=\"eael-entry-title\"><a class=\"eael-grid-post-link\" href=\"https:\/\/escoladigital.madeira.gov.pt\/eb23louros\/caca-aos-ovos\/\" title=\"Ca\u00e7a aos Ovos\">Ca\u00e7a aos Ovos<\/a><\/h2><\/header><div class=\"eael-entry-content\">\n                                <div class=\"eael-grid-post-excerpt\"><p>No dia 26 de mar\u00e7o, pelas 10h00, realizou-se uma animada \u201cCa\u00e7a aos Ovos\u201d, na sala 407, promovida pelo Centro de Apoio \u00e0 Aprendizagem e dirigida a alunos que frequentam ativamente este espa\u00e7o. A atividade foi dinamizada de forma colaborativa, pelas t\u00e9cnicas superiores Sofia e Isabel e pelas docentes de Ensino Especializado Nat\u00e1lia e Paula, proporcionando [&hellip;]<\/p><a href=\"https:\/\/escoladigital.madeira.gov.pt\/eb23louros\/caca-aos-ovos\/\" class=\"eael-post-elements-readmore-btn\">Ler Mais<\/a><\/div>\n                            <\/div><div class=\"eael-entry-header-after style-two\"><div class=\"eael-entry-meta\"><\/div><\/div><\/div><\/div>\n    <\/div>\n<\/article><article class=\"eael-grid-post  eael-post-grid-column eael-pg-post-5040 category-noticias\" data-id=\"5040\">\n    <div class=\"eael-grid-post-holder\">\n        <div class=\"eael-grid-post-holder-inner\"><div class=\"eael-entry-wrapper\"><header class=\"eael-entry-header\"><h2 class=\"eael-entry-title\"><a class=\"eael-grid-post-link\" href=\"https:\/\/escoladigital.madeira.gov.pt\/eb23louros\/comemoracao-do-dia-da-matematica-2\/\" title=\"Comemora\u00e7\u00e3o do Dia da Matem\u00e1tica\">Comemora\u00e7\u00e3o do Dia da Matem\u00e1tica<\/a><\/h2><\/header><div class=\"eael-entry-content\">\n                                <div class=\"eael-grid-post-excerpt\"><p>Os alunos dos 5.\u00ba anos deram asas \u00e0 criatividade e ao racioc\u00ednio matem\u00e1tico na comemora\u00e7\u00e3o do Dia da Matem\u00e1tica! No \u00e2mbito desta data, realizaram um trabalho sobre fra\u00e7\u00f5es, n\u00fameros decimais e percentagens, explorando estes conceitos de forma pr\u00e1tica e divertida atrav\u00e9s da cria\u00e7\u00e3o de padr\u00f5es coloridos.\u00a0 Verdadeiras obras de arte cheias de cor, precis\u00e3o e [&hellip;]<\/p><a href=\"https:\/\/escoladigital.madeira.gov.pt\/eb23louros\/comemoracao-do-dia-da-matematica-2\/\" class=\"eael-post-elements-readmore-btn\">Ler Mais<\/a><\/div>\n                            <\/div><div class=\"eael-entry-header-after style-two\"><div class=\"eael-entry-meta\"><\/div><\/div><\/div><\/div>\n    <\/div>\n<\/article><article class=\"eael-grid-post  eael-post-grid-column eael-pg-post-5029 category-noticias\" data-id=\"5029\">\n    <div class=\"eael-grid-post-holder\">\n        <div class=\"eael-grid-post-holder-inner\"><div class=\"eael-entry-wrapper\"><header class=\"eael-entry-header\"><h2 class=\"eael-entry-title\"><a class=\"eael-grid-post-link\" href=\"https:\/\/escoladigital.madeira.gov.pt\/eb23louros\/spelling-bee-contestbee-happy-learn-english\/\" title=\"Spelling Bee ContestBee Happy, Learn English!\">Spelling Bee ContestBee Happy, Learn English!<\/a><\/h2><\/header><div class=\"eael-entry-content\">\n                                <div class=\"eael-grid-post-excerpt\"><p>Concurso interturmas celebra primavera de palavras Na manh\u00e3 do dia 25 de mar\u00e7o, a primavera chegou \u00e0 escola acompanhada de entusiasmo e muita aprendizagem com a atividade \u201cWelcome, Spring!\u201d, dinamizada pelo Grupo disciplinar 220. Integrando, de forma articulada e divertida, a celebra\u00e7\u00e3o do&nbsp;St. Patrick\u2019s Day, da P\u00e1scoa e da nova esta\u00e7\u00e3o, esta iniciativa proporcionou aos [&hellip;]<\/p><a href=\"https:\/\/escoladigital.madeira.gov.pt\/eb23louros\/spelling-bee-contestbee-happy-learn-english\/\" class=\"eael-post-elements-readmore-btn\">Ler Mais<\/a><\/div>\n                            <\/div><div class=\"eael-entry-header-after style-two\"><div class=\"eael-entry-meta\"><\/div><\/div><\/div><\/div>\n    <\/div>\n<\/article><article class=\"eael-grid-post  eael-post-grid-column eael-pg-post-5025 category-noticias\" data-id=\"5025\">\n    <div class=\"eael-grid-post-holder\">\n        <div class=\"eael-grid-post-holder-inner\"><div class=\"eael-entry-wrapper\"><header class=\"eael-entry-header\"><h2 class=\"eael-entry-title\"><a class=\"eael-grid-post-link\" href=\"https:\/\/escoladigital.madeira.gov.pt\/eb23louros\/dia-do-pai-2\/\" title=\"Dia do Pai\">Dia do Pai<\/a><\/h2><\/header><div class=\"eael-entry-content\">\n                                <div class=\"eael-grid-post-excerpt\"><p>https:\/\/youtu.be\/DhiCSQJm8ys<\/p><a href=\"https:\/\/escoladigital.madeira.gov.pt\/eb23louros\/dia-do-pai-2\/\" class=\"eael-post-elements-readmore-btn\">Ler Mais<\/a><\/div>\n                            <\/div><div class=\"eael-entry-header-after style-two\"><div class=\"eael-entry-meta\"><\/div><\/div><\/div><\/div>\n    <\/div>\n<\/article><article class=\"eael-grid-post  eael-post-grid-column eael-pg-post-5019 category-noticias\" data-id=\"5019\">\n    <div class=\"eael-grid-post-holder\">\n        <div class=\"eael-grid-post-holder-inner\"><div class=\"eael-entry-wrapper\"><header class=\"eael-entry-header\"><h2 class=\"eael-entry-title\"><a class=\"eael-grid-post-link\" href=\"https:\/\/escoladigital.madeira.gov.pt\/eb23louros\/acao-de-sensibilizacao-contra-a-violencia-no-namoro\/\" title=\"A\u00e7\u00e3o de Sensibiliza\u00e7\u00e3o contra a Viol\u00eancia no Namoro\">A\u00e7\u00e3o de Sensibiliza\u00e7\u00e3o contra a Viol\u00eancia no Namoro<\/a><\/h2><\/header><div class=\"eael-entry-content\">\n                                <div class=\"eael-grid-post-excerpt\"><p>A Escola dos Louros marcou presen\u00e7a na II edi\u00e7\u00e3o da campanha de preven\u00e7\u00e3o da viol\u00eancia no namoro, promovida pelo Munic\u00edpio do Funchal, reafirmando o seu compromisso com a educa\u00e7\u00e3o para os valores, o respeito e a cidadania ativa. Esta iniciativa, dirigida aos jovens, tem como principal objetivo sensibilizar para as diferentes formas de viol\u00eancia no [&hellip;]<\/p><a href=\"https:\/\/escoladigital.madeira.gov.pt\/eb23louros\/acao-de-sensibilizacao-contra-a-violencia-no-namoro\/\" class=\"eael-post-elements-readmore-btn\">Ler Mais<\/a><\/div>\n                            <\/div><div class=\"eael-entry-header-after style-two\"><div class=\"eael-entry-meta\"><\/div><\/div><\/div><\/div>\n    <\/div>\n<\/article><article class=\"eael-grid-post  eael-post-grid-column eael-pg-post-5014 category-noticias\" data-id=\"5014\">\n    <div class=\"eael-grid-post-holder\">\n        <div class=\"eael-grid-post-holder-inner\"><div class=\"eael-entry-wrapper\"><header class=\"eael-entry-header\"><h2 class=\"eael-entry-title\"><a class=\"eael-grid-post-link\" href=\"https:\/\/escoladigital.madeira.gov.pt\/eb23louros\/participacao-do-edificio-de-sao-goncalo-na-taca-regional-da-prevencao-rodoviaria-projeto-prer\/\" title=\"Participa\u00e7\u00e3o do edif\u00edcio de S\u00e3o Gon\u00e7alo na Ta\u00e7a Regional da Preven\u00e7\u00e3o Rodovi\u00e1ria (Projeto PRER)\">Participa\u00e7\u00e3o do edif\u00edcio de S\u00e3o Gon\u00e7alo na Ta\u00e7a Regional da Preven\u00e7\u00e3o Rodovi\u00e1ria (Projeto PRER)<\/a><\/h2><\/header><div class=\"eael-entry-content\">\n                                <div class=\"eael-grid-post-excerpt\"><p><\/p><a href=\"https:\/\/escoladigital.madeira.gov.pt\/eb23louros\/participacao-do-edificio-de-sao-goncalo-na-taca-regional-da-prevencao-rodoviaria-projeto-prer\/\" class=\"eael-post-elements-readmore-btn\">Ler Mais<\/a><\/div>\n                            <\/div><div class=\"eael-entry-header-after style-two\"><div class=\"eael-entry-meta\"><\/div><\/div><\/div><\/div>\n    <\/div>\n<\/article><\/div>\n            <div class=\"clearfix\"><\/div>\n        <\/div>            <div class=\"eael-load-more-button-wrap eael-infinity-scroll\" data-offset=\"-200\">\n                <button class=\"eael-load-more-button\" id=\"eael-load-more-btn-53ccf99\" data-widget-id=\"53ccf99\" data-widget=\"53ccf99\" data-page-id=\"3748\" data-template=\"{&quot;dir&quot;:&quot;lite&quot;,&quot;file_name&quot;:&quot;two.php&quot;,&quot;name&quot;:&quot;Post-Grid&quot;}\" data-class=\"Essential_Addons_Elementor\\Elements\\Post_Grid\" data-layout=\"grid\" data-page=\"1\" data-args=\"orderby=date&amp;order=desc&amp;ignore_sticky_posts=1&amp;post_status=publish&amp;posts_per_page=12&amp;offset=0&amp;post_type=post&amp;tax_query%5B0%5D%5Btaxonomy%5D=category&amp;tax_query%5B0%5D%5Bfield%5D=term_id&amp;tax_query%5B0%5D%5Bterms%5D%5B0%5D=5&amp;tax_query%5Brelation%5D=AND\" data-max-page=\"37\">\n                    <span class=\"eael-btn-loader button__loader\"><\/span>\n                    <span class=\"eael_load_more_text\">Load More<\/span>\n                <\/button>\n            <\/div>\n            \t\t\t\t<\/div>\n\t\t\t\t<\/div>\n\t\t\t\t<\/div>\n\t\t\t\t\t<\/div>\n\t\t\t\t<\/div>\n\t\t\t\t<\/div>\n\t\t","protected":false},"excerpt":{"rendered":"<p>Aconteceu &#8230; Biblioteca Animada A nossa biblioteca continua animada. Os nossos amigos da Pr\u00e9 II apresentaram uma dramatiza\u00e7\u00e3o do conto &#8221; O Retrato &#8221; de Maria Concei\u00e7\u00e3o Caldeira. A Pr\u00e9 I apresentaram a can\u00e7\u00e3o &#8221; Os Animais da Serra&#8221;, que complementou de forma brilha te a performance do grupo. Parab\u00e9ns. Ler Mais Concurso &#8220;Uma escola, [&hellip;]<\/p>\n","protected":false},"author":46,"featured_media":0,"parent":0,"menu_order":0,"comment_status":"closed","ping_status":"closed","template":"","meta":{"_themeisle_gutenberg_block_has_review":false,"footnotes":""},"class_list":["post-3748","page","type-page","status-publish","hentry"],"_links":{"self":[{"href":"https:\/\/escoladigital.madeira.gov.pt\/eb23louros\/wp-json\/wp\/v2\/pages\/3748","targetHints":{"allow":["GET"]}}],"collection":[{"href":"https:\/\/escoladigital.madeira.gov.pt\/eb23louros\/wp-json\/wp\/v2\/pages"}],"about":[{"href":"https:\/\/escoladigital.madeira.gov.pt\/eb23louros\/wp-json\/wp\/v2\/types\/page"}],"author":[{"embeddable":true,"href":"https:\/\/escoladigital.madeira.gov.pt\/eb23louros\/wp-json\/wp\/v2\/users\/46"}],"replies":[{"embeddable":true,"href":"https:\/\/escoladigital.madeira.gov.pt\/eb23louros\/wp-json\/wp\/v2\/comments?post=3748"}],"version-history":[{"count":4,"href":"https:\/\/escoladigital.madeira.gov.pt\/eb23louros\/wp-json\/wp\/v2\/pages\/3748\/revisions"}],"predecessor-version":[{"id":3752,"href":"https:\/\/escoladigital.madeira.gov.pt\/eb23louros\/wp-json\/wp\/v2\/pages\/3748\/revisions\/3752"}],"wp:attachment":[{"href":"https:\/\/escoladigital.madeira.gov.pt\/eb23louros\/wp-json\/wp\/v2\/media?parent=3748"}],"curies":[{"name":"wp","href":"https:\/\/api.w.org\/{rel}","templated":true}]}}