{"id":3768,"date":"2025-06-23T10:36:11","date_gmt":"2025-06-23T10:36:11","guid":{"rendered":"https:\/\/escoladigital.madeira.gov.pt\/eb23louros\/?page_id=3768"},"modified":"2025-06-23T12:10:29","modified_gmt":"2025-06-23T12:10:29","slug":"desporto-escolar","status":"publish","type":"page","link":"https:\/\/escoladigital.madeira.gov.pt\/eb23louros\/desporto-escolar\/","title":{"rendered":"Atividades Desportivas"},"content":{"rendered":"\t\t<div data-elementor-type=\"wp-page\" data-elementor-id=\"3768\" class=\"elementor elementor-3768\">\n\t\t\t\t<div class=\"elementor-element elementor-element-26adcc0 e-flex e-con-boxed e-con e-parent\" data-id=\"26adcc0\" data-element_type=\"container\" data-e-type=\"container\">\n\t\t\t\t\t<div class=\"e-con-inner\">\n\t\t<div class=\"elementor-element elementor-element-b8f834e e-con-full e-flex e-con e-child\" data-id=\"b8f834e\" data-element_type=\"container\" data-e-type=\"container\">\n\t\t\t\t<div class=\"elementor-element elementor-element-0de415c elementor-widget__width-initial elementor-widget elementor-widget-premium-addon-title\" data-id=\"0de415c\" data-element_type=\"widget\" data-e-type=\"widget\" data-settings=\"{&quot;shining_animation_duration&quot;:&quot;1&quot;}\" data-widget_type=\"premium-addon-title.default\">\n\t\t\t\t<div class=\"elementor-widget-container\">\n\t\t\t\t\t\n\t\t<div class=\"premium-title-container style8\">\n\t\t\t<h3 class=\"premium-title-header premium-title-style8 premium-con-lq__\">\n\t\t\t\t\n\t\t\t\t\n\t\t\t\t\t\t\t\t\t\t\t\t<span class=\"premium-title-text\" data-shiny-delay=\"2\" data-shiny-dur=\"1\">\n\t\t\t\t\tAtividades Desportivas\t\t\t\t<\/span>\n\t\t\t\t\t\n\t\t\t\t\t\t\t\t\n\t\t\t\t\t\t\t<\/h3>\n\n\t\t<\/div>\n\n\t\t\t\t\t\t<\/div>\n\t\t\t\t<\/div>\n\t\t\t\t<div class=\"elementor-element elementor-element-53ccf99 elementor-grid-eael-col-3 elementor-grid-tablet-eael-col-2 elementor-grid-mobile-eael-col-1 elementor-widget elementor-widget-eael-post-grid\" data-id=\"53ccf99\" data-element_type=\"widget\" data-e-type=\"widget\" data-settings=\"{&quot;eael_post_grid_columns&quot;:&quot;eael-col-3&quot;,&quot;eael_post_grid_columns_tablet&quot;:&quot;eael-col-2&quot;,&quot;eael_post_grid_columns_mobile&quot;:&quot;eael-col-1&quot;}\" data-widget_type=\"eael-post-grid.default\">\n\t\t\t\t<div class=\"elementor-widget-container\">\n\t\t\t\t\t<div id=\"eael-post-grid-53ccf99\" class=\"eael-post-grid-container\">\n            <div class=\"eael-post-grid eael-post-appender eael-post-appender-53ccf99 eael-post-grid-style-two\" data-layout-mode=\"grid\"><article class=\"eael-grid-post  eael-post-grid-column eael-pg-post-4772 category-desporto-escolar-noticias\" data-id=\"4772\">\n    <div class=\"eael-grid-post-holder\">\n        <div class=\"eael-grid-post-holder-inner\"><div class=\"eael-entry-wrapper\"><header class=\"eael-entry-header\"><h2 class=\"eael-entry-title\"><a class=\"eael-grid-post-link\" href=\"https:\/\/escoladigital.madeira.gov.pt\/eb23louros\/campeonato-da-europa-de-polo-aquatico\/\" title=\"Campeonato da Europa de Polo Aqu\u00e1tico\">Campeonato da Europa de Polo Aqu\u00e1tico<\/a><\/h2><\/header><div class=\"eael-entry-content\">\n                                <div class=\"eael-grid-post-excerpt\"><p>No \u00e2mbito da parceria com a Associa\u00e7\u00e3o de Nata\u00e7\u00e3o da Madeira, integrada no projeto da Nata\u00e7\u00e3o do Desporto Escolar, a nossa escola aceitou o convite para assistir a jogos do Campeonato da Europa de Polo Aqu\u00e1tico Feminino Absoluto, que decorreu no Complexo de Piscinas Ol\u00edmpicas do Funchal, entre os dias 26 de janeiro e 5 [&hellip;]<\/p><a href=\"https:\/\/escoladigital.madeira.gov.pt\/eb23louros\/campeonato-da-europa-de-polo-aquatico\/\" class=\"eael-post-elements-readmore-btn\">Ler Mais<\/a><\/div>\n                            <\/div><div class=\"eael-entry-header-after style-two\"><div class=\"eael-entry-meta\"><\/div><\/div><\/div><\/div>\n    <\/div>\n<\/article><article class=\"eael-grid-post  eael-post-grid-column eael-pg-post-4761 category-desporto-escolar-noticias\" data-id=\"4761\">\n    <div class=\"eael-grid-post-holder\">\n        <div class=\"eael-grid-post-holder-inner\"><div class=\"eael-entry-wrapper\"><header class=\"eael-entry-header\"><h2 class=\"eael-entry-title\"><a class=\"eael-grid-post-link\" href=\"https:\/\/escoladigital.madeira.gov.pt\/eb23louros\/o-torneio-dos-amigos\/\" title=\"O Torneio dos Amigos\">O Torneio dos Amigos<\/a><\/h2><\/header><div class=\"eael-entry-content\">\n                                <div class=\"eael-grid-post-excerpt\"><p>O Torneio dos Amigos foi um momento de grande conv\u00edvio, esp\u00edrito desportivo e divers\u00e3o entre todos os participantes. O torneio contou com duas modalidades, basquetebol e futebol, destinadas a ambos os ciclos, promovendo a participa\u00e7\u00e3o e o fair play entre as turmas.Ap\u00f3s jogos cheios de entusiasmo e competitividade saud\u00e1vel, sagraram-se vencedoras no 2.\u00ba ciclo a [&hellip;]<\/p><a href=\"https:\/\/escoladigital.madeira.gov.pt\/eb23louros\/o-torneio-dos-amigos\/\" class=\"eael-post-elements-readmore-btn\">Ler Mais<\/a><\/div>\n                            <\/div><div class=\"eael-entry-header-after style-two\"><div class=\"eael-entry-meta\"><\/div><\/div><\/div><\/div>\n    <\/div>\n<\/article><article class=\"eael-grid-post  eael-post-grid-column eael-pg-post-4482 category-desporto-escolar-noticias\" data-id=\"4482\">\n    <div class=\"eael-grid-post-holder\">\n        <div class=\"eael-grid-post-holder-inner\"><div class=\"eael-entry-wrapper\"><header class=\"eael-entry-header\"><h2 class=\"eael-entry-title\"><a class=\"eael-grid-post-link\" href=\"https:\/\/escoladigital.madeira.gov.pt\/eb23louros\/torneio-de-futebol\/\" title=\"Torneio de futebol\">Torneio de futebol<\/a><\/h2><\/header><div class=\"eael-entry-content\">\n                                <div class=\"eael-grid-post-excerpt\"><p>No torneio de futebol foram apurados os vencedores do 2.\u00ba e 3.\u00ba ciclo. No 2.\u00ba ciclo, a final entre as equipas das turmas 6.2 e 6.3 foi muito equilibrada e s\u00f3 ficou decidida nas grandes penalidades, com a turma 6.3 a conquistar a vit\u00f3ria. No 3.\u00ba ciclo, a final colocou frente a frente as turmas [&hellip;]<\/p><a href=\"https:\/\/escoladigital.madeira.gov.pt\/eb23louros\/torneio-de-futebol\/\" class=\"eael-post-elements-readmore-btn\">Ler Mais<\/a><\/div>\n                            <\/div><div class=\"eael-entry-header-after style-two\"><div class=\"eael-entry-meta\"><\/div><\/div><\/div><\/div>\n    <\/div>\n<\/article><article class=\"eael-grid-post  eael-post-grid-column eael-pg-post-4413 category-desporto-escolar-noticias\" data-id=\"4413\">\n    <div class=\"eael-grid-post-holder\">\n        <div class=\"eael-grid-post-holder-inner\"><div class=\"eael-entry-wrapper\"><header class=\"eael-entry-header\"><h2 class=\"eael-entry-title\"><a class=\"eael-grid-post-link\" href=\"https:\/\/escoladigital.madeira.gov.pt\/eb23louros\/apuramento-para-o-corta-mato-regional\/\" title=\"Apuramento para o Corta-Mato Regional\">Apuramento para o Corta-Mato Regional<\/a><\/h2><\/header><div class=\"eael-entry-content\">\n                                <div class=\"eael-grid-post-excerpt\"><p>No dia 18 de novembro realizou-se o apuramento para o Corta-Mato Regional, atrav\u00e9s da prova do vaiv\u00e9m. A atividade contou com a participa\u00e7\u00e3o de 110 alunos do 2.\u00ba e 3.\u00ba ciclos e com a colabora\u00e7\u00e3o do grupo de Educa\u00e7\u00e3o F\u00edsica, cuja ajuda foi fundamental para o sucesso da atividade.<\/p><a href=\"https:\/\/escoladigital.madeira.gov.pt\/eb23louros\/apuramento-para-o-corta-mato-regional\/\" class=\"eael-post-elements-readmore-btn\">Ler Mais<\/a><\/div>\n                            <\/div><div class=\"eael-entry-header-after style-two\"><div class=\"eael-entry-meta\"><\/div><\/div><\/div><\/div>\n    <\/div>\n<\/article><article class=\"eael-grid-post  eael-post-grid-column eael-pg-post-4386 category-desporto-escolar-noticias\" data-id=\"4386\">\n    <div class=\"eael-grid-post-holder\">\n        <div class=\"eael-grid-post-holder-inner\"><div class=\"eael-entry-wrapper\"><header class=\"eael-entry-header\"><h2 class=\"eael-entry-title\"><a class=\"eael-grid-post-link\" href=\"https:\/\/escoladigital.madeira.gov.pt\/eb23louros\/laser-run-2\/\" title=\"Laser Run\">Laser Run<\/a><\/h2><\/header><div class=\"eael-entry-content\">\n                                <div class=\"eael-grid-post-excerpt\"><p>Decorreu no polidesportivo a atividade de Laser Run, com a colabora\u00e7\u00e3o dos professores da Dire\u00e7\u00e3o de Servi\u00e7os do Desporto Escolar e com os docentes do grupo de Educa\u00e7\u00e3o F\u00edsica. Participaram 147 alunos. Os tr\u00eas primeiros de cada escal\u00e3o ir\u00e3o representar a escola na fase regional, que ter\u00e1 lugar no dia 04 de fevereiro, nos Jardins [&hellip;]<\/p><a href=\"https:\/\/escoladigital.madeira.gov.pt\/eb23louros\/laser-run-2\/\" class=\"eael-post-elements-readmore-btn\">Ler Mais<\/a><\/div>\n                            <\/div><div class=\"eael-entry-header-after style-two\"><div class=\"eael-entry-meta\"><\/div><\/div><\/div><\/div>\n    <\/div>\n<\/article><article class=\"eael-grid-post  eael-post-grid-column eael-pg-post-3498 category-desporto-escolar-noticias\" data-id=\"3498\">\n    <div class=\"eael-grid-post-holder\">\n        <div class=\"eael-grid-post-holder-inner\"><div class=\"eael-entry-wrapper\"><header class=\"eael-entry-header\"><h2 class=\"eael-entry-title\"><a class=\"eael-grid-post-link\" href=\"https:\/\/escoladigital.madeira.gov.pt\/eb23louros\/semana-desporto-escolar\/\" title=\"Semana Desporto Escolar\">Semana Desporto Escolar<\/a><\/h2><\/header><div class=\"eael-entry-content\">\n                                <div class=\"eael-grid-post-excerpt\"><p>No passado dia 28 de maio, alguns alunos do 4.\u00ba ano participaram na atividade inserida na &#8220;Semana do Desporto Escolar&#8221;. Ao longo da manh\u00e3, tiveram a oportunidade de experimentar, de forma divertida e din\u00e2mica, v\u00e1rias modalidades desportivas. Foi uma experi\u00eancia muito enriquecedora e, acima de tudo, uma manh\u00e3 cheia de alegria e movimento!<\/p><a href=\"https:\/\/escoladigital.madeira.gov.pt\/eb23louros\/semana-desporto-escolar\/\" class=\"eael-post-elements-readmore-btn\">Ler Mais<\/a><\/div>\n                            <\/div><div class=\"eael-entry-header-after style-two\"><div class=\"eael-entry-meta\"><\/div><\/div><\/div><\/div>\n    <\/div>\n<\/article><article class=\"eael-grid-post  eael-post-grid-column eael-pg-post-3435 category-desporto-escolar-noticias\" data-id=\"3435\">\n    <div class=\"eael-grid-post-holder\">\n        <div class=\"eael-grid-post-holder-inner\"><div class=\"eael-entry-wrapper\"><header class=\"eael-entry-header\"><h2 class=\"eael-entry-title\"><a class=\"eael-grid-post-link\" href=\"https:\/\/escoladigital.madeira.gov.pt\/eb23louros\/futsal-juvenil\/\" title=\"Futsal Juvenil\">Futsal Juvenil<\/a><\/h2><\/header><div class=\"eael-entry-content\">\n                                <div class=\"eael-grid-post-excerpt\"><p>A equipa de futsal juvenil conquistou o 2.\u00ba lugar na competi\u00e7\u00e3o, realizada no campo sint\u00e9tico da Jaime Moniz. Para al\u00e9m do excelente desempenho desportivo, os nossos alunos destacaram-se pelo comportamento exemplar e esp\u00edrito de equipa, sendo motivo de orgulho para todos.A participa\u00e7\u00e3o foi orientada pela professora Sara C\u00e2mara.Muitos&nbsp;parab\u00e9ns!<\/p><a href=\"https:\/\/escoladigital.madeira.gov.pt\/eb23louros\/futsal-juvenil\/\" class=\"eael-post-elements-readmore-btn\">Ler Mais<\/a><\/div>\n                            <\/div><div class=\"eael-entry-header-after style-two\"><div class=\"eael-entry-meta\"><\/div><\/div><\/div><\/div>\n    <\/div>\n<\/article><article class=\"eael-grid-post  eael-post-grid-column eael-pg-post-3409 category-desporto-escolar-noticias\" data-id=\"3409\">\n    <div class=\"eael-grid-post-holder\">\n        <div class=\"eael-grid-post-holder-inner\"><div class=\"eael-entry-wrapper\"><header class=\"eael-entry-header\"><h2 class=\"eael-entry-title\"><a class=\"eael-grid-post-link\" href=\"https:\/\/escoladigital.madeira.gov.pt\/eb23louros\/competicao-na-modalidade-de-natacao-na-prova-de-aguas-abertas\/\" title=\"Competi\u00e7\u00e3o na modalidade de nata\u00e7\u00e3o, na prova de \u00e1guas abertas\">Competi\u00e7\u00e3o na modalidade de nata\u00e7\u00e3o, na prova de \u00e1guas abertas<\/a><\/h2><\/header><div class=\"eael-entry-content\">\n                                <div class=\"eael-grid-post-excerpt\"><p>No 2\u00b0 dia de competi\u00e7\u00e3o na modalidade de nata\u00e7\u00e3o, na prova de \u00e1guas abertas aluno Manuel Gomez &#8211; obteve&nbsp;o&nbsp;3\u00b0&nbsp;lugar.<\/p><a href=\"https:\/\/escoladigital.madeira.gov.pt\/eb23louros\/competicao-na-modalidade-de-natacao-na-prova-de-aguas-abertas\/\" class=\"eael-post-elements-readmore-btn\">Ler Mais<\/a><\/div>\n                            <\/div><div class=\"eael-entry-header-after style-two\"><div class=\"eael-entry-meta\"><\/div><\/div><\/div><\/div>\n    <\/div>\n<\/article><article class=\"eael-grid-post  eael-post-grid-column eael-pg-post-3405 category-desporto-escolar-noticias\" data-id=\"3405\">\n    <div class=\"eael-grid-post-holder\">\n        <div class=\"eael-grid-post-holder-inner\"><div class=\"eael-entry-wrapper\"><header class=\"eael-entry-header\"><h2 class=\"eael-entry-title\"><a class=\"eael-grid-post-link\" href=\"https:\/\/escoladigital.madeira.gov.pt\/eb23louros\/participacao-do-badminton-na-festa-do-desporto-escolar\/\" title=\"Participa\u00e7\u00e3o do badminton na Festa do Desporto\u00a0Escolar.\">Participa\u00e7\u00e3o do badminton na Festa do Desporto\u00a0Escolar.<\/a><\/h2><\/header><div class=\"eael-entry-content\">\n                                <div class=\"eael-grid-post-excerpt\"><p><\/p><a href=\"https:\/\/escoladigital.madeira.gov.pt\/eb23louros\/participacao-do-badminton-na-festa-do-desporto-escolar\/\" class=\"eael-post-elements-readmore-btn\">Ler Mais<\/a><\/div>\n                            <\/div><div class=\"eael-entry-header-after style-two\"><div class=\"eael-entry-meta\"><\/div><\/div><\/div><\/div>\n    <\/div>\n<\/article><article class=\"eael-grid-post  eael-post-grid-column eael-pg-post-3390 category-desporto-escolar-noticias\" data-id=\"3390\">\n    <div class=\"eael-grid-post-holder\">\n        <div class=\"eael-grid-post-holder-inner\"><div class=\"eael-entry-wrapper\"><header class=\"eael-entry-header\"><h2 class=\"eael-entry-title\"><a class=\"eael-grid-post-link\" href=\"https:\/\/escoladigital.madeira.gov.pt\/eb23louros\/competicao-de-natacao-na-festa-do-desporto-escolar\/\" title=\"Competi\u00e7\u00e3o de nata\u00e7\u00e3o na Festa do Desporto Escolar\">Competi\u00e7\u00e3o de nata\u00e7\u00e3o na Festa do Desporto Escolar<\/a><\/h2><\/header><div class=\"eael-entry-content\">\n                                <div class=\"eael-grid-post-excerpt\"><p>A competi\u00e7\u00e3o decorreu na piscina de 25m do Complexo da Penteada. Os Louros participaram com 17 alunos, sendo as respons\u00e1veis a professora D\u00e9lia Gouveia e a Sara C\u00e2mara. No final da competi\u00e7\u00e3o os Louros conseguiram 8 medalhas. Os alunos medalhados foram: Manuel Gomez- (3\u00b0- 25 m Livres, 2\u00b0 &#8211; 50 m Costas, 2\u00b0- 50 m [&hellip;]<\/p><a href=\"https:\/\/escoladigital.madeira.gov.pt\/eb23louros\/competicao-de-natacao-na-festa-do-desporto-escolar\/\" class=\"eael-post-elements-readmore-btn\">Ler Mais<\/a><\/div>\n                            <\/div><div class=\"eael-entry-header-after style-two\"><div class=\"eael-entry-meta\"><\/div><\/div><\/div><\/div>\n    <\/div>\n<\/article><article class=\"eael-grid-post  eael-post-grid-column eael-pg-post-3380 category-desporto-escolar-noticias\" data-id=\"3380\">\n    <div class=\"eael-grid-post-holder\">\n        <div class=\"eael-grid-post-holder-inner\"><div class=\"eael-entry-wrapper\"><header class=\"eael-entry-header\"><h2 class=\"eael-entry-title\"><a class=\"eael-grid-post-link\" href=\"https:\/\/escoladigital.madeira.gov.pt\/eb23louros\/final-do-laser-run\/\" title=\"Final do Laser Run\">Final do Laser Run<\/a><\/h2><\/header><div class=\"eael-entry-content\">\n                                <div class=\"eael-grid-post-excerpt\"><p>A final do Laser Run decorreu nos Jardins do Lido. tendo a nossa escola recebido o pr\u00e9mio&nbsp;regularidade<\/p><a href=\"https:\/\/escoladigital.madeira.gov.pt\/eb23louros\/final-do-laser-run\/\" class=\"eael-post-elements-readmore-btn\">Ler Mais<\/a><\/div>\n                            <\/div><div class=\"eael-entry-header-after style-two\"><div class=\"eael-entry-meta\"><\/div><\/div><\/div><\/div>\n    <\/div>\n<\/article><\/div>\n            <div class=\"clearfix\"><\/div>\n        <\/div>\t\t\t\t<\/div>\n\t\t\t\t<\/div>\n\t\t\t\t<\/div>\n\t\t\t\t\t<\/div>\n\t\t\t\t<\/div>\n\t\t\t\t<\/div>\n\t\t","protected":false},"excerpt":{"rendered":"<p>Atividades Desportivas Semana Desporto Escolar No passado dia 28 de maio, alguns alunos do 4.\u00ba ano participaram na atividade inserida na &#8220;Semana do Desporto Escolar&#8221;. Ao longo da manh\u00e3, tiveram a oportunidade de experimentar, de forma divertida e din\u00e2mica, v\u00e1rias modalidades desportivas. Foi uma experi\u00eancia muito enriquecedora e, acima de tudo, uma manh\u00e3 cheia de [&hellip;]<\/p>\n","protected":false},"author":46,"featured_media":0,"parent":0,"menu_order":0,"comment_status":"closed","ping_status":"closed","template":"","meta":{"_themeisle_gutenberg_block_has_review":false,"footnotes":""},"class_list":["post-3768","page","type-page","status-publish","hentry"],"_links":{"self":[{"href":"https:\/\/escoladigital.madeira.gov.pt\/eb23louros\/wp-json\/wp\/v2\/pages\/3768","targetHints":{"allow":["GET"]}}],"collection":[{"href":"https:\/\/escoladigital.madeira.gov.pt\/eb23louros\/wp-json\/wp\/v2\/pages"}],"about":[{"href":"https:\/\/escoladigital.madeira.gov.pt\/eb23louros\/wp-json\/wp\/v2\/types\/page"}],"author":[{"embeddable":true,"href":"https:\/\/escoladigital.madeira.gov.pt\/eb23louros\/wp-json\/wp\/v2\/users\/46"}],"replies":[{"embeddable":true,"href":"https:\/\/escoladigital.madeira.gov.pt\/eb23louros\/wp-json\/wp\/v2\/comments?post=3768"}],"version-history":[{"count":8,"href":"https:\/\/escoladigital.madeira.gov.pt\/eb23louros\/wp-json\/wp\/v2\/pages\/3768\/revisions"}],"predecessor-version":[{"id":3780,"href":"https:\/\/escoladigital.madeira.gov.pt\/eb23louros\/wp-json\/wp\/v2\/pages\/3768\/revisions\/3780"}],"wp:attachment":[{"href":"https:\/\/escoladigital.madeira.gov.pt\/eb23louros\/wp-json\/wp\/v2\/media?parent=3768"}],"curies":[{"name":"wp","href":"https:\/\/api.w.org\/{rel}","templated":true}]}}