{"id":39,"date":"2024-05-02T08:35:00","date_gmt":"2024-05-02T08:35:00","guid":{"rendered":"https:\/\/escoladigital.madeira.gov.pt\/eb23louros\/?page_id=39"},"modified":"2024-05-16T08:45:33","modified_gmt":"2024-05-16T08:45:33","slug":"contactos","status":"publish","type":"page","link":"https:\/\/escoladigital.madeira.gov.pt\/eb23louros\/contactos\/","title":{"rendered":"Contactos"},"content":{"rendered":"\t\t<div data-elementor-type=\"wp-page\" data-elementor-id=\"39\" class=\"elementor elementor-39\">\n\t\t\t\t<div class=\"elementor-element elementor-element-aee184a e-flex e-con-boxed e-con e-parent\" data-id=\"aee184a\" data-element_type=\"container\" data-e-type=\"container\">\n\t\t\t\t\t<div class=\"e-con-inner\">\n\t\t<div class=\"elementor-element elementor-element-fac3393 e-con-full e-flex e-con e-child\" data-id=\"fac3393\" data-element_type=\"container\" data-e-type=\"container\">\n\t\t\t\t<div class=\"elementor-element elementor-element-d500e09 elementor-invisible elementor-widget elementor-widget-toggle\" data-id=\"d500e09\" data-element_type=\"widget\" data-e-type=\"widget\" data-settings=\"{&quot;_animation&quot;:&quot;fadeInLeft&quot;}\" data-widget_type=\"toggle.default\">\n\t\t\t\t<div class=\"elementor-widget-container\">\n\t\t\t\t\t\t\t<div class=\"elementor-toggle\">\n\t\t\t\t\t\t\t<div class=\"elementor-toggle-item\">\n\t\t\t\t\t<div id=\"elementor-tab-title-2231\" class=\"elementor-tab-title\" data-tab=\"1\" role=\"button\" aria-controls=\"elementor-tab-content-2231\" aria-expanded=\"false\">\n\t\t\t\t\t\t\t\t\t\t\t\t<span class=\"elementor-toggle-icon elementor-toggle-icon-left\" aria-hidden=\"true\">\n\t\t\t\t\t\t\t\t\t\t\t\t\t\t\t<span class=\"elementor-toggle-icon-closed\"><svg class=\"e-font-icon-svg e-fas-caret-right\" viewBox=\"0 0 192 512\" xmlns=\"http:\/\/www.w3.org\/2000\/svg\"><path d=\"M0 384.662V127.338c0-17.818 21.543-26.741 34.142-14.142l128.662 128.662c7.81 7.81 7.81 20.474 0 28.284L34.142 398.804C21.543 411.404 0 402.48 0 384.662z\"><\/path><\/svg><\/span>\n\t\t\t\t\t\t\t\t<span class=\"elementor-toggle-icon-opened\"><svg class=\"elementor-toggle-icon-opened e-font-icon-svg e-fas-caret-up\" viewBox=\"0 0 320 512\" xmlns=\"http:\/\/www.w3.org\/2000\/svg\"><path d=\"M288.662 352H31.338c-17.818 0-26.741-21.543-14.142-34.142l128.662-128.662c7.81-7.81 20.474-7.81 28.284 0l128.662 128.662c12.6 12.599 3.676 34.142-14.142 34.142z\"><\/path><\/svg><\/span>\n\t\t\t\t\t\t\t\t\t\t\t\t\t<\/span>\n\t\t\t\t\t\t\t\t\t\t\t\t<a class=\"elementor-toggle-title\" tabindex=\"0\">Contactos<\/a>\n\t\t\t\t\t<\/div>\n\n\t\t\t\t\t<div id=\"elementor-tab-content-2231\" class=\"elementor-tab-content elementor-clearfix\" data-tab=\"1\" role=\"region\" aria-labelledby=\"elementor-tab-title-2231\"><p><strong>Morada:<\/strong> Rua dos Louros 5, 9060-180 Funchal<\/p><p><strong>Telefone:<\/strong>(351)291206340<\/p><p><strong>Telem\u00f3vel:<\/strong><span id=\"dnn_ctr877_HtmlModule__ctl0_lblContent\" class=\"Normal\">(351)963022588\/<\/span><span class=\"Normal\"><span id=\"dnn_ctr877_HtmlModule__ctl0_lblContent\" class=\"Normal\">(351)963021758<\/span><\/span><\/p><p><strong>E-mail:\u00a0<span id=\"cloakfd936a7bb5282f0937e3130582c4a66a\"><a href=\"mailto:escbaslours@edu.madeira.gov.pt\">escbaslouros@edu.madeira.gov.pt<\/a><\/span><\/strong><\/p><p>\u00a0<\/p><\/div>\n\t\t\t\t<\/div>\n\t\t\t\t\t\t\t<div class=\"elementor-toggle-item\">\n\t\t\t\t\t<div id=\"elementor-tab-title-2232\" class=\"elementor-tab-title\" data-tab=\"2\" role=\"button\" aria-controls=\"elementor-tab-content-2232\" aria-expanded=\"false\">\n\t\t\t\t\t\t\t\t\t\t\t\t<span class=\"elementor-toggle-icon elementor-toggle-icon-left\" aria-hidden=\"true\">\n\t\t\t\t\t\t\t\t\t\t\t\t\t\t\t<span class=\"elementor-toggle-icon-closed\"><svg class=\"e-font-icon-svg e-fas-caret-right\" viewBox=\"0 0 192 512\" xmlns=\"http:\/\/www.w3.org\/2000\/svg\"><path d=\"M0 384.662V127.338c0-17.818 21.543-26.741 34.142-14.142l128.662 128.662c7.81 7.81 7.81 20.474 0 28.284L34.142 398.804C21.543 411.404 0 402.48 0 384.662z\"><\/path><\/svg><\/span>\n\t\t\t\t\t\t\t\t<span class=\"elementor-toggle-icon-opened\"><svg class=\"elementor-toggle-icon-opened e-font-icon-svg e-fas-caret-up\" viewBox=\"0 0 320 512\" xmlns=\"http:\/\/www.w3.org\/2000\/svg\"><path d=\"M288.662 352H31.338c-17.818 0-26.741-21.543-14.142-34.142l128.662-128.662c7.81-7.81 20.474-7.81 28.284 0l128.662 128.662c12.6 12.599 3.676 34.142-14.142 34.142z\"><\/path><\/svg><\/span>\n\t\t\t\t\t\t\t\t\t\t\t\t\t<\/span>\n\t\t\t\t\t\t\t\t\t\t\t\t<a class=\"elementor-toggle-title\" tabindex=\"0\">Hor\u00e1rio - Atividades Letivas<\/a>\n\t\t\t\t\t<\/div>\n\n\t\t\t\t\t<div id=\"elementor-tab-content-2232\" class=\"elementor-tab-content elementor-clearfix\" data-tab=\"2\" role=\"region\" aria-labelledby=\"elementor-tab-title-2232\"><p><strong>2<span style=\"font-size: 10pt\">\u00ba ciclo &#8211; 5\u00ba, 6\u00ba anos<\/span><\/strong><\/p><ul><li><span style=\"font-size: 10pt\">Turno da manh\u00e3 &#8211; 08:00 &#8211; 13:00<\/span><\/li><li><span style=\"font-size: 10pt\">Turno da\u00a0 tarde &#8211; 14:00 &#8211; 18:15<\/span><\/li><\/ul><p><span style=\"font-size: 10pt\"><strong>Intervalos :\u00a0<\/strong><\/span><\/p><ul><li><span style=\"font-size: 10pt\">09:30 &#8211; 09:45\u00a0<\/span><\/li><li><span style=\"font-size: 10pt\">11:15 &#8211; 11:30<\/span><\/li><li><span style=\"font-size: 10pt\">14:45 &#8211; 15:00<\/span><\/li><li><span style=\"font-size: 10pt\">16:30 &#8211; 16::45<\/span><\/li><li><span style=\"font-size: 10pt\">Os intervalos dos turnos da manh\u00e3 e da tarde t\u00eam a dura\u00e7\u00e3o de 15 minutos cada e ocorrem \u00e0s 9:30, 11:15; 14:45 e \u00e0s 16:30.<\/span><\/li><\/ul><p><span style=\"font-size: 10pt\"><strong>3\u00ba ciclo\/- 7\u00ba,8\u00ba e 9\u00baanos\u00a0<\/strong><\/span><\/p><ul><li><span style=\"font-size: 10pt\">Turno da manh\u00e3 &#8211; 08:15 &#8211; 13:15<\/span><\/li><li><span style=\"font-size: 10pt\">Turno da tarde &#8211; 13:25 &#8211; 18:25\u00a0\u00a0<\/span><\/li><\/ul><p><span style=\"font-size: 10pt\"><strong>Intervalos :\u00a0<\/strong><\/span><\/p><ul><li><span style=\"font-size: 10pt\">09:45 &#8211; 10:00\u00a0<\/span><\/li><li><span style=\"font-size: 10pt\">11:30 &#8211; 11:45<\/span><\/li><li><span style=\"font-size: 10pt\">14:55 &#8211; 15:10<\/span><\/li><li><span style=\"font-size: 10pt\">16:40 &#8211; 16:55\u00a0<\/span><\/li><\/ul><\/div>\n\t\t\t\t<\/div>\n\t\t\t\t\t\t\t<div class=\"elementor-toggle-item\">\n\t\t\t\t\t<div id=\"elementor-tab-title-2233\" class=\"elementor-tab-title\" data-tab=\"3\" role=\"button\" aria-controls=\"elementor-tab-content-2233\" aria-expanded=\"false\">\n\t\t\t\t\t\t\t\t\t\t\t\t<span class=\"elementor-toggle-icon elementor-toggle-icon-left\" aria-hidden=\"true\">\n\t\t\t\t\t\t\t\t\t\t\t\t\t\t\t<span class=\"elementor-toggle-icon-closed\"><svg class=\"e-font-icon-svg e-fas-caret-right\" viewBox=\"0 0 192 512\" xmlns=\"http:\/\/www.w3.org\/2000\/svg\"><path d=\"M0 384.662V127.338c0-17.818 21.543-26.741 34.142-14.142l128.662 128.662c7.81 7.81 7.81 20.474 0 28.284L34.142 398.804C21.543 411.404 0 402.48 0 384.662z\"><\/path><\/svg><\/span>\n\t\t\t\t\t\t\t\t<span class=\"elementor-toggle-icon-opened\"><svg class=\"elementor-toggle-icon-opened e-font-icon-svg e-fas-caret-up\" viewBox=\"0 0 320 512\" xmlns=\"http:\/\/www.w3.org\/2000\/svg\"><path d=\"M288.662 352H31.338c-17.818 0-26.741-21.543-14.142-34.142l128.662-128.662c7.81-7.81 20.474-7.81 28.284 0l128.662 128.662c12.6 12.599 3.676 34.142-14.142 34.142z\"><\/path><\/svg><\/span>\n\t\t\t\t\t\t\t\t\t\t\t\t\t<\/span>\n\t\t\t\t\t\t\t\t\t\t\t\t<a class=\"elementor-toggle-title\" tabindex=\"0\">Hor\u00e1rio - Servi\u00e7os<\/a>\n\t\t\t\t\t<\/div>\n\n\t\t\t\t\t<div id=\"elementor-tab-content-2233\" class=\"elementor-tab-content elementor-clearfix\" data-tab=\"3\" role=\"region\" aria-labelledby=\"elementor-tab-title-2233\"><p>O hor\u00e1rio de funcionamento\/atendimento dos servi\u00e7os escolares est\u00e1 afixado de forma vis\u00edvel, junto ao respetivo local.<\/p><table><tbody><tr bgcolor=\"#deebe2\"><td colspan=\"2\"><p style=\"text-align: center\"><strong>Servi\u00e7o<\/strong><\/p><\/td><td><p style=\"text-align: center\"><strong><span style=\"font-size: 10pt\">Hor\u00e1rio de Expediente \/ Funcionamento<\/span><\/strong><\/p><p style=\"text-align: center\"><strong><span style=\"font-size: 10pt\">\u00a0Edf.- Sede<\/span><\/strong><\/p><\/td><\/tr><tr><td colspan=\"2\"><p style=\"text-align: center\"><span style=\"font-size: 10pt\">Conselho Executivo<\/span><\/p><\/td><td style=\"text-align: center\"><p><span style=\"font-size: 10pt\">Das 07:45 \u00e0s 18:45<\/span><\/p><\/td><\/tr><tr style=\"text-align: center\"><td colspan=\"2\"><p><span style=\"font-size: 10pt\">Secretaria<\/span><\/p><\/td><td><p><span style=\"font-size: 10pt\">Das 09:30 \u00e0s 16:00<\/span><\/p><p><span style=\"font-size: 10pt\">\u00a0( \u00c0s 6\u00aa feiras encerra \u00e0s 13:00)<\/span><\/p><\/td><\/tr><tr style=\"text-align: center\"><td colspan=\"2\"><p><span style=\"font-size: 10pt\">A\u00e7\u00e3o Social Escolar\u00a0<\/span><\/p><\/td><td><p><span style=\"font-size: 10pt\">Das 09:30 \u00e0s 16:00<\/span><\/p><\/td><\/tr><tr style=\"text-align: center\"><td colspan=\"2\"><p><span style=\"font-size: 10pt\">Biblioteca<\/span><\/p><\/td><td><p><span style=\"font-size: 10pt\">Das 08:30 \u00e0s 17:30<\/span><\/p><\/td><\/tr><tr style=\"text-align: center\"><td rowspan=\"2\"><p><span style=\"font-size: 10pt\">Bares<\/span><\/p><\/td><td><p><span style=\"font-size: 10pt\">Alunos e\u00a0Pessoal N\u00e3o Docente<\/span><\/p><\/td><td><p><span style=\"font-size: 10pt\">Das 9:00 \u00e0s 12:00 \/ Das 14:00 \u00e0s 16:45<\/span><\/p><\/td><\/tr><tr><td style=\"text-align: center\"><p><span style=\"font-size: 10pt\">Professores<\/span><\/p><\/td><td><p style=\"text-align: center\"><span style=\"font-size: 10pt\">Das 8:00 \u00e0s 16:45<\/span><\/p><\/td><\/tr><\/tbody><\/table><\/div>\n\t\t\t\t<\/div>\n\t\t\t\t\t\t\t\t<\/div>\n\t\t\t\t\t\t<\/div>\n\t\t\t\t<\/div>\n\t\t\t\t<\/div>\n\t\t<div class=\"elementor-element elementor-element-160e508 e-con-full e-flex e-con e-child\" data-id=\"160e508\" data-element_type=\"container\" data-e-type=\"container\">\n\t\t\t\t<div class=\"elementor-element elementor-element-626759b elementor-invisible elementor-widget elementor-widget-heading\" data-id=\"626759b\" data-element_type=\"widget\" data-e-type=\"widget\" data-settings=\"{&quot;_animation&quot;:&quot;fadeInRight&quot;}\" data-widget_type=\"heading.default\">\n\t\t\t\t<div class=\"elementor-widget-container\">\n\t\t\t\t\t<h2 class=\"elementor-heading-title elementor-size-default\">Escola B\u00e1sica com Pr\u00e9-Escolar e Creche dos Louros no Google Maps<\/h2>\t\t\t\t<\/div>\n\t\t\t\t<\/div>\n\t\t\t\t<div class=\"elementor-element elementor-element-25027a2 elementor-invisible elementor-widget elementor-widget-google_maps\" data-id=\"25027a2\" data-element_type=\"widget\" data-e-type=\"widget\" data-settings=\"{&quot;_animation&quot;:&quot;fadeInRight&quot;}\" data-widget_type=\"google_maps.default\">\n\t\t\t\t<div class=\"elementor-widget-container\">\n\t\t\t\t\t\t\t<div class=\"elementor-custom-embed\">\n\t\t\t<iframe loading=\"lazy\"\n\t\t\t\t\tsrc=\"https:\/\/maps.google.com\/maps?q=Escola%20B%C3%A1sica%20com%20Pr%C3%A9-escolar%20e%20creche%20dos%20Louros&#038;t=m&#038;z=17&#038;output=embed&#038;iwloc=near\"\n\t\t\t\t\ttitle=\"Escola B\u00e1sica com Pr\u00e9-escolar e creche dos Louros\"\n\t\t\t\t\taria-label=\"Escola B\u00e1sica com Pr\u00e9-escolar e creche dos Louros\"\n\t\t\t><\/iframe>\n\t\t<\/div>\n\t\t\t\t\t\t<\/div>\n\t\t\t\t<\/div>\n\t\t\t\t<\/div>\n\t\t\t\t\t<\/div>\n\t\t\t\t<\/div>\n\t\t\t\t<\/div>\n\t\t","protected":false},"excerpt":{"rendered":"<p>\/*! elementor &#8211; v3.21.0 &#8211; 08-05-2024 *\/ .elementor-toggle{text-align:start}.elementor-toggle .elementor-tab-title{font-weight:700;line-height:1;margin:0;padding:15px;border-bottom:1px solid #d5d8dc;cursor:pointer;outline:none}.elementor-toggle .elementor-tab-title .elementor-toggle-icon{display:inline-block;width:1em}.elementor-toggle .elementor-tab-title .elementor-toggle-icon svg{margin-inline-start:-5px;width:1em;height:1em}.elementor-toggle .elementor-tab-title .elementor-toggle-icon.elementor-toggle-icon-right{float:right;text-align:right}.elementor-toggle .elementor-tab-title .elementor-toggle-icon.elementor-toggle-icon-left{float:left;text-align:left}.elementor-toggle .elementor-tab-title .elementor-toggle-icon .elementor-toggle-icon-closed{display:block}.elementor-toggle .elementor-tab-title .elementor-toggle-icon .elementor-toggle-icon-opened{display:none}.elementor-toggle .elementor-tab-title.elementor-active{border-bottom:none}.elementor-toggle .elementor-tab-title.elementor-active .elementor-toggle-icon-closed{display:none}.elementor-toggle .elementor-tab-title.elementor-active .elementor-toggle-icon-opened{display:block}.elementor-toggle .elementor-tab-content{padding:15px;border-bottom:1px solid #d5d8dc;display:none}@media (max-width:767px){.elementor-toggle .elementor-tab-title{padding:12px}.elementor-toggle .elementor-tab-content{padding:12px 10px}}.e-con-inner&gt;.elementor-widget-toggle,.e-con&gt;.elementor-widget-toggle{width:var(&#8211;container-widget-width);&#8211;flex-grow:var(&#8211;container-widget-flex-grow)} Contactos Morada: Rua dos Louros 5, 9060-180 Funchal Telefone:(351)291206340 Telem\u00f3vel:(351)963022588\/(351)963021758 E-mail:\u00a0escbaslouros@edu.madeira.gov.pt \u00a0 Hor\u00e1rio &#8211; Atividades Letivas 2\u00ba [&hellip;]<\/p>\n","protected":false},"author":46,"featured_media":0,"parent":0,"menu_order":0,"comment_status":"closed","ping_status":"closed","template":"","meta":{"_themeisle_gutenberg_block_has_review":false,"footnotes":""},"class_list":["post-39","page","type-page","status-publish","hentry"],"_links":{"self":[{"href":"https:\/\/escoladigital.madeira.gov.pt\/eb23louros\/wp-json\/wp\/v2\/pages\/39","targetHints":{"allow":["GET"]}}],"collection":[{"href":"https:\/\/escoladigital.madeira.gov.pt\/eb23louros\/wp-json\/wp\/v2\/pages"}],"about":[{"href":"https:\/\/escoladigital.madeira.gov.pt\/eb23louros\/wp-json\/wp\/v2\/types\/page"}],"author":[{"embeddable":true,"href":"https:\/\/escoladigital.madeira.gov.pt\/eb23louros\/wp-json\/wp\/v2\/users\/46"}],"replies":[{"embeddable":true,"href":"https:\/\/escoladigital.madeira.gov.pt\/eb23louros\/wp-json\/wp\/v2\/comments?post=39"}],"version-history":[{"count":28,"href":"https:\/\/escoladigital.madeira.gov.pt\/eb23louros\/wp-json\/wp\/v2\/pages\/39\/revisions"}],"predecessor-version":[{"id":630,"href":"https:\/\/escoladigital.madeira.gov.pt\/eb23louros\/wp-json\/wp\/v2\/pages\/39\/revisions\/630"}],"wp:attachment":[{"href":"https:\/\/escoladigital.madeira.gov.pt\/eb23louros\/wp-json\/wp\/v2\/media?parent=39"}],"curies":[{"name":"wp","href":"https:\/\/api.w.org\/{rel}","templated":true}]}}