{"id":393,"date":"2024-05-14T11:45:10","date_gmt":"2024-05-14T11:45:10","guid":{"rendered":"https:\/\/escoladigital.madeira.gov.pt\/eb23louros\/?page_id=393"},"modified":"2026-01-09T11:44:42","modified_gmt":"2026-01-09T11:44:42","slug":"pessoal-nao-docente","status":"publish","type":"page","link":"https:\/\/escoladigital.madeira.gov.pt\/eb23louros\/pessoal-nao-docente\/","title":{"rendered":"Pessoal N\u00e3o Docente"},"content":{"rendered":"\t\t<div data-elementor-type=\"wp-page\" data-elementor-id=\"393\" class=\"elementor elementor-393\">\n\t\t\t\t<div class=\"elementor-element elementor-element-0ededfa e-flex e-con-boxed e-con e-parent\" data-id=\"0ededfa\" data-element_type=\"container\" data-e-type=\"container\">\n\t\t\t\t\t<div class=\"e-con-inner\">\n\t\t<div class=\"elementor-element elementor-element-cc11954 e-con-full e-flex e-con e-child\" data-id=\"cc11954\" data-element_type=\"container\" data-e-type=\"container\">\n\t\t\t\t<div class=\"elementor-element elementor-element-f54c5c1 elementor-invisible elementor-widget elementor-widget-image\" data-id=\"f54c5c1\" data-element_type=\"widget\" data-e-type=\"widget\" data-settings=\"{&quot;_animation&quot;:&quot;fadeInLeft&quot;}\" data-widget_type=\"image.default\">\n\t\t\t\t<div class=\"elementor-widget-container\">\n\t\t\t\t\t\t\t\t\t\t\t\t\t\t\t<img fetchpriority=\"high\" decoding=\"async\" width=\"300\" height=\"300\" src=\"https:\/\/escoladigital.madeira.gov.pt\/eb23louros\/wp-content\/uploads\/sites\/34\/2024\/05\/pessoal_n_docente-300x300.png\" class=\"attachment-medium size-medium wp-image-395\" alt=\"\" srcset=\"https:\/\/escoladigital.madeira.gov.pt\/eb23louros\/wp-content\/uploads\/sites\/34\/2024\/05\/pessoal_n_docente-300x300.png 300w, https:\/\/escoladigital.madeira.gov.pt\/eb23louros\/wp-content\/uploads\/sites\/34\/2024\/05\/pessoal_n_docente-150x150.png 150w, https:\/\/escoladigital.madeira.gov.pt\/eb23louros\/wp-content\/uploads\/sites\/34\/2024\/05\/pessoal_n_docente-768x768.png 768w, https:\/\/escoladigital.madeira.gov.pt\/eb23louros\/wp-content\/uploads\/sites\/34\/2024\/05\/pessoal_n_docente.png 900w\" sizes=\"(max-width: 300px) 100vw, 300px\" \/>\t\t\t\t\t\t\t\t\t\t\t\t\t\t\t<\/div>\n\t\t\t\t<\/div>\n\t\t\t\t<\/div>\n\t\t<div class=\"elementor-element elementor-element-a12010c e-con-full e-flex elementor-invisible e-con e-child\" data-id=\"a12010c\" data-element_type=\"container\" data-e-type=\"container\" data-settings=\"{&quot;animation&quot;:&quot;fadeInRight&quot;}\">\n\t\t\t\t<div class=\"elementor-element elementor-element-d35e864 elementor-widget elementor-widget-eael-adv-accordion\" data-id=\"d35e864\" data-element_type=\"widget\" data-e-type=\"widget\" data-widget_type=\"eael-adv-accordion.default\">\n\t\t\t\t<div class=\"elementor-widget-container\">\n\t\t\t\t\t            <div class=\"eael-adv-accordion\" id=\"eael-adv-accordion-d35e864\" data-scroll-on-click=\"no\" data-scroll-speed=\"300\" data-accordion-id=\"d35e864\" data-accordion-type=\"accordion\" data-toogle-speed=\"300\">\n            <div class=\"eael-accordion-list\">\n\t\t\t\t\t<div id=\"transies-e-manutenes\" class=\"elementor-tab-title eael-accordion-header\" tabindex=\"0\" data-tab=\"1\" aria-controls=\"elementor-tab-content-2211\"><span class=\"eael-advanced-accordion-icon-closed\"><svg aria-hidden=\"true\" class=\"fa-accordion-icon e-font-icon-svg e-fas-plus\" viewBox=\"0 0 448 512\" xmlns=\"http:\/\/www.w3.org\/2000\/svg\"><path d=\"M416 208H272V64c0-17.67-14.33-32-32-32h-32c-17.67 0-32 14.33-32 32v144H32c-17.67 0-32 14.33-32 32v32c0 17.67 14.33 32 32 32h144v144c0 17.67 14.33 32 32 32h32c17.67 0 32-14.33 32-32V304h144c17.67 0 32-14.33 32-32v-32c0-17.67-14.33-32-32-32z\"><\/path><\/svg><\/span><span class=\"eael-advanced-accordion-icon-opened\"><svg aria-hidden=\"true\" class=\"fa-accordion-icon e-font-icon-svg e-fas-minus\" viewBox=\"0 0 448 512\" xmlns=\"http:\/\/www.w3.org\/2000\/svg\"><path d=\"M416 208H32c-17.67 0-32 14.33-32 32v32c0 17.67 14.33 32 32 32h384c17.67 0 32-14.33 32-32v-32c0-17.67-14.33-32-32-32z\"><\/path><\/svg><\/span><span class=\"eael-accordion-tab-title\">Transi\u00e7\u00f5es e Manuten\u00e7\u00f5es<\/span><svg aria-hidden=\"true\" class=\"fa-toggle e-font-icon-svg e-fas-angle-right\" viewBox=\"0 0 256 512\" xmlns=\"http:\/\/www.w3.org\/2000\/svg\"><path d=\"M224.3 273l-136 136c-9.4 9.4-24.6 9.4-33.9 0l-22.6-22.6c-9.4-9.4-9.4-24.6 0-33.9l96.4-96.4-96.4-96.4c-9.4-9.4-9.4-24.6 0-33.9L54.3 103c9.4-9.4 24.6-9.4 33.9 0l136 136c9.5 9.4 9.5 24.6.1 34z\"><\/path><\/svg><\/div><div id=\"elementor-tab-content-2211\" class=\"eael-accordion-content clearfix\" data-tab=\"1\" aria-labelledby=\"transies-e-manutenes\"><ul><li>Documento para consulta pelos interessados sobre as transi\u00e7\u00f5es e manuten\u00e7\u00f5es \u2013\u00a0<a href=\"https:\/\/escoladigital.madeira.gov.pt\/eb23louros\/pessoal-nao-docente\/documentos\/pessoal_nao_docente\/LISTA.pdf\" target=\"_blank\" rel=\"noopener noreferrer\">Consultar\u00a0<\/a><\/li><li>De acordo com o disposto nos termos do n\u00ba 4 do artigo 29.\u00ba da Lei n\u00ba 35\/2014, de 20 de junho, aqui se encontra o Mapa de Pessoal N\u00e3o Docente \u2013\u00a0<a href=\"https:\/\/escoladigital.madeira.gov.pt\/eb23louros\/pessoal-nao-docente\/documentos\/pessoal_nao_docente\/MapaPessoal.pdf\" target=\"_blank\" rel=\"noopener\">Consultar<\/a><\/li><\/ul><\/div>\n\t\t\t\t\t<\/div><div class=\"eael-accordion-list\">\n\t\t\t\t\t<div id=\"comisso-paritria\" class=\"elementor-tab-title eael-accordion-header\" tabindex=\"0\" data-tab=\"2\" aria-controls=\"elementor-tab-content-2212\"><span class=\"eael-advanced-accordion-icon-closed\"><svg aria-hidden=\"true\" class=\"fa-accordion-icon e-font-icon-svg e-fas-plus\" viewBox=\"0 0 448 512\" xmlns=\"http:\/\/www.w3.org\/2000\/svg\"><path d=\"M416 208H272V64c0-17.67-14.33-32-32-32h-32c-17.67 0-32 14.33-32 32v144H32c-17.67 0-32 14.33-32 32v32c0 17.67 14.33 32 32 32h144v144c0 17.67 14.33 32 32 32h32c17.67 0 32-14.33 32-32V304h144c17.67 0 32-14.33 32-32v-32c0-17.67-14.33-32-32-32z\"><\/path><\/svg><\/span><span class=\"eael-advanced-accordion-icon-opened\"><svg aria-hidden=\"true\" class=\"fa-accordion-icon e-font-icon-svg e-fas-minus\" viewBox=\"0 0 448 512\" xmlns=\"http:\/\/www.w3.org\/2000\/svg\"><path d=\"M416 208H32c-17.67 0-32 14.33-32 32v32c0 17.67 14.33 32 32 32h384c17.67 0 32-14.33 32-32v-32c0-17.67-14.33-32-32-32z\"><\/path><\/svg><\/span><span class=\"eael-accordion-tab-title\">Comiss\u00e3o Parit\u00e1ria<\/span><svg aria-hidden=\"true\" class=\"fa-toggle e-font-icon-svg e-fas-angle-right\" viewBox=\"0 0 256 512\" xmlns=\"http:\/\/www.w3.org\/2000\/svg\"><path d=\"M224.3 273l-136 136c-9.4 9.4-24.6 9.4-33.9 0l-22.6-22.6c-9.4-9.4-9.4-24.6 0-33.9l96.4-96.4-96.4-96.4c-9.4-9.4-9.4-24.6 0-33.9L54.3 103c9.4-9.4 24.6-9.4 33.9 0l136 136c9.5 9.4 9.5 24.6.1 34z\"><\/path><\/svg><\/div><div id=\"elementor-tab-content-2212\" class=\"eael-accordion-content clearfix\" data-tab=\"2\" aria-labelledby=\"comisso-paritria\"><ul><li><a href=\"https:\/\/escoladigital.madeira.gov.pt\/eb23louros\/pessoal-nao-docente\/documentos\/pessoal_nao_docente\/Despacho_Constituicao.pdf\" target=\"_blank\" rel=\"noopener noreferrer\">Despacho da Constitui\u00e7\u00e3o;<\/a><\/li><li><a href=\"https:\/\/escoladigital.madeira.gov.pt\/eb23louros\/pessoal-nao-docente\/documentos\/pessoal_nao_docente\/Despacho_Eleicao.pdf\" target=\"_blank\" rel=\"noopener noreferrer\">Despacho da Elei\u00e7\u00e3o;<\/a><\/li><li><a href=\"https:\/\/escoladigital.madeira.gov.pt\/eb23louros\/pessoal-nao-docente\/documentos\/pessoal_nao_docente\/Ata_eleicao.pdf\" target=\"_blank\" rel=\"noopener noreferrer\">Ata da Elei\u00e7\u00e3o.<\/a><\/li><\/ul><\/div>\n\t\t\t\t\t<\/div><div class=\"eael-accordion-list\">\n\t\t\t\t\t<div id=\"mapa-de-pesspal\" class=\"elementor-tab-title eael-accordion-header\" tabindex=\"0\" data-tab=\"3\" aria-controls=\"elementor-tab-content-2213\"><span class=\"eael-advanced-accordion-icon-closed\"><svg aria-hidden=\"true\" class=\"fa-accordion-icon e-font-icon-svg e-fas-plus\" viewBox=\"0 0 448 512\" xmlns=\"http:\/\/www.w3.org\/2000\/svg\"><path d=\"M416 208H272V64c0-17.67-14.33-32-32-32h-32c-17.67 0-32 14.33-32 32v144H32c-17.67 0-32 14.33-32 32v32c0 17.67 14.33 32 32 32h144v144c0 17.67 14.33 32 32 32h32c17.67 0 32-14.33 32-32V304h144c17.67 0 32-14.33 32-32v-32c0-17.67-14.33-32-32-32z\"><\/path><\/svg><\/span><span class=\"eael-advanced-accordion-icon-opened\"><svg aria-hidden=\"true\" class=\"fa-accordion-icon e-font-icon-svg e-fas-minus\" viewBox=\"0 0 448 512\" xmlns=\"http:\/\/www.w3.org\/2000\/svg\"><path d=\"M416 208H32c-17.67 0-32 14.33-32 32v32c0 17.67 14.33 32 32 32h384c17.67 0 32-14.33 32-32v-32c0-17.67-14.33-32-32-32z\"><\/path><\/svg><\/span><span class=\"eael-accordion-tab-title\">Mapa de Pesspal<\/span><svg aria-hidden=\"true\" class=\"fa-toggle e-font-icon-svg e-fas-angle-right\" viewBox=\"0 0 256 512\" xmlns=\"http:\/\/www.w3.org\/2000\/svg\"><path d=\"M224.3 273l-136 136c-9.4 9.4-24.6 9.4-33.9 0l-22.6-22.6c-9.4-9.4-9.4-24.6 0-33.9l96.4-96.4-96.4-96.4c-9.4-9.4-9.4-24.6 0-33.9L54.3 103c9.4-9.4 24.6-9.4 33.9 0l136 136c9.5 9.4 9.5 24.6.1 34z\"><\/path><\/svg><\/div><div id=\"elementor-tab-content-2213\" class=\"eael-accordion-content clearfix\" data-tab=\"3\" aria-labelledby=\"mapa-de-pesspal\"><ul><li><a href=\"https:\/\/escoladigital.madeira.gov.pt\/eb23louros\/pessoal-nao-docente\/documentos\/pessoal_nao_docente\/m_pessoal.pdf\" target=\"_blank\" rel=\"noopener\">Mapa de Pessoal<\/a><\/li><\/ul><\/div>\n\t\t\t\t\t<\/div><div class=\"eael-accordion-list\">\n\t\t\t\t\t<div id=\"lista-de-competncias-grau-de-complexidade-funcional-1-assistente-operacional\" class=\"elementor-tab-title eael-accordion-header\" tabindex=\"0\" data-tab=\"4\" aria-controls=\"elementor-tab-content-2214\"><span class=\"eael-advanced-accordion-icon-closed\"><svg aria-hidden=\"true\" class=\"fa-accordion-icon e-font-icon-svg e-fas-plus\" viewBox=\"0 0 448 512\" xmlns=\"http:\/\/www.w3.org\/2000\/svg\"><path d=\"M416 208H272V64c0-17.67-14.33-32-32-32h-32c-17.67 0-32 14.33-32 32v144H32c-17.67 0-32 14.33-32 32v32c0 17.67 14.33 32 32 32h144v144c0 17.67 14.33 32 32 32h32c17.67 0 32-14.33 32-32V304h144c17.67 0 32-14.33 32-32v-32c0-17.67-14.33-32-32-32z\"><\/path><\/svg><\/span><span class=\"eael-advanced-accordion-icon-opened\"><svg aria-hidden=\"true\" class=\"fa-accordion-icon e-font-icon-svg e-fas-minus\" viewBox=\"0 0 448 512\" xmlns=\"http:\/\/www.w3.org\/2000\/svg\"><path d=\"M416 208H32c-17.67 0-32 14.33-32 32v32c0 17.67 14.33 32 32 32h384c17.67 0 32-14.33 32-32v-32c0-17.67-14.33-32-32-32z\"><\/path><\/svg><\/span><span class=\"eael-accordion-tab-title\">Lista de compet\u00eancias  Grau de complexidade funcional 1 \u2013 Assistente Operacional<\/span><svg aria-hidden=\"true\" class=\"fa-toggle e-font-icon-svg e-fas-angle-right\" viewBox=\"0 0 256 512\" xmlns=\"http:\/\/www.w3.org\/2000\/svg\"><path d=\"M224.3 273l-136 136c-9.4 9.4-24.6 9.4-33.9 0l-22.6-22.6c-9.4-9.4-9.4-24.6 0-33.9l96.4-96.4-96.4-96.4c-9.4-9.4-9.4-24.6 0-33.9L54.3 103c9.4-9.4 24.6-9.4 33.9 0l136 136c9.5 9.4 9.5 24.6.1 34z\"><\/path><\/svg><\/div><div id=\"elementor-tab-content-2214\" class=\"eael-accordion-content clearfix\" data-tab=\"4\" aria-labelledby=\"lista-de-competncias-grau-de-complexidade-funcional-1-assistente-operacional\"><ul><li><a href=\"https:\/\/louros.webmadeira.net\/eb23louros\/documentos\/Assistentes%20Operacionais_competencias.pdf\" target=\"_blank\" rel=\"noopener\">Lista de compet\u00eancias<\/a><\/li><\/ul><\/div>\n\t\t\t\t\t<\/div><div class=\"eael-accordion-list\">\n\t\t\t\t\t<div id=\"lista-de-competncias-grau-de-complexidade-funcional-2-assistente-tcnico\" class=\"elementor-tab-title eael-accordion-header\" tabindex=\"0\" data-tab=\"5\" aria-controls=\"elementor-tab-content-2215\"><span class=\"eael-advanced-accordion-icon-closed\"><svg aria-hidden=\"true\" class=\"fa-accordion-icon e-font-icon-svg e-fas-plus\" viewBox=\"0 0 448 512\" xmlns=\"http:\/\/www.w3.org\/2000\/svg\"><path d=\"M416 208H272V64c0-17.67-14.33-32-32-32h-32c-17.67 0-32 14.33-32 32v144H32c-17.67 0-32 14.33-32 32v32c0 17.67 14.33 32 32 32h144v144c0 17.67 14.33 32 32 32h32c17.67 0 32-14.33 32-32V304h144c17.67 0 32-14.33 32-32v-32c0-17.67-14.33-32-32-32z\"><\/path><\/svg><\/span><span class=\"eael-advanced-accordion-icon-opened\"><svg aria-hidden=\"true\" class=\"fa-accordion-icon e-font-icon-svg e-fas-minus\" viewBox=\"0 0 448 512\" xmlns=\"http:\/\/www.w3.org\/2000\/svg\"><path d=\"M416 208H32c-17.67 0-32 14.33-32 32v32c0 17.67 14.33 32 32 32h384c17.67 0 32-14.33 32-32v-32c0-17.67-14.33-32-32-32z\"><\/path><\/svg><\/span><span class=\"eael-accordion-tab-title\">Lista de compet\u00eancias  Grau de complexidade funcional 2 \u2013 Assistente T\u00e9cnico<\/span><svg aria-hidden=\"true\" class=\"fa-toggle e-font-icon-svg e-fas-angle-right\" viewBox=\"0 0 256 512\" xmlns=\"http:\/\/www.w3.org\/2000\/svg\"><path d=\"M224.3 273l-136 136c-9.4 9.4-24.6 9.4-33.9 0l-22.6-22.6c-9.4-9.4-9.4-24.6 0-33.9l96.4-96.4-96.4-96.4c-9.4-9.4-9.4-24.6 0-33.9L54.3 103c9.4-9.4 24.6-9.4 33.9 0l136 136c9.5 9.4 9.5 24.6.1 34z\"><\/path><\/svg><\/div><div id=\"elementor-tab-content-2215\" class=\"eael-accordion-content clearfix\" data-tab=\"5\" aria-labelledby=\"lista-de-competncias-grau-de-complexidade-funcional-2-assistente-tcnico\"><ul><li><a href=\"https:\/\/louros.webmadeira.net\/eb23louros\/documentos\/Assistentes%20Tecnicos_competencias.pdf\" target=\"_blank\" rel=\"noopener\">Lista de compet\u00eancias<\/a><\/li><\/ul><\/div>\n\t\t\t\t\t<\/div><div class=\"eael-accordion-list\">\n\t\t\t\t\t<div id=\"lista-de-competncias-grau-de-complexidade-funcional-3-tcnico-superior-\" class=\"elementor-tab-title eael-accordion-header\" tabindex=\"0\" data-tab=\"6\" aria-controls=\"elementor-tab-content-2216\"><span class=\"eael-advanced-accordion-icon-closed\"><svg aria-hidden=\"true\" class=\"fa-accordion-icon e-font-icon-svg e-fas-plus\" viewBox=\"0 0 448 512\" xmlns=\"http:\/\/www.w3.org\/2000\/svg\"><path d=\"M416 208H272V64c0-17.67-14.33-32-32-32h-32c-17.67 0-32 14.33-32 32v144H32c-17.67 0-32 14.33-32 32v32c0 17.67 14.33 32 32 32h144v144c0 17.67 14.33 32 32 32h32c17.67 0 32-14.33 32-32V304h144c17.67 0 32-14.33 32-32v-32c0-17.67-14.33-32-32-32z\"><\/path><\/svg><\/span><span class=\"eael-advanced-accordion-icon-opened\"><svg aria-hidden=\"true\" class=\"fa-accordion-icon e-font-icon-svg e-fas-minus\" viewBox=\"0 0 448 512\" xmlns=\"http:\/\/www.w3.org\/2000\/svg\"><path d=\"M416 208H32c-17.67 0-32 14.33-32 32v32c0 17.67 14.33 32 32 32h384c17.67 0 32-14.33 32-32v-32c0-17.67-14.33-32-32-32z\"><\/path><\/svg><\/span><span class=\"eael-accordion-tab-title\">Lista de compet\u00eancias  Grau de complexidade funcional 3 \u2013 T\u00e9cnico Superior <\/span><svg aria-hidden=\"true\" class=\"fa-toggle e-font-icon-svg e-fas-angle-right\" viewBox=\"0 0 256 512\" xmlns=\"http:\/\/www.w3.org\/2000\/svg\"><path d=\"M224.3 273l-136 136c-9.4 9.4-24.6 9.4-33.9 0l-22.6-22.6c-9.4-9.4-9.4-24.6 0-33.9l96.4-96.4-96.4-96.4c-9.4-9.4-9.4-24.6 0-33.9L54.3 103c9.4-9.4 24.6-9.4 33.9 0l136 136c9.5 9.4 9.5 24.6.1 34z\"><\/path><\/svg><\/div><div id=\"elementor-tab-content-2216\" class=\"eael-accordion-content clearfix\" data-tab=\"6\" aria-labelledby=\"lista-de-competncias-grau-de-complexidade-funcional-3-tcnico-superior-\"><ul><li><a href=\"https:\/\/louros.webmadeira.net\/eb23louros\/documentos\/Tecnico_superior_competencias.pdf\" target=\"_blank\" rel=\"noopener\">Lista de compet\u00eancias<\/a><\/li><\/ul><\/div>\n\t\t\t\t\t<\/div><div class=\"eael-accordion-list\">\n\t\t\t\t\t<div id=\"outros\" class=\"elementor-tab-title eael-accordion-header\" tabindex=\"0\" data-tab=\"7\" aria-controls=\"elementor-tab-content-2217\"><span class=\"eael-advanced-accordion-icon-closed\"><svg aria-hidden=\"true\" class=\"fa-accordion-icon e-font-icon-svg e-fas-plus\" viewBox=\"0 0 448 512\" xmlns=\"http:\/\/www.w3.org\/2000\/svg\"><path d=\"M416 208H272V64c0-17.67-14.33-32-32-32h-32c-17.67 0-32 14.33-32 32v144H32c-17.67 0-32 14.33-32 32v32c0 17.67 14.33 32 32 32h144v144c0 17.67 14.33 32 32 32h32c17.67 0 32-14.33 32-32V304h144c17.67 0 32-14.33 32-32v-32c0-17.67-14.33-32-32-32z\"><\/path><\/svg><\/span><span class=\"eael-advanced-accordion-icon-opened\"><svg aria-hidden=\"true\" class=\"fa-accordion-icon e-font-icon-svg e-fas-minus\" viewBox=\"0 0 448 512\" xmlns=\"http:\/\/www.w3.org\/2000\/svg\"><path d=\"M416 208H32c-17.67 0-32 14.33-32 32v32c0 17.67 14.33 32 32 32h384c17.67 0 32-14.33 32-32v-32c0-17.67-14.33-32-32-32z\"><\/path><\/svg><\/span><span class=\"eael-accordion-tab-title\">Outros<\/span><svg aria-hidden=\"true\" class=\"fa-toggle e-font-icon-svg e-fas-angle-right\" viewBox=\"0 0 256 512\" xmlns=\"http:\/\/www.w3.org\/2000\/svg\"><path d=\"M224.3 273l-136 136c-9.4 9.4-24.6 9.4-33.9 0l-22.6-22.6c-9.4-9.4-9.4-24.6 0-33.9l96.4-96.4-96.4-96.4c-9.4-9.4-9.4-24.6 0-33.9L54.3 103c9.4-9.4 24.6-9.4 33.9 0l136 136c9.5 9.4 9.5 24.6.1 34z\"><\/path><\/svg><\/div><div id=\"elementor-tab-content-2217\" class=\"eael-accordion-content clearfix\" data-tab=\"7\" aria-labelledby=\"outros\"><ul><li><a href=\"https:\/\/louros.webmadeira.net\/biblioteca\/\" target=\"_blank\" rel=\"noopener\">Biblioteca\u00a0Escolar<\/a><\/li><li><a href=\"https:\/\/louros.webmadeira.net\/eb23louros\/booked\/Web\/index.php\" target=\"_blank\" rel=\"noopener\"><strong>Requisi\u00e7\u00e3o de Material\/Salas<\/strong><\/a><\/li><li><a href=\"https:\/\/eb23louros.paae.pt\/\" target=\"_blank\" rel=\"noopener noreferrer\">Consulta de entradas e Marca\u00e7\u00e3o de refei\u00e7\u00f5es<\/a><\/li><\/ul><\/div>\n\t\t\t\t\t<\/div><\/div>\t\t\t\t<\/div>\n\t\t\t\t<\/div>\n\t\t\t\t<\/div>\n\t\t\t\t\t<\/div>\n\t\t\t\t<\/div>\n\t\t\t\t<\/div>\n\t\t","protected":false},"excerpt":{"rendered":"<p>Transi\u00e7\u00f5es e Manuten\u00e7\u00f5es Documento para consulta pelos interessados sobre as transi\u00e7\u00f5es e manuten\u00e7\u00f5es \u2013\u00a0Consultar\u00a0 De acordo com o disposto nos termos do n\u00ba 4 do artigo 29.\u00ba da Lei n\u00ba 35\/2014, de 20 de junho, aqui se encontra o Mapa de Pessoal N\u00e3o Docente \u2013\u00a0Consultar Comiss\u00e3o Parit\u00e1ria Despacho da Constitui\u00e7\u00e3o; Despacho da Elei\u00e7\u00e3o; Ata da [&hellip;]<\/p>\n","protected":false},"author":46,"featured_media":0,"parent":0,"menu_order":0,"comment_status":"closed","ping_status":"closed","template":"","meta":{"_themeisle_gutenberg_block_has_review":false,"footnotes":""},"class_list":["post-393","page","type-page","status-publish","hentry"],"_links":{"self":[{"href":"https:\/\/escoladigital.madeira.gov.pt\/eb23louros\/wp-json\/wp\/v2\/pages\/393","targetHints":{"allow":["GET"]}}],"collection":[{"href":"https:\/\/escoladigital.madeira.gov.pt\/eb23louros\/wp-json\/wp\/v2\/pages"}],"about":[{"href":"https:\/\/escoladigital.madeira.gov.pt\/eb23louros\/wp-json\/wp\/v2\/types\/page"}],"author":[{"embeddable":true,"href":"https:\/\/escoladigital.madeira.gov.pt\/eb23louros\/wp-json\/wp\/v2\/users\/46"}],"replies":[{"embeddable":true,"href":"https:\/\/escoladigital.madeira.gov.pt\/eb23louros\/wp-json\/wp\/v2\/comments?post=393"}],"version-history":[{"count":31,"href":"https:\/\/escoladigital.madeira.gov.pt\/eb23louros\/wp-json\/wp\/v2\/pages\/393\/revisions"}],"predecessor-version":[{"id":4647,"href":"https:\/\/escoladigital.madeira.gov.pt\/eb23louros\/wp-json\/wp\/v2\/pages\/393\/revisions\/4647"}],"wp:attachment":[{"href":"https:\/\/escoladigital.madeira.gov.pt\/eb23louros\/wp-json\/wp\/v2\/media?parent=393"}],"curies":[{"name":"wp","href":"https:\/\/api.w.org\/{rel}","templated":true}]}}