{"id":248,"date":"2025-05-14T13:21:30","date_gmt":"2025-05-14T13:21:30","guid":{"rendered":"https:\/\/escoladigital.madeira.gov.pt\/eb23torre\/?page_id=248"},"modified":"2025-05-27T10:30:23","modified_gmt":"2025-05-27T10:30:23","slug":"sobre-a-escola","status":"publish","type":"page","link":"https:\/\/escoladigital.madeira.gov.pt\/eb23torre\/sobre-a-escola\/","title":{"rendered":"Sobre a escola"},"content":{"rendered":"\n<div class=\"wp-block-media-text is-stacked-on-mobile is-vertically-aligned-top\" style=\"grid-template-columns:28% auto\"><figure class=\"wp-block-media-text__media\"><img fetchpriority=\"high\" decoding=\"async\" width=\"259\" height=\"389\" src=\"https:\/\/escoladigital.madeira.gov.pt\/eb23torre\/wp-content\/uploads\/sites\/14\/2025\/05\/escola_vista_de_cima.jpg\" alt=\"\" class=\"wp-image-252 size-full\" srcset=\"https:\/\/escoladigital.madeira.gov.pt\/eb23torre\/wp-content\/uploads\/sites\/14\/2025\/05\/escola_vista_de_cima.jpg 259w, https:\/\/escoladigital.madeira.gov.pt\/eb23torre\/wp-content\/uploads\/sites\/14\/2025\/05\/escola_vista_de_cima-200x300.jpg 200w\" sizes=\"(max-width: 259px) 100vw, 259px\" \/><\/figure><div class=\"wp-block-media-text__content\">\n<p class=\"has-medium-font-size\">A&nbsp;<strong>constru\u00e7\u00e3o da Escola B\u00e1sica dos 2.\u00ba e 3.\u00ba Ciclos da Torre<\/strong>, iniciou-se em&nbsp;<strong>1992&nbsp;<\/strong>tendo sido inaugurada no dia&nbsp;<strong>5 de Outubro de 1993<\/strong>. A Escola situa-se na Rua de Santa Cec\u00edlia, n\u00famero 2 e \u00e9 constitu\u00edda por tr\u00eas edif\u00edcios.<\/p>\n\n\n\n<p class=\"has-medium-font-size\">A Escola foi concebida, inicialmente, para funcionar com 600 alunos, de forma permanente. Contudo, com o passar dos anos e por diversas raz\u00f5es o seu n\u00famero tem diminu\u00eddo consideravelmente.<\/p>\n\n\n\n<p>Durante o regime diurno, a escola funciona com alunos dos 2.\u00ba e 3.\u00ba ciclos do ensino regular. No regime noturno, a escola \u00e9 frequentada por alunos dos Cursos de Educa\u00e7\u00e3o e Forma\u00e7\u00e3o (Cursos EFA), compostos essencialmente por um p\u00fablico adulto.<\/p>\n\n\n\n<hr class=\"wp-block-separator has-alpha-channel-opacity\" \/>\n\n\n\n<p class=\"has-medium-font-size\"><strong>Legenda da figura:<\/strong><\/p>\n\n\n\n<p><strong><em>1 &#8211; Bloco de Servi\u00e7os&nbsp;<\/em><\/strong><em>\u2013<\/em>&nbsp;composto por salas de aula, oficina, cozinha, refeit\u00f3rio, sala de conv\u00edvio, bar dos alunos, gabinete da ac\u00e7\u00e3o social escolar, papelaria, sala de funcion\u00e1rios, arrecada\u00e7\u00f5es e instala\u00e7\u00f5es sanit\u00e1rias.<\/p>\n\n\n\n<p><em><strong>2 &#8211; Bloco Central&nbsp;<\/strong>\u2013<\/em>&nbsp;composto por salas de aula, laborat\u00f3rios, gabinetes, biblioteca, sala de sess\u00f5es, reprografia, secretaria, sala de diretores de turma, sala de professores e bar, gabinete do conselho executivo, arrecada\u00e7\u00f5es, PBX e instala\u00e7\u00f5es sanit\u00e1rias.&nbsp;<\/p>\n\n\n\n<p><strong><em>3 &#8211; Pavilh\u00f5es Gimnodesportivos&nbsp;<\/em><\/strong><em>&#8211;<\/em>&nbsp;a escola utiliza dois pavilh\u00f5es gimnodesportivos: O Pavilh\u00e3o Gimnodesportivo de C\u00e2mara de Lobos situado ao lado do bloco principal, cuja rentabiliza\u00e7\u00e3o \u00e9 efetuada no per\u00edodo normal de aulas (das 8 h \u00e0s 18h:10m); O Pavilh\u00e3o Gimnodesportivo do Centro Social e Desportivo de C\u00e2mara de Lobos situado no outro lado da rua, em frente \u00e0 escola, cuja rentabiliza\u00e7\u00e3o \u00e9 restrita a dois per\u00edodos de tempo ao longo do dia. \u00c9 de referir que os espa\u00e7os desportivos existentes ainda s\u00e3o insuficientes para o elevado n\u00famero de turmas quer para a leciona\u00e7\u00e3o das aulas quer para o desenvolvimento do projeto do Desporto Escolar.<\/p>\n\n\n\n<p><strong>Os Espa\u00e7os Envolventes<\/strong>&nbsp;\u2013&nbsp;os espa\u00e7os envolventes compreendem toda a \u00e1rea utilizada pelos alunos nos seus tempos livres e manifestam-se ex\u00edguos para o elevado n\u00famero de alunos que a escola comporta. O Parque de Estacionamento encontra-se bem conservado embora insuficiente para o n\u00famero de utilizadores.<\/p>\n<\/div><\/div>\n\n\n\n<hr class=\"wp-block-separator has-alpha-channel-opacity\" \/>\n","protected":false},"excerpt":{"rendered":"","protected":false},"author":20,"featured_media":0,"parent":0,"menu_order":0,"comment_status":"closed","ping_status":"closed","template":"","meta":{"site-sidebar-layout":"default","site-content-layout":"","ast-site-content-layout":"default","site-content-style":"default","site-sidebar-style":"default","ast-global-header-display":"","ast-banner-title-visibility":"","ast-main-header-display":"","ast-hfb-above-header-display":"","ast-hfb-below-header-display":"","ast-hfb-mobile-header-display":"","site-post-title":"","ast-breadcrumbs-content":"","ast-featured-img":"","footer-sml-layout":"","ast-disable-related-posts":"","theme-transparent-header-meta":"","adv-header-id-meta":"","stick-header-meta":"","header-above-stick-meta":"","header-main-stick-meta":"","header-below-stick-meta":"","astra-migrate-meta-layouts":"default","ast-page-background-enabled":"default","ast-page-background-meta":{"desktop":{"background-color":"var(--ast-global-color-5)","background-image":"","background-repeat":"repeat","background-position":"center center","background-size":"auto","background-attachment":"scroll","background-type":"","background-media":"","overlay-type":"","overlay-color":"","overlay-opacity":"","overlay-gradient":""},"tablet":{"background-color":"","background-image":"","background-repeat":"repeat","background-position":"center center","background-size":"auto","background-attachment":"scroll","background-type":"","background-media":"","overlay-type":"","overlay-color":"","overlay-opacity":"","overlay-gradient":""},"mobile":{"background-color":"","background-image":"","background-repeat":"repeat","background-position":"center center","background-size":"auto","background-attachment":"scroll","background-type":"","background-media":"","overlay-type":"","overlay-color":"","overlay-opacity":"","overlay-gradient":""}},"ast-content-background-meta":{"desktop":{"background-color":"var(--ast-global-color-4)","background-image":"","background-repeat":"repeat","background-position":"center center","background-size":"auto","background-attachment":"scroll","background-type":"","background-media":"","overlay-type":"","overlay-color":"","overlay-opacity":"","overlay-gradient":""},"tablet":{"background-color":"var(--ast-global-color-4)","background-image":"","background-repeat":"repeat","background-position":"center center","background-size":"auto","background-attachment":"scroll","background-type":"","background-media":"","overlay-type":"","overlay-color":"","overlay-opacity":"","overlay-gradient":""},"mobile":{"background-color":"var(--ast-global-color-4)","background-image":"","background-repeat":"repeat","background-position":"center center","background-size":"auto","background-attachment":"scroll","background-type":"","background-media":"","overlay-type":"","overlay-color":"","overlay-opacity":"","overlay-gradient":""}},"_themeisle_gutenberg_block_has_review":false,"footnotes":""},"class_list":["post-248","page","type-page","status-publish","hentry"],"_links":{"self":[{"href":"https:\/\/escoladigital.madeira.gov.pt\/eb23torre\/wp-json\/wp\/v2\/pages\/248","targetHints":{"allow":["GET"]}}],"collection":[{"href":"https:\/\/escoladigital.madeira.gov.pt\/eb23torre\/wp-json\/wp\/v2\/pages"}],"about":[{"href":"https:\/\/escoladigital.madeira.gov.pt\/eb23torre\/wp-json\/wp\/v2\/types\/page"}],"author":[{"embeddable":true,"href":"https:\/\/escoladigital.madeira.gov.pt\/eb23torre\/wp-json\/wp\/v2\/users\/20"}],"replies":[{"embeddable":true,"href":"https:\/\/escoladigital.madeira.gov.pt\/eb23torre\/wp-json\/wp\/v2\/comments?post=248"}],"version-history":[{"count":9,"href":"https:\/\/escoladigital.madeira.gov.pt\/eb23torre\/wp-json\/wp\/v2\/pages\/248\/revisions"}],"predecessor-version":[{"id":294,"href":"https:\/\/escoladigital.madeira.gov.pt\/eb23torre\/wp-json\/wp\/v2\/pages\/248\/revisions\/294"}],"wp:attachment":[{"href":"https:\/\/escoladigital.madeira.gov.pt\/eb23torre\/wp-json\/wp\/v2\/media?parent=248"}],"curies":[{"name":"wp","href":"https:\/\/api.w.org\/{rel}","templated":true}]}}