{"id":298,"date":"2025-05-27T11:34:42","date_gmt":"2025-05-27T11:34:42","guid":{"rendered":"https:\/\/escoladigital.madeira.gov.pt\/eb23torre\/?page_id=298"},"modified":"2025-05-27T11:37:23","modified_gmt":"2025-05-27T11:37:23","slug":"orgaos-de-gestao","status":"publish","type":"page","link":"https:\/\/escoladigital.madeira.gov.pt\/eb23torre\/orgaos-de-gestao\/","title":{"rendered":"\u00d3rg\u00e3os de Gest\u00e3o"},"content":{"rendered":"\n<div class=\"wp-block-columns is-layout-flex wp-container-core-columns-is-layout-28f84493 wp-block-columns-is-layout-flex\">\n<div class=\"wp-block-column is-layout-flow wp-block-column-is-layout-flow\" style=\"flex-basis:33.33%\">\n<p class=\"has-ast-global-color-2-color has-text-color has-link-color has-medium-font-size wp-elements-9904fed5aa318aefebfee0c576033a09\"><strong>Conselho Executivo<\/strong><\/p>\n\n\n\n<div class=\"wp-block-columns is-layout-flex wp-container-core-columns-is-layout-28f84493 wp-block-columns-is-layout-flex\">\n<div class=\"wp-block-column is-layout-flow wp-block-column-is-layout-flow\" style=\"flex-basis:33.33%\"><\/div>\n\n\n\n<div class=\"wp-block-column is-layout-flow wp-block-column-is-layout-flow\" style=\"flex-basis:66.66%\"><\/div>\n<\/div>\n<\/div>\n\n\n\n<div class=\"wp-block-column is-layout-flow wp-block-column-is-layout-flow\" style=\"flex-basis:66.66%\">\n<p class=\"has-medium-font-size\">O Conselho Executivo \u00e9 o \u00f3rg\u00e3o de gest\u00e3o da escola, respons\u00e1vel pelas \u00e1reas pedag\u00f3gica, administrativa, financeira e cultural. \u00c9 constitu\u00edda por uma presidente, dois vice-presidentes e duas assessoras.<\/p>\n\n\n\n<figure class=\"wp-block-table\"><table class=\"has-ast-global-color-5-background-color has-background has-fixed-layout\"><tbody><tr><td class=\"has-text-align-center\" data-align=\"center\"><strong>Presidente<\/strong><\/td><td>Prof.\u00aa Zulay Freitas<\/td><\/tr><tr><td class=\"has-text-align-center\" data-align=\"center\"><strong>Vice-Presidente (\u00e1rea administrativa)<\/strong><\/td><td>Prof. H\u00e9lder Miranda<\/td><\/tr><tr><td class=\"has-text-align-center\" data-align=\"center\"><strong>Vice-Presidente (\u00e1rea pedag\u00f3gica)<\/strong><\/td><td>Prof. Maur\u00edcio Castro<\/td><\/tr><tr><td class=\"has-text-align-center\" data-align=\"center\"><strong>Assessora<\/strong><\/td><td>Prof.\u00aa S\u00edlvia Ferreira<\/td><\/tr><tr><td class=\"has-text-align-center\" data-align=\"center\"><strong>Assessora<\/strong><\/td><td>Prof.\u00aa Sandra Gon\u00e7alves<\/td><\/tr><\/tbody><\/table><\/figure>\n\n\n\n<hr class=\"wp-block-separator has-alpha-channel-opacity\" \/>\n<\/div>\n<\/div>\n\n\n\n<div class=\"wp-block-columns is-layout-flex wp-container-core-columns-is-layout-28f84493 wp-block-columns-is-layout-flex\">\n<div class=\"wp-block-column has-medium-font-size is-layout-flow wp-block-column-is-layout-flow\" style=\"flex-basis:33.33%\">\n<p class=\"has-ast-global-color-2-color has-text-color has-link-color has-medium-font-size wp-elements-ac6498a99c37b56b6d0164fc75bc7034\"><strong>Conselho da Comunidade Educativa<\/strong><\/p>\n<\/div>\n\n\n\n<div class=\"wp-block-column has-medium-font-size is-layout-flow wp-block-column-is-layout-flow\" style=\"flex-basis:66.66%\">\n<p>O Conselho da Comunidade Educativa \u00e9 respons\u00e1vel pela defini\u00e7\u00e3o da pol\u00edtica educativa de escola e pela aprova\u00e7\u00e3o do projeto educativo de escola, acompanhando e avaliando a sua execu\u00e7\u00e3o.<\/p>\n\n\n\n<figure class=\"wp-block-table\"><table class=\"has-ast-global-color-2-color has-ast-global-color-5-background-color has-text-color has-background has-link-color has-fixed-layout\"><tbody><tr><td class=\"has-text-align-center\" data-align=\"center\"><strong>Presidente<\/strong><\/td><td>Prof. Xavier Dias<\/td><\/tr><\/tbody><\/table><\/figure>\n\n\n\n<hr class=\"wp-block-separator has-alpha-channel-opacity\" \/>\n<\/div>\n<\/div>\n\n\n\n<div class=\"wp-block-columns is-layout-flex wp-container-core-columns-is-layout-28f84493 wp-block-columns-is-layout-flex\">\n<div class=\"wp-block-column is-layout-flow wp-block-column-is-layout-flow\" style=\"flex-basis:33.33%\">\n<p class=\"has-ast-global-color-2-color has-text-color has-link-color wp-elements-262c554175f5b55b3dc65a12c18d8489\"><strong>Conselho Pedag\u00f3gico<\/strong><\/p>\n<\/div>\n\n\n\n<div class=\"wp-block-column is-layout-flow wp-block-column-is-layout-flow\" style=\"flex-basis:66.66%\">\n<p>O Conselho pedag\u00f3gico \u00e9 respons\u00e1vel pela coordena\u00e7\u00e3o e orienta\u00e7\u00e3o educativa da escola, nomeadamente no dom\u00ednio pedag\u00f3gico-did\u00e1tico. Compete-lhe ainda, a orienta\u00e7\u00e3o e acompanhamento dos alunos, da forma\u00e7\u00e3o inicial e cont\u00ednua do pessoal docente e n\u00e3o docente.<\/p>\n\n\n\n<figure class=\"wp-block-table\"><table class=\"has-ast-global-color-2-color has-ast-global-color-5-background-color has-text-color has-background has-link-color has-fixed-layout\"><tbody><tr><td class=\"has-text-align-center\" data-align=\"center\"><strong>Presidente<\/strong><\/td><td>Prof. Rafael Martins<\/td><\/tr><\/tbody><\/table><\/figure>\n\n\n\n<hr class=\"wp-block-separator has-alpha-channel-opacity\" \/>\n<\/div>\n<\/div>\n\n\n\n<div class=\"wp-block-columns is-layout-flex wp-container-core-columns-is-layout-28f84493 wp-block-columns-is-layout-flex\">\n<div class=\"wp-block-column is-layout-flow wp-block-column-is-layout-flow\" style=\"flex-basis:33.33%\">\n<p class=\"has-ast-global-color-2-color has-text-color has-link-color wp-elements-4ade8c2897c1bee166724fe8245292bd\"><strong>Conselho Administrativo<\/strong><\/p>\n<\/div>\n\n\n\n<div class=\"wp-block-column is-layout-flow wp-block-column-is-layout-flow\" style=\"flex-basis:66.66%\">\n<p>O Conselho Administrativo \u00e9 respons\u00e1vel por deliberar mat\u00e9rias administrativo-financeiras da escola, nos termos da legisla\u00e7\u00e3o em vigor.<\/p>\n\n\n\n<figure class=\"wp-block-table\"><table class=\"has-ast-global-color-5-background-color has-background has-fixed-layout\"><tbody><tr><td class=\"has-text-align-center\" data-align=\"center\"><strong>Coordenadora<\/strong><\/td><td>T\u00e9c. Sup. Cid\u00e1lia Gon\u00e7alves<\/td><\/tr><\/tbody><\/table><\/figure>\n<\/div>\n<\/div>\n","protected":false},"excerpt":{"rendered":"<p>Conselho Executivo O Conselho Executivo \u00e9 o \u00f3rg\u00e3o de gest\u00e3o da escola, respons\u00e1vel pelas \u00e1reas pedag\u00f3gica, administrativa, financeira e cultural. \u00c9 constitu\u00edda por uma presidente, dois vice-presidentes e duas assessoras. Presidente Prof.\u00aa Zulay Freitas Vice-Presidente (\u00e1rea administrativa) Prof. H\u00e9lder Miranda Vice-Presidente (\u00e1rea pedag\u00f3gica) Prof. Maur\u00edcio Castro Assessora Prof.\u00aa S\u00edlvia Ferreira Assessora Prof.\u00aa Sandra Gon\u00e7alves Conselho [&hellip;]<\/p>\n","protected":false},"author":20,"featured_media":0,"parent":0,"menu_order":0,"comment_status":"closed","ping_status":"closed","template":"","meta":{"site-sidebar-layout":"default","site-content-layout":"","ast-site-content-layout":"default","site-content-style":"default","site-sidebar-style":"default","ast-global-header-display":"","ast-banner-title-visibility":"","ast-main-header-display":"","ast-hfb-above-header-display":"","ast-hfb-below-header-display":"","ast-hfb-mobile-header-display":"","site-post-title":"","ast-breadcrumbs-content":"","ast-featured-img":"","footer-sml-layout":"","ast-disable-related-posts":"","theme-transparent-header-meta":"","adv-header-id-meta":"","stick-header-meta":"","header-above-stick-meta":"","header-main-stick-meta":"","header-below-stick-meta":"","astra-migrate-meta-layouts":"default","ast-page-background-enabled":"default","ast-page-background-meta":{"desktop":{"background-color":"var(--ast-global-color-5)","background-image":"","background-repeat":"repeat","background-position":"center center","background-size":"auto","background-attachment":"scroll","background-type":"","background-media":"","overlay-type":"","overlay-color":"","overlay-opacity":"","overlay-gradient":""},"tablet":{"background-color":"","background-image":"","background-repeat":"repeat","background-position":"center center","background-size":"auto","background-attachment":"scroll","background-type":"","background-media":"","overlay-type":"","overlay-color":"","overlay-opacity":"","overlay-gradient":""},"mobile":{"background-color":"","background-image":"","background-repeat":"repeat","background-position":"center center","background-size":"auto","background-attachment":"scroll","background-type":"","background-media":"","overlay-type":"","overlay-color":"","overlay-opacity":"","overlay-gradient":""}},"ast-content-background-meta":{"desktop":{"background-color":"var(--ast-global-color-4)","background-image":"","background-repeat":"repeat","background-position":"center center","background-size":"auto","background-attachment":"scroll","background-type":"","background-media":"","overlay-type":"","overlay-color":"","overlay-opacity":"","overlay-gradient":""},"tablet":{"background-color":"var(--ast-global-color-4)","background-image":"","background-repeat":"repeat","background-position":"center center","background-size":"auto","background-attachment":"scroll","background-type":"","background-media":"","overlay-type":"","overlay-color":"","overlay-opacity":"","overlay-gradient":""},"mobile":{"background-color":"var(--ast-global-color-4)","background-image":"","background-repeat":"repeat","background-position":"center center","background-size":"auto","background-attachment":"scroll","background-type":"","background-media":"","overlay-type":"","overlay-color":"","overlay-opacity":"","overlay-gradient":""}},"_themeisle_gutenberg_block_has_review":false,"footnotes":""},"class_list":["post-298","page","type-page","status-publish","hentry"],"_links":{"self":[{"href":"https:\/\/escoladigital.madeira.gov.pt\/eb23torre\/wp-json\/wp\/v2\/pages\/298","targetHints":{"allow":["GET"]}}],"collection":[{"href":"https:\/\/escoladigital.madeira.gov.pt\/eb23torre\/wp-json\/wp\/v2\/pages"}],"about":[{"href":"https:\/\/escoladigital.madeira.gov.pt\/eb23torre\/wp-json\/wp\/v2\/types\/page"}],"author":[{"embeddable":true,"href":"https:\/\/escoladigital.madeira.gov.pt\/eb23torre\/wp-json\/wp\/v2\/users\/20"}],"replies":[{"embeddable":true,"href":"https:\/\/escoladigital.madeira.gov.pt\/eb23torre\/wp-json\/wp\/v2\/comments?post=298"}],"version-history":[{"count":3,"href":"https:\/\/escoladigital.madeira.gov.pt\/eb23torre\/wp-json\/wp\/v2\/pages\/298\/revisions"}],"predecessor-version":[{"id":301,"href":"https:\/\/escoladigital.madeira.gov.pt\/eb23torre\/wp-json\/wp\/v2\/pages\/298\/revisions\/301"}],"wp:attachment":[{"href":"https:\/\/escoladigital.madeira.gov.pt\/eb23torre\/wp-json\/wp\/v2\/media?parent=298"}],"curies":[{"name":"wp","href":"https:\/\/api.w.org\/{rel}","templated":true}]}}