{"id":332,"date":"2025-05-27T23:24:02","date_gmt":"2025-05-27T23:24:02","guid":{"rendered":"https:\/\/escoladigital.madeira.gov.pt\/eb23torre\/?page_id=332"},"modified":"2025-10-20T16:03:50","modified_gmt":"2025-10-20T16:03:50","slug":"plano-de-gestao-de-riscos-de-corrupcao-e-infracoes-conexas","status":"publish","type":"page","link":"https:\/\/escoladigital.madeira.gov.pt\/eb23torre\/plano-de-gestao-de-riscos-de-corrupcao-e-infracoes-conexas\/","title":{"rendered":"Plano de Gest\u00e3o de Riscos de Corrup\u00e7\u00e3o e Infra\u00e7\u00f5es Conexas"},"content":{"rendered":"\n<p class=\"has-medium-font-size\">De acordo com o previsto no&nbsp;<strong>n.\u00ba 5 do art. 8.\u00ba da Lei 93\/2021, de 20 de dezembro<\/strong>, a escola deve ter na sua p\u00e1gina eletr\u00f3nica a informa\u00e7\u00e3o do&nbsp;<strong>canal de Denuncia Interna<\/strong>, onde&nbsp;podem ser denunciadas infra\u00e7\u00f5es que incidam&nbsp; sobre os dom\u00ednios ou \u00e1reas&nbsp; mencionadas no&nbsp;<strong>artigo 2.\u00ba da citada Lei n.\u00ba 93\/2021<\/strong>. Para&nbsp;<strong>aceder ao Canal de Den\u00fancia Interna<\/strong>, clique sobre o seguinte link:&nbsp;<a href=\"https:\/\/canaldenuncias.madeira.gov.pt\/\" target=\"_blank\" rel=\"noreferrer noopener\">https:\/\/canaldenuncias.madeira.gov.pt<\/a><\/p>\n\n\n\n<hr class=\"wp-block-separator has-alpha-channel-opacity\" \/>\n\n\n\n<div id=\"wp-block-themeisle-blocks-icon-list-0d9140da\" class=\"wp-block-themeisle-blocks-icon-list\">\n<div id=\"wp-block-themeisle-blocks-icon-list-item-610e5755\" class=\"wp-block-themeisle-blocks-icon-list-item\"><i class=\"fas fa-check wp-block-themeisle-blocks-icon-list-item-icon\"><\/i><p class=\"wp-block-themeisle-blocks-icon-list-item-content\"><a href=\"https:\/\/escoladigital.madeira.gov.pt\/eb23torre\/wp-content\/uploads\/sites\/14\/2025\/05\/Codigo_Conduta_1aVersao.pdf\" target=\"_blank\" rel=\"noreferrer noopener\">C\u00f3digo de conduta (1.\u00aa vers\u00e3o)<\/a><\/p><\/div>\n\n\n\n<div id=\"wp-block-themeisle-blocks-icon-list-item-9ad39ca0\" class=\"wp-block-themeisle-blocks-icon-list-item\"><i class=\"fas fa-check wp-block-themeisle-blocks-icon-list-item-icon\"><\/i><p class=\"wp-block-themeisle-blocks-icon-list-item-content\"><a href=\"https:\/\/escoladigital.madeira.gov.pt\/eb23torre\/wp-content\/uploads\/sites\/14\/2025\/05\/CodigoConduta_Versao2.pdf\" target=\"_blank\" rel=\"noreferrer noopener\">C\u00f3digo de conduta (2.\u00aa vers\u00e3o)<\/a><\/p><\/div>\n\n\n\n<div id=\"wp-block-themeisle-blocks-icon-list-item-0f203bf1\" class=\"wp-block-themeisle-blocks-icon-list-item\"><i class=\"fas fa-check wp-block-themeisle-blocks-icon-list-item-icon\"><\/i><p class=\"wp-block-themeisle-blocks-icon-list-item-content\"><a href=\"https:\/\/escoladigital.madeira.gov.pt\/eb23torre\/wp-content\/uploads\/sites\/14\/2025\/05\/EbTORRE_Identificacao-Riscos_Anexo-II_para-2025.pdf\" target=\"_blank\" rel=\"noreferrer noopener\">Identifica\u00e7\u00e3o de Riscos Anexo II 2025<\/a><\/p><\/div>\n\n\n\n<div id=\"wp-block-themeisle-blocks-icon-list-item-ce28cee0\" class=\"wp-block-themeisle-blocks-icon-list-item\"><i class=\"fas fa-check wp-block-themeisle-blocks-icon-list-item-icon\"><\/i><p class=\"wp-block-themeisle-blocks-icon-list-item-content\"><a href=\"https:\/\/escoladigital.madeira.gov.pt\/eb23torre\/wp-content\/uploads\/sites\/14\/2025\/05\/EbTORRE_Monitorizacao-do-PGRCIC_Anexo-III_para-2025.pdf\">Monitoriza\u00e7\u00e3o do PGRCIC Anexo III 2025<\/a><\/p><\/div>\n\n\n\n<div id=\"wp-block-themeisle-blocks-icon-list-item-1794be8d\" class=\"wp-block-themeisle-blocks-icon-list-item\"><i class=\"fas fa-check wp-block-themeisle-blocks-icon-list-item-icon\"><\/i><p class=\"wp-block-themeisle-blocks-icon-list-item-content\"><a href=\"https:\/\/escoladigital.madeira.gov.pt\/eb23torre\/wp-content\/uploads\/sites\/14\/2025\/05\/4_ebtorre_Estrutura_Relat\u00a2rio_Anual_PGRCIC_AVALIAAO.pdf\" target=\"_blank\" rel=\"noreferrer noopener\">Avalia\u00e7\u00e3o do Plano de Gest\u00e3o de Riscos de Corrup\u00e7\u00e3o e Infra\u00e7\u00f5es Conexas<\/a><\/p><\/div>\n\n\n\n<div id=\"wp-block-themeisle-blocks-icon-list-item-919d5aa0\" class=\"wp-block-themeisle-blocks-icon-list-item\"><i class=\"fas fa-check wp-block-themeisle-blocks-icon-list-item-icon\"><\/i><p class=\"wp-block-themeisle-blocks-icon-list-item-content\"><a href=\"https:\/\/escoladigital.madeira.gov.pt\/eb23torre\/wp-content\/uploads\/sites\/14\/2025\/05\/PGRCIC-2025.pdf\" target=\"_blank\" rel=\"noreferrer noopener\">Plano de Gest\u00e3o de Riscos de Corrup\u00e7\u00e3o e Infra\u00e7\u00f5es Conexas 2025<\/a><\/p><\/div>\n\n\n\n<div id=\"wp-block-themeisle-blocks-icon-list-item-ca1dbea2\" class=\"wp-block-themeisle-blocks-icon-list-item\"><i class=\"fas fa-check wp-block-themeisle-blocks-icon-list-item-icon\"><\/i><p class=\"wp-block-themeisle-blocks-icon-list-item-content\"><a href=\"https:\/\/escoladigital.madeira.gov.pt\/eb23torre\/wp-content\/uploads\/sites\/14\/2025\/05\/RelatorioAnualda-Execucao-PGRCIC.pdf\" target=\"_blank\" rel=\"noreferrer noopener\">Relat\u00f3rio Anual de Execu\u00e7\u00e3o do PGRIC 2025<\/a><\/p><\/div>\n\n\n\n<div id=\"wp-block-themeisle-blocks-icon-list-item-5d33df0b\" class=\"wp-block-themeisle-blocks-icon-list-item\"><i class=\"fas fa-check wp-block-themeisle-blocks-icon-list-item-icon\"><\/i><p class=\"wp-block-themeisle-blocks-icon-list-item-content\"><a href=\"https:\/\/escoladigital.madeira.gov.pt\/eb23torre\/wp-content\/uploads\/sites\/14\/2025\/10\/RelatorioIntercalar_PGRCIC_2025.pdf\" target=\"_blank\" rel=\"noreferrer noopener\">Relat\u00f3rio Intercalar PGRIC outubro 2025<\/a><\/p><\/div>\n<\/div>\n\n\n\n<p><\/p>\n","protected":false},"excerpt":{"rendered":"<p>De acordo com o previsto no&nbsp;n.\u00ba 5 do art. 8.\u00ba da Lei 93\/2021, de 20 de dezembro, a escola deve ter na sua p\u00e1gina eletr\u00f3nica a informa\u00e7\u00e3o do&nbsp;canal de Denuncia Interna, onde&nbsp;podem ser denunciadas infra\u00e7\u00f5es que incidam&nbsp; sobre os dom\u00ednios ou \u00e1reas&nbsp; mencionadas no&nbsp;artigo 2.\u00ba da citada Lei n.\u00ba 93\/2021. Para&nbsp;aceder ao Canal de Den\u00fancia [&hellip;]<\/p>\n","protected":false},"author":20,"featured_media":0,"parent":0,"menu_order":0,"comment_status":"closed","ping_status":"closed","template":"","meta":{"site-sidebar-layout":"default","site-content-layout":"","ast-site-content-layout":"default","site-content-style":"default","site-sidebar-style":"default","ast-global-header-display":"","ast-banner-title-visibility":"","ast-main-header-display":"","ast-hfb-above-header-display":"","ast-hfb-below-header-display":"","ast-hfb-mobile-header-display":"","site-post-title":"","ast-breadcrumbs-content":"","ast-featured-img":"","footer-sml-layout":"","ast-disable-related-posts":"","theme-transparent-header-meta":"","adv-header-id-meta":"","stick-header-meta":"","header-above-stick-meta":"","header-main-stick-meta":"","header-below-stick-meta":"","astra-migrate-meta-layouts":"default","ast-page-background-enabled":"default","ast-page-background-meta":{"desktop":{"background-color":"var(--ast-global-color-5)","background-image":"","background-repeat":"repeat","background-position":"center center","background-size":"auto","background-attachment":"scroll","background-type":"","background-media":"","overlay-type":"","overlay-color":"","overlay-opacity":"","overlay-gradient":""},"tablet":{"background-color":"","background-image":"","background-repeat":"repeat","background-position":"center center","background-size":"auto","background-attachment":"scroll","background-type":"","background-media":"","overlay-type":"","overlay-color":"","overlay-opacity":"","overlay-gradient":""},"mobile":{"background-color":"","background-image":"","background-repeat":"repeat","background-position":"center center","background-size":"auto","background-attachment":"scroll","background-type":"","background-media":"","overlay-type":"","overlay-color":"","overlay-opacity":"","overlay-gradient":""}},"ast-content-background-meta":{"desktop":{"background-color":"var(--ast-global-color-4)","background-image":"","background-repeat":"repeat","background-position":"center center","background-size":"auto","background-attachment":"scroll","background-type":"","background-media":"","overlay-type":"","overlay-color":"","overlay-opacity":"","overlay-gradient":""},"tablet":{"background-color":"var(--ast-global-color-4)","background-image":"","background-repeat":"repeat","background-position":"center center","background-size":"auto","background-attachment":"scroll","background-type":"","background-media":"","overlay-type":"","overlay-color":"","overlay-opacity":"","overlay-gradient":""},"mobile":{"background-color":"var(--ast-global-color-4)","background-image":"","background-repeat":"repeat","background-position":"center center","background-size":"auto","background-attachment":"scroll","background-type":"","background-media":"","overlay-type":"","overlay-color":"","overlay-opacity":"","overlay-gradient":""}},"_themeisle_gutenberg_block_has_review":false,"footnotes":""},"class_list":["post-332","page","type-page","status-publish","hentry"],"_links":{"self":[{"href":"https:\/\/escoladigital.madeira.gov.pt\/eb23torre\/wp-json\/wp\/v2\/pages\/332","targetHints":{"allow":["GET"]}}],"collection":[{"href":"https:\/\/escoladigital.madeira.gov.pt\/eb23torre\/wp-json\/wp\/v2\/pages"}],"about":[{"href":"https:\/\/escoladigital.madeira.gov.pt\/eb23torre\/wp-json\/wp\/v2\/types\/page"}],"author":[{"embeddable":true,"href":"https:\/\/escoladigital.madeira.gov.pt\/eb23torre\/wp-json\/wp\/v2\/users\/20"}],"replies":[{"embeddable":true,"href":"https:\/\/escoladigital.madeira.gov.pt\/eb23torre\/wp-json\/wp\/v2\/comments?post=332"}],"version-history":[{"count":8,"href":"https:\/\/escoladigital.madeira.gov.pt\/eb23torre\/wp-json\/wp\/v2\/pages\/332\/revisions"}],"predecessor-version":[{"id":617,"href":"https:\/\/escoladigital.madeira.gov.pt\/eb23torre\/wp-json\/wp\/v2\/pages\/332\/revisions\/617"}],"wp:attachment":[{"href":"https:\/\/escoladigital.madeira.gov.pt\/eb23torre\/wp-json\/wp\/v2\/media?parent=332"}],"curies":[{"name":"wp","href":"https:\/\/api.w.org\/{rel}","templated":true}]}}