{"id":401,"date":"2025-05-28T15:46:14","date_gmt":"2025-05-28T15:46:14","guid":{"rendered":"https:\/\/escoladigital.madeira.gov.pt\/eb23torre\/?page_id=401"},"modified":"2025-05-28T15:55:52","modified_gmt":"2025-05-28T15:55:52","slug":"jornal-escolar-o-curioso","status":"publish","type":"page","link":"https:\/\/escoladigital.madeira.gov.pt\/eb23torre\/jornal-escolar-o-curioso\/","title":{"rendered":"Jornal escolar &#8220;O CURIOSO&#8221;"},"content":{"rendered":"\n<div class=\"wp-block-media-text is-stacked-on-mobile\" style=\"grid-template-columns:30% auto\"><figure class=\"wp-block-media-text__media\"><a href=\"https:\/\/true-project.mog-technologies.com\/jornal-ebtorre\" target=\"_blank\" rel=\" noreferrer noopener\"><img fetchpriority=\"high\" decoding=\"async\" width=\"438\" height=\"607\" src=\"https:\/\/escoladigital.madeira.gov.pt\/eb23torre\/wp-content\/uploads\/sites\/14\/2025\/05\/Jornal.png\" alt=\"\" class=\"wp-image-397 size-full\" srcset=\"https:\/\/escoladigital.madeira.gov.pt\/eb23torre\/wp-content\/uploads\/sites\/14\/2025\/05\/Jornal.png 438w, https:\/\/escoladigital.madeira.gov.pt\/eb23torre\/wp-content\/uploads\/sites\/14\/2025\/05\/Jornal-216x300.png 216w\" sizes=\"(max-width: 438px) 100vw, 438px\" \/><\/a><\/figure><div class=\"wp-block-media-text__content\">\n<p class=\"has-medium-font-size\"><a href=\"https:\/\/true-project.mog-technologies.com\/jornal-ebtorre\" target=\"_blank\" rel=\"noreferrer noopener\">O\u00a0jornal escolar\u00a0<strong>&#8220;O CURIOSO&#8221;<\/strong><\/a>\u00a0funciona como atividade de complemento curricular e tem como principal objetivo integrar as diversas \u00e1reas do conhecimento na produ\u00e7\u00e3o de conte\u00fado noticioso.<\/p>\n\n\n\n<p class=\"has-medium-font-size\"><strong>Contacto e envio de trabalhos :<\/strong><\/p>\n\n\n\n<p class=\"has-medium-font-size\">jornal.ebtorre@edu.madeira.gov.pt<\/p>\n\n\n\n<p class=\"has-medium-font-size\"><strong>Elementos respons\u00e1veis<\/strong>&nbsp;(2024\/2025):<\/p>\n\n\n\n<p class=\"has-medium-font-size\">&#8211;&nbsp;Prof.\u00aa&nbsp;Sandra Oliveira;<\/p>\n\n\n\n<p class=\"has-medium-font-size\">&#8211;&nbsp;Prof. Paulo Coutinho.<\/p>\n<\/div><\/div>\n","protected":false},"excerpt":{"rendered":"<p>O\u00a0jornal escolar\u00a0&#8220;O CURIOSO&#8221;\u00a0funciona como atividade de complemento curricular e tem como principal objetivo integrar as diversas \u00e1reas do conhecimento na produ\u00e7\u00e3o de conte\u00fado noticioso. Contacto e envio de trabalhos : jornal.ebtorre@edu.madeira.gov.pt Elementos respons\u00e1veis&nbsp;(2024\/2025): &#8211;&nbsp;Prof.\u00aa&nbsp;Sandra Oliveira; &#8211;&nbsp;Prof. Paulo Coutinho.<\/p>\n","protected":false},"author":20,"featured_media":0,"parent":0,"menu_order":0,"comment_status":"closed","ping_status":"closed","template":"","meta":{"site-sidebar-layout":"default","site-content-layout":"","ast-site-content-layout":"default","site-content-style":"default","site-sidebar-style":"default","ast-global-header-display":"","ast-banner-title-visibility":"","ast-main-header-display":"","ast-hfb-above-header-display":"","ast-hfb-below-header-display":"","ast-hfb-mobile-header-display":"","site-post-title":"","ast-breadcrumbs-content":"","ast-featured-img":"","footer-sml-layout":"","ast-disable-related-posts":"","theme-transparent-header-meta":"","adv-header-id-meta":"","stick-header-meta":"","header-above-stick-meta":"","header-main-stick-meta":"","header-below-stick-meta":"","astra-migrate-meta-layouts":"default","ast-page-background-enabled":"default","ast-page-background-meta":{"desktop":{"background-color":"var(--ast-global-color-5)","background-image":"","background-repeat":"repeat","background-position":"center center","background-size":"auto","background-attachment":"scroll","background-type":"","background-media":"","overlay-type":"","overlay-color":"","overlay-opacity":"","overlay-gradient":""},"tablet":{"background-color":"","background-image":"","background-repeat":"repeat","background-position":"center center","background-size":"auto","background-attachment":"scroll","background-type":"","background-media":"","overlay-type":"","overlay-color":"","overlay-opacity":"","overlay-gradient":""},"mobile":{"background-color":"","background-image":"","background-repeat":"repeat","background-position":"center center","background-size":"auto","background-attachment":"scroll","background-type":"","background-media":"","overlay-type":"","overlay-color":"","overlay-opacity":"","overlay-gradient":""}},"ast-content-background-meta":{"desktop":{"background-color":"var(--ast-global-color-4)","background-image":"","background-repeat":"repeat","background-position":"center center","background-size":"auto","background-attachment":"scroll","background-type":"","background-media":"","overlay-type":"","overlay-color":"","overlay-opacity":"","overlay-gradient":""},"tablet":{"background-color":"var(--ast-global-color-4)","background-image":"","background-repeat":"repeat","background-position":"center center","background-size":"auto","background-attachment":"scroll","background-type":"","background-media":"","overlay-type":"","overlay-color":"","overlay-opacity":"","overlay-gradient":""},"mobile":{"background-color":"var(--ast-global-color-4)","background-image":"","background-repeat":"repeat","background-position":"center center","background-size":"auto","background-attachment":"scroll","background-type":"","background-media":"","overlay-type":"","overlay-color":"","overlay-opacity":"","overlay-gradient":""}},"_themeisle_gutenberg_block_has_review":false,"footnotes":""},"class_list":["post-401","page","type-page","status-publish","hentry"],"_links":{"self":[{"href":"https:\/\/escoladigital.madeira.gov.pt\/eb23torre\/wp-json\/wp\/v2\/pages\/401","targetHints":{"allow":["GET"]}}],"collection":[{"href":"https:\/\/escoladigital.madeira.gov.pt\/eb23torre\/wp-json\/wp\/v2\/pages"}],"about":[{"href":"https:\/\/escoladigital.madeira.gov.pt\/eb23torre\/wp-json\/wp\/v2\/types\/page"}],"author":[{"embeddable":true,"href":"https:\/\/escoladigital.madeira.gov.pt\/eb23torre\/wp-json\/wp\/v2\/users\/20"}],"replies":[{"embeddable":true,"href":"https:\/\/escoladigital.madeira.gov.pt\/eb23torre\/wp-json\/wp\/v2\/comments?post=401"}],"version-history":[{"count":2,"href":"https:\/\/escoladigital.madeira.gov.pt\/eb23torre\/wp-json\/wp\/v2\/pages\/401\/revisions"}],"predecessor-version":[{"id":407,"href":"https:\/\/escoladigital.madeira.gov.pt\/eb23torre\/wp-json\/wp\/v2\/pages\/401\/revisions\/407"}],"wp:attachment":[{"href":"https:\/\/escoladigital.madeira.gov.pt\/eb23torre\/wp-json\/wp\/v2\/media?parent=401"}],"curies":[{"name":"wp","href":"https:\/\/api.w.org\/{rel}","templated":true}]}}