{"id":409,"date":"2025-05-28T16:24:57","date_gmt":"2025-05-28T16:24:57","guid":{"rendered":"https:\/\/escoladigital.madeira.gov.pt\/eb23torre\/?page_id=409"},"modified":"2026-03-26T15:58:31","modified_gmt":"2026-03-26T15:58:31","slug":"ciber-seguranca","status":"publish","type":"page","link":"https:\/\/escoladigital.madeira.gov.pt\/eb23torre\/ciber-seguranca\/","title":{"rendered":"Ciber-Seguran\u00e7a"},"content":{"rendered":"\n<div class=\"wp-block-media-text is-stacked-on-mobile\" style=\"grid-template-columns:30% auto\"><figure class=\"wp-block-media-text__media\"><img fetchpriority=\"high\" decoding=\"async\" width=\"366\" height=\"418\" src=\"https:\/\/escoladigital.madeira.gov.pt\/eb23torre\/wp-content\/uploads\/sites\/14\/2025\/05\/Ciber-edu.png\" alt=\"\" class=\"wp-image-410 size-full\" srcset=\"https:\/\/escoladigital.madeira.gov.pt\/eb23torre\/wp-content\/uploads\/sites\/14\/2025\/05\/Ciber-edu.png 366w, https:\/\/escoladigital.madeira.gov.pt\/eb23torre\/wp-content\/uploads\/sites\/14\/2025\/05\/Ciber-edu-263x300.png 263w\" sizes=\"(max-width: 366px) 100vw, 366px\" \/><\/figure><div class=\"wp-block-media-text__content\">\n<p class=\"has-medium-font-size\">Com a globaliza\u00e7\u00e3o da informa\u00e7\u00e3o, estimulada pela evolu\u00e7\u00e3o exponencial das tecnologias ao servi\u00e7o dos internautas, passamos a ter acesso a uma pan\u00f3plia de servi\u00e7os e informa\u00e7\u00e3o nunca dantes conseguido. Com esta disponibilidade de informa\u00e7\u00e3o, surgem tamb\u00e9m, a um ritmo alucinante, os&nbsp;<strong>crimes virtuais e os ataques cibern\u00e9ticos<\/strong>. Independentemente da quantidade e qualidade dos mecanismos depreven\u00e7\u00e3o instalados, os incidentes de ciber-seguran\u00e7a t\u00eam-se mostrado mais frequentes e complexos. Neste cen\u00e1rio, interessa preparar as organiza\u00e7\u00f5es, no sentido de elevarem o n\u00edvel da sua ciber-seguran\u00e7a, tendo em conta as suas diversas vertentes.<br>Perante esta situa\u00e7\u00e3o, delineou-se oum&nbsp;<strong>plano de ciber-seguran\u00e7a<\/strong>, pass\u00edvel de responder prontamente a amea\u00e7as cibern\u00e9ticas.<\/p>\n\n\n\n<p class=\"has-medium-font-size\">Para consultar e\/ou descarregar a documenta\u00e7\u00e3o inerente a esta tem\u00e1tica, clique sobre os seguintes links:<\/p>\n\n\n\n<div id=\"wp-block-themeisle-blocks-icon-list-f774e8d3\" class=\"wp-block-themeisle-blocks-icon-list\">\n<div id=\"wp-block-themeisle-blocks-icon-list-item-b930e41b\" class=\"wp-block-themeisle-blocks-icon-list-item\"><i class=\"fas fa-check wp-block-themeisle-blocks-icon-list-item-icon\"><\/i><p class=\"wp-block-themeisle-blocks-icon-list-item-content\"><a href=\"https:\/\/escoladigital.madeira.gov.pt\/eb23torre\/wp-content\/uploads\/sites\/14\/2026\/03\/Nomeacao-da-Equipa-de-Ciberseguranca.pdf\" target=\"_blank\" rel=\"noreferrer noopener\">Nomea\u00e7\u00e3o da Equipa de Ciberseguran\u00e7a<\/a><\/p><\/div>\n\n\n\n<div id=\"wp-block-themeisle-blocks-icon-list-item-89f59c20\" class=\"wp-block-themeisle-blocks-icon-list-item\"><i class=\"fas fa-check wp-block-themeisle-blocks-icon-list-item-icon\"><\/i><p class=\"wp-block-themeisle-blocks-icon-list-item-content\"><a href=\"https:\/\/escoladigital.madeira.gov.pt\/eb23torre\/wp-content\/uploads\/sites\/14\/2026\/03\/PUA-Politica-de-Utilizacao-Aceitavel_2026.pdf\" target=\"_blank\" rel=\"noreferrer noopener\">PUA &#8211; Pol\u00edtica de Utiliza\u00e7\u00e3o Aceit\u00e1vel (Ciber-Seguran\u00e7a)<\/a><\/p><\/div>\n\n\n\n<div id=\"wp-block-themeisle-blocks-icon-list-item-2bc7f93f\" class=\"wp-block-themeisle-blocks-icon-list-item\"><i class=\"fas fa-check wp-block-themeisle-blocks-icon-list-item-icon\"><\/i><p class=\"wp-block-themeisle-blocks-icon-list-item-content\"><a href=\"https:\/\/escoladigital.madeira.gov.pt\/eb23torre\/wp-content\/uploads\/sites\/14\/2025\/05\/mapa_emergencia_equipas_escola_SIte.pdf\" target=\"_blank\" rel=\"noreferrer noopener\">Mapa de Emerg\u00eancia &#8211; Equipa de Ciber-Seguran\u00e7a<\/a><\/p><\/div>\n\n\n\n<div id=\"wp-block-themeisle-blocks-icon-list-item-d2d9e518\" class=\"wp-block-themeisle-blocks-icon-list-item\"><i class=\"fas fa-check wp-block-themeisle-blocks-icon-list-item-icon\"><\/i><p class=\"wp-block-themeisle-blocks-icon-list-item-content\"><a href=\"https:\/\/escoladigital.madeira.gov.pt\/eb23torre\/wp-content\/uploads\/sites\/14\/2026\/03\/Plano-de-ciberseguranca-EB23Torre_site_2026.pdf\" target=\"_blank\" rel=\"noreferrer noopener\">Plano de Ciber-Seguran\u00e7a<\/a><\/p><\/div>\n<\/div>\n<\/div><\/div>\n\n\n\n<p><\/p>\n","protected":false},"excerpt":{"rendered":"","protected":false},"author":20,"featured_media":0,"parent":0,"menu_order":0,"comment_status":"closed","ping_status":"closed","template":"","meta":{"site-sidebar-layout":"default","site-content-layout":"","ast-site-content-layout":"default","site-content-style":"default","site-sidebar-style":"default","ast-global-header-display":"","ast-banner-title-visibility":"","ast-main-header-display":"","ast-hfb-above-header-display":"","ast-hfb-below-header-display":"","ast-hfb-mobile-header-display":"","site-post-title":"","ast-breadcrumbs-content":"","ast-featured-img":"","footer-sml-layout":"","ast-disable-related-posts":"","theme-transparent-header-meta":"","adv-header-id-meta":"","stick-header-meta":"","header-above-stick-meta":"","header-main-stick-meta":"","header-below-stick-meta":"","astra-migrate-meta-layouts":"default","ast-page-background-enabled":"default","ast-page-background-meta":{"desktop":{"background-color":"var(--ast-global-color-5)","background-image":"","background-repeat":"repeat","background-position":"center center","background-size":"auto","background-attachment":"scroll","background-type":"","background-media":"","overlay-type":"","overlay-color":"","overlay-opacity":"","overlay-gradient":""},"tablet":{"background-color":"","background-image":"","background-repeat":"repeat","background-position":"center center","background-size":"auto","background-attachment":"scroll","background-type":"","background-media":"","overlay-type":"","overlay-color":"","overlay-opacity":"","overlay-gradient":""},"mobile":{"background-color":"","background-image":"","background-repeat":"repeat","background-position":"center center","background-size":"auto","background-attachment":"scroll","background-type":"","background-media":"","overlay-type":"","overlay-color":"","overlay-opacity":"","overlay-gradient":""}},"ast-content-background-meta":{"desktop":{"background-color":"var(--ast-global-color-4)","background-image":"","background-repeat":"repeat","background-position":"center center","background-size":"auto","background-attachment":"scroll","background-type":"","background-media":"","overlay-type":"","overlay-color":"","overlay-opacity":"","overlay-gradient":""},"tablet":{"background-color":"var(--ast-global-color-4)","background-image":"","background-repeat":"repeat","background-position":"center center","background-size":"auto","background-attachment":"scroll","background-type":"","background-media":"","overlay-type":"","overlay-color":"","overlay-opacity":"","overlay-gradient":""},"mobile":{"background-color":"var(--ast-global-color-4)","background-image":"","background-repeat":"repeat","background-position":"center center","background-size":"auto","background-attachment":"scroll","background-type":"","background-media":"","overlay-type":"","overlay-color":"","overlay-opacity":"","overlay-gradient":""}},"_themeisle_gutenberg_block_has_review":false,"footnotes":""},"class_list":["post-409","page","type-page","status-publish","hentry"],"_links":{"self":[{"href":"https:\/\/escoladigital.madeira.gov.pt\/eb23torre\/wp-json\/wp\/v2\/pages\/409","targetHints":{"allow":["GET"]}}],"collection":[{"href":"https:\/\/escoladigital.madeira.gov.pt\/eb23torre\/wp-json\/wp\/v2\/pages"}],"about":[{"href":"https:\/\/escoladigital.madeira.gov.pt\/eb23torre\/wp-json\/wp\/v2\/types\/page"}],"author":[{"embeddable":true,"href":"https:\/\/escoladigital.madeira.gov.pt\/eb23torre\/wp-json\/wp\/v2\/users\/20"}],"replies":[{"embeddable":true,"href":"https:\/\/escoladigital.madeira.gov.pt\/eb23torre\/wp-json\/wp\/v2\/comments?post=409"}],"version-history":[{"count":6,"href":"https:\/\/escoladigital.madeira.gov.pt\/eb23torre\/wp-json\/wp\/v2\/pages\/409\/revisions"}],"predecessor-version":[{"id":843,"href":"https:\/\/escoladigital.madeira.gov.pt\/eb23torre\/wp-json\/wp\/v2\/pages\/409\/revisions\/843"}],"wp:attachment":[{"href":"https:\/\/escoladigital.madeira.gov.pt\/eb23torre\/wp-json\/wp\/v2\/media?parent=409"}],"curies":[{"name":"wp","href":"https:\/\/api.w.org\/{rel}","templated":true}]}}