{"id":457,"date":"2025-05-28T22:53:56","date_gmt":"2025-05-28T22:53:56","guid":{"rendered":"https:\/\/escoladigital.madeira.gov.pt\/eb23torre\/?page_id=457"},"modified":"2025-07-31T11:21:10","modified_gmt":"2025-07-31T11:21:10","slug":"documentacao","status":"publish","type":"page","link":"https:\/\/escoladigital.madeira.gov.pt\/eb23torre\/documentacao\/","title":{"rendered":"Documenta\u00e7\u00e3o"},"content":{"rendered":"\n<p>Para aceder \u00e0 documenta\u00e7\u00e3o pretendida, por favor clique sobre um dos seguintes links:<\/p>\n\n\n\n<p><a href=\"https:\/\/diariodarepublica.pt\/dr\/detalhe\/decreto-legislativo-regional\/21-2013-497420\" target=\"_blank\" rel=\"noreferrer noopener\">Estatuto do Aluno e \u00c9tica Escolar da Regi\u00e3o Aut\u00f3noma da Madeira<\/a><\/p>\n\n\n\n<p><\/p>\n","protected":false},"excerpt":{"rendered":"<p>Para aceder \u00e0 documenta\u00e7\u00e3o pretendida, por favor clique sobre um dos seguintes links: Estatuto do Aluno e \u00c9tica Escolar da Regi\u00e3o Aut\u00f3noma da Madeira<\/p>\n","protected":false},"author":20,"featured_media":0,"parent":0,"menu_order":0,"comment_status":"closed","ping_status":"closed","template":"","meta":{"site-sidebar-layout":"default","site-content-layout":"","ast-site-content-layout":"default","site-content-style":"default","site-sidebar-style":"default","ast-global-header-display":"","ast-banner-title-visibility":"","ast-main-header-display":"","ast-hfb-above-header-display":"","ast-hfb-below-header-display":"","ast-hfb-mobile-header-display":"","site-post-title":"","ast-breadcrumbs-content":"","ast-featured-img":"","footer-sml-layout":"","ast-disable-related-posts":"","theme-transparent-header-meta":"","adv-header-id-meta":"","stick-header-meta":"","header-above-stick-meta":"","header-main-stick-meta":"","header-below-stick-meta":"","astra-migrate-meta-layouts":"default","ast-page-background-enabled":"default","ast-page-background-meta":{"desktop":{"background-color":"var(--ast-global-color-5)","background-image":"","background-repeat":"repeat","background-position":"center center","background-size":"auto","background-attachment":"scroll","background-type":"","background-media":"","overlay-type":"","overlay-color":"","overlay-opacity":"","overlay-gradient":""},"tablet":{"background-color":"","background-image":"","background-repeat":"repeat","background-position":"center center","background-size":"auto","background-attachment":"scroll","background-type":"","background-media":"","overlay-type":"","overlay-color":"","overlay-opacity":"","overlay-gradient":""},"mobile":{"background-color":"","background-image":"","background-repeat":"repeat","background-position":"center center","background-size":"auto","background-attachment":"scroll","background-type":"","background-media":"","overlay-type":"","overlay-color":"","overlay-opacity":"","overlay-gradient":""}},"ast-content-background-meta":{"desktop":{"background-color":"var(--ast-global-color-4)","background-image":"","background-repeat":"repeat","background-position":"center center","background-size":"auto","background-attachment":"scroll","background-type":"","background-media":"","overlay-type":"","overlay-color":"","overlay-opacity":"","overlay-gradient":""},"tablet":{"background-color":"var(--ast-global-color-4)","background-image":"","background-repeat":"repeat","background-position":"center center","background-size":"auto","background-attachment":"scroll","background-type":"","background-media":"","overlay-type":"","overlay-color":"","overlay-opacity":"","overlay-gradient":""},"mobile":{"background-color":"var(--ast-global-color-4)","background-image":"","background-repeat":"repeat","background-position":"center center","background-size":"auto","background-attachment":"scroll","background-type":"","background-media":"","overlay-type":"","overlay-color":"","overlay-opacity":"","overlay-gradient":""}},"_themeisle_gutenberg_block_has_review":false,"footnotes":""},"class_list":["post-457","page","type-page","status-publish","hentry"],"_links":{"self":[{"href":"https:\/\/escoladigital.madeira.gov.pt\/eb23torre\/wp-json\/wp\/v2\/pages\/457","targetHints":{"allow":["GET"]}}],"collection":[{"href":"https:\/\/escoladigital.madeira.gov.pt\/eb23torre\/wp-json\/wp\/v2\/pages"}],"about":[{"href":"https:\/\/escoladigital.madeira.gov.pt\/eb23torre\/wp-json\/wp\/v2\/types\/page"}],"author":[{"embeddable":true,"href":"https:\/\/escoladigital.madeira.gov.pt\/eb23torre\/wp-json\/wp\/v2\/users\/20"}],"replies":[{"embeddable":true,"href":"https:\/\/escoladigital.madeira.gov.pt\/eb23torre\/wp-json\/wp\/v2\/comments?post=457"}],"version-history":[{"count":3,"href":"https:\/\/escoladigital.madeira.gov.pt\/eb23torre\/wp-json\/wp\/v2\/pages\/457\/revisions"}],"predecessor-version":[{"id":571,"href":"https:\/\/escoladigital.madeira.gov.pt\/eb23torre\/wp-json\/wp\/v2\/pages\/457\/revisions\/571"}],"wp:attachment":[{"href":"https:\/\/escoladigital.madeira.gov.pt\/eb23torre\/wp-json\/wp\/v2\/media?parent=457"}],"curies":[{"name":"wp","href":"https:\/\/api.w.org\/{rel}","templated":true}]}}