{"id":64,"date":"2025-04-30T15:52:51","date_gmt":"2025-04-30T15:52:51","guid":{"rendered":"https:\/\/escoladigital.madeira.gov.pt\/eb23torre\/?page_id=64"},"modified":"2025-05-27T10:31:43","modified_gmt":"2025-05-27T10:31:43","slug":"localizacao","status":"publish","type":"page","link":"https:\/\/escoladigital.madeira.gov.pt\/eb23torre\/localizacao\/","title":{"rendered":"Localiza\u00e7\u00e3o"},"content":{"rendered":"\n<div class=\"wp-block-columns is-layout-flex wp-container-core-columns-is-layout-28f84493 wp-block-columns-is-layout-flex\">\n<div class=\"wp-block-column is-layout-flow wp-block-column-is-layout-flow\" style=\"flex-basis:33.33%\">\n<figure class=\"wp-block-image size-full\"><img fetchpriority=\"high\" decoding=\"async\" width=\"259\" height=\"389\" src=\"https:\/\/escoladigital.madeira.gov.pt\/eb23torre\/wp-content\/uploads\/sites\/14\/2025\/05\/escola_vista_de_cima.jpg\" alt=\"\" class=\"wp-image-252\" srcset=\"https:\/\/escoladigital.madeira.gov.pt\/eb23torre\/wp-content\/uploads\/sites\/14\/2025\/05\/escola_vista_de_cima.jpg 259w, https:\/\/escoladigital.madeira.gov.pt\/eb23torre\/wp-content\/uploads\/sites\/14\/2025\/05\/escola_vista_de_cima-200x300.jpg 200w\" sizes=\"(max-width: 259px) 100vw, 259px\" \/><\/figure>\n\n\n\n<p><\/p>\n<\/div>\n\n\n\n<div class=\"wp-block-column is-layout-flow wp-block-column-is-layout-flow\"><\/div>\n\n\n\n<div class=\"wp-block-column is-layout-flow wp-block-column-is-layout-flow\" style=\"flex-basis:66.66%\">\n<p style=\"font-size:24px\"><strong>Escola B\u00e1sica dos 2.\u00ba e 3.\u00ba Ciclos da Torre<\/strong><\/p>\n\n\n\n<p class=\"has-medium-font-size\">A constru\u00e7\u00e3o da&nbsp;<strong>Escola B\u00e1sica dos 2\u00ba e 3\u00ba Ciclos da Torre<\/strong>, &nbsp;iniciou-se em 1992 tendo sido inaugurada no dia&nbsp;<strong>5 de Outubro de 1993<\/strong>.<\/p>\n\n\n\n<p class=\"has-medium-font-size\">A Escola situa-se na Rua de Santa Cec\u00edlia, n\u00famero 2 e \u00e9 constitu\u00edda por&nbsp;<strong>tr\u00eas edif\u00edcios<\/strong>:<\/p>\n\n\n\n<p class=\"has-medium-font-size\">&nbsp;1 &#8211; Bloco de Servi\u00e7os;<\/p>\n\n\n\n<p class=\"has-medium-font-size\">&nbsp;2 &#8211; Bloco Central;<\/p>\n\n\n\n<p class=\"has-medium-font-size\">&nbsp;3 &#8211; Pavilh\u00e3o Gimnodesportivo.<\/p>\n\n\n\n<p class=\"has-medium-font-size\">\u00a0Atualmente, serve a comunidade de C\u00e2mara de Lobos com uma oferta educativa que abrange os\u00a0<strong>2.\u00ba e 3.\u00ba Ciclos de Escolaridade<\/strong>,<strong>\u00a0Cursos de Educa\u00e7\u00e3o e Forma\u00e7\u00e3o<\/strong>, e ainda,\u00a0<strong>Educa\u00e7\u00e3o e Forma\u00e7\u00e3o de Adultos (Regime noturno)<\/strong>.<\/p>\n<\/div>\n<\/div>\n\n\n\n<div style=\"height:25px\" aria-hidden=\"true\" class=\"wp-block-spacer\"><\/div>\n\n\n\n<p class=\"has-medium-font-size\">Localiza\u00e7\u00e3o, via Google Maps:<\/p>\n\n\n<div style=\"height:400pxpx;\" class=\"wp-block-themeisle-blocks-leaflet-map\" id=\"wp-block-themeisle-blocks-leaflet-map-d65a6d00\"><\/div>\n<script type=\"text\/javascript\">\n\t\/* <![CDATA[ *\/\n\t\tif ( ! window.themeisleLeafletMaps ) window.themeisleLeafletMaps =[];\n\t\twindow.themeisleLeafletMaps.push( { container: \"wp-block-themeisle-blocks-leaflet-map-d65a6d00\", attributes: {\"id\":\"wp-block-themeisle-blocks-leaflet-map-d65a6d00\",\"location\":\"escola da torre, c\\u00e1mara de lobos, madeira, portugal\",\"latitude\":\"32.653902182362685\",\"longitude\":\"-16.973378062248234\",\"bbox\":\"-16.977396011352543,32.65209462833938,-16.969349384307865,32.655707865032916\",\"zoom\":17,\"markers\":[{\"id\":\"09e61b33-6ab3-456a-ab44-e0929aefaac0\",\"latitude\":32.65416322421585,\"longitude\":-16.97223544120789,\"title\":\"EB23Torre\",\"description\":\"\"}],\"height\":\"400px\",\"zoomControl\":true,\"draggable\":true,\"hasCustomCSS\":false,\"customCSS\":\"\",\"otterConditions\":[]} } );\n\t\/* ]]> *\/\n<\/script>\n\n\n\n<p><\/p>\n","protected":false},"excerpt":{"rendered":"<p>Escola B\u00e1sica dos 2.\u00ba e 3.\u00ba Ciclos da Torre A constru\u00e7\u00e3o da&nbsp;Escola B\u00e1sica dos 2\u00ba e 3\u00ba Ciclos da Torre, &nbsp;iniciou-se em 1992 tendo sido inaugurada no dia&nbsp;5 de Outubro de 1993. A Escola situa-se na Rua de Santa Cec\u00edlia, n\u00famero 2 e \u00e9 constitu\u00edda por&nbsp;tr\u00eas edif\u00edcios: &nbsp;1 &#8211; Bloco de Servi\u00e7os; &nbsp;2 &#8211; Bloco [&hellip;]<\/p>\n","protected":false},"author":20,"featured_media":0,"parent":0,"menu_order":0,"comment_status":"closed","ping_status":"closed","template":"","meta":{"site-sidebar-layout":"default","site-content-layout":"","ast-site-content-layout":"default","site-content-style":"default","site-sidebar-style":"default","ast-global-header-display":"","ast-banner-title-visibility":"","ast-main-header-display":"","ast-hfb-above-header-display":"","ast-hfb-below-header-display":"","ast-hfb-mobile-header-display":"","site-post-title":"","ast-breadcrumbs-content":"","ast-featured-img":"","footer-sml-layout":"","ast-disable-related-posts":"","theme-transparent-header-meta":"","adv-header-id-meta":"","stick-header-meta":"","header-above-stick-meta":"","header-main-stick-meta":"","header-below-stick-meta":"","astra-migrate-meta-layouts":"default","ast-page-background-enabled":"default","ast-page-background-meta":{"desktop":{"background-color":"var(--ast-global-color-5)","background-image":"","background-repeat":"repeat","background-position":"center center","background-size":"auto","background-attachment":"scroll","background-type":"","background-media":"","overlay-type":"","overlay-color":"","overlay-opacity":"","overlay-gradient":""},"tablet":{"background-color":"","background-image":"","background-repeat":"repeat","background-position":"center center","background-size":"auto","background-attachment":"scroll","background-type":"","background-media":"","overlay-type":"","overlay-color":"","overlay-opacity":"","overlay-gradient":""},"mobile":{"background-color":"","background-image":"","background-repeat":"repeat","background-position":"center center","background-size":"auto","background-attachment":"scroll","background-type":"","background-media":"","overlay-type":"","overlay-color":"","overlay-opacity":"","overlay-gradient":""}},"ast-content-background-meta":{"desktop":{"background-color":"var(--ast-global-color-4)","background-image":"","background-repeat":"repeat","background-position":"center center","background-size":"auto","background-attachment":"scroll","background-type":"","background-media":"","overlay-type":"","overlay-color":"","overlay-opacity":"","overlay-gradient":""},"tablet":{"background-color":"var(--ast-global-color-4)","background-image":"","background-repeat":"repeat","background-position":"center center","background-size":"auto","background-attachment":"scroll","background-type":"","background-media":"","overlay-type":"","overlay-color":"","overlay-opacity":"","overlay-gradient":""},"mobile":{"background-color":"var(--ast-global-color-4)","background-image":"","background-repeat":"repeat","background-position":"center center","background-size":"auto","background-attachment":"scroll","background-type":"","background-media":"","overlay-type":"","overlay-color":"","overlay-opacity":"","overlay-gradient":""}},"_themeisle_gutenberg_block_has_review":false,"footnotes":""},"class_list":["post-64","page","type-page","status-publish","hentry"],"_links":{"self":[{"href":"https:\/\/escoladigital.madeira.gov.pt\/eb23torre\/wp-json\/wp\/v2\/pages\/64","targetHints":{"allow":["GET"]}}],"collection":[{"href":"https:\/\/escoladigital.madeira.gov.pt\/eb23torre\/wp-json\/wp\/v2\/pages"}],"about":[{"href":"https:\/\/escoladigital.madeira.gov.pt\/eb23torre\/wp-json\/wp\/v2\/types\/page"}],"author":[{"embeddable":true,"href":"https:\/\/escoladigital.madeira.gov.pt\/eb23torre\/wp-json\/wp\/v2\/users\/20"}],"replies":[{"embeddable":true,"href":"https:\/\/escoladigital.madeira.gov.pt\/eb23torre\/wp-json\/wp\/v2\/comments?post=64"}],"version-history":[{"count":12,"href":"https:\/\/escoladigital.madeira.gov.pt\/eb23torre\/wp-json\/wp\/v2\/pages\/64\/revisions"}],"predecessor-version":[{"id":297,"href":"https:\/\/escoladigital.madeira.gov.pt\/eb23torre\/wp-json\/wp\/v2\/pages\/64\/revisions\/297"}],"wp:attachment":[{"href":"https:\/\/escoladigital.madeira.gov.pt\/eb23torre\/wp-json\/wp\/v2\/media?parent=64"}],"curies":[{"name":"wp","href":"https:\/\/api.w.org\/{rel}","templated":true}]}}