{"id":888,"date":"2026-03-31T11:22:36","date_gmt":"2026-03-31T11:22:36","guid":{"rendered":"https:\/\/escoladigital.madeira.gov.pt\/eb23torre\/?page_id=888"},"modified":"2026-03-31T14:24:53","modified_gmt":"2026-03-31T14:24:53","slug":"legislacao-rgpd","status":"publish","type":"page","link":"https:\/\/escoladigital.madeira.gov.pt\/eb23torre\/legislacao-rgpd\/","title":{"rendered":"Legisla\u00e7\u00e3o"},"content":{"rendered":"\n<div class=\"wp-block-media-text is-stacked-on-mobile\"><figure class=\"wp-block-media-text__media\"><img fetchpriority=\"high\" decoding=\"async\" width=\"1024\" height=\"683\" src=\"https:\/\/escoladigital.madeira.gov.pt\/eb23torre\/wp-content\/uploads\/sites\/14\/2026\/03\/Designer-2-1-1024x683.png\" alt=\"\" class=\"wp-image-928 size-full\" srcset=\"https:\/\/escoladigital.madeira.gov.pt\/eb23torre\/wp-content\/uploads\/sites\/14\/2026\/03\/Designer-2-1-1024x683.png 1024w, https:\/\/escoladigital.madeira.gov.pt\/eb23torre\/wp-content\/uploads\/sites\/14\/2026\/03\/Designer-2-1-300x200.png 300w, https:\/\/escoladigital.madeira.gov.pt\/eb23torre\/wp-content\/uploads\/sites\/14\/2026\/03\/Designer-2-1-768x512.png 768w, https:\/\/escoladigital.madeira.gov.pt\/eb23torre\/wp-content\/uploads\/sites\/14\/2026\/03\/Designer-2-1.png 1536w\" sizes=\"(max-width: 1024px) 100vw, 1024px\" \/><\/figure><div class=\"wp-block-media-text__content\">\n<p>O <strong>Regulamento (UE) 2016\/679<\/strong>, conhecido como RGPD, \u00e9 a principal legisla\u00e7\u00e3o europeia que estabelece as regras para o tratamento de dados pessoais, impondo princ\u00edpios como <strong>licitude<\/strong>, <strong>transpar\u00eancia<\/strong>, <strong>minimiza\u00e7\u00e3o<\/strong> e <strong>seguran\u00e7a<\/strong>, e responsabilizando as organiza\u00e7\u00f5es pela ado\u00e7\u00e3o de medidas t\u00e9cnicas e organizativas adequadas ao risco. <\/p>\n\n\n\n<p>Em Portugal, o RGPD \u00e9 complementado pela <strong>Lei n.\u00ba 58\/2019<\/strong>, que assegura a sua execu\u00e7\u00e3o na ordem jur\u00eddica nacional e refor\u00e7a obriga\u00e7\u00f5es de cumprimento para entidades p\u00fablicas e privadas.<\/p>\n<\/div><\/div>\n\n\n\n<p>Em baixo, encontra-se a principal legisla\u00e7\u00e3o europeia e regional, no \u00e2mbito do RGPD:<\/p>\n\n\n\n<div id=\"wp-block-themeisle-blocks-icon-list-56869852\" class=\"wp-block-themeisle-blocks-icon-list\">\n<div id=\"wp-block-themeisle-blocks-icon-list-item-6594d15b\" class=\"wp-block-themeisle-blocks-icon-list-item\"><i class=\"fas fa-check wp-block-themeisle-blocks-icon-list-item-icon\"><\/i><p class=\"wp-block-themeisle-blocks-icon-list-item-content\"><a href=\"https:\/\/escoladigital.madeira.gov.pt\/eb23torre\/wp-content\/uploads\/sites\/14\/2026\/03\/RGPD_RegulamentoUE679-2016_27_Abril.pdf\" data-type=\"link\" data-id=\"https:\/\/escoladigital.madeira.gov.pt\/eb23torre\/wp-content\/uploads\/sites\/14\/2026\/03\/RGPD_RegulamentoUE679-2016_27_Abril.pdf\" target=\"_blank\" rel=\"noreferrer noopener\">Regulamento(UE) n.\u00ba 679\/2016, de 27 de Abril<\/a><\/p><\/div>\n\n\n\n<div id=\"wp-block-themeisle-blocks-icon-list-item-ea3ab7db\" class=\"wp-block-themeisle-blocks-icon-list-item\"><i class=\"fas fa-check wp-block-themeisle-blocks-icon-list-item-icon\"><\/i><p class=\"wp-block-themeisle-blocks-icon-list-item-content\"><a href=\"https:\/\/escoladigital.madeira.gov.pt\/eb23torre\/wp-content\/uploads\/sites\/14\/2026\/03\/RGPD-RegulamentoUE679-2016_Maio.pdf\" data-type=\"link\" data-id=\"https:\/\/escoladigital.madeira.gov.pt\/eb23torre\/wp-content\/uploads\/sites\/14\/2026\/03\/RGPD-RegulamentoUE679-2016_Maio.pdf\" target=\"_blank\" rel=\"noreferrer noopener\">Regulamento(UE) n.\u00ba 679\/2016, de 27 de Abril (vers. atualizada)<\/a><\/p><\/div>\n\n\n\n<div id=\"wp-block-themeisle-blocks-icon-list-item-3ea8d8b2\" class=\"wp-block-themeisle-blocks-icon-list-item\"><i class=\"fas fa-check wp-block-themeisle-blocks-icon-list-item-icon\"><\/i><p class=\"wp-block-themeisle-blocks-icon-list-item-content\"><a href=\"https:\/\/escoladigital.madeira.gov.pt\/eb23torre\/wp-content\/uploads\/sites\/14\/2026\/03\/RGPD-Retificacao-00-2016-4Maio.pdf\" data-type=\"link\" data-id=\"https:\/\/escoladigital.madeira.gov.pt\/eb23torre\/wp-content\/uploads\/sites\/14\/2026\/03\/RGPD-Retificacao-00-2016-4Maio.pdf\" target=\"_blank\" rel=\"noreferrer noopener\">Retifica\u00e7\u00e3o n.\u00ba 00\/2016, de 04 de Maio (vers. atualizada)<\/a><\/p><\/div>\n\n\n\n<div id=\"wp-block-themeisle-blocks-icon-list-item-2bbea98f\" class=\"wp-block-themeisle-blocks-icon-list-item\"><i class=\"fas fa-check wp-block-themeisle-blocks-icon-list-item-icon\"><\/i><p class=\"wp-block-themeisle-blocks-icon-list-item-content\"><a href=\"https:\/\/escoladigital.madeira.gov.pt\/eb23torre\/wp-content\/uploads\/sites\/14\/2026\/03\/POLT-001-RGPD-Politica-Geral-PD-V1.1-20231115-C2-1.pdf\" data-type=\"link\" data-id=\"https:\/\/escoladigital.madeira.gov.pt\/eb23torre\/wp-content\/uploads\/sites\/14\/2026\/03\/POLT-001-RGPD-Politica-Geral-PD-V1.1-20231115-C2-1.pdf\" target=\"_blank\" rel=\"noreferrer noopener\">Pol\u00edtica Geral de Prote\u00e7\u00e3o de dados para a Administra\u00e7\u00e3o P\u00fablica da R.A.M.<\/a><\/p><\/div>\n<\/div>\n\n\n\n<p><\/p>\n","protected":false},"excerpt":{"rendered":"<p>O Regulamento (UE) 2016\/679, conhecido como RGPD, \u00e9 a principal legisla\u00e7\u00e3o europeia que estabelece as regras para o tratamento de dados pessoais, impondo princ\u00edpios como licitude, transpar\u00eancia, minimiza\u00e7\u00e3o e seguran\u00e7a, e responsabilizando as organiza\u00e7\u00f5es pela ado\u00e7\u00e3o de medidas t\u00e9cnicas e organizativas adequadas ao risco. Em Portugal, o RGPD \u00e9 complementado pela Lei n.\u00ba 58\/2019, que [&hellip;]<\/p>\n","protected":false},"author":20,"featured_media":0,"parent":0,"menu_order":0,"comment_status":"closed","ping_status":"closed","template":"","meta":{"site-sidebar-layout":"default","site-content-layout":"","ast-site-content-layout":"default","site-content-style":"default","site-sidebar-style":"default","ast-global-header-display":"","ast-banner-title-visibility":"","ast-main-header-display":"","ast-hfb-above-header-display":"","ast-hfb-below-header-display":"","ast-hfb-mobile-header-display":"","site-post-title":"","ast-breadcrumbs-content":"","ast-featured-img":"","footer-sml-layout":"","ast-disable-related-posts":"","theme-transparent-header-meta":"","adv-header-id-meta":"","stick-header-meta":"","header-above-stick-meta":"","header-main-stick-meta":"","header-below-stick-meta":"","astra-migrate-meta-layouts":"default","ast-page-background-enabled":"default","ast-page-background-meta":{"desktop":{"background-color":"var(--ast-global-color-5)","background-image":"","background-repeat":"repeat","background-position":"center center","background-size":"auto","background-attachment":"scroll","background-type":"","background-media":"","overlay-type":"","overlay-color":"","overlay-opacity":"","overlay-gradient":""},"tablet":{"background-color":"","background-image":"","background-repeat":"repeat","background-position":"center center","background-size":"auto","background-attachment":"scroll","background-type":"","background-media":"","overlay-type":"","overlay-color":"","overlay-opacity":"","overlay-gradient":""},"mobile":{"background-color":"","background-image":"","background-repeat":"repeat","background-position":"center center","background-size":"auto","background-attachment":"scroll","background-type":"","background-media":"","overlay-type":"","overlay-color":"","overlay-opacity":"","overlay-gradient":""}},"ast-content-background-meta":{"desktop":{"background-color":"var(--ast-global-color-4)","background-image":"","background-repeat":"repeat","background-position":"center center","background-size":"auto","background-attachment":"scroll","background-type":"","background-media":"","overlay-type":"","overlay-color":"","overlay-opacity":"","overlay-gradient":""},"tablet":{"background-color":"var(--ast-global-color-4)","background-image":"","background-repeat":"repeat","background-position":"center center","background-size":"auto","background-attachment":"scroll","background-type":"","background-media":"","overlay-type":"","overlay-color":"","overlay-opacity":"","overlay-gradient":""},"mobile":{"background-color":"var(--ast-global-color-4)","background-image":"","background-repeat":"repeat","background-position":"center center","background-size":"auto","background-attachment":"scroll","background-type":"","background-media":"","overlay-type":"","overlay-color":"","overlay-opacity":"","overlay-gradient":""}},"_themeisle_gutenberg_block_has_review":false,"footnotes":""},"class_list":["post-888","page","type-page","status-publish","hentry"],"_links":{"self":[{"href":"https:\/\/escoladigital.madeira.gov.pt\/eb23torre\/wp-json\/wp\/v2\/pages\/888","targetHints":{"allow":["GET"]}}],"collection":[{"href":"https:\/\/escoladigital.madeira.gov.pt\/eb23torre\/wp-json\/wp\/v2\/pages"}],"about":[{"href":"https:\/\/escoladigital.madeira.gov.pt\/eb23torre\/wp-json\/wp\/v2\/types\/page"}],"author":[{"embeddable":true,"href":"https:\/\/escoladigital.madeira.gov.pt\/eb23torre\/wp-json\/wp\/v2\/users\/20"}],"replies":[{"embeddable":true,"href":"https:\/\/escoladigital.madeira.gov.pt\/eb23torre\/wp-json\/wp\/v2\/comments?post=888"}],"version-history":[{"count":7,"href":"https:\/\/escoladigital.madeira.gov.pt\/eb23torre\/wp-json\/wp\/v2\/pages\/888\/revisions"}],"predecessor-version":[{"id":938,"href":"https:\/\/escoladigital.madeira.gov.pt\/eb23torre\/wp-json\/wp\/v2\/pages\/888\/revisions\/938"}],"wp:attachment":[{"href":"https:\/\/escoladigital.madeira.gov.pt\/eb23torre\/wp-json\/wp\/v2\/media?parent=888"}],"curies":[{"name":"wp","href":"https:\/\/api.w.org\/{rel}","templated":true}]}}