{"id":890,"date":"2026-03-31T11:23:00","date_gmt":"2026-03-31T11:23:00","guid":{"rendered":"https:\/\/escoladigital.madeira.gov.pt\/eb23torre\/?page_id=890"},"modified":"2026-03-31T12:24:32","modified_gmt":"2026-03-31T12:24:32","slug":"politicas","status":"publish","type":"page","link":"https:\/\/escoladigital.madeira.gov.pt\/eb23torre\/politicas\/","title":{"rendered":"Pol\u00edticas"},"content":{"rendered":"\n<div class=\"wp-block-media-text is-stacked-on-mobile\"><figure class=\"wp-block-media-text__media\"><img fetchpriority=\"high\" decoding=\"async\" width=\"1024\" height=\"683\" src=\"https:\/\/escoladigital.madeira.gov.pt\/eb23torre\/wp-content\/uploads\/sites\/14\/2026\/03\/Designer-1-1024x683.png\" alt=\"\" class=\"wp-image-901 size-full\" srcset=\"https:\/\/escoladigital.madeira.gov.pt\/eb23torre\/wp-content\/uploads\/sites\/14\/2026\/03\/Designer-1-1024x683.png 1024w, https:\/\/escoladigital.madeira.gov.pt\/eb23torre\/wp-content\/uploads\/sites\/14\/2026\/03\/Designer-1-300x200.png 300w, https:\/\/escoladigital.madeira.gov.pt\/eb23torre\/wp-content\/uploads\/sites\/14\/2026\/03\/Designer-1-768x512.png 768w, https:\/\/escoladigital.madeira.gov.pt\/eb23torre\/wp-content\/uploads\/sites\/14\/2026\/03\/Designer-1.png 1536w\" sizes=\"(max-width: 1024px) 100vw, 1024px\" \/><\/figure><div class=\"wp-block-media-text__content\">\n<p>As pol\u00edticas de RGPD da nossa escola, assentam em medidas t\u00e9cnicas e organizativas que garantem a <strong>confidencialidade, integridade e disponibilidade<\/strong> dos dados pessoais. <\/p>\n\n\n\n<p>As pol\u00edticas por n\u00f3s adotadas, dever\u00e3o garantir  que apenas utilizadores autorizados acedem aos dados pessoais, que os dossi\u00eas digitais s\u00e3o organizados e utilizados apenas para finalidades leg\u00edtimas, que o correio eletr\u00f3nico segue regras de seguran\u00e7a , e que, as solu\u00e7\u00f5es em nuvem adotam medidas robustas de prote\u00e7\u00e3o, assegurando a confidencialidade e integridade da informa\u00e7\u00e3o.<\/p>\n<\/div><\/div>\n\n\n\n<p>Segue uma lista das <strong>pol\u00edticas adotadas <\/strong>na Escola B\u00e1sica dos 2.\u00ba e 3.\u00ba Ciclos da Torre, no \u00e2mbito da <strong>ciberseguran\u00e7a<\/strong> e do<strong> RGPD<\/strong>:<\/p>\n\n\n\n<div id=\"wp-block-themeisle-blocks-icon-list-7a32ef31\" class=\"wp-block-themeisle-blocks-icon-list\">\n<div id=\"wp-block-themeisle-blocks-icon-list-item-3e7b7b57\" class=\"wp-block-themeisle-blocks-icon-list-item\"><i class=\"fas fa-check wp-block-themeisle-blocks-icon-list-item-icon\"><\/i><p class=\"wp-block-themeisle-blocks-icon-list-item-content\"><a href=\"https:\/\/escoladigital.madeira.gov.pt\/eb23torre\/wp-content\/uploads\/sites\/14\/2026\/03\/TMPL-006-RGPD-Politica-acesso-ddturma_ebtorre.pdf\" data-type=\"link\" data-id=\"https:\/\/escoladigital.madeira.gov.pt\/eb23torre\/wp-content\/uploads\/sites\/14\/2026\/03\/TMPL-006-RGPD-Politica-acesso-ddturma_ebtorre.pdf\" target=\"_blank\" rel=\"noreferrer noopener\">Pol\u00edtica de acesso e utiliza\u00e7\u00e3o do dossier digital de turma <\/a><\/p><\/div>\n\n\n\n<div id=\"wp-block-themeisle-blocks-icon-list-item-d944e3aa\" class=\"wp-block-themeisle-blocks-icon-list-item\"><i class=\"fas fa-check wp-block-themeisle-blocks-icon-list-item-icon\"><\/i><p class=\"wp-block-themeisle-blocks-icon-list-item-content\"><a href=\"https:\/\/escoladigital.madeira.gov.pt\/eb23torre\/wp-content\/uploads\/sites\/14\/2026\/03\/TMPL-006-RGPD-Politica-acesso-dd_ebtorre.pdf\" data-type=\"link\" data-id=\"https:\/\/escoladigital.madeira.gov.pt\/eb23torre\/wp-content\/uploads\/sites\/14\/2026\/03\/TMPL-006-RGPD-Politica-acesso-dd_ebtorre.pdf\" target=\"_blank\" rel=\"noreferrer noopener\">Pol\u00edtica de acesso e utiliza\u00e7\u00e3o do dossier digital<\/a><\/p><\/div>\n\n\n\n<div id=\"wp-block-themeisle-blocks-icon-list-item-30a8a247\" class=\"wp-block-themeisle-blocks-icon-list-item\"><i class=\"fas fa-check wp-block-themeisle-blocks-icon-list-item-icon\"><\/i><p class=\"wp-block-themeisle-blocks-icon-list-item-content\"><a href=\"https:\/\/escoladigital.madeira.gov.pt\/eb23torre\/wp-content\/uploads\/sites\/14\/2026\/03\/TMPL-007-RGPD-Politica-BYOD-V1.0-20231115-C2_ebtorre.pdf\" data-type=\"link\" data-id=\"https:\/\/escoladigital.madeira.gov.pt\/eb23torre\/wp-content\/uploads\/sites\/14\/2026\/03\/TMPL-007-RGPD-Politica-BYOD-V1.0-20231115-C2_ebtorre.pdf\" target=\"_blank\" rel=\"noreferrer noopener\">Pol\u00edtica de utiliza\u00e7\u00e3o de dispositivos m\u00f3veis<\/a><\/p><\/div>\n\n\n\n<div id=\"wp-block-themeisle-blocks-icon-list-item-153490bc\" class=\"wp-block-themeisle-blocks-icon-list-item\"><i class=\"fas fa-check wp-block-themeisle-blocks-icon-list-item-icon\"><\/i><p class=\"wp-block-themeisle-blocks-icon-list-item-content\"><a href=\"https:\/\/escoladigital.madeira.gov.pt\/eb23torre\/wp-content\/uploads\/sites\/14\/2026\/03\/TMPL-006-RGPD-Politica-Computacao-na-Nuvem-V1.0-20231115-C2_ebtorre.pdf\" data-type=\"link\" data-id=\"https:\/\/escoladigital.madeira.gov.pt\/eb23torre\/wp-content\/uploads\/sites\/14\/2026\/03\/TMPL-006-RGPD-Politica-Computacao-na-Nuvem-V1.0-20231115-C2_ebtorre.pdf\" target=\"_blank\" rel=\"noreferrer noopener\">Pol\u00edtica de computa\u00e7\u00e3o na nuvem<\/a><\/p><\/div>\n\n\n\n<div id=\"wp-block-themeisle-blocks-icon-list-item-83b2d0b1\" class=\"wp-block-themeisle-blocks-icon-list-item\"><i class=\"fas fa-check wp-block-themeisle-blocks-icon-list-item-icon\"><\/i><p class=\"wp-block-themeisle-blocks-icon-list-item-content\"><a href=\"https:\/\/escoladigital.madeira.gov.pt\/eb23torre\/wp-content\/uploads\/sites\/14\/2026\/03\/TMPL-008-RGPD-Politica-Controlo-de-Acessos-V1.0-20231115-C2_ebtorre.pdf\" data-type=\"link\" data-id=\"https:\/\/escoladigital.madeira.gov.pt\/eb23torre\/wp-content\/uploads\/sites\/14\/2026\/03\/TMPL-008-RGPD-Politica-Controlo-de-Acessos-V1.0-20231115-C2_ebtorre.pdf\" target=\"_blank\" rel=\"noreferrer noopener\">Pol\u00edtica de controlo de acessos<\/a><\/p><\/div>\n\n\n\n<div id=\"wp-block-themeisle-blocks-icon-list-item-9a1bc9ef\" class=\"wp-block-themeisle-blocks-icon-list-item\"><i class=\"fas fa-check wp-block-themeisle-blocks-icon-list-item-icon\"><\/i><p class=\"wp-block-themeisle-blocks-icon-list-item-content\"><a href=\"https:\/\/escoladigital.madeira.gov.pt\/eb23torre\/wp-content\/uploads\/sites\/14\/2026\/03\/TMPL-013-RGPD-Politica-Mensagens-Eletronicas-V1.0-20231115-C2_ebtorre.pdf\" data-type=\"link\" data-id=\"https:\/\/escoladigital.madeira.gov.pt\/eb23torre\/wp-content\/uploads\/sites\/14\/2026\/03\/TMPL-013-RGPD-Politica-Mensagens-Eletronicas-V1.0-20231115-C2_ebtorre.pdf\" target=\"_blank\" rel=\"noreferrer noopener\">Pol\u00edtica de mensagens eletr\u00f3nicas<\/a><\/p><\/div>\n\n\n\n<div id=\"wp-block-themeisle-blocks-icon-list-item-b96f237f\" class=\"wp-block-themeisle-blocks-icon-list-item\"><i class=\"fas fa-check wp-block-themeisle-blocks-icon-list-item-icon\"><\/i><p class=\"wp-block-themeisle-blocks-icon-list-item-content\"><a href=\"https:\/\/escoladigital.madeira.gov.pt\/eb23torre\/wp-content\/uploads\/sites\/14\/2026\/03\/Boas-Praticas_email_eb23torre.pdf\" data-type=\"link\" data-id=\"https:\/\/escoladigital.madeira.gov.pt\/eb23torre\/wp-content\/uploads\/sites\/14\/2026\/03\/Boas-Praticas_email_eb23torre.pdf\" target=\"_blank\" rel=\"noreferrer noopener\">Boas pr\u00e1ticas na utiliza\u00e7\u00e3o do correio eletr\u00f3nico<\/a><\/p><\/div>\n<\/div>\n\n\n\n<p><\/p>\n","protected":false},"excerpt":{"rendered":"<p>As pol\u00edticas de RGPD da nossa escola, assentam em medidas t\u00e9cnicas e organizativas que garantem a confidencialidade, integridade e disponibilidade dos dados pessoais. As pol\u00edticas por n\u00f3s adotadas, dever\u00e3o garantir que apenas utilizadores autorizados acedem aos dados pessoais, que os dossi\u00eas digitais s\u00e3o organizados e utilizados apenas para finalidades leg\u00edtimas, que o correio eletr\u00f3nico segue [&hellip;]<\/p>\n","protected":false},"author":20,"featured_media":0,"parent":0,"menu_order":0,"comment_status":"closed","ping_status":"closed","template":"","meta":{"site-sidebar-layout":"default","site-content-layout":"","ast-site-content-layout":"default","site-content-style":"default","site-sidebar-style":"default","ast-global-header-display":"","ast-banner-title-visibility":"","ast-main-header-display":"","ast-hfb-above-header-display":"","ast-hfb-below-header-display":"","ast-hfb-mobile-header-display":"","site-post-title":"","ast-breadcrumbs-content":"","ast-featured-img":"","footer-sml-layout":"","ast-disable-related-posts":"","theme-transparent-header-meta":"","adv-header-id-meta":"","stick-header-meta":"","header-above-stick-meta":"","header-main-stick-meta":"","header-below-stick-meta":"","astra-migrate-meta-layouts":"default","ast-page-background-enabled":"default","ast-page-background-meta":{"desktop":{"background-color":"var(--ast-global-color-5)","background-image":"","background-repeat":"repeat","background-position":"center center","background-size":"auto","background-attachment":"scroll","background-type":"","background-media":"","overlay-type":"","overlay-color":"","overlay-opacity":"","overlay-gradient":""},"tablet":{"background-color":"","background-image":"","background-repeat":"repeat","background-position":"center center","background-size":"auto","background-attachment":"scroll","background-type":"","background-media":"","overlay-type":"","overlay-color":"","overlay-opacity":"","overlay-gradient":""},"mobile":{"background-color":"","background-image":"","background-repeat":"repeat","background-position":"center center","background-size":"auto","background-attachment":"scroll","background-type":"","background-media":"","overlay-type":"","overlay-color":"","overlay-opacity":"","overlay-gradient":""}},"ast-content-background-meta":{"desktop":{"background-color":"var(--ast-global-color-4)","background-image":"","background-repeat":"repeat","background-position":"center center","background-size":"auto","background-attachment":"scroll","background-type":"","background-media":"","overlay-type":"","overlay-color":"","overlay-opacity":"","overlay-gradient":""},"tablet":{"background-color":"var(--ast-global-color-4)","background-image":"","background-repeat":"repeat","background-position":"center center","background-size":"auto","background-attachment":"scroll","background-type":"","background-media":"","overlay-type":"","overlay-color":"","overlay-opacity":"","overlay-gradient":""},"mobile":{"background-color":"var(--ast-global-color-4)","background-image":"","background-repeat":"repeat","background-position":"center center","background-size":"auto","background-attachment":"scroll","background-type":"","background-media":"","overlay-type":"","overlay-color":"","overlay-opacity":"","overlay-gradient":""}},"_themeisle_gutenberg_block_has_review":false,"footnotes":""},"class_list":["post-890","page","type-page","status-publish","hentry"],"_links":{"self":[{"href":"https:\/\/escoladigital.madeira.gov.pt\/eb23torre\/wp-json\/wp\/v2\/pages\/890","targetHints":{"allow":["GET"]}}],"collection":[{"href":"https:\/\/escoladigital.madeira.gov.pt\/eb23torre\/wp-json\/wp\/v2\/pages"}],"about":[{"href":"https:\/\/escoladigital.madeira.gov.pt\/eb23torre\/wp-json\/wp\/v2\/types\/page"}],"author":[{"embeddable":true,"href":"https:\/\/escoladigital.madeira.gov.pt\/eb23torre\/wp-json\/wp\/v2\/users\/20"}],"replies":[{"embeddable":true,"href":"https:\/\/escoladigital.madeira.gov.pt\/eb23torre\/wp-json\/wp\/v2\/comments?post=890"}],"version-history":[{"count":4,"href":"https:\/\/escoladigital.madeira.gov.pt\/eb23torre\/wp-json\/wp\/v2\/pages\/890\/revisions"}],"predecessor-version":[{"id":913,"href":"https:\/\/escoladigital.madeira.gov.pt\/eb23torre\/wp-json\/wp\/v2\/pages\/890\/revisions\/913"}],"wp:attachment":[{"href":"https:\/\/escoladigital.madeira.gov.pt\/eb23torre\/wp-json\/wp\/v2\/media?parent=890"}],"curies":[{"name":"wp","href":"https:\/\/api.w.org\/{rel}","templated":true}]}}