{"id":956,"date":"2026-04-12T11:38:51","date_gmt":"2026-04-12T11:38:51","guid":{"rendered":"https:\/\/escoladigital.madeira.gov.pt\/eb23torre\/?page_id=956"},"modified":"2026-04-13T14:37:25","modified_gmt":"2026-04-13T14:37:25","slug":"sala-aia","status":"publish","type":"page","link":"https:\/\/escoladigital.madeira.gov.pt\/eb23torre\/sala-aia\/","title":{"rendered":"Sala AIA\/Snoezelen"},"content":{"rendered":"\n<div class=\"wp-block-columns is-layout-flex wp-container-core-columns-is-layout-28f84493 wp-block-columns-is-layout-flex\">\n<div class=\"wp-block-column is-layout-flow wp-block-column-is-layout-flow\">\n<div id=\"wp-block-themeisle-blocks-slider-bc0e2b20\" class=\"wp-block-themeisle-blocks-slider glide\" data-per-view=\"1\" data-gap=\"0\" data-peek=\"0\" data-autoplay=\"true\" data-height=\"400px\" data-hide-arrows=\"false\"><div class=\"glide__track\" data-glide-el=\"track\"><div class=\"glide__slides\"><div class=\"wp-block-themeisle-blocks-slider-item-wrapper glide__slide\"><figure><img decoding=\"async\" class=\"wp-block-themeisle-blocks-slider-item\" src=\"https:\/\/escoladigital.madeira.gov.pt\/eb23torre\/wp-content\/uploads\/sites\/14\/2026\/04\/16a7adee-9783-498d-851c-4552e1340885.jpeg\" alt=\"\" title=\"\" data-id=\"1003\" \/><\/figure><\/div><div class=\"wp-block-themeisle-blocks-slider-item-wrapper glide__slide\"><figure><img decoding=\"async\" class=\"wp-block-themeisle-blocks-slider-item\" src=\"https:\/\/escoladigital.madeira.gov.pt\/eb23torre\/wp-content\/uploads\/sites\/14\/2026\/04\/2b3b149e-a49b-4d55-b2d7-29b0759051e6.jpeg\" alt=\"\" title=\"\" data-id=\"1000\" \/><\/figure><\/div><div class=\"wp-block-themeisle-blocks-slider-item-wrapper glide__slide\"><figure><img decoding=\"async\" class=\"wp-block-themeisle-blocks-slider-item\" src=\"https:\/\/escoladigital.madeira.gov.pt\/eb23torre\/wp-content\/uploads\/sites\/14\/2026\/04\/f194f451-4c4c-42ef-85ce-3a7003334574.jpeg\" alt=\"\" title=\"\" data-id=\"1002\" \/><\/figure><\/div><div class=\"wp-block-themeisle-blocks-slider-item-wrapper glide__slide\"><figure><img decoding=\"async\" class=\"wp-block-themeisle-blocks-slider-item\" src=\"https:\/\/escoladigital.madeira.gov.pt\/eb23torre\/wp-content\/uploads\/sites\/14\/2026\/04\/2221dcfb-5c93-4ac8-9482-7be56de135a7.jpeg\" alt=\"\" title=\"\" data-id=\"1004\" \/><\/figure><\/div><\/div><div class=\"glide__bullets\" data-glide-el=\"controls[nav]\"><button class=\"glide__bullet\" data-glide-dir=\"=0\"><\/button><button class=\"glide__bullet\" data-glide-dir=\"=1\"><\/button><button class=\"glide__bullet\" data-glide-dir=\"=2\"><\/button><button class=\"glide__bullet\" data-glide-dir=\"=3\"><\/button><\/div><\/div><\/div>\n<\/div>\n\n\n\n<div class=\"wp-block-column is-layout-flow wp-block-column-is-layout-flow\">\n<p class=\"has-medium-font-size\"><strong>Sala AIA (Ambiente Inovador de Aprendizagem)<\/strong><\/p>\n\n\n\n<p>Os Ambientes Inovadores na nossa escola assumem um papel cada vez mais relevante no processo educativo, na medida em que potenciam aprendizagens, favorecendo a inclus\u00e3o, a motiva\u00e7\u00e3o e o envolvimento ativo na constru\u00e7\u00e3o do conhecimento e desenvolvimento de compet\u00eancias.&nbsp;<\/p>\n\n\n\n<p>Assim, os Ambientes Inovadores constituem uma estrat\u00e9gia fundamental para a promo\u00e7\u00e3o de uma educa\u00e7\u00e3o de qualidade, capaz de preparar os alunos para os desafios do futuro.<\/p>\n<\/div>\n<\/div>\n\n\n\n<p>Atualmente, a sala \u00e9 utilizada para a leciona\u00e7\u00e3o da disciplina de Rob\u00f3tica (9.\u00ba Ano de escolaridade) e para sess\u00f5es de forma\u00e7\u00e3o de docentes, n\u00e3o docentes e outros elementos da comunidade educativa.<\/p>\n\n\n\n<p><a href=\"https:\/\/escoladigital.madeira.gov.pt\/eb23torre\/wp-content\/uploads\/sites\/14\/2026\/04\/Regulamento_AIA.pdf\" target=\"_blank\" rel=\"noreferrer noopener\">Consulta o Regulamento da Sala AIA aqui&#8230;<\/a><\/p>\n\n\n\n<p><a href=\"https:\/\/escoladigital.madeira.gov.pt\/eb23torre\/atividades-sala-aia\/\" data-type=\"page\" data-id=\"970\">Algumas atividades desenvolvidas na Sala AIA&#8230;<\/a><\/p>\n\n\n\n<p><strong>Respons\u00e1vel pela Sala AIA:<\/strong><\/p>\n\n\n\n<p>Prof.\u00aa Od\u00edlia Barreto \/ odilia.cfernandes@edu.madeira.gov.pt <\/p>\n\n\n\n<hr class=\"wp-block-separator has-alpha-channel-opacity\" \/>\n\n\n\n<div class=\"wp-block-columns are-vertically-aligned-top is-layout-flex wp-container-core-columns-is-layout-28f84493 wp-block-columns-is-layout-flex\">\n<div class=\"wp-block-column is-vertically-aligned-top is-layout-flow wp-block-column-is-layout-flow\">\n<p class=\"has-medium-font-size\"><strong>Sala<em>Snoezelen<\/em><\/strong><\/p>\n\n\n\n<p>A<em>&nbsp;sala Snoezelen<\/em>&nbsp;\u00e9 um ambiente multissensorial concebido para proporcionar um ambiente calmo, seguro e acolhedor, onde os alunos &nbsp;&nbsp;podem explorar est\u00edmulos visuais, sonoros, t\u00e1teis de forma tranquila e controlada.<\/p>\n\n\n\n<p>Esta sala contribui para o bem\u2011estar emocional e o desenvolvimento cognitivo e sensorial dos alunos, promovendo momentos de relaxamento, a aprendizagem significativa, a autonomia, a concentra\u00e7\u00e3o e a autorregula\u00e7\u00e3o.<\/p>\n<\/div>\n\n\n\n<div class=\"wp-block-column is-vertically-aligned-top is-layout-flow wp-block-column-is-layout-flow\">\n<div id=\"wp-block-themeisle-blocks-slider-3b70be33\" class=\"wp-block-themeisle-blocks-slider glide\" data-per-view=\"1\" data-gap=\"0\" data-peek=\"0\" data-autoplay=\"true\" data-height=\"400px\" data-hide-arrows=\"false\"><div class=\"glide__track\" data-glide-el=\"track\"><div class=\"glide__slides\"><div class=\"wp-block-themeisle-blocks-slider-item-wrapper glide__slide\"><figure><img decoding=\"async\" class=\"wp-block-themeisle-blocks-slider-item\" src=\"https:\/\/escoladigital.madeira.gov.pt\/eb23torre\/wp-content\/uploads\/sites\/14\/2026\/04\/e033183a-755f-4f4d-8c4c-63ed40eb38e2-1.jpeg\" alt=\"\" title=\"\" data-id=\"1020\" \/><\/figure><\/div><div class=\"wp-block-themeisle-blocks-slider-item-wrapper glide__slide\"><figure><img decoding=\"async\" class=\"wp-block-themeisle-blocks-slider-item\" src=\"https:\/\/escoladigital.madeira.gov.pt\/eb23torre\/wp-content\/uploads\/sites\/14\/2026\/04\/9ef77535-daad-4d9c-b826-f83c32217e03-1.jpeg\" alt=\"\" title=\"\" data-id=\"1021\" \/><\/figure><\/div><\/div><div class=\"glide__bullets\" data-glide-el=\"controls[nav]\"><button class=\"glide__bullet\" data-glide-dir=\"=0\"><\/button><button class=\"glide__bullet\" data-glide-dir=\"=1\"><\/button><\/div><\/div><\/div>\n<\/div>\n<\/div>\n\n\n\n<p><strong>Respons\u00e1vel pela Sala <em>Snoezelen<\/em>:<\/strong><\/p>\n\n\n\n<p>Vice-Presidente Maur\u00edcio Castro \/ mauricio.castro@edu.madeira.gov.pt<\/p>\n\n\n\n<figure class=\"wp-block-image size-large\"><img fetchpriority=\"high\" decoding=\"async\" width=\"1024\" height=\"105\" src=\"https:\/\/escoladigital.madeira.gov.pt\/eb23torre\/wp-content\/uploads\/sites\/14\/2026\/04\/PRR-1024x105.png\" alt=\"\" class=\"wp-image-954\" srcset=\"https:\/\/escoladigital.madeira.gov.pt\/eb23torre\/wp-content\/uploads\/sites\/14\/2026\/04\/PRR-1024x105.png 1024w, https:\/\/escoladigital.madeira.gov.pt\/eb23torre\/wp-content\/uploads\/sites\/14\/2026\/04\/PRR-300x31.png 300w, https:\/\/escoladigital.madeira.gov.pt\/eb23torre\/wp-content\/uploads\/sites\/14\/2026\/04\/PRR-768x79.png 768w, https:\/\/escoladigital.madeira.gov.pt\/eb23torre\/wp-content\/uploads\/sites\/14\/2026\/04\/PRR-1536x158.png 1536w, https:\/\/escoladigital.madeira.gov.pt\/eb23torre\/wp-content\/uploads\/sites\/14\/2026\/04\/PRR.png 1957w\" sizes=\"(max-width: 1024px) 100vw, 1024px\" \/><\/figure>\n\n\n\n<p><\/p>\n","protected":false},"excerpt":{"rendered":"<p>Sala AIA (Ambiente Inovador de Aprendizagem) Os Ambientes Inovadores na nossa escola assumem um papel cada vez mais relevante no processo educativo, na medida em que potenciam aprendizagens, favorecendo a inclus\u00e3o, a motiva\u00e7\u00e3o e o envolvimento ativo na constru\u00e7\u00e3o do conhecimento e desenvolvimento de compet\u00eancias.&nbsp; Assim, os Ambientes Inovadores constituem uma estrat\u00e9gia fundamental para a [&hellip;]<\/p>\n","protected":false},"author":20,"featured_media":0,"parent":0,"menu_order":0,"comment_status":"closed","ping_status":"closed","template":"","meta":{"site-sidebar-layout":"default","site-content-layout":"","ast-site-content-layout":"default","site-content-style":"default","site-sidebar-style":"default","ast-global-header-display":"","ast-banner-title-visibility":"","ast-main-header-display":"","ast-hfb-above-header-display":"","ast-hfb-below-header-display":"","ast-hfb-mobile-header-display":"","site-post-title":"","ast-breadcrumbs-content":"","ast-featured-img":"","footer-sml-layout":"","ast-disable-related-posts":"","theme-transparent-header-meta":"","adv-header-id-meta":"","stick-header-meta":"","header-above-stick-meta":"","header-main-stick-meta":"","header-below-stick-meta":"","astra-migrate-meta-layouts":"default","ast-page-background-enabled":"default","ast-page-background-meta":{"desktop":{"background-color":"var(--ast-global-color-5)","background-image":"","background-repeat":"repeat","background-position":"center center","background-size":"auto","background-attachment":"scroll","background-type":"","background-media":"","overlay-type":"","overlay-color":"","overlay-opacity":"","overlay-gradient":""},"tablet":{"background-color":"","background-image":"","background-repeat":"repeat","background-position":"center center","background-size":"auto","background-attachment":"scroll","background-type":"","background-media":"","overlay-type":"","overlay-color":"","overlay-opacity":"","overlay-gradient":""},"mobile":{"background-color":"","background-image":"","background-repeat":"repeat","background-position":"center center","background-size":"auto","background-attachment":"scroll","background-type":"","background-media":"","overlay-type":"","overlay-color":"","overlay-opacity":"","overlay-gradient":""}},"ast-content-background-meta":{"desktop":{"background-color":"var(--ast-global-color-4)","background-image":"","background-repeat":"repeat","background-position":"center center","background-size":"auto","background-attachment":"scroll","background-type":"","background-media":"","overlay-type":"","overlay-color":"","overlay-opacity":"","overlay-gradient":""},"tablet":{"background-color":"var(--ast-global-color-4)","background-image":"","background-repeat":"repeat","background-position":"center center","background-size":"auto","background-attachment":"scroll","background-type":"","background-media":"","overlay-type":"","overlay-color":"","overlay-opacity":"","overlay-gradient":""},"mobile":{"background-color":"var(--ast-global-color-4)","background-image":"","background-repeat":"repeat","background-position":"center center","background-size":"auto","background-attachment":"scroll","background-type":"","background-media":"","overlay-type":"","overlay-color":"","overlay-opacity":"","overlay-gradient":""}},"_themeisle_gutenberg_block_has_review":false,"footnotes":""},"class_list":["post-956","page","type-page","status-publish","hentry"],"_links":{"self":[{"href":"https:\/\/escoladigital.madeira.gov.pt\/eb23torre\/wp-json\/wp\/v2\/pages\/956","targetHints":{"allow":["GET"]}}],"collection":[{"href":"https:\/\/escoladigital.madeira.gov.pt\/eb23torre\/wp-json\/wp\/v2\/pages"}],"about":[{"href":"https:\/\/escoladigital.madeira.gov.pt\/eb23torre\/wp-json\/wp\/v2\/types\/page"}],"author":[{"embeddable":true,"href":"https:\/\/escoladigital.madeira.gov.pt\/eb23torre\/wp-json\/wp\/v2\/users\/20"}],"replies":[{"embeddable":true,"href":"https:\/\/escoladigital.madeira.gov.pt\/eb23torre\/wp-json\/wp\/v2\/comments?post=956"}],"version-history":[{"count":23,"href":"https:\/\/escoladigital.madeira.gov.pt\/eb23torre\/wp-json\/wp\/v2\/pages\/956\/revisions"}],"predecessor-version":[{"id":1028,"href":"https:\/\/escoladigital.madeira.gov.pt\/eb23torre\/wp-json\/wp\/v2\/pages\/956\/revisions\/1028"}],"wp:attachment":[{"href":"https:\/\/escoladigital.madeira.gov.pt\/eb23torre\/wp-json\/wp\/v2\/media?parent=956"}],"curies":[{"name":"wp","href":"https:\/\/api.w.org\/{rel}","templated":true}]}}