{"id":970,"date":"2026-04-12T12:00:57","date_gmt":"2026-04-12T12:00:57","guid":{"rendered":"https:\/\/escoladigital.madeira.gov.pt\/eb23torre\/?page_id=970"},"modified":"2026-04-12T16:52:16","modified_gmt":"2026-04-12T16:52:16","slug":"atividades-sala-aia","status":"publish","type":"page","link":"https:\/\/escoladigital.madeira.gov.pt\/eb23torre\/atividades-sala-aia\/","title":{"rendered":"Atividades Sala AIA"},"content":{"rendered":"\n<p>Desde que foi criada a Sala AIA na nossa escola, esta tem sido o palco de realiza\u00e7\u00e3o de diversas atividades, salientando-se as seguintes:<\/p>\n\n\n\n<div class=\"wp-block-media-text is-stacked-on-mobile\"><figure class=\"wp-block-media-text__media\"><img fetchpriority=\"high\" decoding=\"async\" width=\"1024\" height=\"576\" src=\"https:\/\/escoladigital.madeira.gov.pt\/eb23torre\/wp-content\/uploads\/sites\/14\/2026\/04\/IMG_20240314_160829-1024x576.jpg\" alt=\"\" class=\"wp-image-983 size-full\" srcset=\"https:\/\/escoladigital.madeira.gov.pt\/eb23torre\/wp-content\/uploads\/sites\/14\/2026\/04\/IMG_20240314_160829-1024x576.jpg 1024w, https:\/\/escoladigital.madeira.gov.pt\/eb23torre\/wp-content\/uploads\/sites\/14\/2026\/04\/IMG_20240314_160829-300x169.jpg 300w, https:\/\/escoladigital.madeira.gov.pt\/eb23torre\/wp-content\/uploads\/sites\/14\/2026\/04\/IMG_20240314_160829-768x432.jpg 768w, https:\/\/escoladigital.madeira.gov.pt\/eb23torre\/wp-content\/uploads\/sites\/14\/2026\/04\/IMG_20240314_160829-1536x864.jpg 1536w, https:\/\/escoladigital.madeira.gov.pt\/eb23torre\/wp-content\/uploads\/sites\/14\/2026\/04\/IMG_20240314_160829-2048x1152.jpg 2048w\" sizes=\"(max-width: 1024px) 100vw, 1024px\" \/><\/figure><div class=\"wp-block-media-text__content\">\n<p><strong>Corrida da Pulga<\/strong><\/p>\n\n\n\n<p>Montagem e programa\u00e7\u00e3o de um rob\u00f4 Lego Prime Spike, por alunos de 6.ano.<\/p>\n<\/div><\/div>\n\n\n\n<hr class=\"wp-block-separator has-alpha-channel-opacity\" \/>\n\n\n\n<div class=\"wp-block-media-text has-media-on-the-right is-stacked-on-mobile\"><div class=\"wp-block-media-text__content\">\n<p><strong>Participa\u00e7\u00e3o no LED (Laborat\u00f3rio de Educa\u00e7\u00e3o Digital<\/strong>)<\/p>\n\n\n\n<p>Workshop Lego Spike Prime &#8211; Implementa\u00e7\u00e3o do cen\u00e1rio <strong>&#8220;Seguran\u00e7a Rodovi\u00e1ria&#8221;<\/strong>, por turmas do 6.\u00ba ano de escolaridade, com recurso ao rob\u00f4 Lego Spike Prime.<\/p>\n\n\n\n<p><a href=\"https:\/\/dge.padlet.org\/dge\/laborat-rios-de-educa-o-digital-workshop-4-dwma6g5wg3ljjxx2\/wish\/lkROZP7lXDyLQjMg\" target=\"_blank\" rel=\"noreferrer noopener\">Para visualizar o v\u00eddeo com a atividade desenvolvida, carregue aqui&#8230;<\/a><\/p>\n<\/div><figure class=\"wp-block-media-text__media\"><img decoding=\"async\" width=\"1024\" height=\"665\" src=\"https:\/\/escoladigital.madeira.gov.pt\/eb23torre\/wp-content\/uploads\/sites\/14\/2026\/04\/Captura-de-ecra-2026-04-12-as-15.42.52-1024x665.png\" alt=\"\" class=\"wp-image-985 size-full\" srcset=\"https:\/\/escoladigital.madeira.gov.pt\/eb23torre\/wp-content\/uploads\/sites\/14\/2026\/04\/Captura-de-ecra-2026-04-12-as-15.42.52-1024x665.png 1024w, https:\/\/escoladigital.madeira.gov.pt\/eb23torre\/wp-content\/uploads\/sites\/14\/2026\/04\/Captura-de-ecra-2026-04-12-as-15.42.52-300x195.png 300w, https:\/\/escoladigital.madeira.gov.pt\/eb23torre\/wp-content\/uploads\/sites\/14\/2026\/04\/Captura-de-ecra-2026-04-12-as-15.42.52-768x499.png 768w, https:\/\/escoladigital.madeira.gov.pt\/eb23torre\/wp-content\/uploads\/sites\/14\/2026\/04\/Captura-de-ecra-2026-04-12-as-15.42.52-1536x997.png 1536w, https:\/\/escoladigital.madeira.gov.pt\/eb23torre\/wp-content\/uploads\/sites\/14\/2026\/04\/Captura-de-ecra-2026-04-12-as-15.42.52-2048x1329.png 2048w\" sizes=\"(max-width: 1024px) 100vw, 1024px\" \/><\/figure><\/div>\n\n\n\n<hr class=\"wp-block-separator has-alpha-channel-opacity\" \/>\n\n\n\n<div class=\"wp-block-media-text is-stacked-on-mobile\"><figure class=\"wp-block-media-text__media\"><img decoding=\"async\" width=\"1024\" height=\"791\" src=\"https:\/\/escoladigital.madeira.gov.pt\/eb23torre\/wp-content\/uploads\/sites\/14\/2026\/04\/Captura-de-ecra-2026-04-12-as-15.53.01-1024x791.png\" alt=\"\" class=\"wp-image-988 size-full\" srcset=\"https:\/\/escoladigital.madeira.gov.pt\/eb23torre\/wp-content\/uploads\/sites\/14\/2026\/04\/Captura-de-ecra-2026-04-12-as-15.53.01-1024x791.png 1024w, https:\/\/escoladigital.madeira.gov.pt\/eb23torre\/wp-content\/uploads\/sites\/14\/2026\/04\/Captura-de-ecra-2026-04-12-as-15.53.01-300x232.png 300w, https:\/\/escoladigital.madeira.gov.pt\/eb23torre\/wp-content\/uploads\/sites\/14\/2026\/04\/Captura-de-ecra-2026-04-12-as-15.53.01-768x593.png 768w, https:\/\/escoladigital.madeira.gov.pt\/eb23torre\/wp-content\/uploads\/sites\/14\/2026\/04\/Captura-de-ecra-2026-04-12-as-15.53.01.png 1264w\" sizes=\"(max-width: 1024px) 100vw, 1024px\" \/><\/figure><div class=\"wp-block-media-text__content\">\n<p><strong>Participa\u00e7\u00e3o no LED (Laborat\u00f3rio de Educa\u00e7\u00e3o Digital<\/strong>)<\/p>\n\n\n\n<p>Workshop Lego Spike Prime &#8211; Implementa\u00e7\u00e3o do cen\u00e1rio <strong>&#8220;A Fada Oriana&#8221;<\/strong>, por turmas do 6.\u00ba ano de escolaridade, com recurso ao rob\u00f4 Lego Spike Prime.<\/p>\n\n\n\n<p><a href=\"https:\/\/www.youtube.com\/watch?v=r-lxcldCZK8.\" target=\"_blank\" rel=\"noreferrer noopener\">Para visualizar o v\u00eddeo com a atividade desenvolvida, carregue aqui&#8230;<\/a><\/p>\n<\/div><\/div>\n\n\n\n<hr class=\"wp-block-separator has-alpha-channel-opacity\" \/>\n\n\n\n<div class=\"wp-block-media-text has-media-on-the-right is-stacked-on-mobile\"><div class=\"wp-block-media-text__content\">\n<p><strong>Laborat\u00f3rios de Educa\u00e7\u00e3o Digital: Cen\u00e1rios de Aprendizagem Ativa<\/strong><\/p>\n\n\n\n<p>V\u00e1rios docentes da escola foram oradores na forma\u00e7\u00e3o LED da DGE, partilhando as suas pr\u00e1ticas pedag\u00f3gicas com recurso \u00e0 Sala AIA da nossa escola( professores Od\u00edlia Barreto, Paulo Coutinho e Liliana Fernandes). Os contributos da nossa escola para a DGE est\u00e3o agora compilados na 3.\u00aa edi\u00e7\u00e3o do\u00a0<strong>MOOC &#8220;Laborat\u00f3rios de Educa\u00e7\u00e3o Digital: Cen\u00e1rios de Aprendizagem Ativa&#8221;, nomeadamente no m\u00f3dulo 5<\/strong>.<\/p>\n\n\n\n<p><a href=\"https:\/\/www.youtube.com\/watch?v=8iYXg2rZTo0&amp;t=1s\" target=\"_blank\" rel=\"noreferrer noopener\">Para visualizar o v\u00eddeo de apresenta\u00e7\u00e3o, publicado na DGE e na NAU, clique aqui&#8230;<\/a><\/p>\n<\/div><figure class=\"wp-block-media-text__media\"><img loading=\"lazy\" decoding=\"async\" width=\"1024\" height=\"605\" src=\"https:\/\/escoladigital.madeira.gov.pt\/eb23torre\/wp-content\/uploads\/sites\/14\/2026\/04\/Captura-de-ecra-2026-04-12-as-17.27.10-1024x605.png\" alt=\"\" class=\"wp-image-993 size-full\" srcset=\"https:\/\/escoladigital.madeira.gov.pt\/eb23torre\/wp-content\/uploads\/sites\/14\/2026\/04\/Captura-de-ecra-2026-04-12-as-17.27.10-1024x605.png 1024w, https:\/\/escoladigital.madeira.gov.pt\/eb23torre\/wp-content\/uploads\/sites\/14\/2026\/04\/Captura-de-ecra-2026-04-12-as-17.27.10-300x177.png 300w, https:\/\/escoladigital.madeira.gov.pt\/eb23torre\/wp-content\/uploads\/sites\/14\/2026\/04\/Captura-de-ecra-2026-04-12-as-17.27.10-768x454.png 768w, https:\/\/escoladigital.madeira.gov.pt\/eb23torre\/wp-content\/uploads\/sites\/14\/2026\/04\/Captura-de-ecra-2026-04-12-as-17.27.10-1536x908.png 1536w, https:\/\/escoladigital.madeira.gov.pt\/eb23torre\/wp-content\/uploads\/sites\/14\/2026\/04\/Captura-de-ecra-2026-04-12-as-17.27.10-2048x1211.png 2048w\" sizes=\"(max-width: 1024px) 100vw, 1024px\" \/><\/figure><\/div>\n\n\n\n<hr class=\"wp-block-separator has-alpha-channel-opacity\" \/>\n\n\n\n<div class=\"wp-block-media-text is-stacked-on-mobile\"><figure class=\"wp-block-media-text__media\"><img loading=\"lazy\" decoding=\"async\" width=\"1024\" height=\"683\" src=\"https:\/\/escoladigital.madeira.gov.pt\/eb23torre\/wp-content\/uploads\/sites\/14\/2026\/04\/Designer-3-1024x683.png\" alt=\"\" class=\"wp-image-995 size-full\" srcset=\"https:\/\/escoladigital.madeira.gov.pt\/eb23torre\/wp-content\/uploads\/sites\/14\/2026\/04\/Designer-3-1024x683.png 1024w, https:\/\/escoladigital.madeira.gov.pt\/eb23torre\/wp-content\/uploads\/sites\/14\/2026\/04\/Designer-3-300x200.png 300w, https:\/\/escoladigital.madeira.gov.pt\/eb23torre\/wp-content\/uploads\/sites\/14\/2026\/04\/Designer-3-768x512.png 768w, https:\/\/escoladigital.madeira.gov.pt\/eb23torre\/wp-content\/uploads\/sites\/14\/2026\/04\/Designer-3.png 1536w\" sizes=\"(max-width: 1024px) 100vw, 1024px\" \/><\/figure><div class=\"wp-block-media-text__content\">\n<p><strong>A\u00e7\u00f5es Formativas realizadas na Sala AIA<\/strong><\/p>\n\n\n\n<p>J\u00e1 foram realizadas v\u00e1rias a\u00e7\u00f5es formativas, nomeadamente:<\/p>\n\n\n\n<div id=\"wp-block-themeisle-blocks-icon-list-845aa0d6\" class=\"wp-block-themeisle-blocks-icon-list\">\n<div id=\"wp-block-themeisle-blocks-icon-list-item-297dff39\" class=\"wp-block-themeisle-blocks-icon-list-item\"><i class=\"fas fa-check wp-block-themeisle-blocks-icon-list-item-icon\"><\/i><p class=\"wp-block-themeisle-blocks-icon-list-item-content\">A aula num Ambiente Inovador de Aprendizagem I (13 horas) ;<\/p><\/div>\n\n\n\n<div id=\"wp-block-themeisle-blocks-icon-list-item-ce37a327\" class=\"wp-block-themeisle-blocks-icon-list-item\"><i class=\"fas fa-check wp-block-themeisle-blocks-icon-list-item-icon\"><\/i><p class=\"wp-block-themeisle-blocks-icon-list-item-content\">A aula num Ambiente Inovador de Aprendizagem II (13 horas)<\/p><\/div>\n\n\n\n<div id=\"wp-block-themeisle-blocks-icon-list-item-2dfb4465\" class=\"wp-block-themeisle-blocks-icon-list-item\"><i class=\"fas fa-check wp-block-themeisle-blocks-icon-list-item-icon\"><\/i><p class=\"wp-block-themeisle-blocks-icon-list-item-content\">A Intelig\u00eancia Artificial como Apoio \u00e0 Pr\u00e1tica Docente (13 horas).<\/p><\/div>\n<\/div>\n<\/div><\/div>\n\n\n\n<hr class=\"wp-block-separator has-alpha-channel-opacity\" \/>\n\n\n\n<figure class=\"wp-block-image size-large\"><img loading=\"lazy\" decoding=\"async\" width=\"1024\" height=\"105\" src=\"https:\/\/escoladigital.madeira.gov.pt\/eb23torre\/wp-content\/uploads\/sites\/14\/2026\/04\/PRR-1024x105.png\" alt=\"\" class=\"wp-image-954\" srcset=\"https:\/\/escoladigital.madeira.gov.pt\/eb23torre\/wp-content\/uploads\/sites\/14\/2026\/04\/PRR-1024x105.png 1024w, https:\/\/escoladigital.madeira.gov.pt\/eb23torre\/wp-content\/uploads\/sites\/14\/2026\/04\/PRR-300x31.png 300w, https:\/\/escoladigital.madeira.gov.pt\/eb23torre\/wp-content\/uploads\/sites\/14\/2026\/04\/PRR-768x79.png 768w, https:\/\/escoladigital.madeira.gov.pt\/eb23torre\/wp-content\/uploads\/sites\/14\/2026\/04\/PRR-1536x158.png 1536w, https:\/\/escoladigital.madeira.gov.pt\/eb23torre\/wp-content\/uploads\/sites\/14\/2026\/04\/PRR.png 1957w\" sizes=\"(max-width: 1024px) 100vw, 1024px\" \/><\/figure>\n\n\n\n<p><\/p>\n","protected":false},"excerpt":{"rendered":"<p>Desde que foi criada a Sala AIA na nossa escola, esta tem sido o palco de realiza\u00e7\u00e3o de diversas atividades, salientando-se as seguintes: Corrida da Pulga Montagem e programa\u00e7\u00e3o de um rob\u00f4 Lego Prime Spike, por alunos de 6.ano. Participa\u00e7\u00e3o no LED (Laborat\u00f3rio de Educa\u00e7\u00e3o Digital) Workshop Lego Spike Prime &#8211; Implementa\u00e7\u00e3o do cen\u00e1rio &#8220;Seguran\u00e7a [&hellip;]<\/p>\n","protected":false},"author":20,"featured_media":0,"parent":0,"menu_order":0,"comment_status":"closed","ping_status":"closed","template":"","meta":{"site-sidebar-layout":"default","site-content-layout":"","ast-site-content-layout":"default","site-content-style":"default","site-sidebar-style":"default","ast-global-header-display":"","ast-banner-title-visibility":"","ast-main-header-display":"","ast-hfb-above-header-display":"","ast-hfb-below-header-display":"","ast-hfb-mobile-header-display":"","site-post-title":"","ast-breadcrumbs-content":"","ast-featured-img":"","footer-sml-layout":"","ast-disable-related-posts":"","theme-transparent-header-meta":"","adv-header-id-meta":"","stick-header-meta":"","header-above-stick-meta":"","header-main-stick-meta":"","header-below-stick-meta":"","astra-migrate-meta-layouts":"default","ast-page-background-enabled":"default","ast-page-background-meta":{"desktop":{"background-color":"var(--ast-global-color-5)","background-image":"","background-repeat":"repeat","background-position":"center center","background-size":"auto","background-attachment":"scroll","background-type":"","background-media":"","overlay-type":"","overlay-color":"","overlay-opacity":"","overlay-gradient":""},"tablet":{"background-color":"","background-image":"","background-repeat":"repeat","background-position":"center center","background-size":"auto","background-attachment":"scroll","background-type":"","background-media":"","overlay-type":"","overlay-color":"","overlay-opacity":"","overlay-gradient":""},"mobile":{"background-color":"","background-image":"","background-repeat":"repeat","background-position":"center center","background-size":"auto","background-attachment":"scroll","background-type":"","background-media":"","overlay-type":"","overlay-color":"","overlay-opacity":"","overlay-gradient":""}},"ast-content-background-meta":{"desktop":{"background-color":"var(--ast-global-color-4)","background-image":"","background-repeat":"repeat","background-position":"center center","background-size":"auto","background-attachment":"scroll","background-type":"","background-media":"","overlay-type":"","overlay-color":"","overlay-opacity":"","overlay-gradient":""},"tablet":{"background-color":"var(--ast-global-color-4)","background-image":"","background-repeat":"repeat","background-position":"center center","background-size":"auto","background-attachment":"scroll","background-type":"","background-media":"","overlay-type":"","overlay-color":"","overlay-opacity":"","overlay-gradient":""},"mobile":{"background-color":"var(--ast-global-color-4)","background-image":"","background-repeat":"repeat","background-position":"center center","background-size":"auto","background-attachment":"scroll","background-type":"","background-media":"","overlay-type":"","overlay-color":"","overlay-opacity":"","overlay-gradient":""}},"_themeisle_gutenberg_block_has_review":false,"footnotes":""},"class_list":["post-970","page","type-page","status-publish","hentry"],"_links":{"self":[{"href":"https:\/\/escoladigital.madeira.gov.pt\/eb23torre\/wp-json\/wp\/v2\/pages\/970","targetHints":{"allow":["GET"]}}],"collection":[{"href":"https:\/\/escoladigital.madeira.gov.pt\/eb23torre\/wp-json\/wp\/v2\/pages"}],"about":[{"href":"https:\/\/escoladigital.madeira.gov.pt\/eb23torre\/wp-json\/wp\/v2\/types\/page"}],"author":[{"embeddable":true,"href":"https:\/\/escoladigital.madeira.gov.pt\/eb23torre\/wp-json\/wp\/v2\/users\/20"}],"replies":[{"embeddable":true,"href":"https:\/\/escoladigital.madeira.gov.pt\/eb23torre\/wp-json\/wp\/v2\/comments?post=970"}],"version-history":[{"count":9,"href":"https:\/\/escoladigital.madeira.gov.pt\/eb23torre\/wp-json\/wp\/v2\/pages\/970\/revisions"}],"predecessor-version":[{"id":996,"href":"https:\/\/escoladigital.madeira.gov.pt\/eb23torre\/wp-json\/wp\/v2\/pages\/970\/revisions\/996"}],"wp:attachment":[{"href":"https:\/\/escoladigital.madeira.gov.pt\/eb23torre\/wp-json\/wp\/v2\/media?parent=970"}],"curies":[{"name":"wp","href":"https:\/\/api.w.org\/{rel}","templated":true}]}}