{"id":11,"date":"2024-07-24T09:33:00","date_gmt":"2024-07-24T09:33:00","guid":{"rendered":"https:\/\/escoladigital.madeira.gov.pt\/ebpcruz\/?page_id=11"},"modified":"2026-03-12T13:22:31","modified_gmt":"2026-03-12T13:22:31","slug":"documentos","status":"publish","type":"page","link":"https:\/\/escoladigital.madeira.gov.pt\/ebpcruz\/documentos\/","title":{"rendered":"Documentos"},"content":{"rendered":"\n<p>Em atualiza\u00e7\u00e3o&#8230;<\/p>\n\n\n\n<h2 class=\"wp-block-heading\">Documentos Orientadores<\/h2>\n\n\n\n<ul class=\"wp-block-list\">\n<li><a href=\"https:\/\/escoladigital.madeira.gov.pt\/ebpcruz\/wp-content\/uploads\/sites\/10\/2025\/02\/2022-26ProjetoEducativoEscola.pdf\" target=\"_blank\" rel=\"noreferrer noopener\">Projeto Educativo 2022-2026<\/a>;<\/li>\n\n\n\n<li><a href=\"https:\/\/escoladigital.madeira.gov.pt\/ebpcruz\/wp-content\/uploads\/sites\/10\/2025\/02\/2023-12-12RegulamentoInterno.pdf\" data-type=\"link\" data-id=\"https:\/\/escoladigital.madeira.gov.pt\/ebpcruz\/wp-content\/uploads\/sites\/10\/2025\/02\/2023-12-12RegulamentoInterno.pdf\" target=\"_blank\" rel=\"noreferrer noopener\">Regulamento Interno<\/a>\n<ul class=\"wp-block-list\">\n<li><a href=\"https:\/\/escoladigital.madeira.gov.pt\/ebpcruz\/wp-content\/uploads\/sites\/10\/2026\/03\/2025-26Anexos-RI-EBPC-CCE11-11-2025.pdf\" target=\"_blank\" rel=\"noreferrer noopener\">Anexos 2025-2026<\/a><\/li>\n<\/ul>\n<\/li>\n\n\n\n<li><a href=\"https:\/\/escoladigital.madeira.gov.pt\/ebpcruz\/wp-content\/uploads\/sites\/10\/2025\/12\/2025_26_PAE_EBPC.pdf\" target=\"_blank\" rel=\"noreferrer noopener\">Plano Anual de Escola 2025\/2026<\/a>;<\/li>\n<\/ul>\n\n\n\n<h2 class=\"wp-block-heading\">Programa de Cumprimento Normativo<\/h2>\n\n\n\n<ul class=\"wp-block-list\">\n<li><a href=\"https:\/\/escoladigital.madeira.gov.pt\/ebpcruz\/wp-content\/uploads\/sites\/10\/2025\/02\/2025-02-11Codigo-de-condutaEBPCruzAPROVADO-CCE.pdf\" target=\"_blank\" rel=\"noreferrer noopener\">C\u00f3digo de conduta<\/a>;<\/li>\n\n\n\n<li><a href=\"https:\/\/escoladigital.madeira.gov.pt\/ebpcruz\/wp-content\/uploads\/sites\/10\/2025\/02\/2025-02-11-PPR-EBPCruzAPROVADO-CCE.pdf\" data-type=\"link\" data-id=\"https:\/\/escoladigital.madeira.gov.pt\/ebpcruz\/wp-content\/uploads\/sites\/10\/2025\/02\/2023PlanoGestaoRiscosCorrupcaoInfracoesConexas.pdf\" target=\"_blank\" rel=\"noreferrer noopener\">Plano de Preven\u00e7\u00e3o de Riscos &#8211; PPR<\/a>;\n<ul class=\"wp-block-list\">\n<li><a href=\"https:\/\/escoladigital.madeira.gov.pt\/ebpcruz\/wp-content\/uploads\/sites\/10\/2025\/11\/2025-10_PPR-RelatorioIntercalar.pdf\" target=\"_blank\" rel=\"noreferrer noopener\">PPR &#8211; Relat\u00f3rio de avalia\u00e7\u00e3o intercalar<\/a><\/li>\n<\/ul>\n<\/li>\n\n\n\n<li><a href=\"https:\/\/escoladigital.madeira.gov.pt\/ebpcruz\/wp-content\/uploads\/sites\/10\/2025\/02\/2025-02-11_Programa-de-Formacao-e-Comunicacao-para-a-IntegridadeEBPCruz-APROVADO-CCE.pdf\" target=\"_blank\" rel=\"noreferrer noopener\">Programa de Forma\u00e7\u00e3o e Comunica\u00e7\u00e3o para a Integridade<\/a>;<\/li>\n\n\n\n<li>No \u00e2mbito do Plano de Preven\u00e7\u00e3o de Riscos (PPR), o canal de den\u00fancia externa da escola \u00e9 acess\u00edvel a partir da seguinte hiperliga\u00e7\u00e3o: <a href=\"https:\/\/canaldenuncias.madeira.gov.pt\" target=\"_blank\" rel=\"noreferrer noopener\">https:\/\/canaldenuncias.madeira.gov.pt<\/a><\/li>\n\n\n\n<li>Forma\u00e7\u00e3o <a href=\"https:\/\/www.nau.edu.pt\/pt\/curso\/rgpd-para-cidadaos-atentos\/\" target=\"_blank\" rel=\"noreferrer noopener\">RGPD para Cidad\u00e3os Atentos<\/a> (NAU)<\/li>\n<\/ul>\n\n\n\n<h2 class=\"wp-block-heading\">Avalia\u00e7\u00e3o Interna<\/h2>\n\n\n\n<ul class=\"wp-block-list\">\n<li><a href=\"https:\/\/escoladigital.madeira.gov.pt\/ebpcruz\/wp-content\/uploads\/sites\/10\/2025\/12\/2025_26_Equipa_de_Autoavaliacao_da_Escola_Plano-de-Acao.pdf\" target=\"_blank\" rel=\"noreferrer noopener\">Plano de a\u00e7\u00e3o<\/a>.<\/li>\n\n\n\n<li>Relat\u00f3rio de autoavalia\u00e7\u00e3o.<\/li>\n\n\n\n<li>Avalia\u00e7\u00e3o do Projeto Educativo.<\/li>\n\n\n\n<li>Avalia\u00e7\u00e3o do PEE.<\/li>\n<\/ul>\n\n\n\n<h2 class=\"wp-block-heading\">Outros<\/h2>\n\n\n\n<ul class=\"wp-block-list\">\n<li><a href=\"https:\/\/escoladigital.madeira.gov.pt\/ebpcruz\/wp-content\/uploads\/sites\/10\/2025\/02\/2024Comp_Pag_Rec_31_12_2024.pdf\" target=\"_blank\" rel=\"noreferrer noopener\">Compromissos, pagamentos e recebimentos a 31 dezembro de 2024<\/a><\/li>\n\n\n\n<li><a href=\"https:\/\/escoladigital.madeira.gov.pt\/ebpcruz\/ciberseguranca\/\" data-type=\"page\" data-id=\"55\">Ciberseguran\u00e7a<\/a><\/li>\n\n\n\n<li><a href=\"https:\/\/escoladigital.madeira.gov.pt\/ebpcruz\/projetos__trashed\/manuais-digitais\/\" data-type=\"page\" data-id=\"68\">Manuais Digitais<\/a><\/li>\n<\/ul>\n","protected":false},"excerpt":{"rendered":"<p>Em atualiza\u00e7\u00e3o&#8230; Documentos Orientadores Programa de Cumprimento Normativo Avalia\u00e7\u00e3o Interna Outros<\/p>\n","protected":false},"author":15,"featured_media":0,"parent":0,"menu_order":0,"comment_status":"closed","ping_status":"closed","template":"","meta":{"site-sidebar-layout":"default","site-content-layout":"","ast-site-content-layout":"","site-content-style":"default","site-sidebar-style":"default","ast-global-header-display":"","ast-banner-title-visibility":"","ast-main-header-display":"","ast-hfb-above-header-display":"","ast-hfb-below-header-display":"","ast-hfb-mobile-header-display":"","site-post-title":"disabled","ast-breadcrumbs-content":"","ast-featured-img":"","footer-sml-layout":"","ast-disable-related-posts":"","theme-transparent-header-meta":"","adv-header-id-meta":"","stick-header-meta":"","header-above-stick-meta":"","header-main-stick-meta":"","header-below-stick-meta":"","astra-migrate-meta-layouts":"default","ast-page-background-enabled":"default","ast-page-background-meta":{"desktop":{"background-color":"var(--ast-global-color-4)","background-image":"","background-repeat":"repeat","background-position":"center center","background-size":"auto","background-attachment":"scroll","background-type":"","background-media":"","overlay-type":"","overlay-color":"","overlay-opacity":"","overlay-gradient":""},"tablet":{"background-color":"","background-image":"","background-repeat":"repeat","background-position":"center center","background-size":"auto","background-attachment":"scroll","background-type":"","background-media":"","overlay-type":"","overlay-color":"","overlay-opacity":"","overlay-gradient":""},"mobile":{"background-color":"","background-image":"","background-repeat":"repeat","background-position":"center center","background-size":"auto","background-attachment":"scroll","background-type":"","background-media":"","overlay-type":"","overlay-color":"","overlay-opacity":"","overlay-gradient":""}},"ast-content-background-meta":{"desktop":{"background-color":"var(--ast-global-color-5)","background-image":"","background-repeat":"repeat","background-position":"center center","background-size":"auto","background-attachment":"scroll","background-type":"","background-media":"","overlay-type":"","overlay-color":"","overlay-opacity":"","overlay-gradient":""},"tablet":{"background-color":"var(--ast-global-color-5)","background-image":"","background-repeat":"repeat","background-position":"center center","background-size":"auto","background-attachment":"scroll","background-type":"","background-media":"","overlay-type":"","overlay-color":"","overlay-opacity":"","overlay-gradient":""},"mobile":{"background-color":"var(--ast-global-color-5)","background-image":"","background-repeat":"repeat","background-position":"center center","background-size":"auto","background-attachment":"scroll","background-type":"","background-media":"","overlay-type":"","overlay-color":"","overlay-opacity":"","overlay-gradient":""}},"_themeisle_gutenberg_block_has_review":false,"footnotes":""},"class_list":["post-11","page","type-page","status-publish","hentry"],"_links":{"self":[{"href":"https:\/\/escoladigital.madeira.gov.pt\/ebpcruz\/wp-json\/wp\/v2\/pages\/11","targetHints":{"allow":["GET"]}}],"collection":[{"href":"https:\/\/escoladigital.madeira.gov.pt\/ebpcruz\/wp-json\/wp\/v2\/pages"}],"about":[{"href":"https:\/\/escoladigital.madeira.gov.pt\/ebpcruz\/wp-json\/wp\/v2\/types\/page"}],"author":[{"embeddable":true,"href":"https:\/\/escoladigital.madeira.gov.pt\/ebpcruz\/wp-json\/wp\/v2\/users\/15"}],"replies":[{"embeddable":true,"href":"https:\/\/escoladigital.madeira.gov.pt\/ebpcruz\/wp-json\/wp\/v2\/comments?post=11"}],"version-history":[{"count":35,"href":"https:\/\/escoladigital.madeira.gov.pt\/ebpcruz\/wp-json\/wp\/v2\/pages\/11\/revisions"}],"predecessor-version":[{"id":2074,"href":"https:\/\/escoladigital.madeira.gov.pt\/ebpcruz\/wp-json\/wp\/v2\/pages\/11\/revisions\/2074"}],"wp:attachment":[{"href":"https:\/\/escoladigital.madeira.gov.pt\/ebpcruz\/wp-json\/wp\/v2\/media?parent=11"}],"curies":[{"name":"wp","href":"https:\/\/api.w.org\/{rel}","templated":true}]}}