{"id":1133,"date":"2025-02-13T23:11:49","date_gmt":"2025-02-13T23:11:49","guid":{"rendered":"https:\/\/escoladigital.madeira.gov.pt\/ebpcruz\/?page_id=1133"},"modified":"2026-03-16T09:33:44","modified_gmt":"2026-03-16T09:33:44","slug":"orgaos-de-gestao","status":"publish","type":"page","link":"https:\/\/escoladigital.madeira.gov.pt\/ebpcruz\/orgaos-de-gestao\/","title":{"rendered":"\u00d3rg\u00e3os de gest\u00e3o"},"content":{"rendered":"\n<p class=\"has-text-align-center\"><strong>Conselho da Comunidade Educativa<\/strong><\/p>\n\n\n\n<figure class=\"wp-block-image aligncenter size-large\"><img fetchpriority=\"high\" decoding=\"async\" width=\"1024\" height=\"787\" src=\"https:\/\/escoladigital.madeira.gov.pt\/ebpcruz\/wp-content\/uploads\/sites\/10\/2026\/03\/ConselhoComunidadeEducativa-1024x787.jpg\" alt=\"\" class=\"wp-image-2082\" srcset=\"https:\/\/escoladigital.madeira.gov.pt\/ebpcruz\/wp-content\/uploads\/sites\/10\/2026\/03\/ConselhoComunidadeEducativa-1024x787.jpg 1024w, https:\/\/escoladigital.madeira.gov.pt\/ebpcruz\/wp-content\/uploads\/sites\/10\/2026\/03\/ConselhoComunidadeEducativa-300x231.jpg 300w, https:\/\/escoladigital.madeira.gov.pt\/ebpcruz\/wp-content\/uploads\/sites\/10\/2026\/03\/ConselhoComunidadeEducativa-768x590.jpg 768w, https:\/\/escoladigital.madeira.gov.pt\/ebpcruz\/wp-content\/uploads\/sites\/10\/2026\/03\/ConselhoComunidadeEducativa.jpg 1220w\" sizes=\"(max-width: 1024px) 100vw, 1024px\" \/><\/figure>\n\n\n\n<p class=\"has-text-align-center\"><strong>Conselho Executivo<\/strong><\/p>\n\n\n\n<figure class=\"wp-block-image aligncenter size-large\"><img decoding=\"async\" width=\"1024\" height=\"178\" src=\"https:\/\/escoladigital.madeira.gov.pt\/ebpcruz\/wp-content\/uploads\/sites\/10\/2025\/02\/ConselhoExecutivo-1024x178.jpg\" alt=\"\" class=\"wp-image-1135\" srcset=\"https:\/\/escoladigital.madeira.gov.pt\/ebpcruz\/wp-content\/uploads\/sites\/10\/2025\/02\/ConselhoExecutivo-1024x178.jpg 1024w, https:\/\/escoladigital.madeira.gov.pt\/ebpcruz\/wp-content\/uploads\/sites\/10\/2025\/02\/ConselhoExecutivo-300x52.jpg 300w, https:\/\/escoladigital.madeira.gov.pt\/ebpcruz\/wp-content\/uploads\/sites\/10\/2025\/02\/ConselhoExecutivo-768x133.jpg 768w, https:\/\/escoladigital.madeira.gov.pt\/ebpcruz\/wp-content\/uploads\/sites\/10\/2025\/02\/ConselhoExecutivo.jpg 1220w\" sizes=\"(max-width: 1024px) 100vw, 1024px\" \/><\/figure>\n\n\n\n<p class=\"has-text-align-center\"><strong>Conselho Administrativo<\/strong><\/p>\n\n\n\n<figure class=\"wp-block-image aligncenter size-large\"><img decoding=\"async\" width=\"1024\" height=\"181\" src=\"https:\/\/escoladigital.madeira.gov.pt\/ebpcruz\/wp-content\/uploads\/sites\/10\/2025\/02\/ConselhoAdministrativo-1024x181.jpg\" alt=\"\" class=\"wp-image-1142\" srcset=\"https:\/\/escoladigital.madeira.gov.pt\/ebpcruz\/wp-content\/uploads\/sites\/10\/2025\/02\/ConselhoAdministrativo-1024x181.jpg 1024w, https:\/\/escoladigital.madeira.gov.pt\/ebpcruz\/wp-content\/uploads\/sites\/10\/2025\/02\/ConselhoAdministrativo-300x53.jpg 300w, https:\/\/escoladigital.madeira.gov.pt\/ebpcruz\/wp-content\/uploads\/sites\/10\/2025\/02\/ConselhoAdministrativo-768x136.jpg 768w, https:\/\/escoladigital.madeira.gov.pt\/ebpcruz\/wp-content\/uploads\/sites\/10\/2025\/02\/ConselhoAdministrativo.jpg 1220w\" sizes=\"(max-width: 1024px) 100vw, 1024px\" \/><\/figure>\n\n\n\n<p class=\"has-text-align-center\"><strong>Conselho Pedag\u00f3gico<\/strong><\/p>\n\n\n\n<figure class=\"wp-block-image aligncenter size-large\"><img loading=\"lazy\" decoding=\"async\" width=\"1024\" height=\"832\" src=\"https:\/\/escoladigital.madeira.gov.pt\/ebpcruz\/wp-content\/uploads\/sites\/10\/2025\/02\/ConselhoPedagogico-1024x832.jpg\" alt=\"\" class=\"wp-image-1141\" srcset=\"https:\/\/escoladigital.madeira.gov.pt\/ebpcruz\/wp-content\/uploads\/sites\/10\/2025\/02\/ConselhoPedagogico-1024x832.jpg 1024w, https:\/\/escoladigital.madeira.gov.pt\/ebpcruz\/wp-content\/uploads\/sites\/10\/2025\/02\/ConselhoPedagogico-300x244.jpg 300w, https:\/\/escoladigital.madeira.gov.pt\/ebpcruz\/wp-content\/uploads\/sites\/10\/2025\/02\/ConselhoPedagogico-768x624.jpg 768w, https:\/\/escoladigital.madeira.gov.pt\/ebpcruz\/wp-content\/uploads\/sites\/10\/2025\/02\/ConselhoPedagogico.jpg 1220w\" sizes=\"(max-width: 1024px) 100vw, 1024px\" \/><\/figure>\n","protected":false},"excerpt":{"rendered":"<p>Conselho da Comunidade Educativa Conselho Executivo Conselho Administrativo Conselho Pedag\u00f3gico<\/p>\n","protected":false},"author":15,"featured_media":0,"parent":0,"menu_order":0,"comment_status":"closed","ping_status":"closed","template":"","meta":{"site-sidebar-layout":"default","site-content-layout":"","ast-site-content-layout":"default","site-content-style":"default","site-sidebar-style":"default","ast-global-header-display":"","ast-banner-title-visibility":"","ast-main-header-display":"","ast-hfb-above-header-display":"","ast-hfb-below-header-display":"","ast-hfb-mobile-header-display":"","site-post-title":"","ast-breadcrumbs-content":"","ast-featured-img":"","footer-sml-layout":"","ast-disable-related-posts":"","theme-transparent-header-meta":"","adv-header-id-meta":"","stick-header-meta":"","header-above-stick-meta":"","header-main-stick-meta":"","header-below-stick-meta":"","astra-migrate-meta-layouts":"default","ast-page-background-enabled":"default","ast-page-background-meta":{"desktop":{"background-color":"var(--ast-global-color-4)","background-image":"","background-repeat":"repeat","background-position":"center center","background-size":"auto","background-attachment":"scroll","background-type":"","background-media":"","overlay-type":"","overlay-color":"","overlay-opacity":"","overlay-gradient":""},"tablet":{"background-color":"","background-image":"","background-repeat":"repeat","background-position":"center center","background-size":"auto","background-attachment":"scroll","background-type":"","background-media":"","overlay-type":"","overlay-color":"","overlay-opacity":"","overlay-gradient":""},"mobile":{"background-color":"","background-image":"","background-repeat":"repeat","background-position":"center center","background-size":"auto","background-attachment":"scroll","background-type":"","background-media":"","overlay-type":"","overlay-color":"","overlay-opacity":"","overlay-gradient":""}},"ast-content-background-meta":{"desktop":{"background-color":"var(--ast-global-color-5)","background-image":"","background-repeat":"repeat","background-position":"center center","background-size":"auto","background-attachment":"scroll","background-type":"","background-media":"","overlay-type":"","overlay-color":"","overlay-opacity":"","overlay-gradient":""},"tablet":{"background-color":"var(--ast-global-color-5)","background-image":"","background-repeat":"repeat","background-position":"center center","background-size":"auto","background-attachment":"scroll","background-type":"","background-media":"","overlay-type":"","overlay-color":"","overlay-opacity":"","overlay-gradient":""},"mobile":{"background-color":"var(--ast-global-color-5)","background-image":"","background-repeat":"repeat","background-position":"center center","background-size":"auto","background-attachment":"scroll","background-type":"","background-media":"","overlay-type":"","overlay-color":"","overlay-opacity":"","overlay-gradient":""}},"_themeisle_gutenberg_block_has_review":false,"footnotes":""},"class_list":["post-1133","page","type-page","status-publish","hentry"],"_links":{"self":[{"href":"https:\/\/escoladigital.madeira.gov.pt\/ebpcruz\/wp-json\/wp\/v2\/pages\/1133","targetHints":{"allow":["GET"]}}],"collection":[{"href":"https:\/\/escoladigital.madeira.gov.pt\/ebpcruz\/wp-json\/wp\/v2\/pages"}],"about":[{"href":"https:\/\/escoladigital.madeira.gov.pt\/ebpcruz\/wp-json\/wp\/v2\/types\/page"}],"author":[{"embeddable":true,"href":"https:\/\/escoladigital.madeira.gov.pt\/ebpcruz\/wp-json\/wp\/v2\/users\/15"}],"replies":[{"embeddable":true,"href":"https:\/\/escoladigital.madeira.gov.pt\/ebpcruz\/wp-json\/wp\/v2\/comments?post=1133"}],"version-history":[{"count":5,"href":"https:\/\/escoladigital.madeira.gov.pt\/ebpcruz\/wp-json\/wp\/v2\/pages\/1133\/revisions"}],"predecessor-version":[{"id":2084,"href":"https:\/\/escoladigital.madeira.gov.pt\/ebpcruz\/wp-json\/wp\/v2\/pages\/1133\/revisions\/2084"}],"wp:attachment":[{"href":"https:\/\/escoladigital.madeira.gov.pt\/ebpcruz\/wp-json\/wp\/v2\/media?parent=1133"}],"curies":[{"name":"wp","href":"https:\/\/api.w.org\/{rel}","templated":true}]}}