{"id":1207,"date":"2025-02-16T16:15:06","date_gmt":"2025-02-16T16:15:06","guid":{"rendered":"https:\/\/escoladigital.madeira.gov.pt\/ebpcruz\/?page_id=1207"},"modified":"2025-02-19T23:24:01","modified_gmt":"2025-02-19T23:24:01","slug":"bau-de-leitura","status":"publish","type":"page","link":"https:\/\/escoladigital.madeira.gov.pt\/ebpcruz\/projetos\/bau-de-leitura\/","title":{"rendered":"Ba\u00fa de Leitura"},"content":{"rendered":"\n<h2 class=\"wp-block-heading has-text-align-center\">Ba\u00fa de Leitura<\/h2>\n\n\n\n<figure class=\"wp-block-image aligncenter size-full is-resized\"><img fetchpriority=\"high\" decoding=\"async\" width=\"500\" height=\"500\" src=\"https:\/\/escoladigital.madeira.gov.pt\/ebpcruz\/wp-content\/uploads\/sites\/10\/2025\/02\/Bau.jpeg\" alt=\"\" class=\"wp-image-1217\" style=\"width:262px;height:auto\" srcset=\"https:\/\/escoladigital.madeira.gov.pt\/ebpcruz\/wp-content\/uploads\/sites\/10\/2025\/02\/Bau.jpeg 500w, https:\/\/escoladigital.madeira.gov.pt\/ebpcruz\/wp-content\/uploads\/sites\/10\/2025\/02\/Bau-300x300.jpeg 300w, https:\/\/escoladigital.madeira.gov.pt\/ebpcruz\/wp-content\/uploads\/sites\/10\/2025\/02\/Bau-150x150.jpeg 150w\" sizes=\"(max-width: 500px) 100vw, 500px\" \/><\/figure>\n\n\n<p><strong>Monitores:<\/strong><\/p>\n<pre>Prof.\u00aa Ana Rita<br \/>Prof. Ant\u00f3nio Silva<\/pre>\n\n\n<hr class=\"wp-block-separator has-alpha-channel-opacity is-style-wide\" \/>\n\n\n<p>\u00a0 O Projeto Ba\u00fa de Leitura, tutelado pela Secretaria Regional de Educa\u00e7\u00e3o, Ci\u00eancia e Tecnologia \u2013 Dire\u00e7\u00e3o Regional de Educa\u00e7\u00e3o, tem como objetivo primordial promover, junto dos alunos, o gosto pela leitura e pela escrita bem como o desenvolvimento de h\u00e1bitos de leitura e, consequentemente, desenvolver a cultura da popula\u00e7\u00e3o. <br \/>\u00a0 Durante este ano letivo ser\u00e3o dinamizadas diferentes atividades de forma a cativar os alunos para o prazer da leitura e da escrita. Assim, ser\u00e3o dinamizados os concursos Triatlo Liter\u00e1rio; Flashes Liter\u00e1rios e Escrita criativa. Ser\u00e1 realizada ainda a rota\u00e7\u00e3o dos ba\u00fas; a divulga\u00e7\u00e3o dos vencedores do passatempo Flashes Liter\u00e1rios do ano letivo transato e, no final, a devolu\u00e7\u00e3o do respetivo ba\u00fa. <\/p>\n\n\n<hr class=\"wp-block-separator has-alpha-channel-opacity is-style-wide\" \/>\n\n\n<div class=\"is-style-boxed wp-block-themeisle-blocks-posts-grid\" id=\"wp-block-themeisle-blocks-posts-grid-bfa6c0bc\"><div class=\"is-list\"><div class=\"o-posts-grid-post-blog o-posts-grid-post-plain\"><div class=\"o-posts-grid-post\"><div class=\"o-posts-grid-post-image\"><a href=\"https:\/\/escoladigital.madeira.gov.pt\/ebpcruz\/2025\/02\/18\/triatlo-literario-nivel-escola\/\"><img decoding=\"async\" width=\"228\" height=\"228\" src=\"https:\/\/escoladigital.madeira.gov.pt\/ebpcruz\/wp-content\/uploads\/sites\/10\/2025\/02\/2025TeatroLiterario.jpg\" class=\"attachment-full size-full\" alt=\"Triatlo Liter\u00e1rio &#8211; n\u00edvel escola\" srcset=\"https:\/\/escoladigital.madeira.gov.pt\/ebpcruz\/wp-content\/uploads\/sites\/10\/2025\/02\/2025TeatroLiterario.jpg 228w, https:\/\/escoladigital.madeira.gov.pt\/ebpcruz\/wp-content\/uploads\/sites\/10\/2025\/02\/2025TeatroLiterario-150x150.jpg 150w\" sizes=\"(max-width: 228px) 100vw, 228px\" \/><\/a><\/div><div class=\"o-posts-grid-post-body\"><span class=\"o-posts-grid-post-category\"><a href=\"https:\/\/escoladigital.madeira.gov.pt\/ebpcruz\/category\/bau\/\">BL<\/a><\/span><h4 class=\"o-posts-grid-post-title\"><a href=\"https:\/\/escoladigital.madeira.gov.pt\/ebpcruz\/2025\/02\/18\/triatlo-literario-nivel-escola\/\">Triatlo Liter\u00e1rio &#8211; n\u00edvel escola<\/a><\/h4><p class=\"o-posts-grid-post-meta\">  <time datetime=\"2025-02-18T18:10:01+00:00\">2025-02-18<\/time> <\/p><div class=\"o-posts-grid-post-description\"><p>A 5 e 12 de fevereiro realizou-se a emocionante competi\u00e7\u00e3o do Triatlo Liter\u00e1rio, ao n\u00edvel dos 2.\u00ba e 3.\u00ba ciclos, [&hellip;]<\/p><a class=\"o-posts-read-more\" href=\"https:\/\/escoladigital.madeira.gov.pt\/ebpcruz\/2025\/02\/18\/triatlo-literario-nivel-escola\/\">Read More<\/a><\/div><\/div><\/div><\/div><\/div> <div class=\"o-posts-grid-pag\"><\/div><\/div>","protected":false},"excerpt":{"rendered":"<p>Ba\u00fa de Leitura Monitores: Prof.\u00aa Ana RitaProf. Ant\u00f3nio Silva \u00a0 O Projeto Ba\u00fa de Leitura, tutelado pela Secretaria Regional de [&hellip;]<\/p>\n","protected":false},"author":15,"featured_media":0,"parent":119,"menu_order":0,"comment_status":"closed","ping_status":"closed","template":"","meta":{"site-sidebar-layout":"default","site-content-layout":"","ast-site-content-layout":"","site-content-style":"default","site-sidebar-style":"default","ast-global-header-display":"","ast-banner-title-visibility":"","ast-main-header-display":"","ast-hfb-above-header-display":"","ast-hfb-below-header-display":"","ast-hfb-mobile-header-display":"","site-post-title":"disabled","ast-breadcrumbs-content":"","ast-featured-img":"","footer-sml-layout":"","ast-disable-related-posts":"","theme-transparent-header-meta":"","adv-header-id-meta":"","stick-header-meta":"","header-above-stick-meta":"","header-main-stick-meta":"","header-below-stick-meta":"","astra-migrate-meta-layouts":"default","ast-page-background-enabled":"default","ast-page-background-meta":{"desktop":{"background-color":"var(--ast-global-color-4)","background-image":"","background-repeat":"repeat","background-position":"center center","background-size":"auto","background-attachment":"scroll","background-type":"","background-media":"","overlay-type":"","overlay-color":"","overlay-opacity":"","overlay-gradient":""},"tablet":{"background-color":"","background-image":"","background-repeat":"repeat","background-position":"center center","background-size":"auto","background-attachment":"scroll","background-type":"","background-media":"","overlay-type":"","overlay-color":"","overlay-opacity":"","overlay-gradient":""},"mobile":{"background-color":"","background-image":"","background-repeat":"repeat","background-position":"center center","background-size":"auto","background-attachment":"scroll","background-type":"","background-media":"","overlay-type":"","overlay-color":"","overlay-opacity":"","overlay-gradient":""}},"ast-content-background-meta":{"desktop":{"background-color":"var(--ast-global-color-5)","background-image":"","background-repeat":"repeat","background-position":"center center","background-size":"auto","background-attachment":"scroll","background-type":"","background-media":"","overlay-type":"","overlay-color":"","overlay-opacity":"","overlay-gradient":""},"tablet":{"background-color":"var(--ast-global-color-5)","background-image":"","background-repeat":"repeat","background-position":"center center","background-size":"auto","background-attachment":"scroll","background-type":"","background-media":"","overlay-type":"","overlay-color":"","overlay-opacity":"","overlay-gradient":""},"mobile":{"background-color":"var(--ast-global-color-5)","background-image":"","background-repeat":"repeat","background-position":"center center","background-size":"auto","background-attachment":"scroll","background-type":"","background-media":"","overlay-type":"","overlay-color":"","overlay-opacity":"","overlay-gradient":""}},"_themeisle_gutenberg_block_has_review":false,"footnotes":""},"class_list":["post-1207","page","type-page","status-publish","hentry"],"_links":{"self":[{"href":"https:\/\/escoladigital.madeira.gov.pt\/ebpcruz\/wp-json\/wp\/v2\/pages\/1207","targetHints":{"allow":["GET"]}}],"collection":[{"href":"https:\/\/escoladigital.madeira.gov.pt\/ebpcruz\/wp-json\/wp\/v2\/pages"}],"about":[{"href":"https:\/\/escoladigital.madeira.gov.pt\/ebpcruz\/wp-json\/wp\/v2\/types\/page"}],"author":[{"embeddable":true,"href":"https:\/\/escoladigital.madeira.gov.pt\/ebpcruz\/wp-json\/wp\/v2\/users\/15"}],"replies":[{"embeddable":true,"href":"https:\/\/escoladigital.madeira.gov.pt\/ebpcruz\/wp-json\/wp\/v2\/comments?post=1207"}],"version-history":[{"count":9,"href":"https:\/\/escoladigital.madeira.gov.pt\/ebpcruz\/wp-json\/wp\/v2\/pages\/1207\/revisions"}],"predecessor-version":[{"id":1410,"href":"https:\/\/escoladigital.madeira.gov.pt\/ebpcruz\/wp-json\/wp\/v2\/pages\/1207\/revisions\/1410"}],"up":[{"embeddable":true,"href":"https:\/\/escoladigital.madeira.gov.pt\/ebpcruz\/wp-json\/wp\/v2\/pages\/119"}],"wp:attachment":[{"href":"https:\/\/escoladigital.madeira.gov.pt\/ebpcruz\/wp-json\/wp\/v2\/media?parent=1207"}],"curies":[{"name":"wp","href":"https:\/\/api.w.org\/{rel}","templated":true}]}}