{"id":1253,"date":"2025-02-16T17:24:24","date_gmt":"2025-02-16T17:24:24","guid":{"rendered":"https:\/\/escoladigital.madeira.gov.pt\/ebpcruz\/?page_id=1253"},"modified":"2026-04-22T13:59:11","modified_gmt":"2026-04-22T13:59:11","slug":"eco-escolas","status":"publish","type":"page","link":"https:\/\/escoladigital.madeira.gov.pt\/ebpcruz\/projetos\/eco-escolas\/","title":{"rendered":"Eco-Escolas"},"content":{"rendered":"\n<figure class=\"wp-block-image aligncenter size-full is-resized\"><img fetchpriority=\"high\" decoding=\"async\" width=\"400\" height=\"400\" src=\"https:\/\/escoladigital.madeira.gov.pt\/ebpcruz\/wp-content\/uploads\/sites\/10\/2025\/02\/eco-escola_400x400.jpg\" alt=\"\" class=\"wp-image-964\" style=\"width:272px;height:auto\" srcset=\"https:\/\/escoladigital.madeira.gov.pt\/ebpcruz\/wp-content\/uploads\/sites\/10\/2025\/02\/eco-escola_400x400.jpg 400w, https:\/\/escoladigital.madeira.gov.pt\/ebpcruz\/wp-content\/uploads\/sites\/10\/2025\/02\/eco-escola_400x400-300x300.jpg 300w, https:\/\/escoladigital.madeira.gov.pt\/ebpcruz\/wp-content\/uploads\/sites\/10\/2025\/02\/eco-escola_400x400-150x150.jpg 150w\" sizes=\"(max-width: 400px) 100vw, 400px\" \/><\/figure>\n\n\n<p style=\"text-align: left\"><strong>Monitor<\/strong>:\u00a0<\/p>\n<pre>Prof.\u00aa Alice Sousa<br \/>Prof.  Nuno Moita<\/pre>\n\n\n<hr class=\"wp-block-separator has-alpha-channel-opacity is-style-wide\" \/>\n\n\n<p><strong>\u00a0 Projeto de Educa\u00e7\u00e3o Ambiental e Desenvolvimento Sustent\u00e1vel\/Eco-Escolas<\/strong> &#8211; Este projeto envolve diversas val\u00eancias que poder\u00e3o ser desenvolvidas na escola com o intuito de refletir sobre a biodiversidade, a conserva\u00e7\u00e3o e a responsabilidade, incentivando a um novo olhar sobre a sustentabilidade e o impacto negativo das decis\u00f5es tomadas no dia a dia, no \u00e2mbito da val\u00eancia da biodiversidade. <br \/>\u00a0 No que concerne ao Eco-Escolas, saliente-se que este \u00e9 um Programa Internacional da responsabilidade da Funda\u00e7\u00e3o para a Educa\u00e7\u00e3o Ambiental, coordenado a n\u00edvel nacional pela Associa\u00e7\u00e3o Bandeira Azul da Europa (ABAE), destinado, preferencialmente, \u00e0s escolas do ensino b\u00e1sico, que pretende encorajar a\u00e7\u00f5es, reconhecer e premiar o trabalho desenvolvido pela escola na melhoria do seu desempenho ambiental, gest\u00e3o do espa\u00e7o escolar e sensibiliza\u00e7\u00e3o da comunidade.<\/p>\n<p>\u00a0 A escola participa neste projeto h\u00e1 alguns anos, tendo recebido, anualmente, a bandeira verde, pelo que se considera que o mesmo \u00e9 relevante, uma vez que este estabelecimento de ensino \u00e9 uma escola da reserva da biosfera da UNESCO. A educa\u00e7\u00e3o ambiental pode ser desenvolvida com o objetivo de informar, sensibilizar e divulgar o patrim\u00f3nio natural do arquip\u00e9lago.<\/p>\n\n\n<hr class=\"wp-block-separator has-alpha-channel-opacity is-style-wide\" \/>\n\n\n<div class=\"is-style-boxed wp-block-themeisle-blocks-posts-grid\" id=\"wp-block-themeisle-blocks-posts-grid-d66fefcc\"><div class=\"is-list\"><div class=\"o-posts-grid-post-blog o-posts-grid-post-plain\"><div class=\"o-posts-grid-post\"><div class=\"o-posts-grid-post-image\"><a href=\"https:\/\/escoladigital.madeira.gov.pt\/ebpcruz\/2026\/04\/23\/hastear-da-bandeira-verde\/\"><img decoding=\"async\" width=\"400\" height=\"400\" src=\"https:\/\/escoladigital.madeira.gov.pt\/ebpcruz\/wp-content\/uploads\/sites\/10\/2025\/02\/eco-escola_400x400.jpg\" class=\"attachment-full size-full\" alt=\"Hastear da Bandeira Verde\" srcset=\"https:\/\/escoladigital.madeira.gov.pt\/ebpcruz\/wp-content\/uploads\/sites\/10\/2025\/02\/eco-escola_400x400.jpg 400w, https:\/\/escoladigital.madeira.gov.pt\/ebpcruz\/wp-content\/uploads\/sites\/10\/2025\/02\/eco-escola_400x400-300x300.jpg 300w, https:\/\/escoladigital.madeira.gov.pt\/ebpcruz\/wp-content\/uploads\/sites\/10\/2025\/02\/eco-escola_400x400-150x150.jpg 150w\" sizes=\"(max-width: 400px) 100vw, 400px\" \/><\/a><\/div><div class=\"o-posts-grid-post-body\"><span class=\"o-posts-grid-post-category\"><a href=\"https:\/\/escoladigital.madeira.gov.pt\/ebpcruz\/category\/eco-escolas\/\">Eco-Escolas<\/a><\/span><h4 class=\"o-posts-grid-post-title\"><a href=\"https:\/\/escoladigital.madeira.gov.pt\/ebpcruz\/2026\/04\/23\/hastear-da-bandeira-verde\/\">Hastear da Bandeira Verde<\/a><\/h4><p class=\"o-posts-grid-post-meta\">  <time datetime=\"2026-04-23T12:55:26+00:00\">2026-04-23<\/time> by <a href=\"https:\/\/escoladigital.madeira.gov.pt\/ebpcruz\/author\/ebpcruz\/\">ebpcruz<\/a><\/p><div class=\"o-posts-grid-post-description\"><p>No \u00e2mbito do Programa Eco-Escolas, realizou-se, no dia 27 de mar\u00e7o de 2026, a cerim\u00f3nia do Hastear d\u2026<\/p><\/div><\/div><\/div><\/div><div class=\"o-posts-grid-post-blog o-posts-grid-post-plain\"><div class=\"o-posts-grid-post\"><div class=\"o-posts-grid-post-image\"><a href=\"https:\/\/escoladigital.madeira.gov.pt\/ebpcruz\/2025\/02\/17\/mobilizacao-ambiental-alunos-e-missao-pais-pela-praia-da-alagoa\/\"><img decoding=\"async\" width=\"1600\" height=\"1200\" src=\"https:\/\/escoladigital.madeira.gov.pt\/ebpcruz\/wp-content\/uploads\/sites\/10\/2025\/02\/2025-02-11EscolaAzulEcoEscolas01.png\" class=\"attachment-full size-full\" alt=\"Mobiliza\u00e7\u00e3o Ambiental: Alunos e\u00a0Miss\u00e3o Pa\u00eds\u00a0pela Praia da Alagoa\" srcset=\"https:\/\/escoladigital.madeira.gov.pt\/ebpcruz\/wp-content\/uploads\/sites\/10\/2025\/02\/2025-02-11EscolaAzulEcoEscolas01.png 1600w, https:\/\/escoladigital.madeira.gov.pt\/ebpcruz\/wp-content\/uploads\/sites\/10\/2025\/02\/2025-02-11EscolaAzulEcoEscolas01-300x225.png 300w, https:\/\/escoladigital.madeira.gov.pt\/ebpcruz\/wp-content\/uploads\/sites\/10\/2025\/02\/2025-02-11EscolaAzulEcoEscolas01-1024x768.png 1024w, https:\/\/escoladigital.madeira.gov.pt\/ebpcruz\/wp-content\/uploads\/sites\/10\/2025\/02\/2025-02-11EscolaAzulEcoEscolas01-768x576.png 768w, https:\/\/escoladigital.madeira.gov.pt\/ebpcruz\/wp-content\/uploads\/sites\/10\/2025\/02\/2025-02-11EscolaAzulEcoEscolas01-1536x1152.png 1536w\" sizes=\"(max-width: 1600px) 100vw, 1600px\" \/><\/a><\/div><div class=\"o-posts-grid-post-body\"><span class=\"o-posts-grid-post-category\"><a href=\"https:\/\/escoladigital.madeira.gov.pt\/ebpcruz\/category\/eco-escolas\/\">Eco-Escolas<\/a><\/span><h4 class=\"o-posts-grid-post-title\"><a href=\"https:\/\/escoladigital.madeira.gov.pt\/ebpcruz\/2025\/02\/17\/mobilizacao-ambiental-alunos-e-missao-pais-pela-praia-da-alagoa\/\">Mobiliza\u00e7\u00e3o Ambiental: Alunos e\u00a0Miss\u00e3o Pa\u00eds\u00a0pela Praia da Alagoa<\/a><\/h4><p class=\"o-posts-grid-post-meta\">  <time datetime=\"2025-02-17T12:23:55+00:00\">2025-02-17<\/time> by <a href=\"https:\/\/escoladigital.madeira.gov.pt\/ebpcruz\/author\/ebpcruz\/\">ebpcruz<\/a><\/p><div class=\"o-posts-grid-post-description\"><p><\/p><\/div><\/div><\/div><\/div><\/div> <\/div>","protected":false},"excerpt":{"rendered":"<p>Monitor:\u00a0 Prof.\u00aa Alice SousaProf. Nuno Moita \u00a0 Projeto de Educa\u00e7\u00e3o Ambiental e Desenvolvimento Sustent\u00e1vel\/Eco-Escolas &#8211; Este projeto envolve diversas val\u00eancias [&hellip;]<\/p>\n","protected":false},"author":15,"featured_media":0,"parent":119,"menu_order":0,"comment_status":"closed","ping_status":"closed","template":"","meta":{"site-sidebar-layout":"no-sidebar","site-content-layout":"","ast-site-content-layout":"normal-width-container","site-content-style":"unboxed","site-sidebar-style":"default","ast-global-header-display":"","ast-banner-title-visibility":"","ast-main-header-display":"","ast-hfb-above-header-display":"","ast-hfb-below-header-display":"","ast-hfb-mobile-header-display":"","site-post-title":"disabled","ast-breadcrumbs-content":"","ast-featured-img":"","footer-sml-layout":"","ast-disable-related-posts":"","theme-transparent-header-meta":"","adv-header-id-meta":"","stick-header-meta":"","header-above-stick-meta":"","header-main-stick-meta":"","header-below-stick-meta":"","astra-migrate-meta-layouts":"default","ast-page-background-enabled":"default","ast-page-background-meta":{"desktop":{"background-color":"var(--ast-global-color-4)","background-image":"","background-repeat":"repeat","background-position":"center center","background-size":"auto","background-attachment":"scroll","background-type":"","background-media":"","overlay-type":"","overlay-color":"","overlay-opacity":"","overlay-gradient":""},"tablet":{"background-color":"","background-image":"","background-repeat":"repeat","background-position":"center center","background-size":"auto","background-attachment":"scroll","background-type":"","background-media":"","overlay-type":"","overlay-color":"","overlay-opacity":"","overlay-gradient":""},"mobile":{"background-color":"","background-image":"","background-repeat":"repeat","background-position":"center center","background-size":"auto","background-attachment":"scroll","background-type":"","background-media":"","overlay-type":"","overlay-color":"","overlay-opacity":"","overlay-gradient":""}},"ast-content-background-meta":{"desktop":{"background-color":"var(--ast-global-color-5)","background-image":"","background-repeat":"repeat","background-position":"center center","background-size":"auto","background-attachment":"scroll","background-type":"","background-media":"","overlay-type":"","overlay-color":"","overlay-opacity":"","overlay-gradient":""},"tablet":{"background-color":"var(--ast-global-color-5)","background-image":"","background-repeat":"repeat","background-position":"center center","background-size":"auto","background-attachment":"scroll","background-type":"","background-media":"","overlay-type":"","overlay-color":"","overlay-opacity":"","overlay-gradient":""},"mobile":{"background-color":"var(--ast-global-color-5)","background-image":"","background-repeat":"repeat","background-position":"center center","background-size":"auto","background-attachment":"scroll","background-type":"","background-media":"","overlay-type":"","overlay-color":"","overlay-opacity":"","overlay-gradient":""}},"_themeisle_gutenberg_block_has_review":false,"footnotes":""},"class_list":["post-1253","page","type-page","status-publish","hentry"],"_links":{"self":[{"href":"https:\/\/escoladigital.madeira.gov.pt\/ebpcruz\/wp-json\/wp\/v2\/pages\/1253","targetHints":{"allow":["GET"]}}],"collection":[{"href":"https:\/\/escoladigital.madeira.gov.pt\/ebpcruz\/wp-json\/wp\/v2\/pages"}],"about":[{"href":"https:\/\/escoladigital.madeira.gov.pt\/ebpcruz\/wp-json\/wp\/v2\/types\/page"}],"author":[{"embeddable":true,"href":"https:\/\/escoladigital.madeira.gov.pt\/ebpcruz\/wp-json\/wp\/v2\/users\/15"}],"replies":[{"embeddable":true,"href":"https:\/\/escoladigital.madeira.gov.pt\/ebpcruz\/wp-json\/wp\/v2\/comments?post=1253"}],"version-history":[{"count":6,"href":"https:\/\/escoladigital.madeira.gov.pt\/ebpcruz\/wp-json\/wp\/v2\/pages\/1253\/revisions"}],"predecessor-version":[{"id":2098,"href":"https:\/\/escoladigital.madeira.gov.pt\/ebpcruz\/wp-json\/wp\/v2\/pages\/1253\/revisions\/2098"}],"up":[{"embeddable":true,"href":"https:\/\/escoladigital.madeira.gov.pt\/ebpcruz\/wp-json\/wp\/v2\/pages\/119"}],"wp:attachment":[{"href":"https:\/\/escoladigital.madeira.gov.pt\/ebpcruz\/wp-json\/wp\/v2\/media?parent=1253"}],"curies":[{"name":"wp","href":"https:\/\/api.w.org\/{rel}","templated":true}]}}