{"id":1257,"date":"2025-02-16T17:29:32","date_gmt":"2025-02-16T17:29:32","guid":{"rendered":"https:\/\/escoladigital.madeira.gov.pt\/ebpcruz\/?page_id=1257"},"modified":"2025-02-20T23:17:44","modified_gmt":"2025-02-20T23:17:44","slug":"prer","status":"publish","type":"page","link":"https:\/\/escoladigital.madeira.gov.pt\/ebpcruz\/projetos\/prer\/","title":{"rendered":"PRER"},"content":{"rendered":"\n<figure class=\"wp-block-image aligncenter size-full is-resized\"><img fetchpriority=\"high\" decoding=\"async\" width=\"267\" height=\"267\" src=\"https:\/\/escoladigital.madeira.gov.pt\/ebpcruz\/wp-content\/uploads\/sites\/10\/2025\/02\/PRER2-1.jpg\" alt=\"\" class=\"wp-image-721\" style=\"width:272px;height:auto\" srcset=\"https:\/\/escoladigital.madeira.gov.pt\/ebpcruz\/wp-content\/uploads\/sites\/10\/2025\/02\/PRER2-1.jpg 267w, https:\/\/escoladigital.madeira.gov.pt\/ebpcruz\/wp-content\/uploads\/sites\/10\/2025\/02\/PRER2-1-150x150.jpg 150w\" sizes=\"(max-width: 267px) 100vw, 267px\" \/><\/figure>\n\n\n<p style=\"text-align: left\"><strong>Monitores<\/strong>:\u00a0<\/p>\n<pre>Prof.\u00aa Liliana Martins<br \/>Prof. Lu\u00eds Rocha<\/pre>\n\n\n<hr class=\"wp-block-separator has-alpha-channel-opacity is-style-wide\" \/>\n\n\n<p><strong>\u00a0 Plano Regional de Educa\u00e7\u00e3o Rodovi\u00e1ria &#8211; <\/strong>A Escola B\u00e1sica com Pr\u00e9-escolar do Porto da Cruz faz parte da rede de escolas envolvidas no Plano Regional de Educa\u00e7\u00e3o Rodovi\u00e1ria. Este projeto, desenvolvido pela Dire\u00e7\u00e3o Regional de Educa\u00e7\u00e3o \u2013 Divis\u00e3o de Projetos de Complemento Curricular, tem como objetivo proporcionar aos jovens os conhecimentos e compet\u00eancias necess\u00e1rias a uma adequada integra\u00e7\u00e3o na circula\u00e7\u00e3o rodovi\u00e1ria e promover a sensibiliza\u00e7\u00e3o e consciencializa\u00e7\u00e3o para a Preven\u00e7\u00e3o Rodovi\u00e1ria, enquanto pe\u00f5es e futuros condutores.<br \/>\u00a0 Esta sensibiliza\u00e7\u00e3o traduz-se na realiza\u00e7\u00e3o de v\u00e1rias atividades, entre elas a prova de orienta\u00e7\u00e3o rodovi\u00e1ria e a ta\u00e7a escolar de educa\u00e7\u00e3o rodovi\u00e1ria. Para al\u00e9m destas atividades, pretende-se organizar a\u00e7\u00f5es de sensibiliza\u00e7\u00e3o sobre esta tem\u00e1tica e dinamiza\u00e7\u00e3o de placares informativos.<strong><br \/><\/strong><\/p>\n\n\n<hr class=\"wp-block-separator has-alpha-channel-opacity is-style-wide\" \/>\n\n\n<div class=\" is-style-boxed wp-block-themeisle-blocks-posts-grid\" id=\"wp-block-themeisle-blocks-posts-grid-266ebaba\"><div class=\"is-list\"><div class=\"o-posts-grid-post-blog o-posts-grid-post-plain\"><div class=\"o-posts-grid-post\"><div class=\"o-posts-grid-post-image\"><a href=\"https:\/\/escoladigital.madeira.gov.pt\/ebpcruz\/2025\/03\/17\/rali-vai-a-escola\/\"><img decoding=\"async\" width=\"885\" height=\"700\" src=\"https:\/\/escoladigital.madeira.gov.pt\/ebpcruz\/wp-content\/uploads\/sites\/10\/2025\/03\/2025-03-14Rali-vai-escola.jpg\" class=\"attachment-full size-full\" alt=\"Rali vai \u00e0 escola\" srcset=\"https:\/\/escoladigital.madeira.gov.pt\/ebpcruz\/wp-content\/uploads\/sites\/10\/2025\/03\/2025-03-14Rali-vai-escola.jpg 885w, https:\/\/escoladigital.madeira.gov.pt\/ebpcruz\/wp-content\/uploads\/sites\/10\/2025\/03\/2025-03-14Rali-vai-escola-300x237.jpg 300w, https:\/\/escoladigital.madeira.gov.pt\/ebpcruz\/wp-content\/uploads\/sites\/10\/2025\/03\/2025-03-14Rali-vai-escola-768x607.jpg 768w\" sizes=\"(max-width: 885px) 100vw, 885px\" \/><\/a><\/div><div class=\"o-posts-grid-post-body\"><span class=\"o-posts-grid-post-category\"><a href=\"https:\/\/escoladigital.madeira.gov.pt\/ebpcruz\/category\/facebook\/\">Facebook<\/a><\/span><h4 class=\"o-posts-grid-post-title\"><a href=\"https:\/\/escoladigital.madeira.gov.pt\/ebpcruz\/2025\/03\/17\/rali-vai-a-escola\/\">Rali vai \u00e0 escola<\/a><\/h4><p class=\"o-posts-grid-post-meta\">  <time datetime=\"2025-03-17T12:19:35+00:00\">2025-03-17<\/time> by <a href=\"https:\/\/escoladigital.madeira.gov.pt\/ebpcruz\/author\/ebpcruz\/\">ebpcruz<\/a><\/p><div class=\"o-posts-grid-post-description\"><p><\/p><\/div><\/div><\/div><\/div><div class=\"o-posts-grid-post-blog o-posts-grid-post-plain\"><div class=\"o-posts-grid-post\"><div class=\"o-posts-grid-post-image\"><a href=\"https:\/\/escoladigital.madeira.gov.pt\/ebpcruz\/2025\/02\/12\/entrega-de-premios-da-taca-escolar-de-educacao-rodoviaria\/\"><img decoding=\"async\" width=\"1079\" height=\"796\" src=\"https:\/\/escoladigital.madeira.gov.pt\/ebpcruz\/wp-content\/uploads\/sites\/10\/2025\/02\/2025-02-13EntregaPremios.jpg\" class=\"attachment-full size-full\" alt=\"Entrega de pr\u00e9mios da Ta\u00e7a Escolar de Educa\u00e7\u00e3o Rodovi\u00e1ria\" srcset=\"https:\/\/escoladigital.madeira.gov.pt\/ebpcruz\/wp-content\/uploads\/sites\/10\/2025\/02\/2025-02-13EntregaPremios.jpg 1079w, https:\/\/escoladigital.madeira.gov.pt\/ebpcruz\/wp-content\/uploads\/sites\/10\/2025\/02\/2025-02-13EntregaPremios-300x221.jpg 300w, https:\/\/escoladigital.madeira.gov.pt\/ebpcruz\/wp-content\/uploads\/sites\/10\/2025\/02\/2025-02-13EntregaPremios-1024x755.jpg 1024w, https:\/\/escoladigital.madeira.gov.pt\/ebpcruz\/wp-content\/uploads\/sites\/10\/2025\/02\/2025-02-13EntregaPremios-768x567.jpg 768w\" sizes=\"(max-width: 1079px) 100vw, 1079px\" \/><\/a><\/div><div class=\"o-posts-grid-post-body\"><span class=\"o-posts-grid-post-category\"><a href=\"https:\/\/escoladigital.madeira.gov.pt\/ebpcruz\/category\/facebook\/\">Facebook<\/a><\/span><h4 class=\"o-posts-grid-post-title\"><a href=\"https:\/\/escoladigital.madeira.gov.pt\/ebpcruz\/2025\/02\/12\/entrega-de-premios-da-taca-escolar-de-educacao-rodoviaria\/\">Entrega de pr\u00e9mios da Ta\u00e7a Escolar de Educa\u00e7\u00e3o Rodovi\u00e1ria<\/a><\/h4><p class=\"o-posts-grid-post-meta\">  <time datetime=\"2025-02-12T10:40:58+00:00\">2025-02-12<\/time> by <a href=\"https:\/\/escoladigital.madeira.gov.pt\/ebpcruz\/author\/ebpcruz\/\">ebpcruz<\/a><\/p><div class=\"o-posts-grid-post-description\"><p><\/p><\/div><\/div><\/div><\/div><\/div> <\/div>","protected":false},"excerpt":{"rendered":"<p>Monitores:\u00a0 Prof.\u00aa Liliana MartinsProf. Lu\u00eds Rocha \u00a0 Plano Regional de Educa\u00e7\u00e3o Rodovi\u00e1ria &#8211; A Escola B\u00e1sica com Pr\u00e9-escolar do Porto [&hellip;]<\/p>\n","protected":false},"author":15,"featured_media":0,"parent":119,"menu_order":0,"comment_status":"closed","ping_status":"closed","template":"","meta":{"site-sidebar-layout":"no-sidebar","site-content-layout":"","ast-site-content-layout":"normal-width-container","site-content-style":"unboxed","site-sidebar-style":"default","ast-global-header-display":"","ast-banner-title-visibility":"","ast-main-header-display":"","ast-hfb-above-header-display":"","ast-hfb-below-header-display":"","ast-hfb-mobile-header-display":"","site-post-title":"disabled","ast-breadcrumbs-content":"","ast-featured-img":"","footer-sml-layout":"","ast-disable-related-posts":"","theme-transparent-header-meta":"","adv-header-id-meta":"","stick-header-meta":"","header-above-stick-meta":"","header-main-stick-meta":"","header-below-stick-meta":"","astra-migrate-meta-layouts":"default","ast-page-background-enabled":"default","ast-page-background-meta":{"desktop":{"background-color":"var(--ast-global-color-4)","background-image":"","background-repeat":"repeat","background-position":"center center","background-size":"auto","background-attachment":"scroll","background-type":"","background-media":"","overlay-type":"","overlay-color":"","overlay-opacity":"","overlay-gradient":""},"tablet":{"background-color":"","background-image":"","background-repeat":"repeat","background-position":"center center","background-size":"auto","background-attachment":"scroll","background-type":"","background-media":"","overlay-type":"","overlay-color":"","overlay-opacity":"","overlay-gradient":""},"mobile":{"background-color":"","background-image":"","background-repeat":"repeat","background-position":"center center","background-size":"auto","background-attachment":"scroll","background-type":"","background-media":"","overlay-type":"","overlay-color":"","overlay-opacity":"","overlay-gradient":""}},"ast-content-background-meta":{"desktop":{"background-color":"var(--ast-global-color-5)","background-image":"","background-repeat":"repeat","background-position":"center center","background-size":"auto","background-attachment":"scroll","background-type":"","background-media":"","overlay-type":"","overlay-color":"","overlay-opacity":"","overlay-gradient":""},"tablet":{"background-color":"var(--ast-global-color-5)","background-image":"","background-repeat":"repeat","background-position":"center center","background-size":"auto","background-attachment":"scroll","background-type":"","background-media":"","overlay-type":"","overlay-color":"","overlay-opacity":"","overlay-gradient":""},"mobile":{"background-color":"var(--ast-global-color-5)","background-image":"","background-repeat":"repeat","background-position":"center center","background-size":"auto","background-attachment":"scroll","background-type":"","background-media":"","overlay-type":"","overlay-color":"","overlay-opacity":"","overlay-gradient":""}},"_themeisle_gutenberg_block_has_review":false,"footnotes":""},"class_list":["post-1257","page","type-page","status-publish","hentry"],"_links":{"self":[{"href":"https:\/\/escoladigital.madeira.gov.pt\/ebpcruz\/wp-json\/wp\/v2\/pages\/1257","targetHints":{"allow":["GET"]}}],"collection":[{"href":"https:\/\/escoladigital.madeira.gov.pt\/ebpcruz\/wp-json\/wp\/v2\/pages"}],"about":[{"href":"https:\/\/escoladigital.madeira.gov.pt\/ebpcruz\/wp-json\/wp\/v2\/types\/page"}],"author":[{"embeddable":true,"href":"https:\/\/escoladigital.madeira.gov.pt\/ebpcruz\/wp-json\/wp\/v2\/users\/15"}],"replies":[{"embeddable":true,"href":"https:\/\/escoladigital.madeira.gov.pt\/ebpcruz\/wp-json\/wp\/v2\/comments?post=1257"}],"version-history":[{"count":7,"href":"https:\/\/escoladigital.madeira.gov.pt\/ebpcruz\/wp-json\/wp\/v2\/pages\/1257\/revisions"}],"predecessor-version":[{"id":1441,"href":"https:\/\/escoladigital.madeira.gov.pt\/ebpcruz\/wp-json\/wp\/v2\/pages\/1257\/revisions\/1441"}],"up":[{"embeddable":true,"href":"https:\/\/escoladigital.madeira.gov.pt\/ebpcruz\/wp-json\/wp\/v2\/pages\/119"}],"wp:attachment":[{"href":"https:\/\/escoladigital.madeira.gov.pt\/ebpcruz\/wp-json\/wp\/v2\/media?parent=1257"}],"curies":[{"name":"wp","href":"https:\/\/api.w.org\/{rel}","templated":true}]}}