{"id":129,"date":"2024-10-14T08:39:44","date_gmt":"2024-10-14T08:39:44","guid":{"rendered":"https:\/\/escoladigital.madeira.gov.pt\/ebpcruz\/?page_id=129"},"modified":"2025-12-10T15:48:54","modified_gmt":"2025-12-10T15:48:54","slug":"epcrobotics","status":"publish","type":"page","link":"https:\/\/escoladigital.madeira.gov.pt\/ebpcruz\/clubes\/epcrobotics\/","title":{"rendered":"EPC-Robotics"},"content":{"rendered":"\n<figure class=\"wp-block-image aligncenter size-full\"><img decoding=\"async\" width=\"200\" height=\"169\" src=\"https:\/\/escoladigital.madeira.gov.pt\/ebpcruz\/wp-content\/uploads\/sites\/10\/2025\/02\/EPCrobotics-HPreveal2_200-169.jpg\" alt=\"\" class=\"wp-image-641\" \/><\/figure>\n\n\n\n<p class=\"has-text-align-center\"><strong>QUARTA-FEIRA: 11H45 \u2013 13H15 | QUINTA-FEIRA : 15H10 \u2013 16H10<\/strong><\/p>\n\n\n<p><strong>Monitor:<\/strong><\/p>\n<pre>Prof. Lu\u00eds Esteves<br \/><br \/><\/pre>\n\n\n<p>Na sua quinta edi\u00e7\u00e3o, o projeto EPC-Robotics procura promover o sucesso dos alunos atrav\u00e9s da explora\u00e7\u00e3o da rob\u00f3tica e impress\u00e3o 3D com a colabora\u00e7\u00e3o do projeto CAP3R, Clube C\u00f3digo e Ci\u00eancias da Computa\u00e7\u00e3o. As atividades aliam trabalho colaborativo, partilha de tarefas, bem como o desenvolvimento de projetos pr\u00f3prios, incentivando os alunos a tornarem-se aut\u00f3nomos e indiv\u00edduos preparados para a sociedade dos dias de hoje.<\/p>\n\n\n\n<p>Pretende-se ainda que exista uma forte colabora\u00e7\u00e3o com o primeiro ciclo de forma a introduzir mais precocemente os conceitos iniciais de programa\u00e7\u00e3o. Est\u00e3o previstas atividades de montagem e programa\u00e7\u00e3o de rob\u00f4s (Tale-Bot pro, Cubetto, Blue-Bot, MBot, Lego WeDo, Lego Spike, Lego EV3, Lego Spike, Microbi:bit, Ardu\u00edno, entre outros) assim como atividades online no site <strong>code.org<\/strong>. Poder\u00e3o ainda decorrer atividades conjuntas com outras escolas.<\/p>\n\n\n\n<hr class=\"wp-block-separator has-alpha-channel-opacity is-style-wide\" \/>\n\n\n\n<figure class=\"wp-block-image aligncenter size-full is-style-rounded\"><img fetchpriority=\"high\" decoding=\"async\" width=\"872\" height=\"167\" src=\"https:\/\/escoladigital.madeira.gov.pt\/ebpcruz\/wp-content\/uploads\/sites\/10\/2025\/11\/2025HoraIA.jpg\" alt=\"\" class=\"wp-image-1942\" srcset=\"https:\/\/escoladigital.madeira.gov.pt\/ebpcruz\/wp-content\/uploads\/sites\/10\/2025\/11\/2025HoraIA.jpg 872w, https:\/\/escoladigital.madeira.gov.pt\/ebpcruz\/wp-content\/uploads\/sites\/10\/2025\/11\/2025HoraIA-300x57.jpg 300w, https:\/\/escoladigital.madeira.gov.pt\/ebpcruz\/wp-content\/uploads\/sites\/10\/2025\/11\/2025HoraIA-768x147.jpg 768w\" sizes=\"(max-width: 872px) 100vw, 872px\" \/><\/figure>\n\n\n\n<figure class=\"wp-block-gallery has-nested-images columns-4 is-cropped wp-block-gallery-1 is-layout-flex wp-block-gallery-is-layout-flex\">\n<figure class=\"wp-block-image size-thumbnail\"><a href=\"https:\/\/studio.code.org\/courses\/oceans\/units\/1\/lessons\/1\/levels\/1?lang=pt-PT\" target=\"_blank\" rel=\" noreferrer noopener\"><img decoding=\"async\" width=\"150\" height=\"150\" data-id=\"1934\" src=\"https:\/\/escoladigital.madeira.gov.pt\/ebpcruz\/wp-content\/uploads\/sites\/10\/2025\/11\/AI-for-Oceans2-150x150.jpg\" alt=\"\" class=\"wp-image-1934\" \/><\/a><\/figure>\n\n\n\n<figure class=\"wp-block-image size-thumbnail\"><a href=\"https:\/\/studio.code.org\/courses\/mix-move-ai-2025\/units\/1\/lessons\/1\/levels\/1?lang=pt-BR\" target=\"_blank\" rel=\" noreferrer noopener\"><img loading=\"lazy\" decoding=\"async\" width=\"150\" height=\"150\" data-id=\"1933\" src=\"https:\/\/escoladigital.madeira.gov.pt\/ebpcruz\/wp-content\/uploads\/sites\/10\/2025\/11\/MixMove-with-AI-2-150x150.jpg\" alt=\"\" class=\"wp-image-1933\" \/><\/a><\/figure>\n\n\n\n<figure class=\"wp-block-image size-thumbnail\"><a href=\"https:\/\/escoladigital.madeira.gov.pt\/ebpcruz\/2025\/11\/19\/ia-na-palma-da-mao-com-o-microbit\/\"><img loading=\"lazy\" decoding=\"async\" width=\"150\" height=\"150\" data-id=\"1917\" src=\"https:\/\/escoladigital.madeira.gov.pt\/ebpcruz\/wp-content\/uploads\/sites\/10\/2025\/11\/2025-11-17_IAMicrobir00-1-150x150.jpg\" alt=\"\" class=\"wp-image-1917\" \/><\/a><\/figure>\n\n\n\n<figure class=\"wp-block-image size-thumbnail\"><a href=\"https:\/\/spike.legoeducation.com\/essential\/lobby\/\"><img loading=\"lazy\" decoding=\"async\" width=\"150\" height=\"150\" data-id=\"1646\" src=\"https:\/\/escoladigital.madeira.gov.pt\/ebpcruz\/wp-content\/uploads\/sites\/10\/2025\/06\/LogoSpike-150x150.png\" alt=\"\" class=\"wp-image-1646\" srcset=\"https:\/\/escoladigital.madeira.gov.pt\/ebpcruz\/wp-content\/uploads\/sites\/10\/2025\/06\/LogoSpike-150x150.png 150w, https:\/\/escoladigital.madeira.gov.pt\/ebpcruz\/wp-content\/uploads\/sites\/10\/2025\/06\/LogoSpike.png 251w\" sizes=\"(max-width: 150px) 100vw, 150px\" \/><\/a><\/figure>\n<\/figure>\n\n\n\n<hr class=\"wp-block-separator has-alpha-channel-opacity is-style-wide\" \/>\n\n\n<div class=\"is-style-boxed wp-block-themeisle-blocks-posts-grid\" id=\"wp-block-themeisle-blocks-posts-grid-61e5cffc\"><div class=\"is-list\"><div class=\"o-posts-grid-post-blog o-posts-grid-post-plain\"><div class=\"o-posts-grid-post\"><div class=\"o-posts-grid-post-image\"><a href=\"https:\/\/escoladigital.madeira.gov.pt\/ebpcruz\/2026\/03\/30\/inteligencia-artificial-com-o-microbit-na-sala-do-futuro\/\"><img loading=\"lazy\" decoding=\"async\" width=\"1200\" height=\"1600\" src=\"https:\/\/escoladigital.madeira.gov.pt\/ebpcruz\/wp-content\/uploads\/sites\/10\/2025\/11\/2025-11-17_IAMicrobir00.jpg\" class=\"attachment-full size-full\" alt=\"Intelig\u00eancia Artificial com o Micro:bit na Sala do Futuro\" srcset=\"https:\/\/escoladigital.madeira.gov.pt\/ebpcruz\/wp-content\/uploads\/sites\/10\/2025\/11\/2025-11-17_IAMicrobir00.jpg 1200w, https:\/\/escoladigital.madeira.gov.pt\/ebpcruz\/wp-content\/uploads\/sites\/10\/2025\/11\/2025-11-17_IAMicrobir00-225x300.jpg 225w, https:\/\/escoladigital.madeira.gov.pt\/ebpcruz\/wp-content\/uploads\/sites\/10\/2025\/11\/2025-11-17_IAMicrobir00-768x1024.jpg 768w, https:\/\/escoladigital.madeira.gov.pt\/ebpcruz\/wp-content\/uploads\/sites\/10\/2025\/11\/2025-11-17_IAMicrobir00-1152x1536.jpg 1152w\" sizes=\"(max-width: 1200px) 100vw, 1200px\" \/><\/a><\/div><div class=\"o-posts-grid-post-body\"><span class=\"o-posts-grid-post-category\"><a href=\"https:\/\/escoladigital.madeira.gov.pt\/ebpcruz\/category\/robotics\/\">Robotics<\/a><\/span><h4 class=\"o-posts-grid-post-title\"><a href=\"https:\/\/escoladigital.madeira.gov.pt\/ebpcruz\/2026\/03\/30\/inteligencia-artificial-com-o-microbit-na-sala-do-futuro\/\">Intelig\u00eancia Artificial com o Micro:bit na Sala do Futuro<\/a><\/h4><p class=\"o-posts-grid-post-meta\">  <time datetime=\"2026-03-30T10:36:33+00:00\">2026-03-30<\/time> by <a href=\"https:\/\/escoladigital.madeira.gov.pt\/ebpcruz\/author\/ebpcruz\/\">ebpcruz<\/a><\/p><div class=\"o-posts-grid-post-description\"><p>A Escola B\u00e1sica do Porto da Cruz recebeu, na segunda\u2011feira, dia 16 de mar\u00e7o, a segunda sess\u00e3o da ini\u2026<\/p><\/div><\/div><\/div><\/div><div class=\"o-posts-grid-post-blog o-posts-grid-post-plain\"><div class=\"o-posts-grid-post\"><div class=\"o-posts-grid-post-image\"><a href=\"https:\/\/escoladigital.madeira.gov.pt\/ebpcruz\/2026\/01\/06\/hora-da-ia\/\"><img loading=\"lazy\" decoding=\"async\" width=\"892\" height=\"1200\" src=\"https:\/\/escoladigital.madeira.gov.pt\/ebpcruz\/wp-content\/uploads\/sites\/10\/2026\/01\/HoraIA.jpg\" class=\"attachment-full size-full\" alt=\"Hora da IA!\" srcset=\"https:\/\/escoladigital.madeira.gov.pt\/ebpcruz\/wp-content\/uploads\/sites\/10\/2026\/01\/HoraIA.jpg 892w, https:\/\/escoladigital.madeira.gov.pt\/ebpcruz\/wp-content\/uploads\/sites\/10\/2026\/01\/HoraIA-223x300.jpg 223w, https:\/\/escoladigital.madeira.gov.pt\/ebpcruz\/wp-content\/uploads\/sites\/10\/2026\/01\/HoraIA-761x1024.jpg 761w, https:\/\/escoladigital.madeira.gov.pt\/ebpcruz\/wp-content\/uploads\/sites\/10\/2026\/01\/HoraIA-768x1033.jpg 768w\" sizes=\"(max-width: 892px) 100vw, 892px\" \/><\/a><\/div><div class=\"o-posts-grid-post-body\"><span class=\"o-posts-grid-post-category\"><a href=\"https:\/\/escoladigital.madeira.gov.pt\/ebpcruz\/category\/ctic\/\">CTIC<\/a><\/span><h4 class=\"o-posts-grid-post-title\"><a href=\"https:\/\/escoladigital.madeira.gov.pt\/ebpcruz\/2026\/01\/06\/hora-da-ia\/\">Hora da IA!<\/a><\/h4><p class=\"o-posts-grid-post-meta\">  <time datetime=\"2026-01-06T14:45:07+00:00\">2026-01-06<\/time> by <a href=\"https:\/\/escoladigital.madeira.gov.pt\/ebpcruz\/author\/ebpcruz\/\">ebpcruz<\/a><\/p><div class=\"o-posts-grid-post-description\"><p>De 9 as 12 de dezembro, decorreram as v\u00e1rias sess\u00f5es de &#8220;Hora da IA&#8221;, tendo sido proporc\u2026<\/p><\/div><\/div><\/div><\/div><div class=\"o-posts-grid-post-blog o-posts-grid-post-plain\"><div class=\"o-posts-grid-post\"><div class=\"o-posts-grid-post-image\"><a href=\"https:\/\/escoladigital.madeira.gov.pt\/ebpcruz\/2025\/11\/19\/ia-na-palma-da-mao-com-o-microbit\/\"><img loading=\"lazy\" decoding=\"async\" width=\"1200\" height=\"1600\" src=\"https:\/\/escoladigital.madeira.gov.pt\/ebpcruz\/wp-content\/uploads\/sites\/10\/2025\/11\/2025-11-17_IAMicrobir00-1.jpg\" class=\"attachment-full size-full\" alt=\"IA na palma da m\u00e3o com o Micro:bit\" srcset=\"https:\/\/escoladigital.madeira.gov.pt\/ebpcruz\/wp-content\/uploads\/sites\/10\/2025\/11\/2025-11-17_IAMicrobir00-1.jpg 1200w, https:\/\/escoladigital.madeira.gov.pt\/ebpcruz\/wp-content\/uploads\/sites\/10\/2025\/11\/2025-11-17_IAMicrobir00-1-225x300.jpg 225w, https:\/\/escoladigital.madeira.gov.pt\/ebpcruz\/wp-content\/uploads\/sites\/10\/2025\/11\/2025-11-17_IAMicrobir00-1-768x1024.jpg 768w, https:\/\/escoladigital.madeira.gov.pt\/ebpcruz\/wp-content\/uploads\/sites\/10\/2025\/11\/2025-11-17_IAMicrobir00-1-1152x1536.jpg 1152w\" sizes=\"(max-width: 1200px) 100vw, 1200px\" \/><\/a><\/div><div class=\"o-posts-grid-post-body\"><span class=\"o-posts-grid-post-category\"><a href=\"https:\/\/escoladigital.madeira.gov.pt\/ebpcruz\/category\/robotics\/\">Robotics<\/a><\/span><h4 class=\"o-posts-grid-post-title\"><a href=\"https:\/\/escoladigital.madeira.gov.pt\/ebpcruz\/2025\/11\/19\/ia-na-palma-da-mao-com-o-microbit\/\">IA na palma da m\u00e3o com o Micro:bit<\/a><\/h4><p class=\"o-posts-grid-post-meta\">  <time datetime=\"2025-11-19T18:13:16+00:00\">2025-11-19<\/time> by <a href=\"https:\/\/escoladigital.madeira.gov.pt\/ebpcruz\/author\/ebpcruz\/\">ebpcruz<\/a><\/p><div class=\"o-posts-grid-post-description\"><p>No dia 17 de novembro, os alunos do 9.\u00ba e alguns do 7.\u00ba ano, no \u00e2mbito das disciplinas de Tecnologia\u2026<\/p><\/div><\/div><\/div><\/div><div class=\"o-posts-grid-post-blog o-posts-grid-post-plain\"><div class=\"o-posts-grid-post\"><div class=\"o-posts-grid-post-image\"><a href=\"https:\/\/escoladigital.madeira.gov.pt\/ebpcruz\/2025\/10\/29\/o-poder-da-criacao-infinita-2\/\"><img loading=\"lazy\" decoding=\"async\" width=\"1067\" height=\"800\" src=\"https:\/\/escoladigital.madeira.gov.pt\/ebpcruz\/wp-content\/uploads\/sites\/10\/2025\/10\/2025-10-23_CC01.jpg\" class=\"attachment-full size-full\" alt=\"&#8220;O poder da cria\u00e7\u00e3o infinita&#8221;\" srcset=\"https:\/\/escoladigital.madeira.gov.pt\/ebpcruz\/wp-content\/uploads\/sites\/10\/2025\/10\/2025-10-23_CC01.jpg 1067w, https:\/\/escoladigital.madeira.gov.pt\/ebpcruz\/wp-content\/uploads\/sites\/10\/2025\/10\/2025-10-23_CC01-300x225.jpg 300w, https:\/\/escoladigital.madeira.gov.pt\/ebpcruz\/wp-content\/uploads\/sites\/10\/2025\/10\/2025-10-23_CC01-1024x768.jpg 1024w, https:\/\/escoladigital.madeira.gov.pt\/ebpcruz\/wp-content\/uploads\/sites\/10\/2025\/10\/2025-10-23_CC01-768x576.jpg 768w\" sizes=\"(max-width: 1067px) 100vw, 1067px\" \/><\/a><\/div><div class=\"o-posts-grid-post-body\"><span class=\"o-posts-grid-post-category\"><a href=\"https:\/\/escoladigital.madeira.gov.pt\/ebpcruz\/category\/1-o-ciclo\/\">1.\u00ba Ciclo<\/a><\/span><h4 class=\"o-posts-grid-post-title\"><a href=\"https:\/\/escoladigital.madeira.gov.pt\/ebpcruz\/2025\/10\/29\/o-poder-da-criacao-infinita-2\/\">&#8220;O poder da cria\u00e7\u00e3o infinita&#8221;<\/a><\/h4><p class=\"o-posts-grid-post-meta\">  <time datetime=\"2025-10-29T10:02:05+00:00\">2025-10-29<\/time> by <a href=\"https:\/\/escoladigital.madeira.gov.pt\/ebpcruz\/author\/ebpcruz\/\">ebpcruz<\/a><\/p><div class=\"o-posts-grid-post-description\"><p>No dia 23 de outubro, os alunos do 4.\u00ba ano, no \u00e2mbito das Ci\u00eancias da Computa\u00e7\u00e3o, tiveram a oportuni\u2026<\/p><\/div><\/div><\/div><\/div><div class=\"o-posts-grid-post-blog o-posts-grid-post-plain\"><div class=\"o-posts-grid-post\"><div class=\"o-posts-grid-post-image\"><a href=\"https:\/\/escoladigital.madeira.gov.pt\/ebpcruz\/2024\/11\/21\/o-poder-da-criacao-infinita\/\"><img loading=\"lazy\" decoding=\"async\" width=\"224\" height=\"299\" src=\"https:\/\/escoladigital.madeira.gov.pt\/ebpcruz\/wp-content\/uploads\/sites\/10\/2024\/01\/2024-10-21_CCPoderDaCriacaoInfinito2.jpg\" class=\"attachment-full size-full\" alt=\"O poder da cria\u00e7\u00e3o infinita\" \/><\/a><\/div><div class=\"o-posts-grid-post-body\"><span class=\"o-posts-grid-post-category\"><a href=\"https:\/\/escoladigital.madeira.gov.pt\/ebpcruz\/category\/robotics\/\">Robotics<\/a><\/span><h4 class=\"o-posts-grid-post-title\"><a href=\"https:\/\/escoladigital.madeira.gov.pt\/ebpcruz\/2024\/11\/21\/o-poder-da-criacao-infinita\/\">O poder da cria\u00e7\u00e3o infinita<\/a><\/h4><p class=\"o-posts-grid-post-meta\">  <time datetime=\"2024-11-21T14:10:31+00:00\">2024-11-21<\/time> by <a href=\"https:\/\/escoladigital.madeira.gov.pt\/ebpcruz\/author\/ebpcruz\/\">ebpcruz<\/a> \/ 1 comment<\/p><div class=\"o-posts-grid-post-description\"><p>No dia 21 de novembro e no \u00e2mbito das Ci\u00eancias da Computa\u00e7\u00e3o, fomos agraciados com a presen\u00e7a do Sr.\u2026<\/p><\/div><\/div><\/div><\/div><\/div> <\/div>\n\n\n<hr class=\"wp-block-separator has-alpha-channel-opacity is-style-wide\" \/>\n","protected":false},"excerpt":{"rendered":"<p>QUARTA-FEIRA: 11H45 \u2013 13H15 | QUINTA-FEIRA : 15H10 \u2013 16H10 Monitor: Prof. Lu\u00eds Esteves Na sua quinta edi\u00e7\u00e3o, o projeto [&hellip;]<\/p>\n","protected":false},"author":15,"featured_media":0,"parent":144,"menu_order":0,"comment_status":"closed","ping_status":"closed","template":"","meta":{"site-sidebar-layout":"default","site-content-layout":"","ast-site-content-layout":"","site-content-style":"default","site-sidebar-style":"default","ast-global-header-display":"","ast-banner-title-visibility":"","ast-main-header-display":"","ast-hfb-above-header-display":"","ast-hfb-below-header-display":"","ast-hfb-mobile-header-display":"","site-post-title":"disabled","ast-breadcrumbs-content":"","ast-featured-img":"","footer-sml-layout":"","ast-disable-related-posts":"","theme-transparent-header-meta":"","adv-header-id-meta":"","stick-header-meta":"","header-above-stick-meta":"","header-main-stick-meta":"","header-below-stick-meta":"","astra-migrate-meta-layouts":"default","ast-page-background-enabled":"default","ast-page-background-meta":{"desktop":{"background-color":"var(--ast-global-color-4)","background-image":"","background-repeat":"repeat","background-position":"center center","background-size":"auto","background-attachment":"scroll","background-type":"","background-media":"","overlay-type":"","overlay-color":"","overlay-opacity":"","overlay-gradient":""},"tablet":{"background-color":"","background-image":"","background-repeat":"repeat","background-position":"center center","background-size":"auto","background-attachment":"scroll","background-type":"","background-media":"","overlay-type":"","overlay-color":"","overlay-opacity":"","overlay-gradient":""},"mobile":{"background-color":"","background-image":"","background-repeat":"repeat","background-position":"center center","background-size":"auto","background-attachment":"scroll","background-type":"","background-media":"","overlay-type":"","overlay-color":"","overlay-opacity":"","overlay-gradient":""}},"ast-content-background-meta":{"desktop":{"background-color":"var(--ast-global-color-5)","background-image":"","background-repeat":"repeat","background-position":"center center","background-size":"auto","background-attachment":"scroll","background-type":"","background-media":"","overlay-type":"","overlay-color":"","overlay-opacity":"","overlay-gradient":""},"tablet":{"background-color":"var(--ast-global-color-5)","background-image":"","background-repeat":"repeat","background-position":"center center","background-size":"auto","background-attachment":"scroll","background-type":"","background-media":"","overlay-type":"","overlay-color":"","overlay-opacity":"","overlay-gradient":""},"mobile":{"background-color":"var(--ast-global-color-5)","background-image":"","background-repeat":"repeat","background-position":"center center","background-size":"auto","background-attachment":"scroll","background-type":"","background-media":"","overlay-type":"","overlay-color":"","overlay-opacity":"","overlay-gradient":""}},"_themeisle_gutenberg_block_has_review":false,"footnotes":""},"class_list":["post-129","page","type-page","status-publish","hentry"],"_links":{"self":[{"href":"https:\/\/escoladigital.madeira.gov.pt\/ebpcruz\/wp-json\/wp\/v2\/pages\/129","targetHints":{"allow":["GET"]}}],"collection":[{"href":"https:\/\/escoladigital.madeira.gov.pt\/ebpcruz\/wp-json\/wp\/v2\/pages"}],"about":[{"href":"https:\/\/escoladigital.madeira.gov.pt\/ebpcruz\/wp-json\/wp\/v2\/types\/page"}],"author":[{"embeddable":true,"href":"https:\/\/escoladigital.madeira.gov.pt\/ebpcruz\/wp-json\/wp\/v2\/users\/15"}],"replies":[{"embeddable":true,"href":"https:\/\/escoladigital.madeira.gov.pt\/ebpcruz\/wp-json\/wp\/v2\/comments?post=129"}],"version-history":[{"count":43,"href":"https:\/\/escoladigital.madeira.gov.pt\/ebpcruz\/wp-json\/wp\/v2\/pages\/129\/revisions"}],"predecessor-version":[{"id":1972,"href":"https:\/\/escoladigital.madeira.gov.pt\/ebpcruz\/wp-json\/wp\/v2\/pages\/129\/revisions\/1972"}],"up":[{"embeddable":true,"href":"https:\/\/escoladigital.madeira.gov.pt\/ebpcruz\/wp-json\/wp\/v2\/pages\/144"}],"wp:attachment":[{"href":"https:\/\/escoladigital.madeira.gov.pt\/ebpcruz\/wp-json\/wp\/v2\/media?parent=129"}],"curies":[{"name":"wp","href":"https:\/\/api.w.org\/{rel}","templated":true}]}}