{"id":1307,"date":"2025-02-17T09:03:06","date_gmt":"2025-02-17T09:03:06","guid":{"rendered":"https:\/\/escoladigital.madeira.gov.pt\/ebpcruz\/?page_id=1307"},"modified":"2025-07-08T21:30:15","modified_gmt":"2025-07-08T21:30:15","slug":"efa","status":"publish","type":"page","link":"https:\/\/escoladigital.madeira.gov.pt\/ebpcruz\/alunos\/efa\/","title":{"rendered":"EFA"},"content":{"rendered":"\n<figure style=\"margin-right:0;margin-left:0\" class=\"wp-block-video\"><video height=\"1080\" style=\"aspect-ratio: 1920 \/ 1080;\" width=\"1920\" autoplay controls loop muted src=\"https:\/\/escoladigital.madeira.gov.pt\/ebpcruz\/wp-content\/uploads\/sites\/10\/2025\/07\/2025CursosEFA-video.mp4\" playsinline><\/video><\/figure>\n\n\n\n<p class=\"has-text-align-center\"><strong>Aguardamos a sua matr\u00edcula, durante este m\u00eas, nos nossos Servi\u00e7os Administrativos!<\/strong><\/p>\n\n\n\n<p class=\"has-text-align-left\"><strong>Coordena\u00e7\u00e3o<\/strong><\/p>\n\n\n\n<p class=\"has-text-align-left\">   Prof.\u00aa Ot\u00edlia Berenguer<\/p>\n\n\n\n<p><a href=\"https:\/\/escoladigital.madeira.gov.pt\/ebpcruz\/servicos\/\">Hor\u00e1rio <\/a>| <a href=\"https:\/\/escoladigital.madeira.gov.pt\/ebpcruz\/escola\/contactos\/\">Contactos<\/a><\/p>\n\n\n\n<hr class=\"wp-block-separator has-alpha-channel-opacity is-style-wide\" \/>\n\n\n<h5 style=\"text-align: center\"><strong>Cursos de Educa\u00e7\u00e3o e Forma\u00e7\u00e3o de Adultos (Cursos EFA) <\/strong><\/h5>\n<pre style=\"text-align: center\"><em>Artigo 3.\u00ba<\/em><br \/><strong>Destinat\u00e1rios<\/strong><\/pre>\n<ol>\n<li>Os cursos EFA destinam-se a pessoas adultas que, \u00e0 data do in\u00edcio da forma\u00e7\u00e3o, tenham idade igual ou superior a 18 anos, sem a qualifica\u00e7\u00e3o adequada para efeitos de inser\u00e7\u00e3o ou progress\u00e3o no mercado de trabalho e, prioritariamente, sem a conclus\u00e3o do ensino b\u00e1sico ou do ensino secund\u00e1rio.<\/li>\n<li>Sem preju\u00edzo do disposto no n\u00famero anterior, os cursos EFA de n\u00edvel secund\u00e1rio Tipo A, que constam do anexo ii \u00e0 presente portaria, que dela faz parte integrante, ministrados em regime diurno ou a tempo integral, s\u00f3 podem ser frequentados por adultos com idade igual ou superior a 21 anos.<\/li>\n<li>A t\u00edtulo excecional e sempre que as condi\u00e7\u00f5es o aconselhem, nomeadamente em fun\u00e7\u00e3o das caracter\u00edsticas do candidato, podem ainda ser destinat\u00e1rias dos cursos EFA as pessoas que, \u00e0 data do in\u00edcio da forma\u00e7\u00e3o, ainda n\u00e3o tenham completado 18 anos, desde que comprovadamente inseridas no mercado de trabalho ou quando estejam em causa p\u00fablicos espec\u00edficos que se encontrem em situa\u00e7\u00e3o de particular vulnerabilidade social.<\/li>\n<\/ol>\n<p style=\"text-align: right\">Portaria n.\u00ba 86\/2022, de 4 de fevereiro<br \/>https:\/\/diariodarepublica.pt\/dr\/detalhe\/portaria\/86-2022-178660787<\/p>\n<p style=\"text-align: right\">Portaria n.\u00ba\u202f478\/2022, de 22 de agosto<\/p>\n<p style=\"text-align: right\"><a href=\"_wp_link_placeholder\" data-wplink-edit=\"true\">https:\/\/joram.madeira.gov.pt\/joram\/1serie\/Ano%20de%202022\/ISerie-148-2022-08-22.pdf<\/a><\/p>\n\n\n<hr class=\"wp-block-separator has-alpha-channel-opacity is-style-wide\" \/>\n\n\n\n<div data-wp-interactive=\"core\/file\" class=\"wp-block-file\"><object data-wp-bind--hidden=\"!state.hasPdfPreview\" hidden class=\"wp-block-file__embed\" data=\"https:\/\/escoladigital.madeira.gov.pt\/ebpcruz\/wp-content\/uploads\/sites\/10\/2025\/07\/2025CURSOS-EFA-OFERTA-FORMATIVA.pdf\" type=\"application\/pdf\" style=\"width:100%;height:2000px\" aria-label=\"Incorpora\u00e7\u00e3o de 2025CURSOS-EFA-OFERTA-FORMATIVA.\"><\/object><a id=\"wp-block-file--media-d099f5ca-0a1f-4301-8c0e-01b85a3fe9cd\" href=\"https:\/\/escoladigital.madeira.gov.pt\/ebpcruz\/wp-content\/uploads\/sites\/10\/2025\/07\/2025CURSOS-EFA-OFERTA-FORMATIVA.pdf\">2025CURSOS-EFA-OFERTA-FORMATIVA<\/a><\/div>\n\n\n\n<hr class=\"wp-block-separator has-alpha-channel-opacity is-style-wide\" \/>\n\n\n<div class=\"is-style-boxed wp-block-themeisle-blocks-posts-grid\" id=\"wp-block-themeisle-blocks-posts-grid-3fe60161\"><div class=\"is-list\"><div class=\"o-posts-grid-post-blog o-posts-grid-post-plain\"><div class=\"o-posts-grid-post\"><div class=\"o-posts-grid-post-image\"><a href=\"https:\/\/escoladigital.madeira.gov.pt\/ebpcruz\/2025\/07\/08\/cursos-efa-2025-2026\/\"><img fetchpriority=\"high\" decoding=\"async\" width=\"300\" height=\"295\" src=\"https:\/\/escoladigital.madeira.gov.pt\/ebpcruz\/wp-content\/uploads\/sites\/10\/2025\/07\/2025EFA02-e1751971308504.jpg\" class=\"attachment-full size-full\" alt=\"Cursos EFA 2025-2026\" \/><\/a><\/div><div class=\"o-posts-grid-post-body\"><span class=\"o-posts-grid-post-category\"><a href=\"https:\/\/escoladigital.madeira.gov.pt\/ebpcruz\/category\/efa\/\">EFA<\/a><\/span><h4 class=\"o-posts-grid-post-title\"><a href=\"https:\/\/escoladigital.madeira.gov.pt\/ebpcruz\/2025\/07\/08\/cursos-efa-2025-2026\/\">Cursos EFA 2025-2026<\/a><\/h4><p class=\"o-posts-grid-post-meta\">  <time datetime=\"2025-07-08T10:41:04+00:00\">2025-07-08<\/time> by <a href=\"https:\/\/escoladigital.madeira.gov.pt\/ebpcruz\/author\/ebpcruz\/\">ebpcruz<\/a><\/p><div class=\"o-posts-grid-post-description\"><p>Aguardamos a sua matr\u00edcula, durante este m\u00eas, nos nossos Servi\u00e7os Administrativos!<\/p><\/div><\/div><\/div><\/div><\/div> <div class=\"o-posts-grid-pag\"><\/div><\/div>","protected":false},"excerpt":{"rendered":"<p>Aguardamos a sua matr\u00edcula, durante este m\u00eas, nos nossos Servi\u00e7os Administrativos! Coordena\u00e7\u00e3o Prof.\u00aa Ot\u00edlia Berenguer Hor\u00e1rio | Contactos Cursos de [&hellip;]<\/p>\n","protected":false},"author":15,"featured_media":0,"parent":975,"menu_order":0,"comment_status":"closed","ping_status":"closed","template":"","meta":{"site-sidebar-layout":"default","site-content-layout":"","ast-site-content-layout":"default","site-content-style":"default","site-sidebar-style":"default","ast-global-header-display":"","ast-banner-title-visibility":"","ast-main-header-display":"","ast-hfb-above-header-display":"","ast-hfb-below-header-display":"","ast-hfb-mobile-header-display":"","site-post-title":"","ast-breadcrumbs-content":"","ast-featured-img":"","footer-sml-layout":"","ast-disable-related-posts":"","theme-transparent-header-meta":"","adv-header-id-meta":"","stick-header-meta":"","header-above-stick-meta":"","header-main-stick-meta":"","header-below-stick-meta":"","astra-migrate-meta-layouts":"default","ast-page-background-enabled":"default","ast-page-background-meta":{"desktop":{"background-color":"var(--ast-global-color-4)","background-image":"","background-repeat":"repeat","background-position":"center center","background-size":"auto","background-attachment":"scroll","background-type":"","background-media":"","overlay-type":"","overlay-color":"","overlay-opacity":"","overlay-gradient":""},"tablet":{"background-color":"","background-image":"","background-repeat":"repeat","background-position":"center center","background-size":"auto","background-attachment":"scroll","background-type":"","background-media":"","overlay-type":"","overlay-color":"","overlay-opacity":"","overlay-gradient":""},"mobile":{"background-color":"","background-image":"","background-repeat":"repeat","background-position":"center center","background-size":"auto","background-attachment":"scroll","background-type":"","background-media":"","overlay-type":"","overlay-color":"","overlay-opacity":"","overlay-gradient":""}},"ast-content-background-meta":{"desktop":{"background-color":"var(--ast-global-color-5)","background-image":"","background-repeat":"repeat","background-position":"center center","background-size":"auto","background-attachment":"scroll","background-type":"","background-media":"","overlay-type":"","overlay-color":"","overlay-opacity":"","overlay-gradient":""},"tablet":{"background-color":"var(--ast-global-color-5)","background-image":"","background-repeat":"repeat","background-position":"center center","background-size":"auto","background-attachment":"scroll","background-type":"","background-media":"","overlay-type":"","overlay-color":"","overlay-opacity":"","overlay-gradient":""},"mobile":{"background-color":"var(--ast-global-color-5)","background-image":"","background-repeat":"repeat","background-position":"center center","background-size":"auto","background-attachment":"scroll","background-type":"","background-media":"","overlay-type":"","overlay-color":"","overlay-opacity":"","overlay-gradient":""}},"_themeisle_gutenberg_block_has_review":false,"footnotes":""},"class_list":["post-1307","page","type-page","status-publish","hentry"],"_links":{"self":[{"href":"https:\/\/escoladigital.madeira.gov.pt\/ebpcruz\/wp-json\/wp\/v2\/pages\/1307","targetHints":{"allow":["GET"]}}],"collection":[{"href":"https:\/\/escoladigital.madeira.gov.pt\/ebpcruz\/wp-json\/wp\/v2\/pages"}],"about":[{"href":"https:\/\/escoladigital.madeira.gov.pt\/ebpcruz\/wp-json\/wp\/v2\/types\/page"}],"author":[{"embeddable":true,"href":"https:\/\/escoladigital.madeira.gov.pt\/ebpcruz\/wp-json\/wp\/v2\/users\/15"}],"replies":[{"embeddable":true,"href":"https:\/\/escoladigital.madeira.gov.pt\/ebpcruz\/wp-json\/wp\/v2\/comments?post=1307"}],"version-history":[{"count":30,"href":"https:\/\/escoladigital.madeira.gov.pt\/ebpcruz\/wp-json\/wp\/v2\/pages\/1307\/revisions"}],"predecessor-version":[{"id":1720,"href":"https:\/\/escoladigital.madeira.gov.pt\/ebpcruz\/wp-json\/wp\/v2\/pages\/1307\/revisions\/1720"}],"up":[{"embeddable":true,"href":"https:\/\/escoladigital.madeira.gov.pt\/ebpcruz\/wp-json\/wp\/v2\/pages\/975"}],"wp:attachment":[{"href":"https:\/\/escoladigital.madeira.gov.pt\/ebpcruz\/wp-json\/wp\/v2\/media?parent=1307"}],"curies":[{"name":"wp","href":"https:\/\/api.w.org\/{rel}","templated":true}]}}