{"id":1411,"date":"2025-02-19T23:32:43","date_gmt":"2025-02-19T23:32:43","guid":{"rendered":"https:\/\/escoladigital.madeira.gov.pt\/ebpcruz\/?page_id=1411"},"modified":"2026-03-12T14:14:49","modified_gmt":"2026-03-12T14:14:49","slug":"eramus","status":"publish","type":"page","link":"https:\/\/escoladigital.madeira.gov.pt\/ebpcruz\/projetos\/eramus\/","title":{"rendered":"Eramus+"},"content":{"rendered":"\n<figure class=\"wp-block-image aligncenter size-medium is-resized\"><img decoding=\"async\" width=\"300\" height=\"89\" src=\"https:\/\/escoladigital.madeira.gov.pt\/ebpcruz\/wp-content\/uploads\/sites\/10\/2025\/07\/ERAMUSANEEF__logo__v01_cor_538x160-300x89.jpg\" alt=\"\" class=\"wp-image-1723\" style=\"width:388px;height:auto\" srcset=\"https:\/\/escoladigital.madeira.gov.pt\/ebpcruz\/wp-content\/uploads\/sites\/10\/2025\/07\/ERAMUSANEEF__logo__v01_cor_538x160-300x89.jpg 300w, https:\/\/escoladigital.madeira.gov.pt\/ebpcruz\/wp-content\/uploads\/sites\/10\/2025\/07\/ERAMUSANEEF__logo__v01_cor_538x160.jpg 538w\" sizes=\"(max-width: 300px) 100vw, 300px\" \/><\/figure>\n\n\n<p style=\"text-align: left\"><strong>Monitor<\/strong>:\u00a0<\/p>\n<pre>Prof. Hugo Bento<\/pre>\n\n\n<hr class=\"wp-block-separator has-alpha-channel-opacity is-style-wide\" \/>\n\n\n<p><strong>\u00a0 <\/strong>A Escola B\u00e1sica com Pr\u00e9-escolar do Porto da Cruz candidatou-se para a acredita\u00e7\u00e3o Erasmus+ entre 2023-2027 na \u00e1rea de educa\u00e7\u00e3o escolar. A candidatura foi aprovada, permitindo a execu\u00e7\u00e3o de projetos orientados para a concretiza\u00e7\u00e3o dos objetivos definidos e resultados esperados. O Plano \u00e9 atualizado todos os anos que nos candidatamos a financiamento para diferentes tipos de mobilidades.<br \/>\u00a0 Este projeto foi elaborado com base na ideia de que a internacionaliza\u00e7\u00e3o do Ensino e a forma\u00e7\u00e3o dos professores da nossa escola e alunos ir\u00e1 traduzir-se na moderniza\u00e7\u00e3o de metodologias de ensino, na melhor prepara\u00e7\u00e3o dos nossos alunos para a vida futura, dotando-os das compet\u00eancias necess\u00e1rias e motivando-os para a aprendizagem, para a cidadania europeia e globaliza\u00e7\u00e3o.<br \/>\u00a0 O facto de estarmos sediados numa regi\u00e3o ultraperif\u00e9rica, com um conjunto de condicionalismos espec\u00edficos (afastamento geogr\u00e1fico, insularidade, pequena dimens\u00e3o, topografia, entre outros), torna ainda mais relevante a participa\u00e7\u00e3o em projetos com atividades como as do presente projeto Erasmus+.<\/p>\n\n\n<hr class=\"wp-block-separator has-alpha-channel-opacity is-style-wide\" \/>\n\n\n<div class=\"is-style-boxed wp-block-themeisle-blocks-posts-grid\" id=\"wp-block-themeisle-blocks-posts-grid-c8f428b1\"><div class=\"is-list\"><div class=\"o-posts-grid-post-blog o-posts-grid-post-plain\"><div class=\"o-posts-grid-post\"><div class=\"o-posts-grid-post-image\"><a href=\"https:\/\/escoladigital.madeira.gov.pt\/ebpcruz\/2025\/05\/16\/encontro-regional-de-clubes-europeus\/\"><img fetchpriority=\"high\" decoding=\"async\" width=\"600\" height=\"600\" src=\"https:\/\/escoladigital.madeira.gov.pt\/ebpcruz\/wp-content\/uploads\/sites\/10\/2025\/05\/2025-05-23CE00.jpg\" class=\"attachment-full size-full\" alt=\"Encontro Regional de Clubes Europeus\" srcset=\"https:\/\/escoladigital.madeira.gov.pt\/ebpcruz\/wp-content\/uploads\/sites\/10\/2025\/05\/2025-05-23CE00.jpg 600w, https:\/\/escoladigital.madeira.gov.pt\/ebpcruz\/wp-content\/uploads\/sites\/10\/2025\/05\/2025-05-23CE00-300x300.jpg 300w, https:\/\/escoladigital.madeira.gov.pt\/ebpcruz\/wp-content\/uploads\/sites\/10\/2025\/05\/2025-05-23CE00-150x150.jpg 150w\" sizes=\"(max-width: 600px) 100vw, 600px\" \/><\/a><\/div><div class=\"o-posts-grid-post-body\"><span class=\"o-posts-grid-post-category\"><a href=\"https:\/\/escoladigital.madeira.gov.pt\/ebpcruz\/category\/ceuropeu\/\">CEuropeu<\/a><\/span><h4 class=\"o-posts-grid-post-title\"><a href=\"https:\/\/escoladigital.madeira.gov.pt\/ebpcruz\/2025\/05\/16\/encontro-regional-de-clubes-europeus\/\">Encontro Regional de Clubes Europeus<\/a><\/h4><p class=\"o-posts-grid-post-meta\">  <time datetime=\"2025-05-16T13:35:59+00:00\">2025-05-16<\/time> <\/p><div class=\"o-posts-grid-post-description\"><p>Realizou-se, pelo segundo ano consecutivo, o Encontro Regional de Clubes Europeus, no passado dia 16\u2026<\/p><\/div><\/div><\/div><\/div><div class=\"o-posts-grid-post-blog o-posts-grid-post-plain\"><div class=\"o-posts-grid-post\"><div class=\"o-posts-grid-post-image\"><a href=\"https:\/\/escoladigital.madeira.gov.pt\/ebpcruz\/2025\/02\/07\/mobilidade-erasmus-a-lesbos-grecia-projeto-360-degrees\/\"><img decoding=\"async\" width=\"800\" height=\"600\" src=\"https:\/\/escoladigital.madeira.gov.pt\/ebpcruz\/wp-content\/uploads\/sites\/10\/2025\/02\/2024out-01-logos.jpg\" class=\"attachment-full size-full\" alt=\"ENTREVISTA NA R\u00c1DIO JM 88.8 \u2013 \u00abA\u00c7\u00c3O ERASMUS+\u00bb\" srcset=\"https:\/\/escoladigital.madeira.gov.pt\/ebpcruz\/wp-content\/uploads\/sites\/10\/2025\/02\/2024out-01-logos.jpg 800w, https:\/\/escoladigital.madeira.gov.pt\/ebpcruz\/wp-content\/uploads\/sites\/10\/2025\/02\/2024out-01-logos-300x225.jpg 300w, https:\/\/escoladigital.madeira.gov.pt\/ebpcruz\/wp-content\/uploads\/sites\/10\/2025\/02\/2024out-01-logos-768x576.jpg 768w\" sizes=\"(max-width: 800px) 100vw, 800px\" \/><\/a><\/div><div class=\"o-posts-grid-post-body\"><span class=\"o-posts-grid-post-category\"><a href=\"https:\/\/escoladigital.madeira.gov.pt\/ebpcruz\/category\/eramus\/\">Eramus+<\/a><\/span><h4 class=\"o-posts-grid-post-title\"><a href=\"https:\/\/escoladigital.madeira.gov.pt\/ebpcruz\/2025\/02\/07\/mobilidade-erasmus-a-lesbos-grecia-projeto-360-degrees\/\">ENTREVISTA NA R\u00c1DIO JM 88.8 \u2013 \u00abA\u00c7\u00c3O ERASMUS+\u00bb<\/a><\/h4><p class=\"o-posts-grid-post-meta\">  <time datetime=\"2025-02-07T15:18:50+00:00\">2025-02-07<\/time> <\/p><div class=\"o-posts-grid-post-description\"><p>No dia 4 de fevereiro 2025, a professora coordenadora Eramsus+, Priscila Aveiro, a psic\u00f3loga da esco\u2026<\/p><\/div><\/div><\/div><\/div><\/div> <\/div>\n\n\n<figure class=\"wp-block-image aligncenter size-medium\"><img loading=\"lazy\" decoding=\"async\" width=\"300\" height=\"77\" src=\"https:\/\/escoladigital.madeira.gov.pt\/ebpcruz\/wp-content\/uploads\/sites\/10\/2025\/07\/ERAMUSPT_FundedbytheEU_RGB_POS_627x160-300x77.jpg\" alt=\"\" class=\"wp-image-1722\" srcset=\"https:\/\/escoladigital.madeira.gov.pt\/ebpcruz\/wp-content\/uploads\/sites\/10\/2025\/07\/ERAMUSPT_FundedbytheEU_RGB_POS_627x160-300x77.jpg 300w, https:\/\/escoladigital.madeira.gov.pt\/ebpcruz\/wp-content\/uploads\/sites\/10\/2025\/07\/ERAMUSPT_FundedbytheEU_RGB_POS_627x160.jpg 627w\" sizes=\"(max-width: 300px) 100vw, 300px\" \/><\/figure>\n","protected":false},"excerpt":{"rendered":"<p>Monitor:\u00a0 Prof. Hugo Bento \u00a0 A Escola B\u00e1sica com Pr\u00e9-escolar do Porto da Cruz candidatou-se para a acredita\u00e7\u00e3o Erasmus+ entre [&hellip;]<\/p>\n","protected":false},"author":15,"featured_media":0,"parent":119,"menu_order":0,"comment_status":"closed","ping_status":"closed","template":"","meta":{"site-sidebar-layout":"no-sidebar","site-content-layout":"","ast-site-content-layout":"normal-width-container","site-content-style":"unboxed","site-sidebar-style":"default","ast-global-header-display":"","ast-banner-title-visibility":"","ast-main-header-display":"","ast-hfb-above-header-display":"","ast-hfb-below-header-display":"","ast-hfb-mobile-header-display":"","site-post-title":"disabled","ast-breadcrumbs-content":"","ast-featured-img":"","footer-sml-layout":"","ast-disable-related-posts":"","theme-transparent-header-meta":"","adv-header-id-meta":"","stick-header-meta":"","header-above-stick-meta":"","header-main-stick-meta":"","header-below-stick-meta":"","astra-migrate-meta-layouts":"default","ast-page-background-enabled":"default","ast-page-background-meta":{"desktop":{"background-color":"var(--ast-global-color-4)","background-image":"","background-repeat":"repeat","background-position":"center center","background-size":"auto","background-attachment":"scroll","background-type":"","background-media":"","overlay-type":"","overlay-color":"","overlay-opacity":"","overlay-gradient":""},"tablet":{"background-color":"","background-image":"","background-repeat":"repeat","background-position":"center center","background-size":"auto","background-attachment":"scroll","background-type":"","background-media":"","overlay-type":"","overlay-color":"","overlay-opacity":"","overlay-gradient":""},"mobile":{"background-color":"","background-image":"","background-repeat":"repeat","background-position":"center center","background-size":"auto","background-attachment":"scroll","background-type":"","background-media":"","overlay-type":"","overlay-color":"","overlay-opacity":"","overlay-gradient":""}},"ast-content-background-meta":{"desktop":{"background-color":"var(--ast-global-color-5)","background-image":"","background-repeat":"repeat","background-position":"center center","background-size":"auto","background-attachment":"scroll","background-type":"","background-media":"","overlay-type":"","overlay-color":"","overlay-opacity":"","overlay-gradient":""},"tablet":{"background-color":"var(--ast-global-color-5)","background-image":"","background-repeat":"repeat","background-position":"center center","background-size":"auto","background-attachment":"scroll","background-type":"","background-media":"","overlay-type":"","overlay-color":"","overlay-opacity":"","overlay-gradient":""},"mobile":{"background-color":"var(--ast-global-color-5)","background-image":"","background-repeat":"repeat","background-position":"center center","background-size":"auto","background-attachment":"scroll","background-type":"","background-media":"","overlay-type":"","overlay-color":"","overlay-opacity":"","overlay-gradient":""}},"_themeisle_gutenberg_block_has_review":false,"footnotes":""},"class_list":["post-1411","page","type-page","status-publish","hentry"],"_links":{"self":[{"href":"https:\/\/escoladigital.madeira.gov.pt\/ebpcruz\/wp-json\/wp\/v2\/pages\/1411","targetHints":{"allow":["GET"]}}],"collection":[{"href":"https:\/\/escoladigital.madeira.gov.pt\/ebpcruz\/wp-json\/wp\/v2\/pages"}],"about":[{"href":"https:\/\/escoladigital.madeira.gov.pt\/ebpcruz\/wp-json\/wp\/v2\/types\/page"}],"author":[{"embeddable":true,"href":"https:\/\/escoladigital.madeira.gov.pt\/ebpcruz\/wp-json\/wp\/v2\/users\/15"}],"replies":[{"embeddable":true,"href":"https:\/\/escoladigital.madeira.gov.pt\/ebpcruz\/wp-json\/wp\/v2\/comments?post=1411"}],"version-history":[{"count":9,"href":"https:\/\/escoladigital.madeira.gov.pt\/ebpcruz\/wp-json\/wp\/v2\/pages\/1411\/revisions"}],"predecessor-version":[{"id":2079,"href":"https:\/\/escoladigital.madeira.gov.pt\/ebpcruz\/wp-json\/wp\/v2\/pages\/1411\/revisions\/2079"}],"up":[{"embeddable":true,"href":"https:\/\/escoladigital.madeira.gov.pt\/ebpcruz\/wp-json\/wp\/v2\/pages\/119"}],"wp:attachment":[{"href":"https:\/\/escoladigital.madeira.gov.pt\/ebpcruz\/wp-json\/wp\/v2\/media?parent=1411"}],"curies":[{"name":"wp","href":"https:\/\/api.w.org\/{rel}","templated":true}]}}