{"id":144,"date":"2024-10-14T11:44:10","date_gmt":"2024-10-14T11:44:10","guid":{"rendered":"https:\/\/escoladigital.madeira.gov.pt\/ebpcruz\/?page_id=144"},"modified":"2026-03-12T14:18:02","modified_gmt":"2026-03-12T14:18:02","slug":"clubes","status":"publish","type":"page","link":"https:\/\/escoladigital.madeira.gov.pt\/ebpcruz\/clubes\/","title":{"rendered":"Clubes"},"content":{"rendered":"<p><strong>Coordena\u00e7\u00e3o:<\/strong><\/p>\n<pre>Prof.\u00aa Rita Vieira<\/pre>\n\n\n<p class=\"has-text-align-center\"><strong>QUARTA-FEIRA |&nbsp;10h45 &#8211; 13h15<\/strong><\/p>\n\n\n\n<hr class=\"wp-block-separator has-alpha-channel-opacity is-style-wide\" \/>\n\n\n\n<figure class=\"wp-block-gallery has-nested-images columns-6 is-cropped wp-block-gallery-1 is-layout-flex wp-block-gallery-is-layout-flex\">\n<figure class=\"wp-block-image size-thumbnail\"><a href=\"https:\/\/escoladigital.madeira.gov.pt\/ebpcruz\/clubes\/pctv\/\"><img decoding=\"async\" width=\"150\" height=\"150\" data-id=\"908\" src=\"https:\/\/escoladigital.madeira.gov.pt\/ebpcruz\/wp-content\/uploads\/sites\/10\/2025\/02\/PCTV-1-150x150.png\" alt=\"\" class=\"wp-image-908\" srcset=\"https:\/\/escoladigital.madeira.gov.pt\/ebpcruz\/wp-content\/uploads\/sites\/10\/2025\/02\/PCTV-1-150x150.png 150w, https:\/\/escoladigital.madeira.gov.pt\/ebpcruz\/wp-content\/uploads\/sites\/10\/2025\/02\/PCTV-1-300x300.png 300w, https:\/\/escoladigital.madeira.gov.pt\/ebpcruz\/wp-content\/uploads\/sites\/10\/2025\/02\/PCTV-1.png 602w\" sizes=\"(max-width: 150px) 100vw, 150px\" \/><\/a><\/figure>\n\n\n\n<figure class=\"wp-block-image size-large\"><a href=\"https:\/\/escoladigital.madeira.gov.pt\/ebpcruz\/clubes\/xadrez\/\"><img fetchpriority=\"high\" decoding=\"async\" width=\"400\" height=\"400\" data-id=\"876\" src=\"https:\/\/escoladigital.madeira.gov.pt\/ebpcruz\/wp-content\/uploads\/sites\/10\/2025\/02\/2025ClubeXadrez.jpg\" alt=\"\" class=\"wp-image-876\" srcset=\"https:\/\/escoladigital.madeira.gov.pt\/ebpcruz\/wp-content\/uploads\/sites\/10\/2025\/02\/2025ClubeXadrez.jpg 400w, https:\/\/escoladigital.madeira.gov.pt\/ebpcruz\/wp-content\/uploads\/sites\/10\/2025\/02\/2025ClubeXadrez-300x300.jpg 300w, https:\/\/escoladigital.madeira.gov.pt\/ebpcruz\/wp-content\/uploads\/sites\/10\/2025\/02\/2025ClubeXadrez-150x150.jpg 150w\" sizes=\"(max-width: 400px) 100vw, 400px\" \/><\/a><\/figure>\n\n\n\n<figure class=\"wp-block-image size-large\"><a href=\"https:\/\/escoladigital.madeira.gov.pt\/ebpcruz\/clubes\/ups\/\"><img decoding=\"async\" width=\"200\" height=\"200\" data-id=\"643\" src=\"https:\/\/escoladigital.madeira.gov.pt\/ebpcruz\/wp-content\/uploads\/sites\/10\/2025\/02\/UPS.png\" alt=\"\" class=\"wp-image-643\" srcset=\"https:\/\/escoladigital.madeira.gov.pt\/ebpcruz\/wp-content\/uploads\/sites\/10\/2025\/02\/UPS.png 200w, https:\/\/escoladigital.madeira.gov.pt\/ebpcruz\/wp-content\/uploads\/sites\/10\/2025\/02\/UPS-150x150.png 150w\" sizes=\"(max-width: 200px) 100vw, 200px\" \/><\/a><\/figure>\n\n\n\n<figure class=\"wp-block-image size-large\"><a href=\"https:\/\/escoladigital.madeira.gov.pt\/ebpcruz\/clubes\/jogosmatematicos\/\"><img loading=\"lazy\" decoding=\"async\" width=\"140\" height=\"140\" data-id=\"642\" src=\"https:\/\/escoladigital.madeira.gov.pt\/ebpcruz\/wp-content\/uploads\/sites\/10\/2025\/02\/JM500x500.jpg\" alt=\"\" class=\"wp-image-642\" \/><\/a><\/figure>\n\n\n\n<figure class=\"wp-block-image size-large\"><a href=\"https:\/\/escoladigital.madeira.gov.pt\/ebpcruz\/clubes\/epcrobotics\/\"><img loading=\"lazy\" decoding=\"async\" width=\"200\" height=\"169\" data-id=\"641\" src=\"https:\/\/escoladigital.madeira.gov.pt\/ebpcruz\/wp-content\/uploads\/sites\/10\/2025\/02\/EPCrobotics-HPreveal2_200-169.jpg\" alt=\"\" class=\"wp-image-641\" \/><\/a><\/figure>\n\n\n\n<figure class=\"wp-block-image size-large\"><a href=\"https:\/\/escoladigital.madeira.gov.pt\/ebpcruz\/clubes\/fotografia\/\"><img loading=\"lazy\" decoding=\"async\" width=\"200\" height=\"200\" data-id=\"638\" src=\"https:\/\/escoladigital.madeira.gov.pt\/ebpcruz\/wp-content\/uploads\/sites\/10\/2025\/02\/CFEPC200.png\" alt=\"\" class=\"wp-image-638\" srcset=\"https:\/\/escoladigital.madeira.gov.pt\/ebpcruz\/wp-content\/uploads\/sites\/10\/2025\/02\/CFEPC200.png 200w, https:\/\/escoladigital.madeira.gov.pt\/ebpcruz\/wp-content\/uploads\/sites\/10\/2025\/02\/CFEPC200-150x150.png 150w\" sizes=\"(max-width: 200px) 100vw, 200px\" \/><\/a><\/figure>\n<\/figure>\n\n\n\n<figure class=\"wp-block-gallery has-nested-images columns-6 is-cropped wp-block-gallery-2 is-layout-flex wp-block-gallery-is-layout-flex\">\n<figure class=\"wp-block-image size-large\"><a href=\"https:\/\/escoladigital.madeira.gov.pt\/ebpcruz\/clubes\/pedala\/\"><img loading=\"lazy\" decoding=\"async\" width=\"160\" height=\"140\" data-id=\"635\" src=\"https:\/\/escoladigital.madeira.gov.pt\/ebpcruz\/wp-content\/uploads\/sites\/10\/2025\/02\/2023_pedala160-140.png\" alt=\"\" class=\"wp-image-635\" \/><\/a><\/figure>\n\n\n\n<figure class=\"wp-block-image size-full\"><a href=\"https:\/\/escoladigital.madeira.gov.pt\/ebpcruz\/clubes\/cdepc\/\"><img loading=\"lazy\" decoding=\"async\" width=\"310\" height=\"310\" data-id=\"1387\" src=\"https:\/\/escoladigital.madeira.gov.pt\/ebpcruz\/wp-content\/uploads\/sites\/10\/2025\/02\/CDEPC310x310.jpg\" alt=\"\" class=\"wp-image-1387\" srcset=\"https:\/\/escoladigital.madeira.gov.pt\/ebpcruz\/wp-content\/uploads\/sites\/10\/2025\/02\/CDEPC310x310.jpg 310w, https:\/\/escoladigital.madeira.gov.pt\/ebpcruz\/wp-content\/uploads\/sites\/10\/2025\/02\/CDEPC310x310-300x300.jpg 300w, https:\/\/escoladigital.madeira.gov.pt\/ebpcruz\/wp-content\/uploads\/sites\/10\/2025\/02\/CDEPC310x310-150x150.jpg 150w\" sizes=\"(max-width: 310px) 100vw, 310px\" \/><\/a><\/figure>\n\n\n\n<figure class=\"wp-block-image size-large\"><a href=\"https:\/\/escoladigital.madeira.gov.pt\/ebpcruz\/clubes\/artes-plasticas\/\"><img loading=\"lazy\" decoding=\"async\" width=\"200\" height=\"200\" data-id=\"637\" src=\"https:\/\/escoladigital.madeira.gov.pt\/ebpcruz\/wp-content\/uploads\/sites\/10\/2025\/02\/CAP.png\" alt=\"\" class=\"wp-image-637\" srcset=\"https:\/\/escoladigital.madeira.gov.pt\/ebpcruz\/wp-content\/uploads\/sites\/10\/2025\/02\/CAP.png 200w, https:\/\/escoladigital.madeira.gov.pt\/ebpcruz\/wp-content\/uploads\/sites\/10\/2025\/02\/CAP-150x150.png 150w\" sizes=\"(max-width: 200px) 100vw, 200px\" \/><\/a><\/figure>\n\n\n\n<figure class=\"wp-block-image size-full\"><img loading=\"lazy\" decoding=\"async\" width=\"200\" height=\"176\" data-id=\"640\" src=\"https:\/\/escoladigital.madeira.gov.pt\/ebpcruz\/wp-content\/uploads\/sites\/10\/2025\/02\/ClubeEuropeu.png\" alt=\"\" class=\"wp-image-640\" \/><\/figure>\n\n\n\n<figure class=\"wp-block-image size-large\"><img loading=\"lazy\" decoding=\"async\" width=\"300\" height=\"300\" data-id=\"800\" src=\"https:\/\/escoladigital.madeira.gov.pt\/ebpcruz\/wp-content\/uploads\/sites\/10\/2025\/02\/Imagem1-300x300-1.jpg\" alt=\"\" class=\"wp-image-800\" srcset=\"https:\/\/escoladigital.madeira.gov.pt\/ebpcruz\/wp-content\/uploads\/sites\/10\/2025\/02\/Imagem1-300x300-1.jpg 300w, https:\/\/escoladigital.madeira.gov.pt\/ebpcruz\/wp-content\/uploads\/sites\/10\/2025\/02\/Imagem1-300x300-1-150x150.jpg 150w\" sizes=\"(max-width: 300px) 100vw, 300px\" \/><\/figure>\n\n\n\n<figure class=\"wp-block-image size-large\"><img loading=\"lazy\" decoding=\"async\" width=\"300\" height=\"300\" data-id=\"802\" src=\"https:\/\/escoladigital.madeira.gov.pt\/ebpcruz\/wp-content\/uploads\/sites\/10\/2025\/02\/Imagem4-300x300-1.jpg\" alt=\"\" class=\"wp-image-802\" srcset=\"https:\/\/escoladigital.madeira.gov.pt\/ebpcruz\/wp-content\/uploads\/sites\/10\/2025\/02\/Imagem4-300x300-1.jpg 300w, https:\/\/escoladigital.madeira.gov.pt\/ebpcruz\/wp-content\/uploads\/sites\/10\/2025\/02\/Imagem4-300x300-1-150x150.jpg 150w\" sizes=\"(max-width: 300px) 100vw, 300px\" \/><\/figure>\n<\/figure>\n\n\n\n<hr class=\"wp-block-separator has-alpha-channel-opacity is-style-wide\" \/>\n\n\n<p>\u00a0 No prop\u00f3sito de proporcionar espa\u00e7os de aprendizagem mais informal, contribuindo para a forma\u00e7\u00e3o acad\u00e9mica e gosto pela escola, mas principalmente, para a valoriza\u00e7\u00e3o pessoal e social dos jovens, a escola tem vindo, nos \u00faltimos anos a oferecer um conjunto de clubes que desenvolvem tem\u00e1ticas e projetos de v\u00e1ria \u00edndole. Todos os clubes funcionar\u00e3o no turno matinal da quarta-feira, dando a possibilidade aos alunos de se inscreverem em mais do que uma modalidade.<br \/>\u00a0 Alguns clubes apresentam-se como oferta exclusiva da escola. A estes juntam-se duas modalidades art\u00edsticas (Artes pl\u00e1sticas e Dan\u00e7a), em parceria com a Dire\u00e7\u00e3o de Servi\u00e7os das Atividades Art\u00edsticas.<\/p>\n<p><strong>Modalidades art\u00edsticas no \u00e2mbito do Gabinete Coordenador das Atividades Art\u00edsticas:<\/strong><\/p>\n<p><strong>Ateli\u00ea de Artes Pl\u00e1sticas<\/strong> &#8211; O ateli\u00ea procura explorar e aprimorar as capacidades art\u00edsticas dos seus membros promovendo atividades de natureza art\u00edstica, l\u00fadica e formativa, propiciadoras de uma forma\u00e7\u00e3o integral. Pretende tamb\u00e9m esta iniciativa proporcionar simultaneamente aos seus membros o desenvolvimento de projetos conjuntos com seus cong\u00e9neres de outras escolas.<\/p>\n<p><strong>Clube de Dan\u00e7a<\/strong> \u2013 Pretende despertar o gosto e a curiosidade pela aquisi\u00e7\u00e3o de conhecimentos sobre dan\u00e7a e simultaneamente incrementar a motricidade, o sentido r\u00edtmico, a concentra\u00e7\u00e3o e o sentido de responsabilidade nos seus membros.<\/p>\n\n\n<hr class=\"wp-block-separator has-alpha-channel-opacity is-style-wide\" \/>\n","protected":false},"excerpt":{"rendered":"<p>Coordena\u00e7\u00e3o: Prof.\u00aa Rita Vieira QUARTA-FEIRA |&nbsp;10h45 &#8211; 13h15 \u00a0 No prop\u00f3sito de proporcionar espa\u00e7os de aprendizagem mais informal, contribuindo para [&hellip;]<\/p>\n","protected":false},"author":15,"featured_media":0,"parent":0,"menu_order":0,"comment_status":"closed","ping_status":"closed","template":"","meta":{"site-sidebar-layout":"default","site-content-layout":"","ast-site-content-layout":"default","site-content-style":"default","site-sidebar-style":"default","ast-global-header-display":"","ast-banner-title-visibility":"","ast-main-header-display":"","ast-hfb-above-header-display":"","ast-hfb-below-header-display":"","ast-hfb-mobile-header-display":"","site-post-title":"","ast-breadcrumbs-content":"","ast-featured-img":"","footer-sml-layout":"","ast-disable-related-posts":"","theme-transparent-header-meta":"","adv-header-id-meta":"","stick-header-meta":"","header-above-stick-meta":"","header-main-stick-meta":"","header-below-stick-meta":"","astra-migrate-meta-layouts":"default","ast-page-background-enabled":"default","ast-page-background-meta":{"desktop":{"background-color":"var(--ast-global-color-4)","background-image":"","background-repeat":"repeat","background-position":"center center","background-size":"auto","background-attachment":"scroll","background-type":"","background-media":"","overlay-type":"","overlay-color":"","overlay-opacity":"","overlay-gradient":""},"tablet":{"background-color":"","background-image":"","background-repeat":"repeat","background-position":"center center","background-size":"auto","background-attachment":"scroll","background-type":"","background-media":"","overlay-type":"","overlay-color":"","overlay-opacity":"","overlay-gradient":""},"mobile":{"background-color":"","background-image":"","background-repeat":"repeat","background-position":"center center","background-size":"auto","background-attachment":"scroll","background-type":"","background-media":"","overlay-type":"","overlay-color":"","overlay-opacity":"","overlay-gradient":""}},"ast-content-background-meta":{"desktop":{"background-color":"var(--ast-global-color-5)","background-image":"","background-repeat":"repeat","background-position":"center center","background-size":"auto","background-attachment":"scroll","background-type":"","background-media":"","overlay-type":"","overlay-color":"","overlay-opacity":"","overlay-gradient":""},"tablet":{"background-color":"var(--ast-global-color-5)","background-image":"","background-repeat":"repeat","background-position":"center center","background-size":"auto","background-attachment":"scroll","background-type":"","background-media":"","overlay-type":"","overlay-color":"","overlay-opacity":"","overlay-gradient":""},"mobile":{"background-color":"var(--ast-global-color-5)","background-image":"","background-repeat":"repeat","background-position":"center center","background-size":"auto","background-attachment":"scroll","background-type":"","background-media":"","overlay-type":"","overlay-color":"","overlay-opacity":"","overlay-gradient":""}},"_themeisle_gutenberg_block_has_review":false,"footnotes":""},"class_list":["post-144","page","type-page","status-publish","hentry"],"_links":{"self":[{"href":"https:\/\/escoladigital.madeira.gov.pt\/ebpcruz\/wp-json\/wp\/v2\/pages\/144","targetHints":{"allow":["GET"]}}],"collection":[{"href":"https:\/\/escoladigital.madeira.gov.pt\/ebpcruz\/wp-json\/wp\/v2\/pages"}],"about":[{"href":"https:\/\/escoladigital.madeira.gov.pt\/ebpcruz\/wp-json\/wp\/v2\/types\/page"}],"author":[{"embeddable":true,"href":"https:\/\/escoladigital.madeira.gov.pt\/ebpcruz\/wp-json\/wp\/v2\/users\/15"}],"replies":[{"embeddable":true,"href":"https:\/\/escoladigital.madeira.gov.pt\/ebpcruz\/wp-json\/wp\/v2\/comments?post=144"}],"version-history":[{"count":52,"href":"https:\/\/escoladigital.madeira.gov.pt\/ebpcruz\/wp-json\/wp\/v2\/pages\/144\/revisions"}],"predecessor-version":[{"id":2080,"href":"https:\/\/escoladigital.madeira.gov.pt\/ebpcruz\/wp-json\/wp\/v2\/pages\/144\/revisions\/2080"}],"wp:attachment":[{"href":"https:\/\/escoladigital.madeira.gov.pt\/ebpcruz\/wp-json\/wp\/v2\/media?parent=144"}],"curies":[{"name":"wp","href":"https:\/\/api.w.org\/{rel}","templated":true}]}}