{"id":16,"date":"2024-07-24T09:47:10","date_gmt":"2024-07-24T09:47:10","guid":{"rendered":"https:\/\/escoladigital.madeira.gov.pt\/ebpcruz\/?page_id=16"},"modified":"2025-04-22T16:14:22","modified_gmt":"2025-04-22T16:14:22","slug":"pcbcv","status":"publish","type":"page","link":"https:\/\/escoladigital.madeira.gov.pt\/ebpcruz\/projetos\/pcbcv\/","title":{"rendered":"PCBCV"},"content":{"rendered":"\n<p class=\"has-text-align-center has-medium-font-size\"><strong>PLANO DE PREVEN\u00c7\u00c3O E COMBATE AO BULLYING, CIBERBULLYING<br>E A OUTRAS FORMAS DE VIOL\u00caNCIA<\/strong><\/p>\n\n\n\n<figure class=\"wp-block-image aligncenter size-large is-resized is-style-rounded\" style=\"margin-top:0;margin-bottom:0\"><img fetchpriority=\"high\" decoding=\"async\" width=\"1024\" height=\"574\" src=\"https:\/\/escoladigital.madeira.gov.pt\/ebpcruz\/wp-content\/uploads\/sites\/10\/2024\/07\/image-1024x574.png\" alt=\"\" class=\"wp-image-17\" style=\"width:560px;height:auto\" srcset=\"https:\/\/escoladigital.madeira.gov.pt\/ebpcruz\/wp-content\/uploads\/sites\/10\/2024\/07\/image-1024x574.png 1024w, https:\/\/escoladigital.madeira.gov.pt\/ebpcruz\/wp-content\/uploads\/sites\/10\/2024\/07\/image-300x168.png 300w, https:\/\/escoladigital.madeira.gov.pt\/ebpcruz\/wp-content\/uploads\/sites\/10\/2024\/07\/image-768x431.png 768w, https:\/\/escoladigital.madeira.gov.pt\/ebpcruz\/wp-content\/uploads\/sites\/10\/2024\/07\/image.png 1300w\" sizes=\"(max-width: 1024px) 100vw, 1024px\" \/><\/figure>\n\n\n\n<p class=\"has-text-align-center has-medium-font-size\" style=\"padding-top:var(--wp--preset--spacing--30);padding-bottom:var(--wp--preset--spacing--30)\"><a href=\"https:\/\/escoladigital.madeira.gov.pt\/ebpcruz\/wp-content\/uploads\/sites\/10\/2025\/03\/V9_PlanoEBPC_escola-sem-bullying-escola-sem-violencia.pdf\" target=\"_blank\" rel=\"noreferrer noopener\">Plano de preven\u00e7\u00e3o<\/a><\/p>\n\n\n\n<p class=\"has-text-align-center\"><a href=\"https:\/\/www.naoseaceita.pt\/\" target=\"_blank\" rel=\"noreferrer noopener\">&#8220;N\u00e3o se aceita, ponto!&#8221;<\/a><\/p>\n\n\n\n<hr class=\"wp-block-separator has-alpha-channel-opacity is-style-wide\" \/>\n\n\n<div class=\"is-style-boxed wp-block-themeisle-blocks-posts-grid\" id=\"wp-block-themeisle-blocks-posts-grid-cb3f7403\"><div class=\"is-grid o-posts-grid-columns-3\"><div class=\"o-posts-grid-post-blog o-posts-grid-post-plain\"><div class=\"o-posts-grid-post\"><div class=\"o-posts-grid-post-image\"><a href=\"https:\/\/escoladigital.madeira.gov.pt\/ebpcruz\/2026\/02\/23\/online-todos-os-dias-mas-em-seguranca\/\"><img decoding=\"async\" width=\"344\" height=\"360\" src=\"https:\/\/escoladigital.madeira.gov.pt\/ebpcruz\/wp-content\/uploads\/sites\/10\/2026\/02\/Dia-da-internet-mais-segura.png\" class=\"attachment-full size-full\" alt=\"Online todos os dias&#8230; mas em seguran\u00e7a\" srcset=\"https:\/\/escoladigital.madeira.gov.pt\/ebpcruz\/wp-content\/uploads\/sites\/10\/2026\/02\/Dia-da-internet-mais-segura.png 344w, https:\/\/escoladigital.madeira.gov.pt\/ebpcruz\/wp-content\/uploads\/sites\/10\/2026\/02\/Dia-da-internet-mais-segura-287x300.png 287w\" sizes=\"(max-width: 344px) 100vw, 344px\" \/><\/a><\/div><div class=\"o-posts-grid-post-body\"><h4 class=\"o-posts-grid-post-title\"><a href=\"https:\/\/escoladigital.madeira.gov.pt\/ebpcruz\/2026\/02\/23\/online-todos-os-dias-mas-em-seguranca\/\">Online todos os dias&#8230; mas em seguran\u00e7a<\/a><\/h4><p class=\"o-posts-grid-post-meta\">  <time datetime=\"2026-02-23T17:26:43+00:00\">2026-02-23<\/time> <\/p><div class=\"o-posts-grid-post-description\"><p>No \u00e2mbito do dia da Internet Mais Segura, e de acordo com o Plano Anual de Escola, a coordena\u00e7\u00e3o da [&hellip;]<\/p><a class=\"o-posts-read-more\" href=\"https:\/\/escoladigital.madeira.gov.pt\/ebpcruz\/2026\/02\/23\/online-todos-os-dias-mas-em-seguranca\/\">Read More<\/a><\/div><\/div><\/div><\/div><div class=\"o-posts-grid-post-blog o-posts-grid-post-plain\"><div class=\"o-posts-grid-post\"><div class=\"o-posts-grid-post-image\"><a href=\"https:\/\/escoladigital.madeira.gov.pt\/ebpcruz\/2026\/01\/15\/acao-de-sensibilizacao-bullying-e-para-fracos\/\"><img decoding=\"async\" width=\"1600\" height=\"1200\" src=\"https:\/\/escoladigital.madeira.gov.pt\/ebpcruz\/wp-content\/uploads\/sites\/10\/2026\/01\/2026-11-26_PSP.jpg\" class=\"attachment-full size-full\" alt=\"A\u00e7\u00e3o de sensibiliza\u00e7\u00e3o \u201cBullying \u00e9 para fracos\u201d\" srcset=\"https:\/\/escoladigital.madeira.gov.pt\/ebpcruz\/wp-content\/uploads\/sites\/10\/2026\/01\/2026-11-26_PSP.jpg 1600w, https:\/\/escoladigital.madeira.gov.pt\/ebpcruz\/wp-content\/uploads\/sites\/10\/2026\/01\/2026-11-26_PSP-300x225.jpg 300w, https:\/\/escoladigital.madeira.gov.pt\/ebpcruz\/wp-content\/uploads\/sites\/10\/2026\/01\/2026-11-26_PSP-1024x768.jpg 1024w, https:\/\/escoladigital.madeira.gov.pt\/ebpcruz\/wp-content\/uploads\/sites\/10\/2026\/01\/2026-11-26_PSP-768x576.jpg 768w, https:\/\/escoladigital.madeira.gov.pt\/ebpcruz\/wp-content\/uploads\/sites\/10\/2026\/01\/2026-11-26_PSP-1536x1152.jpg 1536w\" sizes=\"(max-width: 1600px) 100vw, 1600px\" \/><\/a><\/div><div class=\"o-posts-grid-post-body\"><h4 class=\"o-posts-grid-post-title\"><a href=\"https:\/\/escoladigital.madeira.gov.pt\/ebpcruz\/2026\/01\/15\/acao-de-sensibilizacao-bullying-e-para-fracos\/\">A\u00e7\u00e3o de sensibiliza\u00e7\u00e3o \u201cBullying \u00e9 para fracos\u201d<\/a><\/h4><p class=\"o-posts-grid-post-meta\">  <time datetime=\"2026-01-15T19:01:14+00:00\">2026-01-15<\/time> <\/p><div class=\"o-posts-grid-post-description\"><p>No dia 26 de novembro, a Pol\u00edcia de Seguran\u00e7a P\u00fablica de Machico promoveu uma a\u00e7\u00e3o de sensibiliza\u00e7\u00e3o sobre a tem\u00e1tica [&hellip;]<\/p><a class=\"o-posts-read-more\" href=\"https:\/\/escoladigital.madeira.gov.pt\/ebpcruz\/2026\/01\/15\/acao-de-sensibilizacao-bullying-e-para-fracos\/\">Read More<\/a><\/div><\/div><\/div><\/div><div class=\"o-posts-grid-post-blog o-posts-grid-post-plain\"><div class=\"o-posts-grid-post\"><div class=\"o-posts-grid-post-image\"><a href=\"https:\/\/escoladigital.madeira.gov.pt\/ebpcruz\/2026\/01\/15\/workshop-bullying-nem-pensar\/\"><img loading=\"lazy\" decoding=\"async\" width=\"1600\" height=\"1200\" src=\"https:\/\/escoladigital.madeira.gov.pt\/ebpcruz\/wp-content\/uploads\/sites\/10\/2026\/01\/2026-11-18_Biblioteca.jpg\" class=\"attachment-full size-full\" alt=\"Workshop &#8220;Bullying? Nem pensar&#8221;\" srcset=\"https:\/\/escoladigital.madeira.gov.pt\/ebpcruz\/wp-content\/uploads\/sites\/10\/2026\/01\/2026-11-18_Biblioteca.jpg 1600w, https:\/\/escoladigital.madeira.gov.pt\/ebpcruz\/wp-content\/uploads\/sites\/10\/2026\/01\/2026-11-18_Biblioteca-300x225.jpg 300w, https:\/\/escoladigital.madeira.gov.pt\/ebpcruz\/wp-content\/uploads\/sites\/10\/2026\/01\/2026-11-18_Biblioteca-1024x768.jpg 1024w, https:\/\/escoladigital.madeira.gov.pt\/ebpcruz\/wp-content\/uploads\/sites\/10\/2026\/01\/2026-11-18_Biblioteca-768x576.jpg 768w, https:\/\/escoladigital.madeira.gov.pt\/ebpcruz\/wp-content\/uploads\/sites\/10\/2026\/01\/2026-11-18_Biblioteca-1536x1152.jpg 1536w\" sizes=\"(max-width: 1600px) 100vw, 1600px\" \/><\/a><\/div><div class=\"o-posts-grid-post-body\"><h4 class=\"o-posts-grid-post-title\"><a href=\"https:\/\/escoladigital.madeira.gov.pt\/ebpcruz\/2026\/01\/15\/workshop-bullying-nem-pensar\/\">Workshop &#8220;Bullying? Nem pensar&#8221;<\/a><\/h4><p class=\"o-posts-grid-post-meta\">  <time datetime=\"2026-01-15T18:42:49+00:00\">2026-01-15<\/time> <\/p><div class=\"o-posts-grid-post-description\"><p>A Biblioteca Municipal de Machico Francisco \u00c1lvares de N\u00f3brega promoveu, no dia 18 de novembro, o workshop &#8220;Bullying? Nem pensar&#8221; [&amp;hellip\u2026<\/p><a class=\"o-posts-read-more\" href=\"https:\/\/escoladigital.madeira.gov.pt\/ebpcruz\/2026\/01\/15\/workshop-bullying-nem-pensar\/\">Read More<\/a><\/div><\/div><\/div><\/div><div class=\"o-posts-grid-post-blog o-posts-grid-post-plain\"><div class=\"o-posts-grid-post\"><div class=\"o-posts-grid-post-image\"><a href=\"https:\/\/escoladigital.madeira.gov.pt\/ebpcruz\/2025\/11\/06\/acao-de-sensibilizacao-destinada-aos-encarregados-de-educacao-dos-2-o-e-3-ociclos-rentabilizar-os-recursos-digitais-nas-aprendizagens\/\"><img loading=\"lazy\" decoding=\"async\" width=\"1200\" height=\"553\" src=\"https:\/\/escoladigital.madeira.gov.pt\/ebpcruz\/wp-content\/uploads\/sites\/10\/2025\/11\/2025-10-24_AF01.jpg\" class=\"attachment-full size-full\" alt=\"A\u00e7\u00e3o de Sensibiliza\u00e7\u00e3o destinada aos Encarregados de Educa\u00e7\u00e3o dos 2.\u00ba e 3.\u00baCiclos \u201cRentabilizar os Recursos Digitais nas Aprendizagens\u201d\" srcset=\"https:\/\/escoladigital.madeira.gov.pt\/ebpcruz\/wp-content\/uploads\/sites\/10\/2025\/11\/2025-10-24_AF01.jpg 1200w, https:\/\/escoladigital.madeira.gov.pt\/ebpcruz\/wp-content\/uploads\/sites\/10\/2025\/11\/2025-10-24_AF01-300x138.jpg 300w, https:\/\/escoladigital.madeira.gov.pt\/ebpcruz\/wp-content\/uploads\/sites\/10\/2025\/11\/2025-10-24_AF01-1024x472.jpg 1024w, https:\/\/escoladigital.madeira.gov.pt\/ebpcruz\/wp-content\/uploads\/sites\/10\/2025\/11\/2025-10-24_AF01-768x354.jpg 768w\" sizes=\"(max-width: 1200px) 100vw, 1200px\" \/><\/a><\/div><div class=\"o-posts-grid-post-body\"><h4 class=\"o-posts-grid-post-title\"><a href=\"https:\/\/escoladigital.madeira.gov.pt\/ebpcruz\/2025\/11\/06\/acao-de-sensibilizacao-destinada-aos-encarregados-de-educacao-dos-2-o-e-3-ociclos-rentabilizar-os-recursos-digitais-nas-aprendizagens\/\">A\u00e7\u00e3o de Sensibiliza\u00e7\u00e3o destinada aos Encarregados de Educa\u00e7\u00e3o dos 2.\u00ba e 3.\u00baCiclos \u201cRentabilizar os Recursos Digitais nas Aprendizagens\u201d<\/a><\/h4><p class=\"o-posts-grid-post-meta\">  <time datetime=\"2025-11-06T11:14:41+00:00\">2025-11-06<\/time> <\/p><div class=\"o-posts-grid-post-description\"><p>No passado dia 15 de outubro, teve lugar, na nossa Escola, uma a\u00e7\u00e3o de sensibiliza\u00e7\u00e3o subordinada ao tema \u201cRentabilizar os [&hellip;]<\/p><a class=\"o-posts-read-more\" href=\"https:\/\/escoladigital.madeira.gov.pt\/ebpcruz\/2025\/11\/06\/acao-de-sensibilizacao-destinada-aos-encarregados-de-educacao-dos-2-o-e-3-ociclos-rentabilizar-os-recursos-digitais-nas-aprendizagens\/\">Read More<\/a><\/div><\/div><\/div><\/div><div class=\"o-posts-grid-post-blog o-posts-grid-post-plain\"><div class=\"o-posts-grid-post\"><div class=\"o-posts-grid-post-image\"><a href=\"https:\/\/escoladigital.madeira.gov.pt\/ebpcruz\/2025\/02\/05\/sobrevivencia-online\/\"><img loading=\"lazy\" decoding=\"async\" width=\"1200\" height=\"900\" src=\"https:\/\/escoladigital.madeira.gov.pt\/ebpcruz\/wp-content\/uploads\/sites\/10\/2025\/02\/2025-02-05DInternetSegura0.jpg\" class=\"attachment-full size-full\" alt=\"Sobreviv\u00eancia online\" srcset=\"https:\/\/escoladigital.madeira.gov.pt\/ebpcruz\/wp-content\/uploads\/sites\/10\/2025\/02\/2025-02-05DInternetSegura0.jpg 1200w, https:\/\/escoladigital.madeira.gov.pt\/ebpcruz\/wp-content\/uploads\/sites\/10\/2025\/02\/2025-02-05DInternetSegura0-300x225.jpg 300w, https:\/\/escoladigital.madeira.gov.pt\/ebpcruz\/wp-content\/uploads\/sites\/10\/2025\/02\/2025-02-05DInternetSegura0-1024x768.jpg 1024w, https:\/\/escoladigital.madeira.gov.pt\/ebpcruz\/wp-content\/uploads\/sites\/10\/2025\/02\/2025-02-05DInternetSegura0-768x576.jpg 768w\" sizes=\"(max-width: 1200px) 100vw, 1200px\" \/><\/a><\/div><div class=\"o-posts-grid-post-body\"><h4 class=\"o-posts-grid-post-title\"><a href=\"https:\/\/escoladigital.madeira.gov.pt\/ebpcruz\/2025\/02\/05\/sobrevivencia-online\/\">Sobreviv\u00eancia online<\/a><\/h4><p class=\"o-posts-grid-post-meta\">  <time datetime=\"2025-02-05T15:15:49+00:00\">2025-02-05<\/time> <\/p><div class=\"o-posts-grid-post-description\"><p>No \u00e2mbito do dia da Internet Mais Segura e de acordo com Plano Anual de Escola, a coordena\u00e7\u00e3o de forma\u00e7\u00e3o [&hellip;]<\/p><a class=\"o-posts-read-more\" href=\"https:\/\/escoladigital.madeira.gov.pt\/ebpcruz\/2025\/02\/05\/sobrevivencia-online\/\">Read More<\/a><\/div><\/div><\/div><\/div><div class=\"o-posts-grid-post-blog o-posts-grid-post-plain\"><div class=\"o-posts-grid-post\"><div class=\"o-posts-grid-post-image\"><a href=\"https:\/\/escoladigital.madeira.gov.pt\/ebpcruz\/2025\/01\/30\/dia-escolar-da-nao-violencia-e-da-paz\/\"><img loading=\"lazy\" decoding=\"async\" width=\"2040\" height=\"1250\" src=\"https:\/\/escoladigital.madeira.gov.pt\/ebpcruz\/wp-content\/uploads\/sites\/10\/2025\/02\/DiaEscolarNaoViolencia01.jpg\" class=\"attachment-full size-full\" alt=\"Dia Escolar da N\u00e3o Viol\u00eancia e da Paz\" srcset=\"https:\/\/escoladigital.madeira.gov.pt\/ebpcruz\/wp-content\/uploads\/sites\/10\/2025\/02\/DiaEscolarNaoViolencia01.jpg 2040w, https:\/\/escoladigital.madeira.gov.pt\/ebpcruz\/wp-content\/uploads\/sites\/10\/2025\/02\/DiaEscolarNaoViolencia01-300x184.jpg 300w, https:\/\/escoladigital.madeira.gov.pt\/ebpcruz\/wp-content\/uploads\/sites\/10\/2025\/02\/DiaEscolarNaoViolencia01-1024x627.jpg 1024w, https:\/\/escoladigital.madeira.gov.pt\/ebpcruz\/wp-content\/uploads\/sites\/10\/2025\/02\/DiaEscolarNaoViolencia01-768x471.jpg 768w, https:\/\/escoladigital.madeira.gov.pt\/ebpcruz\/wp-content\/uploads\/sites\/10\/2025\/02\/DiaEscolarNaoViolencia01-1536x941.jpg 1536w\" sizes=\"(max-width: 2040px) 100vw, 2040px\" \/><\/a><\/div><div class=\"o-posts-grid-post-body\"><h4 class=\"o-posts-grid-post-title\"><a href=\"https:\/\/escoladigital.madeira.gov.pt\/ebpcruz\/2025\/01\/30\/dia-escolar-da-nao-violencia-e-da-paz\/\">Dia Escolar da N\u00e3o Viol\u00eancia e da Paz<\/a><\/h4><p class=\"o-posts-grid-post-meta\">  <time datetime=\"2025-01-30T01:29:27+00:00\">2025-01-30<\/time> <\/p><div class=\"o-posts-grid-post-description\"><p><\/p><a class=\"o-posts-read-more\" href=\"https:\/\/escoladigital.madeira.gov.pt\/ebpcruz\/2025\/01\/30\/dia-escolar-da-nao-violencia-e-da-paz\/\">Read More<\/a><\/div><\/div><\/div><\/div><div class=\"o-posts-grid-post-blog o-posts-grid-post-plain\"><div class=\"o-posts-grid-post\"><div class=\"o-posts-grid-post-image\"><a href=\"https:\/\/escoladigital.madeira.gov.pt\/ebpcruz\/2024\/11\/20\/35-o-aniversario-da-convencao-dos-direitos-da-crianca\/\"><img loading=\"lazy\" decoding=\"async\" width=\"1500\" height=\"1080\" src=\"https:\/\/escoladigital.madeira.gov.pt\/ebpcruz\/wp-content\/uploads\/sites\/10\/2025\/02\/2024Nov02.jpg\" class=\"attachment-full size-full\" alt=\"35.\u00ba Anivers\u00e1rio da Conven\u00e7\u00e3o dos Direitos da Crian\u00e7a\" srcset=\"https:\/\/escoladigital.madeira.gov.pt\/ebpcruz\/wp-content\/uploads\/sites\/10\/2025\/02\/2024Nov02.jpg 1500w, https:\/\/escoladigital.madeira.gov.pt\/ebpcruz\/wp-content\/uploads\/sites\/10\/2025\/02\/2024Nov02-300x216.jpg 300w, https:\/\/escoladigital.madeira.gov.pt\/ebpcruz\/wp-content\/uploads\/sites\/10\/2025\/02\/2024Nov02-1024x737.jpg 1024w, https:\/\/escoladigital.madeira.gov.pt\/ebpcruz\/wp-content\/uploads\/sites\/10\/2025\/02\/2024Nov02-768x553.jpg 768w\" sizes=\"(max-width: 1500px) 100vw, 1500px\" \/><\/a><\/div><div class=\"o-posts-grid-post-body\"><h4 class=\"o-posts-grid-post-title\"><a href=\"https:\/\/escoladigital.madeira.gov.pt\/ebpcruz\/2024\/11\/20\/35-o-aniversario-da-convencao-dos-direitos-da-crianca\/\">35.\u00ba Anivers\u00e1rio da Conven\u00e7\u00e3o dos Direitos da Crian\u00e7a<\/a><\/h4><p class=\"o-posts-grid-post-meta\">  <time datetime=\"2024-11-20T16:05:41+00:00\">2024-11-20<\/time> <\/p><div class=\"o-posts-grid-post-description\"><p><\/p><a class=\"o-posts-read-more\" href=\"https:\/\/escoladigital.madeira.gov.pt\/ebpcruz\/2024\/11\/20\/35-o-aniversario-da-convencao-dos-direitos-da-crianca\/\">Read More<\/a><\/div><\/div><\/div><\/div><div class=\"o-posts-grid-post-blog o-posts-grid-post-plain\"><div class=\"o-posts-grid-post\"><div class=\"o-posts-grid-post-image\"><a href=\"https:\/\/escoladigital.madeira.gov.pt\/ebpcruz\/2024\/10\/06\/dia-mundial-do-sorriso\/\"><img loading=\"lazy\" decoding=\"async\" width=\"1536\" height=\"2048\" src=\"https:\/\/escoladigital.madeira.gov.pt\/ebpcruz\/wp-content\/uploads\/sites\/10\/2025\/02\/2024DiaDoSorriso01.jpg\" class=\"attachment-full size-full\" alt=\"Dia Mundial do Sorriso\" srcset=\"https:\/\/escoladigital.madeira.gov.pt\/ebpcruz\/wp-content\/uploads\/sites\/10\/2025\/02\/2024DiaDoSorriso01.jpg 1536w, https:\/\/escoladigital.madeira.gov.pt\/ebpcruz\/wp-content\/uploads\/sites\/10\/2025\/02\/2024DiaDoSorriso01-225x300.jpg 225w, https:\/\/escoladigital.madeira.gov.pt\/ebpcruz\/wp-content\/uploads\/sites\/10\/2025\/02\/2024DiaDoSorriso01-768x1024.jpg 768w, https:\/\/escoladigital.madeira.gov.pt\/ebpcruz\/wp-content\/uploads\/sites\/10\/2025\/02\/2024DiaDoSorriso01-1152x1536.jpg 1152w\" sizes=\"(max-width: 1536px) 100vw, 1536px\" \/><\/a><\/div><div class=\"o-posts-grid-post-body\"><h4 class=\"o-posts-grid-post-title\"><a href=\"https:\/\/escoladigital.madeira.gov.pt\/ebpcruz\/2024\/10\/06\/dia-mundial-do-sorriso\/\">Dia Mundial do Sorriso<\/a><\/h4><p class=\"o-posts-grid-post-meta\">  <time datetime=\"2024-10-06T10:48:09+00:00\">2024-10-06<\/time> <\/p><div class=\"o-posts-grid-post-description\"><p><\/p><a class=\"o-posts-read-more\" href=\"https:\/\/escoladigital.madeira.gov.pt\/ebpcruz\/2024\/10\/06\/dia-mundial-do-sorriso\/\">Read More<\/a><\/div><\/div><\/div><\/div><div class=\"o-posts-grid-post-blog o-posts-grid-post-plain\"><div class=\"o-posts-grid-post\"><div class=\"o-posts-grid-post-image\"><a href=\"https:\/\/escoladigital.madeira.gov.pt\/ebpcruz\/2024\/10\/05\/dia-mundial-do-professor\/\"><img loading=\"lazy\" decoding=\"async\" width=\"1800\" height=\"2400\" src=\"https:\/\/escoladigital.madeira.gov.pt\/ebpcruz\/wp-content\/uploads\/sites\/10\/2025\/02\/2024DiaMundialdoProfessor-Out-6_01.jpg\" class=\"attachment-full size-full\" alt=\"Dia Mundial do Professor\" srcset=\"https:\/\/escoladigital.madeira.gov.pt\/ebpcruz\/wp-content\/uploads\/sites\/10\/2025\/02\/2024DiaMundialdoProfessor-Out-6_01.jpg 1800w, https:\/\/escoladigital.madeira.gov.pt\/ebpcruz\/wp-content\/uploads\/sites\/10\/2025\/02\/2024DiaMundialdoProfessor-Out-6_01-225x300.jpg 225w, https:\/\/escoladigital.madeira.gov.pt\/ebpcruz\/wp-content\/uploads\/sites\/10\/2025\/02\/2024DiaMundialdoProfessor-Out-6_01-768x1024.jpg 768w, https:\/\/escoladigital.madeira.gov.pt\/ebpcruz\/wp-content\/uploads\/sites\/10\/2025\/02\/2024DiaMundialdoProfessor-Out-6_01-1152x1536.jpg 1152w, https:\/\/escoladigital.madeira.gov.pt\/ebpcruz\/wp-content\/uploads\/sites\/10\/2025\/02\/2024DiaMundialdoProfessor-Out-6_01-1536x2048.jpg 1536w\" sizes=\"(max-width: 1800px) 100vw, 1800px\" \/><\/a><\/div><div class=\"o-posts-grid-post-body\"><h4 class=\"o-posts-grid-post-title\"><a href=\"https:\/\/escoladigital.madeira.gov.pt\/ebpcruz\/2024\/10\/05\/dia-mundial-do-professor\/\">Dia Mundial do Professor<\/a><\/h4><p class=\"o-posts-grid-post-meta\">  <time datetime=\"2024-10-05T15:43:19+00:00\">2024-10-05<\/time> <\/p><div class=\"o-posts-grid-post-description\"><p><\/p><a class=\"o-posts-read-more\" href=\"https:\/\/escoladigital.madeira.gov.pt\/ebpcruz\/2024\/10\/05\/dia-mundial-do-professor\/\">Read More<\/a><\/div><\/div><\/div><\/div><\/div> <div class=\"o-posts-grid-pag\"><span aria-current=\"page\" class=\"page-numbers current\">1<\/span>\n<a class=\"page-numbers\" href=\"https:\/\/escoladigital.madeira.gov.pt\/ebpcruz\/wp-json\/wp\/v2\/pages\/16\/?paged=2\">2<\/a>\n<a class=\"next page-numbers\" href=\"https:\/\/escoladigital.madeira.gov.pt\/ebpcruz\/wp-json\/wp\/v2\/pages\/16\/?paged=2\">Next<\/a><\/div><\/div>\n\n\n<hr class=\"wp-block-separator has-alpha-channel-opacity is-style-wide\" \/>\n\n\n\n<p><\/p>\n","protected":false},"excerpt":{"rendered":"<p>PLANO DE PREVEN\u00c7\u00c3O E COMBATE AO BULLYING, CIBERBULLYINGE A OUTRAS FORMAS DE VIOL\u00caNCIA Plano de preven\u00e7\u00e3o &#8220;N\u00e3o se aceita, ponto!&#8221;<\/p>\n","protected":false},"author":15,"featured_media":0,"parent":119,"menu_order":0,"comment_status":"closed","ping_status":"closed","template":"","meta":{"site-sidebar-layout":"default","site-content-layout":"","ast-site-content-layout":"","site-content-style":"default","site-sidebar-style":"default","ast-global-header-display":"","ast-banner-title-visibility":"","ast-main-header-display":"","ast-hfb-above-header-display":"","ast-hfb-below-header-display":"","ast-hfb-mobile-header-display":"","site-post-title":"disabled","ast-breadcrumbs-content":"","ast-featured-img":"","footer-sml-layout":"","ast-disable-related-posts":"","theme-transparent-header-meta":"","adv-header-id-meta":"","stick-header-meta":"","header-above-stick-meta":"","header-main-stick-meta":"","header-below-stick-meta":"","astra-migrate-meta-layouts":"default","ast-page-background-enabled":"default","ast-page-background-meta":{"desktop":{"background-color":"var(--ast-global-color-4)","background-image":"","background-repeat":"repeat","background-position":"center center","background-size":"auto","background-attachment":"scroll","background-type":"","background-media":"","overlay-type":"","overlay-color":"","overlay-opacity":"","overlay-gradient":""},"tablet":{"background-color":"","background-image":"","background-repeat":"repeat","background-position":"center center","background-size":"auto","background-attachment":"scroll","background-type":"","background-media":"","overlay-type":"","overlay-color":"","overlay-opacity":"","overlay-gradient":""},"mobile":{"background-color":"","background-image":"","background-repeat":"repeat","background-position":"center center","background-size":"auto","background-attachment":"scroll","background-type":"","background-media":"","overlay-type":"","overlay-color":"","overlay-opacity":"","overlay-gradient":""}},"ast-content-background-meta":{"desktop":{"background-color":"var(--ast-global-color-5)","background-image":"","background-repeat":"repeat","background-position":"center center","background-size":"auto","background-attachment":"scroll","background-type":"","background-media":"","overlay-type":"","overlay-color":"","overlay-opacity":"","overlay-gradient":""},"tablet":{"background-color":"var(--ast-global-color-5)","background-image":"","background-repeat":"repeat","background-position":"center center","background-size":"auto","background-attachment":"scroll","background-type":"","background-media":"","overlay-type":"","overlay-color":"","overlay-opacity":"","overlay-gradient":""},"mobile":{"background-color":"var(--ast-global-color-5)","background-image":"","background-repeat":"repeat","background-position":"center center","background-size":"auto","background-attachment":"scroll","background-type":"","background-media":"","overlay-type":"","overlay-color":"","overlay-opacity":"","overlay-gradient":""}},"_themeisle_gutenberg_block_has_review":false,"footnotes":""},"class_list":["post-16","page","type-page","status-publish","hentry"],"_links":{"self":[{"href":"https:\/\/escoladigital.madeira.gov.pt\/ebpcruz\/wp-json\/wp\/v2\/pages\/16","targetHints":{"allow":["GET"]}}],"collection":[{"href":"https:\/\/escoladigital.madeira.gov.pt\/ebpcruz\/wp-json\/wp\/v2\/pages"}],"about":[{"href":"https:\/\/escoladigital.madeira.gov.pt\/ebpcruz\/wp-json\/wp\/v2\/types\/page"}],"author":[{"embeddable":true,"href":"https:\/\/escoladigital.madeira.gov.pt\/ebpcruz\/wp-json\/wp\/v2\/users\/15"}],"replies":[{"embeddable":true,"href":"https:\/\/escoladigital.madeira.gov.pt\/ebpcruz\/wp-json\/wp\/v2\/comments?post=16"}],"version-history":[{"count":35,"href":"https:\/\/escoladigital.madeira.gov.pt\/ebpcruz\/wp-json\/wp\/v2\/pages\/16\/revisions"}],"predecessor-version":[{"id":1524,"href":"https:\/\/escoladigital.madeira.gov.pt\/ebpcruz\/wp-json\/wp\/v2\/pages\/16\/revisions\/1524"}],"up":[{"embeddable":true,"href":"https:\/\/escoladigital.madeira.gov.pt\/ebpcruz\/wp-json\/wp\/v2\/pages\/119"}],"wp:attachment":[{"href":"https:\/\/escoladigital.madeira.gov.pt\/ebpcruz\/wp-json\/wp\/v2\/media?parent=16"}],"curies":[{"name":"wp","href":"https:\/\/api.w.org\/{rel}","templated":true}]}}