{"id":1798,"date":"2025-10-23T08:34:17","date_gmt":"2025-10-23T08:34:17","guid":{"rendered":"https:\/\/escoladigital.madeira.gov.pt\/ebpcruz\/?page_id=1798"},"modified":"2026-01-28T15:41:47","modified_gmt":"2026-01-28T15:41:47","slug":"universidade-senior","status":"publish","type":"page","link":"https:\/\/escoladigital.madeira.gov.pt\/ebpcruz\/alunos\/universidade-senior\/","title":{"rendered":"U-S\u00e9nior"},"content":{"rendered":"\n<hr class=\"wp-block-separator has-alpha-channel-opacity is-style-wide\" \/>\n\n\n\n<figure class=\"wp-block-image size-medium\"><img decoding=\"async\" width=\"300\" height=\"129\" src=\"https:\/\/escoladigital.madeira.gov.pt\/ebpcruz\/wp-content\/uploads\/sites\/10\/2026\/01\/U-seniorLogo-300x129.jpg\" alt=\"\" class=\"wp-image-2014\" srcset=\"https:\/\/escoladigital.madeira.gov.pt\/ebpcruz\/wp-content\/uploads\/sites\/10\/2026\/01\/U-seniorLogo-300x129.jpg 300w, https:\/\/escoladigital.madeira.gov.pt\/ebpcruz\/wp-content\/uploads\/sites\/10\/2026\/01\/U-seniorLogo.jpg 650w\" sizes=\"(max-width: 300px) 100vw, 300px\" \/><\/figure>\n\n\n\n<p>A Escola B\u00e1sica com Pr\u00e9-escolar do Porto da Cruz inaugura, no atual ano letivo, um projeto inovador e inclusivo \u2013 a Universidade S\u00e9nior. Consiste numa iniciativa dedicada a todos os maiores de 50 anos que desejem continuar a aprender, a partilhar experi\u00eancias e a fortalecer la\u00e7os com a comunidade.<\/p>\n\n\n\n<p>Com uma oferta formativa diversificada, os participantes poder\u00e3o desenvolver compet\u00eancias em \u00e1reas como: Hist\u00f3ria e Cultura locais, Ingl\u00eas, Inform\u00e1tica, Atividade F\u00edsica, Artes e Artesanato e M\u00fasica e Teatro. Este projeto pretende, de igual modo, cultivar um verdadeiro esp\u00edrito de partilha de saberes e conv\u00edvio entre os participantes, promovendo o envelhecimento ativo e o bem-estar social.<\/p>\n\n\n\n<p>Para marcar o in\u00edcio da atividade formativa, a Universidade S\u00e9nior do Porto da Cruz alia-se \u00e0 iniciativa nacional anual da RUTIS, a rede que une as Universidades S\u00e9niores. As inscri\u00e7\u00f5es na caminhada est\u00e3o abertas a todos, s\u00e9niores e n\u00e3o s\u00e9niores, e podem ser feitas atrav\u00e9s do link do QR code presente no cartaz.<\/p>\n\n\n\n<div class=\"wp-block-columns has-small-font-size is-layout-flex wp-container-core-columns-is-layout-28f84493 wp-block-columns-is-layout-flex\">\n<div class=\"wp-block-column is-layout-flow wp-block-column-is-layout-flow\">\n<h6 class=\"wp-block-heading\">Coordena\u00e7\u00e3o<\/h6>\n\n\n\n<pre>Prof. Susana Gon\u00e7alves<\/pre>\n\n\n\n<h6 class=\"wp-block-heading\">Calend\u00e1rio escolar<\/h6>\n\n\n\n<table>\n<tbody>\n<tr>\n<td width=\"189\">\n<p>1.\u00ba Trimestre<\/p>\n<\/td>\n<td width=\"283\">\n<p>25 setembro \u2013 18 de dezembro<\/p>\n<\/td>\n<\/tr>\n<tr>\n<td width=\"189\">\n<p>2.\u00ba Trimestre<\/p>\n<\/td>\n<td width=\"283\">\n<p>5 janeiro -27 de mar\u00e7o<\/p>\n<\/td>\n<\/tr>\n<tr>\n<td width=\"189\">\n<p>3.\u00ba Trimestre<\/p>\n<\/td>\n<td width=\"283\">\n<p>13 abril \u2013 12 de junho<\/p>\n<\/td>\n<\/tr>\n<\/tbody>\n<\/table>\n\n\n\n<figure class=\"wp-block-image size-medium\"><img decoding=\"async\" width=\"300\" height=\"100\" src=\"https:\/\/escoladigital.madeira.gov.pt\/ebpcruz\/wp-content\/uploads\/sites\/10\/2026\/01\/RutisLogo-300x100.jpg\" alt=\"\" class=\"wp-image-2013\" srcset=\"https:\/\/escoladigital.madeira.gov.pt\/ebpcruz\/wp-content\/uploads\/sites\/10\/2026\/01\/RutisLogo-300x100.jpg 300w, https:\/\/escoladigital.madeira.gov.pt\/ebpcruz\/wp-content\/uploads\/sites\/10\/2026\/01\/RutisLogo.jpg 685w\" sizes=\"(max-width: 300px) 100vw, 300px\" \/><\/figure>\n<\/div>\n\n\n\n<div class=\"wp-block-column is-layout-flow wp-block-column-is-layout-flow\">\n<p class=\"has-text-align-center\"><strong>Hor\u00e1rio<\/strong><\/p>\n\n\n\n<figure class=\"wp-block-image size-large\"><img fetchpriority=\"high\" decoding=\"async\" width=\"1024\" height=\"785\" src=\"https:\/\/escoladigital.madeira.gov.pt\/ebpcruz\/wp-content\/uploads\/sites\/10\/2026\/01\/2026USeniorHorario-1024x785.jpg\" alt=\"\" class=\"wp-image-2016\" srcset=\"https:\/\/escoladigital.madeira.gov.pt\/ebpcruz\/wp-content\/uploads\/sites\/10\/2026\/01\/2026USeniorHorario-1024x785.jpg 1024w, https:\/\/escoladigital.madeira.gov.pt\/ebpcruz\/wp-content\/uploads\/sites\/10\/2026\/01\/2026USeniorHorario-300x230.jpg 300w, https:\/\/escoladigital.madeira.gov.pt\/ebpcruz\/wp-content\/uploads\/sites\/10\/2026\/01\/2026USeniorHorario-768x588.jpg 768w, https:\/\/escoladigital.madeira.gov.pt\/ebpcruz\/wp-content\/uploads\/sites\/10\/2026\/01\/2026USeniorHorario.jpg 1236w\" sizes=\"(max-width: 1024px) 100vw, 1024px\" \/><\/figure>\n<\/div>\n<\/div>\n\n\n\n<hr class=\"wp-block-separator has-alpha-channel-opacity is-style-wide\" \/>\n\n\n<div class=\"is-style-boxed wp-block-themeisle-blocks-posts-grid\" id=\"wp-block-themeisle-blocks-posts-grid-8d8b3b41\"><div class=\"is-list\"><div class=\"o-posts-grid-post-blog o-posts-grid-post-plain\"><div class=\"o-posts-grid-post\"><div class=\"o-posts-grid-post-image\"><a href=\"https:\/\/escoladigital.madeira.gov.pt\/ebpcruz\/2025\/12\/04\/universidade-senior-promove-workshop-vamos-aprender-a-fazer-um-bolo-de-mel\/\"><img loading=\"lazy\" decoding=\"async\" width=\"347\" height=\"500\" src=\"https:\/\/escoladigital.madeira.gov.pt\/ebpcruz\/wp-content\/uploads\/sites\/10\/2025\/12\/20251124BoloMel1.jpeg\" class=\"attachment-full size-full\" alt=\"Universidade S\u00e9nior promove workshop \u201cVamos aprender a fazer um bolo de mel\u201d\" srcset=\"https:\/\/escoladigital.madeira.gov.pt\/ebpcruz\/wp-content\/uploads\/sites\/10\/2025\/12\/20251124BoloMel1.jpeg 347w, https:\/\/escoladigital.madeira.gov.pt\/ebpcruz\/wp-content\/uploads\/sites\/10\/2025\/12\/20251124BoloMel1-208x300.jpeg 208w\" sizes=\"(max-width: 347px) 100vw, 347px\" \/><\/a><\/div><div class=\"o-posts-grid-post-body\"><span class=\"o-posts-grid-post-category\"><a href=\"https:\/\/escoladigital.madeira.gov.pt\/ebpcruz\/category\/u-senior\/\">U-S\u00e9nior<\/a><\/span><h4 class=\"o-posts-grid-post-title\"><a href=\"https:\/\/escoladigital.madeira.gov.pt\/ebpcruz\/2025\/12\/04\/universidade-senior-promove-workshop-vamos-aprender-a-fazer-um-bolo-de-mel\/\">Universidade S\u00e9nior promove workshop \u201cVamos aprender a fazer um bolo de mel\u201d<\/a><\/h4><p class=\"o-posts-grid-post-meta\">  <time datetime=\"2025-12-04T11:31:06+00:00\">2025-12-04<\/time> by <a href=\"https:\/\/escoladigital.madeira.gov.pt\/ebpcruz\/author\/ebpcruz\/\">ebpcruz<\/a><\/p><div class=\"o-posts-grid-post-description\"><p>No passado dia 24 de novembro, pelas 11 horas, realizou-se, nos Engenhos do Norte do Porto da Cruz, \u2026<\/p><\/div><\/div><\/div><\/div><div class=\"o-posts-grid-post-blog o-posts-grid-post-plain\"><div class=\"o-posts-grid-post\"><div class=\"o-posts-grid-post-image\"><a href=\"https:\/\/escoladigital.madeira.gov.pt\/ebpcruz\/2025\/11\/23\/workshop-vamos-aprender-a-fazer-o-bolo-de-mel\/\"><img loading=\"lazy\" decoding=\"async\" width=\"848\" height=\"1200\" src=\"https:\/\/escoladigital.madeira.gov.pt\/ebpcruz\/wp-content\/uploads\/sites\/10\/2025\/11\/2025-11-24CartazWorkshopBolo-de-mel.jpeg\" class=\"attachment-full size-full\" alt=\"Workshop &#8220;Vamos aprender a fazer o Bolo de Mel&#8221;\" srcset=\"https:\/\/escoladigital.madeira.gov.pt\/ebpcruz\/wp-content\/uploads\/sites\/10\/2025\/11\/2025-11-24CartazWorkshopBolo-de-mel.jpeg 848w, https:\/\/escoladigital.madeira.gov.pt\/ebpcruz\/wp-content\/uploads\/sites\/10\/2025\/11\/2025-11-24CartazWorkshopBolo-de-mel-212x300.jpeg 212w, https:\/\/escoladigital.madeira.gov.pt\/ebpcruz\/wp-content\/uploads\/sites\/10\/2025\/11\/2025-11-24CartazWorkshopBolo-de-mel-724x1024.jpeg 724w, https:\/\/escoladigital.madeira.gov.pt\/ebpcruz\/wp-content\/uploads\/sites\/10\/2025\/11\/2025-11-24CartazWorkshopBolo-de-mel-768x1087.jpeg 768w\" sizes=\"(max-width: 848px) 100vw, 848px\" \/><\/a><\/div><div class=\"o-posts-grid-post-body\"><span class=\"o-posts-grid-post-category\"><a href=\"https:\/\/escoladigital.madeira.gov.pt\/ebpcruz\/category\/u-senior\/\">U-S\u00e9nior<\/a><\/span><h4 class=\"o-posts-grid-post-title\"><a href=\"https:\/\/escoladigital.madeira.gov.pt\/ebpcruz\/2025\/11\/23\/workshop-vamos-aprender-a-fazer-o-bolo-de-mel\/\">Workshop &#8220;Vamos aprender a fazer o Bolo de Mel&#8221;<\/a><\/h4><p class=\"o-posts-grid-post-meta\">  <time datetime=\"2025-11-23T08:39:10+00:00\">2025-11-23<\/time> by <a href=\"https:\/\/escoladigital.madeira.gov.pt\/ebpcruz\/author\/ebpcruz\/\">ebpcruz<\/a><\/p><div class=\"o-posts-grid-post-description\"><p>No pr\u00f3ximo dia 24 de novembro, \u00e0s 11h00, nos Engenhos do Norte, o Porto da Cruz ser\u00e1 palco de uma [&amp;\u2026<\/p><\/div><\/div><\/div><\/div><div class=\"o-posts-grid-post-blog o-posts-grid-post-plain\"><div class=\"o-posts-grid-post\"><div class=\"o-posts-grid-post-image\"><a href=\"https:\/\/escoladigital.madeira.gov.pt\/ebpcruz\/2025\/11\/12\/visita-de-estudo-ao-parque-florestal-do-ribeiro-frio\/\"><img loading=\"lazy\" decoding=\"async\" width=\"677\" height=\"900\" src=\"https:\/\/escoladigital.madeira.gov.pt\/ebpcruz\/wp-content\/uploads\/sites\/10\/2025\/11\/ES-EBPC-J1.jpg\" class=\"attachment-full size-full\" alt=\"Visita de estudo ao Parque Florestal do Ribeiro Frio\" srcset=\"https:\/\/escoladigital.madeira.gov.pt\/ebpcruz\/wp-content\/uploads\/sites\/10\/2025\/11\/ES-EBPC-J1.jpg 677w, https:\/\/escoladigital.madeira.gov.pt\/ebpcruz\/wp-content\/uploads\/sites\/10\/2025\/11\/ES-EBPC-J1-226x300.jpg 226w\" sizes=\"(max-width: 677px) 100vw, 677px\" \/><\/a><\/div><div class=\"o-posts-grid-post-body\"><span class=\"o-posts-grid-post-category\"><a href=\"https:\/\/escoladigital.madeira.gov.pt\/ebpcruz\/category\/u-senior\/\">U-S\u00e9nior<\/a><\/span><h4 class=\"o-posts-grid-post-title\"><a href=\"https:\/\/escoladigital.madeira.gov.pt\/ebpcruz\/2025\/11\/12\/visita-de-estudo-ao-parque-florestal-do-ribeiro-frio\/\">Visita de estudo ao Parque Florestal do Ribeiro Frio<\/a><\/h4><p class=\"o-posts-grid-post-meta\">  <time datetime=\"2025-11-12T16:34:35+00:00\">2025-11-12<\/time> by <a href=\"https:\/\/escoladigital.madeira.gov.pt\/ebpcruz\/author\/ebpcruz\/\">ebpcruz<\/a><\/p><div class=\"o-posts-grid-post-description\"><p>No dia 22 de outubro, os alunos da Universidade S\u00e9nior e do Clube de Ci\u00eancias da Escola do Porto da \u2026<\/p><\/div><\/div><\/div><\/div><div class=\"o-posts-grid-post-blog o-posts-grid-post-plain\"><div class=\"o-posts-grid-post\"><div class=\"o-posts-grid-post-image\"><a href=\"https:\/\/escoladigital.madeira.gov.pt\/ebpcruz\/2025\/10\/23\/a-descoberta-do-solar-de-sao-cristovao\/\"><img loading=\"lazy\" decoding=\"async\" width=\"1419\" height=\"800\" src=\"https:\/\/escoladigital.madeira.gov.pt\/ebpcruz\/wp-content\/uploads\/sites\/10\/2025\/10\/US-SC01.jpg\" class=\"attachment-full size-full\" alt=\"\u00c0 descoberta do Solar de S\u00e3o Crist\u00f3v\u00e3o\" srcset=\"https:\/\/escoladigital.madeira.gov.pt\/ebpcruz\/wp-content\/uploads\/sites\/10\/2025\/10\/US-SC01.jpg 1419w, https:\/\/escoladigital.madeira.gov.pt\/ebpcruz\/wp-content\/uploads\/sites\/10\/2025\/10\/US-SC01-300x169.jpg 300w, https:\/\/escoladigital.madeira.gov.pt\/ebpcruz\/wp-content\/uploads\/sites\/10\/2025\/10\/US-SC01-1024x577.jpg 1024w, https:\/\/escoladigital.madeira.gov.pt\/ebpcruz\/wp-content\/uploads\/sites\/10\/2025\/10\/US-SC01-768x433.jpg 768w\" sizes=\"(max-width: 1419px) 100vw, 1419px\" \/><\/a><\/div><div class=\"o-posts-grid-post-body\"><span class=\"o-posts-grid-post-category\"><a href=\"https:\/\/escoladigital.madeira.gov.pt\/ebpcruz\/category\/u-senior\/\">U-S\u00e9nior<\/a><\/span><h4 class=\"o-posts-grid-post-title\"><a href=\"https:\/\/escoladigital.madeira.gov.pt\/ebpcruz\/2025\/10\/23\/a-descoberta-do-solar-de-sao-cristovao\/\">\u00c0 descoberta do Solar de S\u00e3o Crist\u00f3v\u00e3o<\/a><\/h4><p class=\"o-posts-grid-post-meta\">  <time datetime=\"2025-10-23T08:48:30+00:00\">2025-10-23<\/time> by <a href=\"https:\/\/escoladigital.madeira.gov.pt\/ebpcruz\/author\/ebpcruz\/\">ebpcruz<\/a><\/p><div class=\"o-posts-grid-post-description\"><p>No dia 16 de outubro, a turma da Universidade S\u00e9nior da Escola do Porto da Cruz realizou a sua prime\u2026<\/p><\/div><\/div><\/div><\/div><div class=\"o-posts-grid-post-blog o-posts-grid-post-plain\"><div class=\"o-posts-grid-post\"><div class=\"o-posts-grid-post-image\"><a href=\"https:\/\/escoladigital.madeira.gov.pt\/ebpcruz\/2025\/09\/24\/caminhada-nacional-senior-2025\/\"><img loading=\"lazy\" decoding=\"async\" width=\"594\" height=\"841\" src=\"https:\/\/escoladigital.madeira.gov.pt\/ebpcruz\/wp-content\/uploads\/sites\/10\/2025\/09\/CaminhadaNacionalSenior2025.jpg\" class=\"attachment-full size-full\" alt=\"Caminhada Nacional S\u00e9nior 2025\" srcset=\"https:\/\/escoladigital.madeira.gov.pt\/ebpcruz\/wp-content\/uploads\/sites\/10\/2025\/09\/CaminhadaNacionalSenior2025.jpg 594w, https:\/\/escoladigital.madeira.gov.pt\/ebpcruz\/wp-content\/uploads\/sites\/10\/2025\/09\/CaminhadaNacionalSenior2025-212x300.jpg 212w\" sizes=\"(max-width: 594px) 100vw, 594px\" \/><\/a><\/div><div class=\"o-posts-grid-post-body\"><span class=\"o-posts-grid-post-category\"><a href=\"https:\/\/escoladigital.madeira.gov.pt\/ebpcruz\/category\/u-senior\/\">U-S\u00e9nior<\/a><\/span><h4 class=\"o-posts-grid-post-title\"><a href=\"https:\/\/escoladigital.madeira.gov.pt\/ebpcruz\/2025\/09\/24\/caminhada-nacional-senior-2025\/\">Caminhada Nacional S\u00e9nior 2025<\/a><\/h4><p class=\"o-posts-grid-post-meta\">  <time datetime=\"2025-09-24T21:14:09+00:00\">2025-09-24<\/time> by <a href=\"https:\/\/escoladigital.madeira.gov.pt\/ebpcruz\/author\/ebpcruz\/\">ebpcruz<\/a><\/p><div class=\"o-posts-grid-post-description\"><p>A Escola B\u00e1sica com Pr\u00e9-escolar do Porto da Cruz inaugura, no atual ano letivo, um projeto inovador \u2026<\/p><\/div><\/div><\/div><\/div><\/div> <div class=\"o-posts-grid-pag\"><\/div><\/div>","protected":false},"excerpt":{"rendered":"<p>A Escola B\u00e1sica com Pr\u00e9-escolar do Porto da Cruz inaugura, no atual ano letivo, um projeto inovador e inclusivo \u2013 [&hellip;]<\/p>\n","protected":false},"author":15,"featured_media":0,"parent":975,"menu_order":0,"comment_status":"closed","ping_status":"closed","template":"","meta":{"site-sidebar-layout":"default","site-content-layout":"","ast-site-content-layout":"","site-content-style":"default","site-sidebar-style":"default","ast-global-header-display":"","ast-banner-title-visibility":"","ast-main-header-display":"","ast-hfb-above-header-display":"","ast-hfb-below-header-display":"","ast-hfb-mobile-header-display":"","site-post-title":"","ast-breadcrumbs-content":"","ast-featured-img":"","footer-sml-layout":"","ast-disable-related-posts":"","theme-transparent-header-meta":"","adv-header-id-meta":"","stick-header-meta":"","header-above-stick-meta":"","header-main-stick-meta":"","header-below-stick-meta":"","astra-migrate-meta-layouts":"default","ast-page-background-enabled":"default","ast-page-background-meta":{"desktop":{"background-color":"var(--ast-global-color-4)","background-image":"","background-repeat":"repeat","background-position":"center center","background-size":"auto","background-attachment":"scroll","background-type":"","background-media":"","overlay-type":"","overlay-color":"","overlay-opacity":"","overlay-gradient":""},"tablet":{"background-color":"","background-image":"","background-repeat":"repeat","background-position":"center center","background-size":"auto","background-attachment":"scroll","background-type":"","background-media":"","overlay-type":"","overlay-color":"","overlay-opacity":"","overlay-gradient":""},"mobile":{"background-color":"","background-image":"","background-repeat":"repeat","background-position":"center center","background-size":"auto","background-attachment":"scroll","background-type":"","background-media":"","overlay-type":"","overlay-color":"","overlay-opacity":"","overlay-gradient":""}},"ast-content-background-meta":{"desktop":{"background-color":"var(--ast-global-color-5)","background-image":"","background-repeat":"repeat","background-position":"center center","background-size":"auto","background-attachment":"scroll","background-type":"","background-media":"","overlay-type":"","overlay-color":"","overlay-opacity":"","overlay-gradient":""},"tablet":{"background-color":"var(--ast-global-color-5)","background-image":"","background-repeat":"repeat","background-position":"center center","background-size":"auto","background-attachment":"scroll","background-type":"","background-media":"","overlay-type":"","overlay-color":"","overlay-opacity":"","overlay-gradient":""},"mobile":{"background-color":"var(--ast-global-color-5)","background-image":"","background-repeat":"repeat","background-position":"center center","background-size":"auto","background-attachment":"scroll","background-type":"","background-media":"","overlay-type":"","overlay-color":"","overlay-opacity":"","overlay-gradient":""}},"_themeisle_gutenberg_block_has_review":false,"footnotes":""},"class_list":["post-1798","page","type-page","status-publish","hentry"],"_links":{"self":[{"href":"https:\/\/escoladigital.madeira.gov.pt\/ebpcruz\/wp-json\/wp\/v2\/pages\/1798","targetHints":{"allow":["GET"]}}],"collection":[{"href":"https:\/\/escoladigital.madeira.gov.pt\/ebpcruz\/wp-json\/wp\/v2\/pages"}],"about":[{"href":"https:\/\/escoladigital.madeira.gov.pt\/ebpcruz\/wp-json\/wp\/v2\/types\/page"}],"author":[{"embeddable":true,"href":"https:\/\/escoladigital.madeira.gov.pt\/ebpcruz\/wp-json\/wp\/v2\/users\/15"}],"replies":[{"embeddable":true,"href":"https:\/\/escoladigital.madeira.gov.pt\/ebpcruz\/wp-json\/wp\/v2\/comments?post=1798"}],"version-history":[{"count":12,"href":"https:\/\/escoladigital.madeira.gov.pt\/ebpcruz\/wp-json\/wp\/v2\/pages\/1798\/revisions"}],"predecessor-version":[{"id":2024,"href":"https:\/\/escoladigital.madeira.gov.pt\/ebpcruz\/wp-json\/wp\/v2\/pages\/1798\/revisions\/2024"}],"up":[{"embeddable":true,"href":"https:\/\/escoladigital.madeira.gov.pt\/ebpcruz\/wp-json\/wp\/v2\/pages\/975"}],"wp:attachment":[{"href":"https:\/\/escoladigital.madeira.gov.pt\/ebpcruz\/wp-json\/wp\/v2\/media?parent=1798"}],"curies":[{"name":"wp","href":"https:\/\/api.w.org\/{rel}","templated":true}]}}