{"id":289,"date":"2025-01-29T15:36:05","date_gmt":"2025-01-29T15:36:05","guid":{"rendered":"https:\/\/escoladigital.madeira.gov.pt\/ebpcruz\/?page_id=289"},"modified":"2025-07-03T23:05:00","modified_gmt":"2025-07-03T23:05:00","slug":"jornal","status":"publish","type":"page","link":"https:\/\/escoladigital.madeira.gov.pt\/ebpcruz\/noticias\/jornal\/","title":{"rendered":"Jornal"},"content":{"rendered":"\n<figure class=\"wp-block-image aligncenter size-full\"><img decoding=\"async\" width=\"208\" height=\"147\" src=\"https:\/\/escoladigital.madeira.gov.pt\/ebpcruz\/wp-content\/uploads\/sites\/10\/2025\/02\/PV_logol.png\" alt=\"\" class=\"wp-image-595\" \/><\/figure>\n\n\n<p><strong>O jornal \u201cPalavras Vivas\u201d<\/strong> com periodicidade semestral que tem por intuito estreitar os la\u00e7os de comunica\u00e7\u00e3o entre os membros da comunidade educativa e dar a conhecer a toda a comunidade escolar e local o trabalho realizado por alunos e professores. O jornal \u00e9, essencialmente, constitu\u00eddo por not\u00edcias acerca dos eventos mais marcantes\/relevantes desenvolvidos na Escola, bem como por trabalhos elaborados pelos alunos, sendo a sua coordena\u00e7\u00e3o t\u00e9cnica, composi\u00e7\u00e3o gr\u00e1fica e revis\u00e3o ortogr\u00e1fica da responsabilidade da equipa multidisciplinar.<\/p>\n\n\n<div id=\"wp-block-themeisle-blocks-advanced-columns-55b78b58\" class=\"wp-block-themeisle-blocks-advanced-columns alignfull has-2-columns has-desktop-equal-layout has-tablet-equal-layout has-mobile-collapsedRows-layout has-vertical-center ticss-c00aadba\"><div class=\"wp-block-themeisle-blocks-advanced-columns-overlay\"><\/div><div class=\"innerblocks-wrap\">\n<div id=\"wp-block-themeisle-blocks-advanced-column-d16eef57\" class=\"wp-block-themeisle-blocks-advanced-column\">\n<figure class=\"wp-block-image aligncenter size-full\"><a href=\"https:\/\/escoladigital.madeira.gov.pt\/ebpcruz\/wp-content\/uploads\/sites\/10\/2025\/02\/2024-2025PALAVRAS-VIVAS-1S.pdf\" target=\"_blank\" rel=\" noreferrer noopener\"><img fetchpriority=\"high\" decoding=\"async\" width=\"500\" height=\"710\" src=\"https:\/\/escoladigital.madeira.gov.pt\/ebpcruz\/wp-content\/uploads\/sites\/10\/2025\/02\/2024-25-JPV-1S-capa.jpg\" alt=\"\" class=\"wp-image-930\" style=\"aspect-ratio:3\/4;object-fit:cover\" srcset=\"https:\/\/escoladigital.madeira.gov.pt\/ebpcruz\/wp-content\/uploads\/sites\/10\/2025\/02\/2024-25-JPV-1S-capa.jpg 500w, https:\/\/escoladigital.madeira.gov.pt\/ebpcruz\/wp-content\/uploads\/sites\/10\/2025\/02\/2024-25-JPV-1S-capa-211x300.jpg 211w\" sizes=\"(max-width: 500px) 100vw, 500px\" \/><\/a><\/figure>\n\n\n\n<h3 id=\"wp-block-themeisle-blocks-advanced-heading-af4a6933\" class=\"wp-block-themeisle-blocks-advanced-heading wp-block-themeisle-blocks-advanced-heading-af4a6933\">2024-25 &#8211; 1.\u00ba semestre<\/h3>\n<\/div>\n\n\n\n<div id=\"wp-block-themeisle-blocks-advanced-column-bd1b0b6b\" class=\"wp-block-themeisle-blocks-advanced-column\">\n<figure class=\"wp-block-image aligncenter size-full\"><a href=\"https:\/\/escoladigital.madeira.gov.pt\/ebpcruz\/wp-content\/uploads\/sites\/10\/2025\/07\/2024-25-JPV_2Semestre.pdf\"><img decoding=\"async\" width=\"500\" height=\"702\" src=\"https:\/\/escoladigital.madeira.gov.pt\/ebpcruz\/wp-content\/uploads\/sites\/10\/2025\/07\/2025PV-S2capa.jpg\" alt=\"\" class=\"wp-image-1663\" style=\"aspect-ratio:3\/4;object-fit:cover\" srcset=\"https:\/\/escoladigital.madeira.gov.pt\/ebpcruz\/wp-content\/uploads\/sites\/10\/2025\/07\/2025PV-S2capa.jpg 500w, https:\/\/escoladigital.madeira.gov.pt\/ebpcruz\/wp-content\/uploads\/sites\/10\/2025\/07\/2025PV-S2capa-214x300.jpg 214w\" sizes=\"(max-width: 500px) 100vw, 500px\" \/><\/a><\/figure>\n\n\n\n<h3 id=\"wp-block-themeisle-blocks-advanced-heading-112ba0b0\" class=\"wp-block-themeisle-blocks-advanced-heading wp-block-themeisle-blocks-advanced-heading-112ba0b0\">2024-25 &#8211; 2.\u00ba semestre<\/h3>\n<\/div>\n<\/div><\/div>\n\n\n\n<div id=\"wp-block-themeisle-blocks-advanced-columns-b548fe06\" class=\"wp-block-themeisle-blocks-advanced-columns alignfull has-2-columns has-desktop-equal-layout has-tablet-equal-layout has-mobile-collapsedRows-layout has-vertical-center ticss-c00aadba\"><div class=\"wp-block-themeisle-blocks-advanced-columns-overlay\"><\/div><div class=\"innerblocks-wrap\">\n<div id=\"wp-block-themeisle-blocks-advanced-column-3206ab0b\" class=\"wp-block-themeisle-blocks-advanced-column\">\n<figure class=\"wp-block-image aligncenter size-full\"><a href=\"https:\/\/escoladigital.madeira.gov.pt\/ebpcruz\/wp-content\/uploads\/sites\/10\/2025\/02\/2023-24-JPV-1S.pdf\" target=\"_blank\" rel=\" noreferrer noopener\"><img decoding=\"async\" src=\"https:\/\/escoladigital.madeira.gov.pt\/ebpcruz\/wp-content\/uploads\/sites\/10\/2025\/02\/2023-24_JPV-1S-capa.jpg\" alt=\"\" class=\"wp-image-918\" style=\"aspect-ratio:3\/4;object-fit:cover\" \/><\/a><\/figure>\n\n\n\n<h3 id=\"wp-block-themeisle-blocks-advanced-heading-4bc07491\" class=\"wp-block-themeisle-blocks-advanced-heading wp-block-themeisle-blocks-advanced-heading-4bc07491\">2023-24 &#8211; 1.\u00ba semestre<\/h3>\n<\/div>\n\n\n\n<div id=\"wp-block-themeisle-blocks-advanced-column-1d433e13\" class=\"wp-block-themeisle-blocks-advanced-column\">\n<figure class=\"wp-block-image aligncenter size-full\"><a href=\"https:\/\/escoladigital.madeira.gov.pt\/ebpcruz\/wp-content\/uploads\/sites\/10\/2025\/02\/2023-24-JPV-2S.pdf\" target=\"_blank\" rel=\" noreferrer noopener\"><img decoding=\"async\" src=\"https:\/\/escoladigital.madeira.gov.pt\/ebpcruz\/wp-content\/uploads\/sites\/10\/2025\/02\/2023-24-JPV-2S-capa.jpg\" alt=\"\" class=\"wp-image-919\" style=\"aspect-ratio:3\/4;object-fit:cover\" \/><\/a><\/figure>\n\n\n\n<h3 id=\"wp-block-themeisle-blocks-advanced-heading-0b9e31fd\" class=\"wp-block-themeisle-blocks-advanced-heading wp-block-themeisle-blocks-advanced-heading-0b9e31fd\">2023-24 &#8211; 2.\u00ba semestre<\/h3>\n<\/div>\n<\/div><\/div>\n\n\n\n<div id=\"wp-block-themeisle-blocks-advanced-columns-d5bdcc39\" class=\"wp-block-themeisle-blocks-advanced-columns alignfull has-2-columns has-desktop-equal-layout has-tablet-equal-layout has-mobile-collapsedRows-layout has-vertical-center ticss-c00aadba\"><div class=\"wp-block-themeisle-blocks-advanced-columns-overlay\"><\/div><div class=\"innerblocks-wrap\">\n<div id=\"wp-block-themeisle-blocks-advanced-column-24cfae7b\" class=\"wp-block-themeisle-blocks-advanced-column\">\n<figure class=\"wp-block-image aligncenter size-full\"><a href=\"https:\/\/escoladigital.madeira.gov.pt\/ebpcruz\/wp-content\/uploads\/sites\/10\/2025\/02\/2021-22-JPV-1S.pdf\" target=\"_blank\" rel=\" noreferrer noopener\"><img loading=\"lazy\" decoding=\"async\" width=\"500\" height=\"710\" src=\"https:\/\/escoladigital.madeira.gov.pt\/ebpcruz\/wp-content\/uploads\/sites\/10\/2025\/02\/2021-22_JPV-1S-capa.jpg\" alt=\"\" class=\"wp-image-948\" style=\"aspect-ratio:3\/4;object-fit:cover\" srcset=\"https:\/\/escoladigital.madeira.gov.pt\/ebpcruz\/wp-content\/uploads\/sites\/10\/2025\/02\/2021-22_JPV-1S-capa.jpg 500w, https:\/\/escoladigital.madeira.gov.pt\/ebpcruz\/wp-content\/uploads\/sites\/10\/2025\/02\/2021-22_JPV-1S-capa-211x300.jpg 211w\" sizes=\"(max-width: 500px) 100vw, 500px\" \/><\/a><\/figure>\n\n\n\n<h3 id=\"wp-block-themeisle-blocks-advanced-heading-60b6acd8\" class=\"wp-block-themeisle-blocks-advanced-heading wp-block-themeisle-blocks-advanced-heading-60b6acd8\">2022-23 &#8211; 1.\u00ba semestre<\/h3>\n<\/div>\n\n\n\n<div id=\"wp-block-themeisle-blocks-advanced-column-5d81d532\" class=\"wp-block-themeisle-blocks-advanced-column\">\n<figure class=\"wp-block-image aligncenter size-full\"><img loading=\"lazy\" decoding=\"async\" width=\"500\" height=\"710\" src=\"https:\/\/escoladigital.madeira.gov.pt\/ebpcruz\/wp-content\/uploads\/sites\/10\/2025\/02\/2021-22_JPV-2S-capa.jpg\" alt=\"\" class=\"wp-image-947\" style=\"aspect-ratio:3\/4;object-fit:cover\" srcset=\"https:\/\/escoladigital.madeira.gov.pt\/ebpcruz\/wp-content\/uploads\/sites\/10\/2025\/02\/2021-22_JPV-2S-capa.jpg 500w, https:\/\/escoladigital.madeira.gov.pt\/ebpcruz\/wp-content\/uploads\/sites\/10\/2025\/02\/2021-22_JPV-2S-capa-211x300.jpg 211w\" sizes=\"(max-width: 500px) 100vw, 500px\" \/><\/figure>\n\n\n\n<h3 id=\"wp-block-themeisle-blocks-advanced-heading-74824d72\" class=\"wp-block-themeisle-blocks-advanced-heading wp-block-themeisle-blocks-advanced-heading-74824d72\">2022-23 &#8211; 2.\u00ba semestre<\/h3>\n<\/div>\n<\/div><\/div>\n\n\n\n<div id=\"wp-block-themeisle-blocks-advanced-columns-3e04b9ee\" class=\"wp-block-themeisle-blocks-advanced-columns alignfull has-2-columns has-desktop-equal-layout has-tablet-equal-layout has-mobile-collapsedRows-layout has-vertical-center ticss-c00aadba\"><div class=\"wp-block-themeisle-blocks-advanced-columns-overlay\"><\/div><div class=\"innerblocks-wrap\">\n<div id=\"wp-block-themeisle-blocks-advanced-column-f9e81f33\" class=\"wp-block-themeisle-blocks-advanced-column\">\n<figure class=\"wp-block-image aligncenter size-full\"><img loading=\"lazy\" decoding=\"async\" width=\"500\" height=\"710\" src=\"https:\/\/escoladigital.madeira.gov.pt\/ebpcruz\/wp-content\/uploads\/sites\/10\/2025\/02\/2020-21-JPV-1S-capa.jpg\" alt=\"\" class=\"wp-image-955\" style=\"aspect-ratio:3\/4;object-fit:cover\" srcset=\"https:\/\/escoladigital.madeira.gov.pt\/ebpcruz\/wp-content\/uploads\/sites\/10\/2025\/02\/2020-21-JPV-1S-capa.jpg 500w, https:\/\/escoladigital.madeira.gov.pt\/ebpcruz\/wp-content\/uploads\/sites\/10\/2025\/02\/2020-21-JPV-1S-capa-211x300.jpg 211w\" sizes=\"(max-width: 500px) 100vw, 500px\" \/><\/figure>\n\n\n\n<h3 id=\"wp-block-themeisle-blocks-advanced-heading-45459aa1\" class=\"wp-block-themeisle-blocks-advanced-heading wp-block-themeisle-blocks-advanced-heading-45459aa1\">2021-22 &#8211; 1.\u00ba semestre<\/h3>\n<\/div>\n\n\n\n<div id=\"wp-block-themeisle-blocks-advanced-column-f159d006\" class=\"wp-block-themeisle-blocks-advanced-column\">\n<figure class=\"wp-block-image aligncenter size-full\"><img loading=\"lazy\" decoding=\"async\" width=\"500\" height=\"710\" src=\"https:\/\/escoladigital.madeira.gov.pt\/ebpcruz\/wp-content\/uploads\/sites\/10\/2025\/02\/2020-21-JPV-2S-capa.jpg\" alt=\"\" class=\"wp-image-956\" style=\"aspect-ratio:3\/4;object-fit:cover\" srcset=\"https:\/\/escoladigital.madeira.gov.pt\/ebpcruz\/wp-content\/uploads\/sites\/10\/2025\/02\/2020-21-JPV-2S-capa.jpg 500w, https:\/\/escoladigital.madeira.gov.pt\/ebpcruz\/wp-content\/uploads\/sites\/10\/2025\/02\/2020-21-JPV-2S-capa-211x300.jpg 211w\" sizes=\"(max-width: 500px) 100vw, 500px\" \/><\/figure>\n\n\n\n<h3 id=\"wp-block-themeisle-blocks-advanced-heading-793fb957\" class=\"wp-block-themeisle-blocks-advanced-heading wp-block-themeisle-blocks-advanced-heading-793fb957\">2021-22 &#8211; 2.\u00ba semestre<\/h3>\n<\/div>\n<\/div><\/div>\n\n\n\n<p><\/p>\n","protected":false},"excerpt":{"rendered":"<p>O jornal \u201cPalavras Vivas\u201d com periodicidade semestral que tem por intuito estreitar os la\u00e7os de comunica\u00e7\u00e3o entre os membros da [&hellip;]<\/p>\n","protected":false},"author":15,"featured_media":0,"parent":285,"menu_order":0,"comment_status":"closed","ping_status":"closed","template":"","meta":{"site-sidebar-layout":"default","site-content-layout":"","ast-site-content-layout":"","site-content-style":"default","site-sidebar-style":"default","ast-global-header-display":"","ast-banner-title-visibility":"","ast-main-header-display":"","ast-hfb-above-header-display":"","ast-hfb-below-header-display":"","ast-hfb-mobile-header-display":"","site-post-title":"disabled","ast-breadcrumbs-content":"","ast-featured-img":"","footer-sml-layout":"","ast-disable-related-posts":"","theme-transparent-header-meta":"disabled","adv-header-id-meta":"","stick-header-meta":"","header-above-stick-meta":"","header-main-stick-meta":"","header-below-stick-meta":"","astra-migrate-meta-layouts":"default","ast-page-background-enabled":"default","ast-page-background-meta":{"desktop":{"background-color":"var(--ast-global-color-4)","background-image":"","background-repeat":"repeat","background-position":"center center","background-size":"auto","background-attachment":"scroll","background-type":"","background-media":"","overlay-type":"","overlay-color":"","overlay-opacity":"","overlay-gradient":""},"tablet":{"background-color":"","background-image":"","background-repeat":"repeat","background-position":"center center","background-size":"auto","background-attachment":"scroll","background-type":"","background-media":"","overlay-type":"","overlay-color":"","overlay-opacity":"","overlay-gradient":""},"mobile":{"background-color":"","background-image":"","background-repeat":"repeat","background-position":"center center","background-size":"auto","background-attachment":"scroll","background-type":"","background-media":"","overlay-type":"","overlay-color":"","overlay-opacity":"","overlay-gradient":""}},"ast-content-background-meta":{"desktop":{"background-color":"var(--ast-global-color-5)","background-image":"","background-repeat":"repeat","background-position":"center center","background-size":"auto","background-attachment":"scroll","background-type":"","background-media":"","overlay-type":"","overlay-color":"","overlay-opacity":"","overlay-gradient":""},"tablet":{"background-color":"var(--ast-global-color-5)","background-image":"","background-repeat":"repeat","background-position":"center center","background-size":"auto","background-attachment":"scroll","background-type":"","background-media":"","overlay-type":"","overlay-color":"","overlay-opacity":"","overlay-gradient":""},"mobile":{"background-color":"var(--ast-global-color-5)","background-image":"","background-repeat":"repeat","background-position":"center center","background-size":"auto","background-attachment":"scroll","background-type":"","background-media":"","overlay-type":"","overlay-color":"","overlay-opacity":"","overlay-gradient":""}},"_themeisle_gutenberg_block_has_review":false,"footnotes":""},"class_list":["post-289","page","type-page","status-publish","hentry"],"_links":{"self":[{"href":"https:\/\/escoladigital.madeira.gov.pt\/ebpcruz\/wp-json\/wp\/v2\/pages\/289","targetHints":{"allow":["GET"]}}],"collection":[{"href":"https:\/\/escoladigital.madeira.gov.pt\/ebpcruz\/wp-json\/wp\/v2\/pages"}],"about":[{"href":"https:\/\/escoladigital.madeira.gov.pt\/ebpcruz\/wp-json\/wp\/v2\/types\/page"}],"author":[{"embeddable":true,"href":"https:\/\/escoladigital.madeira.gov.pt\/ebpcruz\/wp-json\/wp\/v2\/users\/15"}],"replies":[{"embeddable":true,"href":"https:\/\/escoladigital.madeira.gov.pt\/ebpcruz\/wp-json\/wp\/v2\/comments?post=289"}],"version-history":[{"count":41,"href":"https:\/\/escoladigital.madeira.gov.pt\/ebpcruz\/wp-json\/wp\/v2\/pages\/289\/revisions"}],"predecessor-version":[{"id":1665,"href":"https:\/\/escoladigital.madeira.gov.pt\/ebpcruz\/wp-json\/wp\/v2\/pages\/289\/revisions\/1665"}],"up":[{"embeddable":true,"href":"https:\/\/escoladigital.madeira.gov.pt\/ebpcruz\/wp-json\/wp\/v2\/pages\/285"}],"wp:attachment":[{"href":"https:\/\/escoladigital.madeira.gov.pt\/ebpcruz\/wp-json\/wp\/v2\/media?parent=289"}],"curies":[{"name":"wp","href":"https:\/\/api.w.org\/{rel}","templated":true}]}}