{"id":55,"date":"2024-07-29T11:28:41","date_gmt":"2024-07-29T11:28:41","guid":{"rendered":"https:\/\/escoladigital.madeira.gov.pt\/ebpcruz\/?page_id=55"},"modified":"2026-03-05T13:50:51","modified_gmt":"2026-03-05T13:50:51","slug":"ciberseguranca","status":"publish","type":"page","link":"https:\/\/escoladigital.madeira.gov.pt\/ebpcruz\/ciberseguranca\/","title":{"rendered":"Ciberseguran\u00e7a"},"content":{"rendered":"\n<p>\u00abA consciencializa\u00e7\u00e3o das organiza\u00e7\u00f5es para a tem\u00e1tica da seguran\u00e7a das redes e dos sistemas de informa\u00e7\u00e3o nunca foi t\u00e3o relevante como \u00e9 hoje em dia. A cada ano que passa, existe um maior n\u00famero de dispositivos conectados entre si atrav\u00e9s da internet, alguns deles mal protegidos ou mal configurados, que acabam por se traduzir em amea\u00e7as aos ativos das organiza\u00e7\u00f5es.<\/p>\n\n\n\n<p>Em alinhamento com a Lei n.\u00ba 46\/2018, que estabelece o regime jur\u00eddico da seguran\u00e7a do ciberespa\u00e7o, transpondo a Diretiva (UE) 2016\/1148, do Parlamento Europeu e do Conselho, de 6 de julho de 2016, relativa a medidas destinadas a garantir um elevado n\u00edvel comum de seguran\u00e7a das redes e da informa\u00e7\u00e3o em toda a Uni\u00e3o&#8230; <\/p>\n\n\n\n<p>Este documento termina com um conjunto de recomenda\u00e7\u00f5es adicionais, fundamentais para que as organiza\u00e7\u00f5es possam cumprir, por um lado, com a legisla\u00e7\u00e3o em vigor, e por outro possam de forma efetiva estar preparadas, atrav\u00e9s da <strong>defini\u00e7\u00e3o de uma estrat\u00e9gia que envolva toda a organiza\u00e7\u00e3o<\/strong>, para <strong>gerir o risco e mitigar o impacto dos incidentes<\/strong> que poder\u00e3o afetar as organiza\u00e7\u00f5es.\u00bb (in QNRCS WEB v20200123)<\/p>\n\n\n\n<p>A Escola B\u00e1sica com Pr\u00e9-escolar do Porto da Cruz, coordenada pela equipa Ciber.Edu constituiu uma equipa para a elabora\u00e7\u00e3o do plano de Ciberseguran\u00e7a e sensibiliza\u00e7\u00e3o para esta problem\u00e1tica.<\/p>\n\n\n\n<h2 class=\"wp-block-heading\">Documentos<\/h2>\n\n\n\n<ul class=\"wp-block-list\">\n<li>Equipa de Ciberseguran\u00e7a;<\/li>\n\n\n\n<li><a href=\"https:\/\/escoladigital.madeira.gov.pt\/ebpcruz\/wp-content\/uploads\/sites\/10\/2025\/02\/2024-09-30PUA-Politica-de-Utilizacao-Aceitavel-propostaV3.pdf\" target=\"_blank\" rel=\"noreferrer noopener\">Pol\u00edtica de utiliza\u00e7\u00e3o aceit\u00e1vel<\/a>;<\/li>\n\n\n\n<li>Pol\u00edtica de Privacidade (e cookies) &#8211; Termos e Condi\u00e7\u00f5es (brevemente).<\/li>\n<\/ul>\n\n\n\n<ul class=\"wp-block-list\"><\/ul>\n\n\n\n<h2 class=\"wp-block-heading\">Recomenda\u00e7\u00f5es<\/h2>\n\n\n\n<ul class=\"wp-block-list\">\n<li><a href=\"https:\/\/rayuela.pj.pt\/o-jogo\/\" target=\"_blank\" rel=\"noreferrer noopener\">RAYUELA<\/a><\/li>\n\n\n\n<li><a href=\"https:\/\/seguranet.pt\/pais\" target=\"_blank\" rel=\"noreferrer noopener\">Seguranet<\/a><\/li>\n\n\n\n<li><a href=\"https:\/\/www.secport.org\/pt-pt\/\" target=\"_blank\" rel=\"noreferrer noopener\">SecPort<\/a><\/li>\n\n\n\n<li><a href=\"https:\/\/ragequit.pj.pt\/\" target=\"_blank\" rel=\"noreferrer noopener\">RageQuit<\/a><\/li>\n<\/ul>\n\n\n\n<hr class=\"wp-block-separator has-alpha-channel-opacity\" \/>\n\n\n<div class=\"is-style-boxed wp-block-themeisle-blocks-posts-grid\" id=\"wp-block-themeisle-blocks-posts-grid-1289fd41\"><div class=\"is-list\"><div class=\"o-posts-grid-post-blog o-posts-grid-post-plain\"><div class=\"o-posts-grid-post\"><div class=\"o-posts-grid-post-image\"><a href=\"https:\/\/escoladigital.madeira.gov.pt\/ebpcruz\/2025\/11\/06\/acao-de-sensibilizacao-destinada-aos-encarregados-de-educacao-dos-2-o-e-3-ociclos-rentabilizar-os-recursos-digitais-nas-aprendizagens\/\"><img fetchpriority=\"high\" decoding=\"async\" width=\"1200\" height=\"553\" src=\"https:\/\/escoladigital.madeira.gov.pt\/ebpcruz\/wp-content\/uploads\/sites\/10\/2025\/11\/2025-10-24_AF01.jpg\" class=\"attachment-full size-full\" alt=\"A\u00e7\u00e3o de Sensibiliza\u00e7\u00e3o destinada aos Encarregados de Educa\u00e7\u00e3o dos 2.\u00ba e 3.\u00baCiclos \u201cRentabilizar os Recursos Digitais nas Aprendizagens\u201d\" srcset=\"https:\/\/escoladigital.madeira.gov.pt\/ebpcruz\/wp-content\/uploads\/sites\/10\/2025\/11\/2025-10-24_AF01.jpg 1200w, https:\/\/escoladigital.madeira.gov.pt\/ebpcruz\/wp-content\/uploads\/sites\/10\/2025\/11\/2025-10-24_AF01-300x138.jpg 300w, https:\/\/escoladigital.madeira.gov.pt\/ebpcruz\/wp-content\/uploads\/sites\/10\/2025\/11\/2025-10-24_AF01-1024x472.jpg 1024w, https:\/\/escoladigital.madeira.gov.pt\/ebpcruz\/wp-content\/uploads\/sites\/10\/2025\/11\/2025-10-24_AF01-768x354.jpg 768w\" sizes=\"(max-width: 1200px) 100vw, 1200px\" \/><\/a><\/div><div class=\"o-posts-grid-post-body\"><span class=\"o-posts-grid-post-category\"><a href=\"https:\/\/escoladigital.madeira.gov.pt\/ebpcruz\/category\/coord-2-o-3-o-ciclo\/\">2.\u00ba\/3.\u00ba Ciclo<\/a><\/span><h4 class=\"o-posts-grid-post-title\"><a href=\"https:\/\/escoladigital.madeira.gov.pt\/ebpcruz\/2025\/11\/06\/acao-de-sensibilizacao-destinada-aos-encarregados-de-educacao-dos-2-o-e-3-ociclos-rentabilizar-os-recursos-digitais-nas-aprendizagens\/\">A\u00e7\u00e3o de Sensibiliza\u00e7\u00e3o destinada aos Encarregados de Educa\u00e7\u00e3o dos 2.\u00ba e 3.\u00baCiclos \u201cRentabilizar os Recursos Digitais nas Aprendizagens\u201d<\/a><\/h4><p class=\"o-posts-grid-post-meta\">  <time datetime=\"2025-11-06T11:14:41+00:00\">2025-11-06<\/time> by <a href=\"https:\/\/escoladigital.madeira.gov.pt\/ebpcruz\/author\/ebpcruz\/\">ebpcruz<\/a><\/p><div class=\"o-posts-grid-post-description\"><p>No passado dia 15 de outubro, teve lugar, na nossa Escola, uma a\u00e7\u00e3o de sensibiliza\u00e7\u00e3o subordinada ao\u2026<\/p><\/div><\/div><\/div><\/div><\/div> <\/div>","protected":false},"excerpt":{"rendered":"<p>\u00abA consciencializa\u00e7\u00e3o das organiza\u00e7\u00f5es para a tem\u00e1tica da seguran\u00e7a das redes e dos sistemas de informa\u00e7\u00e3o nunca foi t\u00e3o relevante [&hellip;]<\/p>\n","protected":false},"author":15,"featured_media":0,"parent":0,"menu_order":0,"comment_status":"closed","ping_status":"closed","template":"","meta":{"site-sidebar-layout":"default","site-content-layout":"","ast-site-content-layout":"default","site-content-style":"default","site-sidebar-style":"default","ast-global-header-display":"","ast-banner-title-visibility":"","ast-main-header-display":"","ast-hfb-above-header-display":"","ast-hfb-below-header-display":"","ast-hfb-mobile-header-display":"","site-post-title":"","ast-breadcrumbs-content":"","ast-featured-img":"","footer-sml-layout":"","ast-disable-related-posts":"","theme-transparent-header-meta":"","adv-header-id-meta":"","stick-header-meta":"","header-above-stick-meta":"","header-main-stick-meta":"","header-below-stick-meta":"","astra-migrate-meta-layouts":"default","ast-page-background-enabled":"default","ast-page-background-meta":{"desktop":{"background-color":"var(--ast-global-color-4)","background-image":"","background-repeat":"repeat","background-position":"center center","background-size":"auto","background-attachment":"scroll","background-type":"","background-media":"","overlay-type":"","overlay-color":"","overlay-opacity":"","overlay-gradient":""},"tablet":{"background-color":"","background-image":"","background-repeat":"repeat","background-position":"center center","background-size":"auto","background-attachment":"scroll","background-type":"","background-media":"","overlay-type":"","overlay-color":"","overlay-opacity":"","overlay-gradient":""},"mobile":{"background-color":"","background-image":"","background-repeat":"repeat","background-position":"center center","background-size":"auto","background-attachment":"scroll","background-type":"","background-media":"","overlay-type":"","overlay-color":"","overlay-opacity":"","overlay-gradient":""}},"ast-content-background-meta":{"desktop":{"background-color":"var(--ast-global-color-5)","background-image":"","background-repeat":"repeat","background-position":"center center","background-size":"auto","background-attachment":"scroll","background-type":"","background-media":"","overlay-type":"","overlay-color":"","overlay-opacity":"","overlay-gradient":""},"tablet":{"background-color":"var(--ast-global-color-5)","background-image":"","background-repeat":"repeat","background-position":"center center","background-size":"auto","background-attachment":"scroll","background-type":"","background-media":"","overlay-type":"","overlay-color":"","overlay-opacity":"","overlay-gradient":""},"mobile":{"background-color":"var(--ast-global-color-5)","background-image":"","background-repeat":"repeat","background-position":"center center","background-size":"auto","background-attachment":"scroll","background-type":"","background-media":"","overlay-type":"","overlay-color":"","overlay-opacity":"","overlay-gradient":""}},"_themeisle_gutenberg_block_has_review":false,"footnotes":""},"class_list":["post-55","page","type-page","status-publish","hentry"],"_links":{"self":[{"href":"https:\/\/escoladigital.madeira.gov.pt\/ebpcruz\/wp-json\/wp\/v2\/pages\/55","targetHints":{"allow":["GET"]}}],"collection":[{"href":"https:\/\/escoladigital.madeira.gov.pt\/ebpcruz\/wp-json\/wp\/v2\/pages"}],"about":[{"href":"https:\/\/escoladigital.madeira.gov.pt\/ebpcruz\/wp-json\/wp\/v2\/types\/page"}],"author":[{"embeddable":true,"href":"https:\/\/escoladigital.madeira.gov.pt\/ebpcruz\/wp-json\/wp\/v2\/users\/15"}],"replies":[{"embeddable":true,"href":"https:\/\/escoladigital.madeira.gov.pt\/ebpcruz\/wp-json\/wp\/v2\/comments?post=55"}],"version-history":[{"count":16,"href":"https:\/\/escoladigital.madeira.gov.pt\/ebpcruz\/wp-json\/wp\/v2\/pages\/55\/revisions"}],"predecessor-version":[{"id":2069,"href":"https:\/\/escoladigital.madeira.gov.pt\/ebpcruz\/wp-json\/wp\/v2\/pages\/55\/revisions\/2069"}],"wp:attachment":[{"href":"https:\/\/escoladigital.madeira.gov.pt\/ebpcruz\/wp-json\/wp\/v2\/media?parent=55"}],"curies":[{"name":"wp","href":"https:\/\/api.w.org\/{rel}","templated":true}]}}