{"id":645,"date":"2025-02-09T00:53:14","date_gmt":"2025-02-09T00:53:14","guid":{"rendered":"https:\/\/escoladigital.madeira.gov.pt\/ebpcruz\/?page_id=645"},"modified":"2025-02-16T17:09:06","modified_gmt":"2025-02-16T17:09:06","slug":"ups","status":"publish","type":"page","link":"https:\/\/escoladigital.madeira.gov.pt\/ebpcruz\/clubes\/ups\/","title":{"rendered":"UPS"},"content":{"rendered":"\n<figure class=\"wp-block-image aligncenter size-full\"><img decoding=\"async\" width=\"200\" height=\"200\" src=\"https:\/\/escoladigital.madeira.gov.pt\/ebpcruz\/wp-content\/uploads\/sites\/10\/2025\/02\/UPS.png\" alt=\"\" class=\"wp-image-643\" srcset=\"https:\/\/escoladigital.madeira.gov.pt\/ebpcruz\/wp-content\/uploads\/sites\/10\/2025\/02\/UPS.png 200w, https:\/\/escoladigital.madeira.gov.pt\/ebpcruz\/wp-content\/uploads\/sites\/10\/2025\/02\/UPS-150x150.png 150w\" sizes=\"(max-width: 200px) 100vw, 200px\" \/><\/figure>\n\n\n<p style=\"text-align: left\"><strong>Monitores<\/strong>:\u00a0<\/p>\n<pre>Prof.\u00aa Marisol Andrade<br \/>Prof.\u00aa Felisbela Ornelas<\/pre>\n\n\n<hr class=\"wp-block-separator has-alpha-channel-opacity is-style-wide\" \/>\n\n\n<p><strong>Clube Unidos Por Um Sorriso\/Vivendo e Aprendendo<\/strong> \u2013 Este clube, como o pr\u00f3prio nome sugere, pretende incutir nos alunos a solidariedade para com aqueles que mais necessitam. V\u00e1rias a\u00e7\u00f5es de solidariedade est\u00e3o previstas para fazer despertar um sorriso no rosto daqueles a quem a vida menos favoreceu.<\/p>\n\n\n<hr class=\"wp-block-separator has-alpha-channel-opacity is-style-wide\" \/>\n\n\n\n<p><\/p>\n","protected":false},"excerpt":{"rendered":"<p>Monitores:\u00a0 Prof.\u00aa Marisol AndradeProf.\u00aa Felisbela Ornelas Clube Unidos Por Um Sorriso\/Vivendo e Aprendendo \u2013 Este clube, como o pr\u00f3prio nome [&hellip;]<\/p>\n","protected":false},"author":15,"featured_media":0,"parent":144,"menu_order":0,"comment_status":"closed","ping_status":"closed","template":"","meta":{"site-sidebar-layout":"default","site-content-layout":"","ast-site-content-layout":"","site-content-style":"default","site-sidebar-style":"default","ast-global-header-display":"","ast-banner-title-visibility":"","ast-main-header-display":"","ast-hfb-above-header-display":"","ast-hfb-below-header-display":"","ast-hfb-mobile-header-display":"","site-post-title":"disabled","ast-breadcrumbs-content":"","ast-featured-img":"","footer-sml-layout":"","ast-disable-related-posts":"","theme-transparent-header-meta":"","adv-header-id-meta":"","stick-header-meta":"","header-above-stick-meta":"","header-main-stick-meta":"","header-below-stick-meta":"","astra-migrate-meta-layouts":"default","ast-page-background-enabled":"default","ast-page-background-meta":{"desktop":{"background-color":"var(--ast-global-color-4)","background-image":"","background-repeat":"repeat","background-position":"center center","background-size":"auto","background-attachment":"scroll","background-type":"","background-media":"","overlay-type":"","overlay-color":"","overlay-opacity":"","overlay-gradient":""},"tablet":{"background-color":"","background-image":"","background-repeat":"repeat","background-position":"center center","background-size":"auto","background-attachment":"scroll","background-type":"","background-media":"","overlay-type":"","overlay-color":"","overlay-opacity":"","overlay-gradient":""},"mobile":{"background-color":"","background-image":"","background-repeat":"repeat","background-position":"center center","background-size":"auto","background-attachment":"scroll","background-type":"","background-media":"","overlay-type":"","overlay-color":"","overlay-opacity":"","overlay-gradient":""}},"ast-content-background-meta":{"desktop":{"background-color":"var(--ast-global-color-5)","background-image":"","background-repeat":"repeat","background-position":"center center","background-size":"auto","background-attachment":"scroll","background-type":"","background-media":"","overlay-type":"","overlay-color":"","overlay-opacity":"","overlay-gradient":""},"tablet":{"background-color":"var(--ast-global-color-5)","background-image":"","background-repeat":"repeat","background-position":"center center","background-size":"auto","background-attachment":"scroll","background-type":"","background-media":"","overlay-type":"","overlay-color":"","overlay-opacity":"","overlay-gradient":""},"mobile":{"background-color":"var(--ast-global-color-5)","background-image":"","background-repeat":"repeat","background-position":"center center","background-size":"auto","background-attachment":"scroll","background-type":"","background-media":"","overlay-type":"","overlay-color":"","overlay-opacity":"","overlay-gradient":""}},"_themeisle_gutenberg_block_has_review":false,"footnotes":""},"class_list":["post-645","page","type-page","status-publish","hentry"],"_links":{"self":[{"href":"https:\/\/escoladigital.madeira.gov.pt\/ebpcruz\/wp-json\/wp\/v2\/pages\/645","targetHints":{"allow":["GET"]}}],"collection":[{"href":"https:\/\/escoladigital.madeira.gov.pt\/ebpcruz\/wp-json\/wp\/v2\/pages"}],"about":[{"href":"https:\/\/escoladigital.madeira.gov.pt\/ebpcruz\/wp-json\/wp\/v2\/types\/page"}],"author":[{"embeddable":true,"href":"https:\/\/escoladigital.madeira.gov.pt\/ebpcruz\/wp-json\/wp\/v2\/users\/15"}],"replies":[{"embeddable":true,"href":"https:\/\/escoladigital.madeira.gov.pt\/ebpcruz\/wp-json\/wp\/v2\/comments?post=645"}],"version-history":[{"count":7,"href":"https:\/\/escoladigital.madeira.gov.pt\/ebpcruz\/wp-json\/wp\/v2\/pages\/645\/revisions"}],"predecessor-version":[{"id":1243,"href":"https:\/\/escoladigital.madeira.gov.pt\/ebpcruz\/wp-json\/wp\/v2\/pages\/645\/revisions\/1243"}],"up":[{"embeddable":true,"href":"https:\/\/escoladigital.madeira.gov.pt\/ebpcruz\/wp-json\/wp\/v2\/pages\/144"}],"wp:attachment":[{"href":"https:\/\/escoladigital.madeira.gov.pt\/ebpcruz\/wp-json\/wp\/v2\/media?parent=645"}],"curies":[{"name":"wp","href":"https:\/\/api.w.org\/{rel}","templated":true}]}}