{"id":68,"date":"2024-07-29T15:44:12","date_gmt":"2024-07-29T15:44:12","guid":{"rendered":"https:\/\/escoladigital.madeira.gov.pt\/ebpcruz\/?page_id=68"},"modified":"2025-11-06T11:33:14","modified_gmt":"2025-11-06T11:33:14","slug":"manuais-digitais","status":"publish","type":"page","link":"https:\/\/escoladigital.madeira.gov.pt\/ebpcruz\/escola\/manuais-digitais\/","title":{"rendered":"Manuais Digitais"},"content":{"rendered":"\n<figure class=\"wp-block-image aligncenter size-medium\"><img fetchpriority=\"high\" decoding=\"async\" width=\"300\" height=\"168\" src=\"https:\/\/escoladigital.madeira.gov.pt\/ebpcruz\/wp-content\/uploads\/sites\/10\/2025\/02\/2024MD-300x168.jpg\" alt=\"\" class=\"wp-image-579\" srcset=\"https:\/\/escoladigital.madeira.gov.pt\/ebpcruz\/wp-content\/uploads\/sites\/10\/2025\/02\/2024MD-300x168.jpg 300w, https:\/\/escoladigital.madeira.gov.pt\/ebpcruz\/wp-content\/uploads\/sites\/10\/2025\/02\/2024MD.jpg 631w\" sizes=\"(max-width: 300px) 100vw, 300px\" \/><\/figure>\n\n\n<p><strong>Coordenador:<\/strong><\/p>\n<pre>Lu\u00eds Rocha<\/pre>\n\n\n<hr class=\"wp-block-separator has-alpha-channel-opacity is-style-wide\" \/>\n\n\n<p style=\"text-align: left\">\u00a0 \u00abManuais Digitais \u00e9 um projeto da Secretaria Regional da Educa\u00e7\u00e3o, Ci\u00eancia e Tecnologia da Madeira assumido por todas as escolas p\u00fablicas da Regi\u00e3o e pretende uma altera\u00e7\u00e3o profunda no modo de funcionamento da sala aula, atrav\u00e9s da introdu\u00e7\u00e3o de novas metodologias de trabalho que permitam simultaneamente a flexibilidade curricular, o princ\u00edpio da educa\u00e7\u00e3o inclusiva e a diferencia\u00e7\u00e3o pedag\u00f3gica.\u00bb<\/p>\n<p><!-- \/wp:post-content --><!-- wp:paragraph {\"align\":\"center\"} --><\/p>\n<p style=\"text-align: left\">in<a href=\"https:\/\/md.madeira.gov.pt\/\"> https:\/\/md.madeira.gov.pt\/<\/a><\/p>\n<p><!-- \/wp:paragraph --><!-- wp:paragraph {\"align\":\"center\"} --><\/p>\n<p style=\"text-align: center\"><a href=\"https:\/\/escoladigital.madeira.gov.pt\/ebpcruz\/wp-content\/uploads\/sites\/10\/2025\/02\/2024regulamento-de-utilizacao-dos-tablets.pdf\" target=\"_blank\" rel=\"noopener\">Regulamento<\/a><br \/>Forma\u00e7\u00e3o: <a href=\"https:\/\/digital.madeira.gov.pt\/interagir\/Forma%C3%A7%C3%A3o.aspx\">Interagir<\/a><br \/><a href=\"https:\/\/escoladigital.madeira.gov.pt\/ebpcruz\/wp-content\/uploads\/sites\/10\/2025\/02\/2024-25_TermoResponsabilidade.pdf\" target=\"_blank\" rel=\"noopener\">EE &#8211; Termo de responsabilidade<\/a><br \/>EE &#8211; Direitos de Imagem e v\u00eddeo<br \/><a href=\"https:\/\/www.escolavirtual.pt\/\">Escola Virtual<\/a><br \/><a href=\"https:\/\/www.escolavirtual.pt\/Pagina-Especial\/madeira.htm\" target=\"_blank\" rel=\"noopener\">Escola virtual (tutoriais)<\/a><br \/><a href=\"https:\/\/auladigital.leya.com\/\">Aula Digital (Leya)<\/a><br \/>Painel Promethean (<a href=\"https:\/\/youtu.be\/kZw-PwX7nFY?feature=shared\">v\u00eddeo<\/a>)<br \/>myPromethean\/Screen Share\/Active Inspire (<a href=\"https:\/\/support.prometheanworld.com\/s\/downloads?language=en_US\">Download<\/a>)<br \/><a href=\"https:\/\/downloadcenter.samsung.com\/content\/UM\/201705\/20170508141258612\/SM-P580_UM_Open_Marshmallow_Por_Rev.1.0_170427.pdf\">Tablet Samsung SM-P580<\/a><br \/><a href=\"https:\/\/www.samsung.com\/pt\/tablets\/galaxy-tab-s\/galaxy-tab-s6-lite-10-4-inch-gray-64gb-lte-sm-p615nzaatph\/#benefit\">Tablet Samsung S6 lite com S-Pen<\/a><\/p>\n<p><!-- \/wp:paragraph --><!-- wp:image {\"id\":72,\"sizeSlug\":\"large\",\"linkDestination\":\"none\",\"align\":\"center\"} --><\/p>\n<p><!-- \/wp:image --><!-- wp:list --><\/p>\n<ul>\n<li style=\"list-style-type: none\">\n<ul><!-- wp:list-item --><\/ul>\n<\/li>\n<\/ul>\n<p><!-- \/wp:list-item --><\/p>\n<p><!-- \/wp:list --><\/p>\n<p><!-- wp:image {\"id\":580,\"sizeSlug\":\"full\",\"linkDestination\":\"none\",\"align\":\"wide\"} --><\/p>\n<figure class=\"wp-block-image alignwide size-full\"><img decoding=\"async\" width=\"998\" height=\"99\" src=\"https:\/\/escoladigital.madeira.gov.pt\/ebpcruz\/wp-content\/uploads\/sites\/10\/2025\/02\/2025MD-bannerPRR.png\" alt=\"\" class=\"wp-image-580\" srcset=\"https:\/\/escoladigital.madeira.gov.pt\/ebpcruz\/wp-content\/uploads\/sites\/10\/2025\/02\/2025MD-bannerPRR.png 998w, https:\/\/escoladigital.madeira.gov.pt\/ebpcruz\/wp-content\/uploads\/sites\/10\/2025\/02\/2025MD-bannerPRR-300x30.png 300w, https:\/\/escoladigital.madeira.gov.pt\/ebpcruz\/wp-content\/uploads\/sites\/10\/2025\/02\/2025MD-bannerPRR-768x76.png 768w\" sizes=\"(max-width: 998px) 100vw, 998px\" \/><\/figure>\n<p><!-- \/wp:image --><\/p>\n<p><!-- wp:paragraph --><\/p>\n<p><!-- \/wp:paragraph --><\/p>\n<p><!-- wp:paragraph --><\/p>\n<p><!-- \/wp:paragraph --><\/p>\n\n<!-- wp:separator -->\n<hr class=\"wp-block-separator has-alpha-channel-opacity\" \/>\n<!-- \/wp:separator -->\n\n<!-- wp:themeisle-blocks\/posts-grid {\"id\":\"wp-block-themeisle-blocks-posts-grid-fe6b120a\",\"style\":\"list\",\"categories\":[{\"id\":46,\"name\":\"MD\",\"slug\":\"md\"}],\"className\":\"is-style-boxed\"} \/-->","protected":false},"excerpt":{"rendered":"<p>Coordenador: Lu\u00eds Rocha \u00a0 \u00abManuais Digitais \u00e9 um projeto da Secretaria Regional da Educa\u00e7\u00e3o, Ci\u00eancia e Tecnologia da Madeira assumido [&hellip;]<\/p>\n","protected":false},"author":15,"featured_media":0,"parent":2,"menu_order":0,"comment_status":"closed","ping_status":"closed","template":"","meta":{"site-sidebar-layout":"default","site-content-layout":"","ast-site-content-layout":"","site-content-style":"default","site-sidebar-style":"default","ast-global-header-display":"","ast-banner-title-visibility":"","ast-main-header-display":"","ast-hfb-above-header-display":"","ast-hfb-below-header-display":"","ast-hfb-mobile-header-display":"","site-post-title":"disabled","ast-breadcrumbs-content":"","ast-featured-img":"","footer-sml-layout":"","ast-disable-related-posts":"","theme-transparent-header-meta":"","adv-header-id-meta":"","stick-header-meta":"","header-above-stick-meta":"","header-main-stick-meta":"","header-below-stick-meta":"","astra-migrate-meta-layouts":"default","ast-page-background-enabled":"default","ast-page-background-meta":{"desktop":{"background-color":"var(--ast-global-color-4)","background-image":"","background-repeat":"repeat","background-position":"center center","background-size":"auto","background-attachment":"scroll","background-type":"","background-media":"","overlay-type":"","overlay-color":"","overlay-opacity":"","overlay-gradient":""},"tablet":{"background-color":"","background-image":"","background-repeat":"repeat","background-position":"center center","background-size":"auto","background-attachment":"scroll","background-type":"","background-media":"","overlay-type":"","overlay-color":"","overlay-opacity":"","overlay-gradient":""},"mobile":{"background-color":"","background-image":"","background-repeat":"repeat","background-position":"center center","background-size":"auto","background-attachment":"scroll","background-type":"","background-media":"","overlay-type":"","overlay-color":"","overlay-opacity":"","overlay-gradient":""}},"ast-content-background-meta":{"desktop":{"background-color":"var(--ast-global-color-5)","background-image":"","background-repeat":"repeat","background-position":"center center","background-size":"auto","background-attachment":"scroll","background-type":"","background-media":"","overlay-type":"","overlay-color":"","overlay-opacity":"","overlay-gradient":""},"tablet":{"background-color":"var(--ast-global-color-5)","background-image":"","background-repeat":"repeat","background-position":"center center","background-size":"auto","background-attachment":"scroll","background-type":"","background-media":"","overlay-type":"","overlay-color":"","overlay-opacity":"","overlay-gradient":""},"mobile":{"background-color":"var(--ast-global-color-5)","background-image":"","background-repeat":"repeat","background-position":"center center","background-size":"auto","background-attachment":"scroll","background-type":"","background-media":"","overlay-type":"","overlay-color":"","overlay-opacity":"","overlay-gradient":""}},"_themeisle_gutenberg_block_has_review":false,"footnotes":""},"class_list":["post-68","page","type-page","status-publish","hentry"],"_links":{"self":[{"href":"https:\/\/escoladigital.madeira.gov.pt\/ebpcruz\/wp-json\/wp\/v2\/pages\/68","targetHints":{"allow":["GET"]}}],"collection":[{"href":"https:\/\/escoladigital.madeira.gov.pt\/ebpcruz\/wp-json\/wp\/v2\/pages"}],"about":[{"href":"https:\/\/escoladigital.madeira.gov.pt\/ebpcruz\/wp-json\/wp\/v2\/types\/page"}],"author":[{"embeddable":true,"href":"https:\/\/escoladigital.madeira.gov.pt\/ebpcruz\/wp-json\/wp\/v2\/users\/15"}],"replies":[{"embeddable":true,"href":"https:\/\/escoladigital.madeira.gov.pt\/ebpcruz\/wp-json\/wp\/v2\/comments?post=68"}],"version-history":[{"count":22,"href":"https:\/\/escoladigital.madeira.gov.pt\/ebpcruz\/wp-json\/wp\/v2\/pages\/68\/revisions"}],"predecessor-version":[{"id":1879,"href":"https:\/\/escoladigital.madeira.gov.pt\/ebpcruz\/wp-json\/wp\/v2\/pages\/68\/revisions\/1879"}],"up":[{"embeddable":true,"href":"https:\/\/escoladigital.madeira.gov.pt\/ebpcruz\/wp-json\/wp\/v2\/pages\/2"}],"wp:attachment":[{"href":"https:\/\/escoladigital.madeira.gov.pt\/ebpcruz\/wp-json\/wp\/v2\/media?parent=68"}],"curies":[{"name":"wp","href":"https:\/\/api.w.org\/{rel}","templated":true}]}}