{"id":681,"date":"2025-02-09T01:44:46","date_gmt":"2025-02-09T01:44:46","guid":{"rendered":"https:\/\/escoladigital.madeira.gov.pt\/ebpcruz\/?page_id=681"},"modified":"2026-03-12T14:10:14","modified_gmt":"2026-03-12T14:10:14","slug":"xadrez","status":"publish","type":"page","link":"https:\/\/escoladigital.madeira.gov.pt\/ebpcruz\/clubes\/xadrez\/","title":{"rendered":"Xadrez"},"content":{"rendered":"\n<figure class=\"wp-block-image aligncenter size-medium\"><img fetchpriority=\"high\" decoding=\"async\" width=\"300\" height=\"300\" src=\"https:\/\/escoladigital.madeira.gov.pt\/ebpcruz\/wp-content\/uploads\/sites\/10\/2025\/02\/2025ClubeXadrez-300x300.jpg\" alt=\"\" class=\"wp-image-876\" style=\"aspect-ratio:1;object-fit:cover\" srcset=\"https:\/\/escoladigital.madeira.gov.pt\/ebpcruz\/wp-content\/uploads\/sites\/10\/2025\/02\/2025ClubeXadrez-300x300.jpg 300w, https:\/\/escoladigital.madeira.gov.pt\/ebpcruz\/wp-content\/uploads\/sites\/10\/2025\/02\/2025ClubeXadrez-150x150.jpg 150w, https:\/\/escoladigital.madeira.gov.pt\/ebpcruz\/wp-content\/uploads\/sites\/10\/2025\/02\/2025ClubeXadrez.jpg 400w\" sizes=\"(max-width: 300px) 100vw, 300px\" \/><\/figure>\n\n\n\n<p class=\"has-text-align-center\"><strong>2\/3.\u00ba CICLOS: SEGUNDA-FEIRA (11H45 &#8211; 13H15) &amp; QUARTA-FEIRA (11H45 &#8211; 13H15<\/strong>)<\/p>\n\n\n\n<p class=\"has-text-align-center\"><strong>4.\u00ba ANO: QUINTA-FEIRA (15h10 &#8211; 16h10)<\/strong><\/p>\n\n\n\n<p class=\"has-text-align-center\"><a href=\"https:\/\/www.chess.com\/\" data-type=\"link\" data-id=\"https:\/\/www.chess.com\/\" target=\"_blank\" rel=\"noreferrer noopener\">Chess.com<\/a><\/p>\n\n\n\n<p class=\"has-text-align-center\"><a href=\"https:\/\/fpx.pt\/site\/formacao\/aprenda-a-jogar-xadrez\/regras-do-jogo\" target=\"_blank\" rel=\"noreferrer noopener\">Regras do jogo<\/a><\/p>\n\n\n<p style=\"text-align: left\"><strong>Monitores<\/strong>:\u00a0<\/p>\n<pre>Prof. Domingos Noia<br \/>Prof. Lu\u00eds Esteves<\/pre>\n\n\n<hr class=\"wp-block-separator has-alpha-channel-opacity is-style-wide\" \/>\n\n\n<p><strong>Clube de Xadrez<\/strong> \u2013 Com origem no Oriente, o jogo do xadrez sofreu um grande desenvolvimento at\u00e9 aos dias de hoje, tornando-se no jogo de tabuleiro mais praticado em todo o mundo. A implementa\u00e7\u00e3o do Clube de Xadrez pretende que os alunos desenvolvam uma atitude favor\u00e1vel em rela\u00e7\u00e3o a este jogo. Pretende-se, tamb\u00e9m, que os alunos desenvolvam o racioc\u00ednio l\u00f3gico, a capacidade de resolu\u00e7\u00e3o de problemas, a concentra\u00e7\u00e3o, a resili\u00eancia, a socializa\u00e7\u00e3o, apresentando-se como uma atividade com uma import\u00e2ncia fulcral no desenvolvimento cognitivo e social das crian\u00e7as e jovens em idade escolar.<\/p>\n\n\n<hr class=\"wp-block-separator has-alpha-channel-opacity is-style-wide\" \/>\n\n\n<div class=\"is-style-boxed wp-block-themeisle-blocks-posts-grid\" id=\"wp-block-themeisle-blocks-posts-grid-91f9b9cd\"><div class=\"is-list\"><div class=\"o-posts-grid-post-blog o-posts-grid-post-plain\"><div class=\"o-posts-grid-post\"><div class=\"o-posts-grid-post-image\"><a href=\"https:\/\/escoladigital.madeira.gov.pt\/ebpcruz\/2024\/12\/07\/chega-do-pai-natal\/\"><img decoding=\"async\" width=\"2048\" height=\"1536\" src=\"https:\/\/escoladigital.madeira.gov.pt\/ebpcruz\/wp-content\/uploads\/sites\/10\/2025\/02\/2024Xadrez.jpg\" class=\"attachment-full size-full\" alt=\"Xadrez\" srcset=\"https:\/\/escoladigital.madeira.gov.pt\/ebpcruz\/wp-content\/uploads\/sites\/10\/2025\/02\/2024Xadrez.jpg 2048w, https:\/\/escoladigital.madeira.gov.pt\/ebpcruz\/wp-content\/uploads\/sites\/10\/2025\/02\/2024Xadrez-300x225.jpg 300w, https:\/\/escoladigital.madeira.gov.pt\/ebpcruz\/wp-content\/uploads\/sites\/10\/2025\/02\/2024Xadrez-1024x768.jpg 1024w, https:\/\/escoladigital.madeira.gov.pt\/ebpcruz\/wp-content\/uploads\/sites\/10\/2025\/02\/2024Xadrez-768x576.jpg 768w, https:\/\/escoladigital.madeira.gov.pt\/ebpcruz\/wp-content\/uploads\/sites\/10\/2025\/02\/2024Xadrez-1536x1152.jpg 1536w\" sizes=\"(max-width: 2048px) 100vw, 2048px\" \/><\/a><\/div><div class=\"o-posts-grid-post-body\"><span class=\"o-posts-grid-post-category\"><a href=\"https:\/\/escoladigital.madeira.gov.pt\/ebpcruz\/category\/facebook\/\">Facebook<\/a><\/span><h4 class=\"o-posts-grid-post-title\"><a href=\"https:\/\/escoladigital.madeira.gov.pt\/ebpcruz\/2024\/12\/07\/chega-do-pai-natal\/\">Xadrez<\/a><\/h4><p class=\"o-posts-grid-post-meta\">  <time datetime=\"2024-12-07T17:25:54+00:00\">2024-12-07<\/time> <\/p><div class=\"o-posts-grid-post-description\"><p><\/p><\/div><\/div><\/div><\/div><div class=\"o-posts-grid-post-blog o-posts-grid-post-plain\"><div class=\"o-posts-grid-post\"><div class=\"o-posts-grid-post-image\"><a href=\"https:\/\/escoladigital.madeira.gov.pt\/ebpcruz\/2024\/05\/17\/ii-torneiro-interno-de-xadrez\/\"><img decoding=\"async\" width=\"800\" height=\"450\" src=\"https:\/\/escoladigital.madeira.gov.pt\/ebpcruz\/wp-content\/uploads\/sites\/10\/2025\/02\/2024-2T-07Xadrez.jpg\" class=\"attachment-full size-full\" alt=\"II Torneiro Interno de Xadrez\" srcset=\"https:\/\/escoladigital.madeira.gov.pt\/ebpcruz\/wp-content\/uploads\/sites\/10\/2025\/02\/2024-2T-07Xadrez.jpg 800w, https:\/\/escoladigital.madeira.gov.pt\/ebpcruz\/wp-content\/uploads\/sites\/10\/2025\/02\/2024-2T-07Xadrez-300x169.jpg 300w, https:\/\/escoladigital.madeira.gov.pt\/ebpcruz\/wp-content\/uploads\/sites\/10\/2025\/02\/2024-2T-07Xadrez-768x432.jpg 768w\" sizes=\"(max-width: 800px) 100vw, 800px\" \/><\/a><\/div><div class=\"o-posts-grid-post-body\"><span class=\"o-posts-grid-post-category\"><a href=\"https:\/\/escoladigital.madeira.gov.pt\/ebpcruz\/category\/xadrez\/\">Xadrez<\/a><\/span><h4 class=\"o-posts-grid-post-title\"><a href=\"https:\/\/escoladigital.madeira.gov.pt\/ebpcruz\/2024\/05\/17\/ii-torneiro-interno-de-xadrez\/\">II Torneiro Interno de Xadrez<\/a><\/h4><p class=\"o-posts-grid-post-meta\">  <time datetime=\"2024-05-17T18:40:30+00:00\">2024-05-17<\/time> <\/p><div class=\"o-posts-grid-post-description\"><p>\u00a0 Na quarta-feira, dia 17 de maio, decorreu o 2.\u00ba torneiro interno de Xadrez.Efetivamente, cont\u00e1mos \u2026<\/p><\/div><\/div><\/div><\/div><div class=\"o-posts-grid-post-blog o-posts-grid-post-plain\"><div class=\"o-posts-grid-post\"><div class=\"o-posts-grid-post-image\"><a href=\"https:\/\/escoladigital.madeira.gov.pt\/ebpcruz\/2022\/04\/20\/i-torneiro-de-xadrez\/\"><img loading=\"lazy\" decoding=\"async\" width=\"800\" height=\"533\" src=\"https:\/\/escoladigital.madeira.gov.pt\/ebpcruz\/wp-content\/uploads\/sites\/10\/2025\/02\/2022-05-10-Xadrez1TorneiroB.jpeg\" class=\"attachment-full size-full\" alt=\"I Torneiro de Xadrez\" srcset=\"https:\/\/escoladigital.madeira.gov.pt\/ebpcruz\/wp-content\/uploads\/sites\/10\/2025\/02\/2022-05-10-Xadrez1TorneiroB.jpeg 800w, https:\/\/escoladigital.madeira.gov.pt\/ebpcruz\/wp-content\/uploads\/sites\/10\/2025\/02\/2022-05-10-Xadrez1TorneiroB-300x200.jpeg 300w, https:\/\/escoladigital.madeira.gov.pt\/ebpcruz\/wp-content\/uploads\/sites\/10\/2025\/02\/2022-05-10-Xadrez1TorneiroB-768x512.jpeg 768w\" sizes=\"(max-width: 800px) 100vw, 800px\" \/><\/a><\/div><div class=\"o-posts-grid-post-body\"><span class=\"o-posts-grid-post-category\"><a href=\"https:\/\/escoladigital.madeira.gov.pt\/ebpcruz\/category\/xadrez\/\">Xadrez<\/a><\/span><h4 class=\"o-posts-grid-post-title\"><a href=\"https:\/\/escoladigital.madeira.gov.pt\/ebpcruz\/2022\/04\/20\/i-torneiro-de-xadrez\/\">I Torneiro de Xadrez<\/a><\/h4><p class=\"o-posts-grid-post-meta\">  <time datetime=\"2022-04-20T18:44:15+00:00\">2022-04-20<\/time> <\/p><div class=\"o-posts-grid-post-description\"><p>\u00a0 Inserido nas atividades do dia da Matem\u00e1tica, decorreu no dia 20 de abril o 1.\u00ba Torneiro de Xadrez\u2026<\/p><\/div><\/div><\/div><\/div><\/div> <div class=\"o-posts-grid-pag\"><\/div><\/div>","protected":false},"excerpt":{"rendered":"<p>2\/3.\u00ba CICLOS: SEGUNDA-FEIRA (11H45 &#8211; 13H15) &amp; QUARTA-FEIRA (11H45 &#8211; 13H15) 4.\u00ba ANO: QUINTA-FEIRA (15h10 &#8211; 16h10) Chess.com Regras do [&hellip;]<\/p>\n","protected":false},"author":15,"featured_media":0,"parent":144,"menu_order":0,"comment_status":"closed","ping_status":"closed","template":"","meta":{"site-sidebar-layout":"default","site-content-layout":"","ast-site-content-layout":"","site-content-style":"default","site-sidebar-style":"default","ast-global-header-display":"","ast-banner-title-visibility":"","ast-main-header-display":"","ast-hfb-above-header-display":"","ast-hfb-below-header-display":"","ast-hfb-mobile-header-display":"","site-post-title":"disabled","ast-breadcrumbs-content":"","ast-featured-img":"","footer-sml-layout":"","ast-disable-related-posts":"","theme-transparent-header-meta":"","adv-header-id-meta":"","stick-header-meta":"","header-above-stick-meta":"","header-main-stick-meta":"","header-below-stick-meta":"","astra-migrate-meta-layouts":"default","ast-page-background-enabled":"default","ast-page-background-meta":{"desktop":{"background-color":"var(--ast-global-color-4)","background-image":"","background-repeat":"repeat","background-position":"center center","background-size":"auto","background-attachment":"scroll","background-type":"","background-media":"","overlay-type":"","overlay-color":"","overlay-opacity":"","overlay-gradient":""},"tablet":{"background-color":"","background-image":"","background-repeat":"repeat","background-position":"center center","background-size":"auto","background-attachment":"scroll","background-type":"","background-media":"","overlay-type":"","overlay-color":"","overlay-opacity":"","overlay-gradient":""},"mobile":{"background-color":"","background-image":"","background-repeat":"repeat","background-position":"center center","background-size":"auto","background-attachment":"scroll","background-type":"","background-media":"","overlay-type":"","overlay-color":"","overlay-opacity":"","overlay-gradient":""}},"ast-content-background-meta":{"desktop":{"background-color":"var(--ast-global-color-5)","background-image":"","background-repeat":"repeat","background-position":"center center","background-size":"auto","background-attachment":"scroll","background-type":"","background-media":"","overlay-type":"","overlay-color":"","overlay-opacity":"","overlay-gradient":""},"tablet":{"background-color":"var(--ast-global-color-5)","background-image":"","background-repeat":"repeat","background-position":"center center","background-size":"auto","background-attachment":"scroll","background-type":"","background-media":"","overlay-type":"","overlay-color":"","overlay-opacity":"","overlay-gradient":""},"mobile":{"background-color":"var(--ast-global-color-5)","background-image":"","background-repeat":"repeat","background-position":"center center","background-size":"auto","background-attachment":"scroll","background-type":"","background-media":"","overlay-type":"","overlay-color":"","overlay-opacity":"","overlay-gradient":""}},"_themeisle_gutenberg_block_has_review":false,"footnotes":""},"class_list":["post-681","page","type-page","status-publish","hentry"],"_links":{"self":[{"href":"https:\/\/escoladigital.madeira.gov.pt\/ebpcruz\/wp-json\/wp\/v2\/pages\/681","targetHints":{"allow":["GET"]}}],"collection":[{"href":"https:\/\/escoladigital.madeira.gov.pt\/ebpcruz\/wp-json\/wp\/v2\/pages"}],"about":[{"href":"https:\/\/escoladigital.madeira.gov.pt\/ebpcruz\/wp-json\/wp\/v2\/types\/page"}],"author":[{"embeddable":true,"href":"https:\/\/escoladigital.madeira.gov.pt\/ebpcruz\/wp-json\/wp\/v2\/users\/15"}],"replies":[{"embeddable":true,"href":"https:\/\/escoladigital.madeira.gov.pt\/ebpcruz\/wp-json\/wp\/v2\/comments?post=681"}],"version-history":[{"count":18,"href":"https:\/\/escoladigital.madeira.gov.pt\/ebpcruz\/wp-json\/wp\/v2\/pages\/681\/revisions"}],"predecessor-version":[{"id":2075,"href":"https:\/\/escoladigital.madeira.gov.pt\/ebpcruz\/wp-json\/wp\/v2\/pages\/681\/revisions\/2075"}],"up":[{"embeddable":true,"href":"https:\/\/escoladigital.madeira.gov.pt\/ebpcruz\/wp-json\/wp\/v2\/pages\/144"}],"wp:attachment":[{"href":"https:\/\/escoladigital.madeira.gov.pt\/ebpcruz\/wp-json\/wp\/v2\/media?parent=681"}],"curies":[{"name":"wp","href":"https:\/\/api.w.org\/{rel}","templated":true}]}}