{"id":831,"date":"2025-02-10T23:06:52","date_gmt":"2025-02-10T23:06:52","guid":{"rendered":"https:\/\/escoladigital.madeira.gov.pt\/ebpcruz\/?page_id=831"},"modified":"2025-11-01T11:53:36","modified_gmt":"2025-11-01T11:53:36","slug":"1-ciclo","status":"publish","type":"page","link":"https:\/\/escoladigital.madeira.gov.pt\/ebpcruz\/alunos\/1-ciclo\/","title":{"rendered":"1.\u00ba Ciclo"},"content":{"rendered":"\n<hr class=\"wp-block-separator has-alpha-channel-opacity is-style-wide\" \/>\n\n\n\n<div class=\"wp-block-columns has-small-font-size is-layout-flex wp-container-core-columns-is-layout-28f84493 wp-block-columns-is-layout-flex\">\n<div class=\"wp-block-column is-layout-flow wp-block-column-is-layout-flow\">\n<h6 class=\"wp-block-heading\">Coordena\u00e7\u00e3o<\/h6>\n\n\n\n<pre>Prof. Hugo Bento<br \/>Prof. Filipe Barreiro<\/pre>\n\n\n\n<h6 class=\"wp-block-heading\">Hor\u00e1rio<\/h6>\n\n\n\n<pre><strong>08h10-13h10<\/strong> Atividades Curriculares<br \/><strong>13h10-14h10<\/strong> Almo\u00e7o<br \/><strong>14h10-16h40<\/strong> Atividades de enriquecimento e projetos<br \/><strong>16h40-18h10<\/strong> OTL - Ocupa\u00e7\u00e3o Tempos Livres, clubes e projetos<\/pre>\n<\/div>\n\n\n\n<div class=\"wp-block-column is-layout-flow wp-block-column-is-layout-flow\">\n<h6 class=\"wp-block-heading has-text-align-center\">Atendimento das Professoras Titulares<\/h6>\n\n\n\n<figure class=\"wp-block-table is-style-regular\"><table class=\"has-fixed-layout\"><tbody><tr><td class=\"has-text-align-center\" data-align=\"center\">1.\u00ba<\/td><td class=\"has-text-align-center\" data-align=\"center\">Rubina Fernandes<\/td><td class=\"has-text-align-center\" data-align=\"center\">0.\u00aa | 00h00 &#8211; 00h00<\/td><\/tr><tr><td class=\"has-text-align-center\" data-align=\"center\">2.\u00ba<\/td><td class=\"has-text-align-center\" data-align=\"center\">Helena Campos<\/td><td class=\"has-text-align-center\" data-align=\"center\">0.\u00aa | 00h00 &#8211; 00h00<\/td><\/tr><tr><td class=\"has-text-align-center\" data-align=\"center\">3.\u00ba<\/td><td class=\"has-text-align-center\" data-align=\"center\">T\u00e2nia Alves<\/td><td class=\"has-text-align-center\" data-align=\"center\">0.\u00aa | 00h00 &#8211; 00h00<\/td><\/tr><tr><td class=\"has-text-align-center\" data-align=\"center\">4.\u00ba<\/td><td class=\"has-text-align-center\" data-align=\"center\">Carla Ara\u00fajo<\/td><td class=\"has-text-align-center\" data-align=\"center\">0.\u00aa | 00h00 &#8211; 00h00<\/td><\/tr><\/tbody><\/table><\/figure>\n<\/div>\n<\/div>\n\n\n\n<hr class=\"wp-block-separator has-alpha-channel-opacity is-style-wide\" \/>\n\n\n\n<p>O 1.\u00ba ciclo da Escola B\u00e1sica com Pr\u00e9-escolar do Porto da Cruz tem, no ano letivo 2025\/2026, quatro turmas. A escola proporciona atividades curriculares, atividades de enriquecimento e ocupa\u00e7\u00e3o de tempos livres.<\/p>\n\n\n\n<p>Projeto piloto l\u00ednguas + Alem\u00e3o\/Franc\u00eas.<\/p>\n\n\n\n<p>Clubes: <a href=\"https:\/\/escoladigital.madeira.gov.pt\/ebpcruz\/clubes\/Patinagem\/\">Patinagem<\/a>, <a href=\"https:\/\/escoladigital.madeira.gov.pt\/ebpcruz\/clubes\/epcrobotics\/\">EPC-Robotics<\/a>(Ci\u00eancias da Computa\u00e7\u00e3o), Jogos Matem\u00e1ticos e <a href=\"https:\/\/escoladigital.madeira.gov.pt\/ebpcruz\/clubes\/xadrez\/\">Xadrez<\/a>.<\/p>\n\n\n\n<hr class=\"wp-block-separator has-alpha-channel-opacity\" \/>\n\n\n<div class=\"is-style-boxed wp-block-themeisle-blocks-posts-grid\" id=\"wp-block-themeisle-blocks-posts-grid-8d8b3b41\"><div class=\"is-list\"><div class=\"o-posts-grid-post-blog o-posts-grid-post-plain\"><div class=\"o-posts-grid-post\"><div class=\"o-posts-grid-post-image\"><a href=\"https:\/\/escoladigital.madeira.gov.pt\/ebpcruz\/2025\/10\/31\/quelhas\/\"><img fetchpriority=\"high\" decoding=\"async\" width=\"1067\" height=\"800\" src=\"https:\/\/escoladigital.madeira.gov.pt\/ebpcruz\/wp-content\/uploads\/sites\/10\/2025\/10\/2025-10-24JM01.jpg\" class=\"attachment-full size-full\" alt=\"Quelhas\" srcset=\"https:\/\/escoladigital.madeira.gov.pt\/ebpcruz\/wp-content\/uploads\/sites\/10\/2025\/10\/2025-10-24JM01.jpg 1067w, https:\/\/escoladigital.madeira.gov.pt\/ebpcruz\/wp-content\/uploads\/sites\/10\/2025\/10\/2025-10-24JM01-300x225.jpg 300w, https:\/\/escoladigital.madeira.gov.pt\/ebpcruz\/wp-content\/uploads\/sites\/10\/2025\/10\/2025-10-24JM01-1024x768.jpg 1024w, https:\/\/escoladigital.madeira.gov.pt\/ebpcruz\/wp-content\/uploads\/sites\/10\/2025\/10\/2025-10-24JM01-768x576.jpg 768w\" sizes=\"(max-width: 1067px) 100vw, 1067px\" \/><\/a><\/div><div class=\"o-posts-grid-post-body\"><span class=\"o-posts-grid-post-category\"><a href=\"https:\/\/escoladigital.madeira.gov.pt\/ebpcruz\/category\/1-o-ciclo\/\">1.\u00ba Ciclo<\/a><\/span><h4 class=\"o-posts-grid-post-title\"><a href=\"https:\/\/escoladigital.madeira.gov.pt\/ebpcruz\/2025\/10\/31\/quelhas\/\">Quelhas<\/a><\/h4><p class=\"o-posts-grid-post-meta\">  <time datetime=\"2025-10-31T11:01:42+00:00\">2025-10-31<\/time> by <a href=\"https:\/\/escoladigital.madeira.gov.pt\/ebpcruz\/author\/ebpcruz\/\">ebpcruz<\/a><\/p><div class=\"o-posts-grid-post-description\"><p>No dia 24 de outubro , no \u00e2mbito do projeto Jogos Matem\u00e1ticos, convid\u00e1mos a equipa respons\u00e1vel pela \u2026<\/p><\/div><\/div><\/div><\/div><div class=\"o-posts-grid-post-blog o-posts-grid-post-plain\"><div class=\"o-posts-grid-post\"><div class=\"o-posts-grid-post-image\"><a href=\"https:\/\/escoladigital.madeira.gov.pt\/ebpcruz\/2025\/10\/29\/o-poder-da-criacao-infinita-2\/\"><img decoding=\"async\" width=\"1067\" height=\"800\" src=\"https:\/\/escoladigital.madeira.gov.pt\/ebpcruz\/wp-content\/uploads\/sites\/10\/2025\/10\/2025-10-23_CC01.jpg\" class=\"attachment-full size-full\" alt=\"&#8220;O poder da cria\u00e7\u00e3o infinita&#8221;\" srcset=\"https:\/\/escoladigital.madeira.gov.pt\/ebpcruz\/wp-content\/uploads\/sites\/10\/2025\/10\/2025-10-23_CC01.jpg 1067w, https:\/\/escoladigital.madeira.gov.pt\/ebpcruz\/wp-content\/uploads\/sites\/10\/2025\/10\/2025-10-23_CC01-300x225.jpg 300w, https:\/\/escoladigital.madeira.gov.pt\/ebpcruz\/wp-content\/uploads\/sites\/10\/2025\/10\/2025-10-23_CC01-1024x768.jpg 1024w, https:\/\/escoladigital.madeira.gov.pt\/ebpcruz\/wp-content\/uploads\/sites\/10\/2025\/10\/2025-10-23_CC01-768x576.jpg 768w\" sizes=\"(max-width: 1067px) 100vw, 1067px\" \/><\/a><\/div><div class=\"o-posts-grid-post-body\"><span class=\"o-posts-grid-post-category\"><a href=\"https:\/\/escoladigital.madeira.gov.pt\/ebpcruz\/category\/1-o-ciclo\/\">1.\u00ba Ciclo<\/a><\/span><h4 class=\"o-posts-grid-post-title\"><a href=\"https:\/\/escoladigital.madeira.gov.pt\/ebpcruz\/2025\/10\/29\/o-poder-da-criacao-infinita-2\/\">&#8220;O poder da cria\u00e7\u00e3o infinita&#8221;<\/a><\/h4><p class=\"o-posts-grid-post-meta\">  <time datetime=\"2025-10-29T10:02:05+00:00\">2025-10-29<\/time> by <a href=\"https:\/\/escoladigital.madeira.gov.pt\/ebpcruz\/author\/ebpcruz\/\">ebpcruz<\/a><\/p><div class=\"o-posts-grid-post-description\"><p>No dia 23 de outubro, os alunos do 4.\u00ba ano, no \u00e2mbito das Ci\u00eancias da Computa\u00e7\u00e3o, tiveram a oportuni\u2026<\/p><\/div><\/div><\/div><\/div><div class=\"o-posts-grid-post-blog o-posts-grid-post-plain\"><div class=\"o-posts-grid-post\"><div class=\"o-posts-grid-post-image\"><a href=\"https:\/\/escoladigital.madeira.gov.pt\/ebpcruz\/2025\/03\/18\/gatos-caes-1-o-ciclo-1-o-lugar\/\"><img decoding=\"async\" width=\"1292\" height=\"1067\" src=\"https:\/\/escoladigital.madeira.gov.pt\/ebpcruz\/wp-content\/uploads\/sites\/10\/2025\/03\/2025JM-Aveiro.jpg\" class=\"attachment-full size-full\" alt=\"Gatos &amp; C\u00e3es &#8211; 1.\u00ba Ciclo | 1.\u00ba lugar\" srcset=\"https:\/\/escoladigital.madeira.gov.pt\/ebpcruz\/wp-content\/uploads\/sites\/10\/2025\/03\/2025JM-Aveiro.jpg 1292w, https:\/\/escoladigital.madeira.gov.pt\/ebpcruz\/wp-content\/uploads\/sites\/10\/2025\/03\/2025JM-Aveiro-300x248.jpg 300w, https:\/\/escoladigital.madeira.gov.pt\/ebpcruz\/wp-content\/uploads\/sites\/10\/2025\/03\/2025JM-Aveiro-1024x846.jpg 1024w, https:\/\/escoladigital.madeira.gov.pt\/ebpcruz\/wp-content\/uploads\/sites\/10\/2025\/03\/2025JM-Aveiro-768x634.jpg 768w\" sizes=\"(max-width: 1292px) 100vw, 1292px\" \/><\/a><\/div><div class=\"o-posts-grid-post-body\"><span class=\"o-posts-grid-post-category\"><a href=\"https:\/\/escoladigital.madeira.gov.pt\/ebpcruz\/category\/1-o-ciclo\/\">1.\u00ba Ciclo<\/a><\/span><h4 class=\"o-posts-grid-post-title\"><a href=\"https:\/\/escoladigital.madeira.gov.pt\/ebpcruz\/2025\/03\/18\/gatos-caes-1-o-ciclo-1-o-lugar\/\">Gatos &amp; C\u00e3es &#8211; 1.\u00ba Ciclo | 1.\u00ba lugar<\/a><\/h4><p class=\"o-posts-grid-post-meta\">  <time datetime=\"2025-03-18T11:00:26+00:00\">2025-03-18<\/time> by <a href=\"https:\/\/escoladigital.madeira.gov.pt\/ebpcruz\/author\/ebpcruz\/\">ebpcruz<\/a><\/p><div class=\"o-posts-grid-post-description\"><p><\/p><\/div><\/div><\/div><\/div><div class=\"o-posts-grid-post-blog o-posts-grid-post-plain\"><div class=\"o-posts-grid-post\"><div class=\"o-posts-grid-post-image\"><a href=\"https:\/\/escoladigital.madeira.gov.pt\/ebpcruz\/2024\/12\/03\/broas-de-mel\/\"><img loading=\"lazy\" decoding=\"async\" width=\"800\" height=\"757\" src=\"https:\/\/escoladigital.madeira.gov.pt\/ebpcruz\/wp-content\/uploads\/sites\/10\/2025\/02\/Broas-de-mel.jpg\" class=\"attachment-full size-full\" alt=\"Broas de mel\" srcset=\"https:\/\/escoladigital.madeira.gov.pt\/ebpcruz\/wp-content\/uploads\/sites\/10\/2025\/02\/Broas-de-mel.jpg 800w, https:\/\/escoladigital.madeira.gov.pt\/ebpcruz\/wp-content\/uploads\/sites\/10\/2025\/02\/Broas-de-mel-300x284.jpg 300w, https:\/\/escoladigital.madeira.gov.pt\/ebpcruz\/wp-content\/uploads\/sites\/10\/2025\/02\/Broas-de-mel-768x727.jpg 768w\" sizes=\"(max-width: 800px) 100vw, 800px\" \/><\/a><\/div><div class=\"o-posts-grid-post-body\"><span class=\"o-posts-grid-post-category\"><a href=\"https:\/\/escoladigital.madeira.gov.pt\/ebpcruz\/category\/1-o-ciclo\/\">1.\u00ba Ciclo<\/a><\/span><h4 class=\"o-posts-grid-post-title\"><a href=\"https:\/\/escoladigital.madeira.gov.pt\/ebpcruz\/2024\/12\/03\/broas-de-mel\/\">Broas de mel<\/a><\/h4><p class=\"o-posts-grid-post-meta\">  <time datetime=\"2024-12-03T15:33:29+00:00\">2024-12-03<\/time> by <a href=\"https:\/\/escoladigital.madeira.gov.pt\/ebpcruz\/author\/ebpcruz\/\">ebpcruz<\/a><\/p><div class=\"o-posts-grid-post-description\"><p><\/p><\/div><\/div><\/div><\/div><div class=\"o-posts-grid-post-blog o-posts-grid-post-plain\"><div class=\"o-posts-grid-post\"><div class=\"o-posts-grid-post-image\"><a href=\"https:\/\/escoladigital.madeira.gov.pt\/ebpcruz\/2024\/11\/05\/pao-por-deus\/\"><img loading=\"lazy\" decoding=\"async\" width=\"1111\" height=\"740\" src=\"https:\/\/escoladigital.madeira.gov.pt\/ebpcruz\/wp-content\/uploads\/sites\/10\/2025\/02\/2024-11PaoPorDeus.jpg\" class=\"attachment-full size-full\" alt=\"P\u00e3o-por-Deus\" srcset=\"https:\/\/escoladigital.madeira.gov.pt\/ebpcruz\/wp-content\/uploads\/sites\/10\/2025\/02\/2024-11PaoPorDeus.jpg 1111w, https:\/\/escoladigital.madeira.gov.pt\/ebpcruz\/wp-content\/uploads\/sites\/10\/2025\/02\/2024-11PaoPorDeus-300x200.jpg 300w, https:\/\/escoladigital.madeira.gov.pt\/ebpcruz\/wp-content\/uploads\/sites\/10\/2025\/02\/2024-11PaoPorDeus-1024x682.jpg 1024w, https:\/\/escoladigital.madeira.gov.pt\/ebpcruz\/wp-content\/uploads\/sites\/10\/2025\/02\/2024-11PaoPorDeus-768x512.jpg 768w\" sizes=\"(max-width: 1111px) 100vw, 1111px\" \/><\/a><\/div><div class=\"o-posts-grid-post-body\"><span class=\"o-posts-grid-post-category\"><a href=\"https:\/\/escoladigital.madeira.gov.pt\/ebpcruz\/category\/1-o-ciclo\/\">1.\u00ba Ciclo<\/a><\/span><h4 class=\"o-posts-grid-post-title\"><a href=\"https:\/\/escoladigital.madeira.gov.pt\/ebpcruz\/2024\/11\/05\/pao-por-deus\/\">P\u00e3o-por-Deus<\/a><\/h4><p class=\"o-posts-grid-post-meta\">  <time datetime=\"2024-11-05T12:59:28+00:00\">2024-11-05<\/time> by <a href=\"https:\/\/escoladigital.madeira.gov.pt\/ebpcruz\/author\/ebpcruz\/\">ebpcruz<\/a><\/p><div class=\"o-posts-grid-post-description\"><p><\/p><\/div><\/div><\/div><\/div><\/div> <div class=\"o-posts-grid-pag\"><\/div><\/div>","protected":false},"excerpt":{"rendered":"<p>Coordena\u00e7\u00e3o Prof. Hugo BentoProf. Filipe Barreiro Hor\u00e1rio 08h10-13h10 Atividades Curriculares13h10-14h10 Almo\u00e7o14h10-16h40 Atividades de enriquecimento e projetos16h40-18h10 OTL &#8211; Ocupa\u00e7\u00e3o Tempos [&hellip;]<\/p>\n","protected":false},"author":15,"featured_media":0,"parent":975,"menu_order":0,"comment_status":"closed","ping_status":"closed","template":"","meta":{"site-sidebar-layout":"default","site-content-layout":"","ast-site-content-layout":"","site-content-style":"default","site-sidebar-style":"default","ast-global-header-display":"","ast-banner-title-visibility":"","ast-main-header-display":"","ast-hfb-above-header-display":"","ast-hfb-below-header-display":"","ast-hfb-mobile-header-display":"","site-post-title":"","ast-breadcrumbs-content":"","ast-featured-img":"","footer-sml-layout":"","ast-disable-related-posts":"","theme-transparent-header-meta":"","adv-header-id-meta":"","stick-header-meta":"","header-above-stick-meta":"","header-main-stick-meta":"","header-below-stick-meta":"","astra-migrate-meta-layouts":"default","ast-page-background-enabled":"default","ast-page-background-meta":{"desktop":{"background-color":"var(--ast-global-color-4)","background-image":"","background-repeat":"repeat","background-position":"center center","background-size":"auto","background-attachment":"scroll","background-type":"","background-media":"","overlay-type":"","overlay-color":"","overlay-opacity":"","overlay-gradient":""},"tablet":{"background-color":"","background-image":"","background-repeat":"repeat","background-position":"center center","background-size":"auto","background-attachment":"scroll","background-type":"","background-media":"","overlay-type":"","overlay-color":"","overlay-opacity":"","overlay-gradient":""},"mobile":{"background-color":"","background-image":"","background-repeat":"repeat","background-position":"center center","background-size":"auto","background-attachment":"scroll","background-type":"","background-media":"","overlay-type":"","overlay-color":"","overlay-opacity":"","overlay-gradient":""}},"ast-content-background-meta":{"desktop":{"background-color":"var(--ast-global-color-5)","background-image":"","background-repeat":"repeat","background-position":"center center","background-size":"auto","background-attachment":"scroll","background-type":"","background-media":"","overlay-type":"","overlay-color":"","overlay-opacity":"","overlay-gradient":""},"tablet":{"background-color":"var(--ast-global-color-5)","background-image":"","background-repeat":"repeat","background-position":"center center","background-size":"auto","background-attachment":"scroll","background-type":"","background-media":"","overlay-type":"","overlay-color":"","overlay-opacity":"","overlay-gradient":""},"mobile":{"background-color":"var(--ast-global-color-5)","background-image":"","background-repeat":"repeat","background-position":"center center","background-size":"auto","background-attachment":"scroll","background-type":"","background-media":"","overlay-type":"","overlay-color":"","overlay-opacity":"","overlay-gradient":""}},"_themeisle_gutenberg_block_has_review":false,"footnotes":""},"class_list":["post-831","page","type-page","status-publish","hentry"],"_links":{"self":[{"href":"https:\/\/escoladigital.madeira.gov.pt\/ebpcruz\/wp-json\/wp\/v2\/pages\/831","targetHints":{"allow":["GET"]}}],"collection":[{"href":"https:\/\/escoladigital.madeira.gov.pt\/ebpcruz\/wp-json\/wp\/v2\/pages"}],"about":[{"href":"https:\/\/escoladigital.madeira.gov.pt\/ebpcruz\/wp-json\/wp\/v2\/types\/page"}],"author":[{"embeddable":true,"href":"https:\/\/escoladigital.madeira.gov.pt\/ebpcruz\/wp-json\/wp\/v2\/users\/15"}],"replies":[{"embeddable":true,"href":"https:\/\/escoladigital.madeira.gov.pt\/ebpcruz\/wp-json\/wp\/v2\/comments?post=831"}],"version-history":[{"count":57,"href":"https:\/\/escoladigital.madeira.gov.pt\/ebpcruz\/wp-json\/wp\/v2\/pages\/831\/revisions"}],"predecessor-version":[{"id":1866,"href":"https:\/\/escoladigital.madeira.gov.pt\/ebpcruz\/wp-json\/wp\/v2\/pages\/831\/revisions\/1866"}],"up":[{"embeddable":true,"href":"https:\/\/escoladigital.madeira.gov.pt\/ebpcruz\/wp-json\/wp\/v2\/pages\/975"}],"wp:attachment":[{"href":"https:\/\/escoladigital.madeira.gov.pt\/ebpcruz\/wp-json\/wp\/v2\/media?parent=831"}],"curies":[{"name":"wp","href":"https:\/\/api.w.org\/{rel}","templated":true}]}}