{"id":104,"date":"2022-09-29T08:45:04","date_gmt":"2022-09-29T08:45:04","guid":{"rendered":"https:\/\/escolacanical.pt\/?page_id=104"},"modified":"2024-11-13T11:51:25","modified_gmt":"2024-11-13T11:51:25","slug":"orgaos-de-gestao","status":"publish","type":"page","link":"https:\/\/escoladigital.madeira.gov.pt\/ebpeccanical\/orgaos-de-gestao\/","title":{"rendered":"\u00d3rg\u00e3os de Gest\u00e3o e Estruturas de Gest\u00e3o Interm\u00e9dia"},"content":{"rendered":"\n<h2 class=\"wp-block-heading\">Conselho da Comunidade Educativa<\/h2>\n\n\n\n<p><strong>Presidente do&nbsp;Conselho da Comunidade Educativa:<\/strong> Rita Malaca (<a href=\"mailto:ana.1933@edu.madeira.gov.pt\">ana.1933@edu.madeira.gov.pt<\/a>)<\/p>\n\n\n\n<h2 class=\"wp-block-heading\">Conselho Executivo<\/h2>\n\n\n\n<p><strong>Presidente do Conselho Executivo:<\/strong> Lisete Garrido (<a href=\"mailto:lisetegarrido@edu.madeira.gov.pt\">lisetegarrido@edu.madeira.gov.pt<\/a>)<\/p>\n\n\n\n<p><strong>Vice-presidentes do Conselho Executivo:<\/strong> An\u00e1lia Vasconcelos (<a href=\"mailto:analiavasconcelos@edu.madeira.gov.pt\">analiavasconcelos@edu.madeira.gov.pt<\/a>) e Susana Gaspar (<a href=\"mailto:susanargaspar@edu.madeira.gov.pt\">susanargaspar@edu.madeira.gov.pt<\/a>)<\/p>\n\n\n\n<h2 class=\"wp-block-heading\">Conselho Pedag\u00f3gico<\/h2>\n\n\n\n<p><strong>Presidente do Conselho Pedag\u00f3gico:<\/strong> Manuela Alexandra Silva (<a href=\"mailto:manuelasilva@edu.madeira.gov.pt\">manuelasilva@edu.madeira.gov.pt<\/a>)<\/p>\n\n\n\n<p><strong>Sec\u00e7\u00e3o de Avalia\u00e7\u00e3o do Desempenho Docente:<\/strong> Lisete Garrido, Manuela Alexandra Silva, Jo\u00e3o Garrido, Maria Jo\u00e3o Santos e Virg\u00edlio Barreto (<a href=\"mailto:seccaoavaliacao.ebcanical@edu.madeira.gov.pt\">seccaoavaliacao.ebcanical@edu.madeira.gov.pt<\/a>)<\/p>\n\n\n\n<h2 class=\"wp-block-heading\">Conselho Administrativo<\/h2>\n\n\n\n<p><strong>Presidente do Conselho Administrativo:<\/strong> An\u00e1lia Vasconcelos (<a href=\"mailto:analiavasconcelos@edu.madeira.gov.pt\">analiavasconcelos@edu.madeira.gov.pt<\/a>)<\/p>\n\n\n\n<p><strong>Vice-presidentes do Conselho Administrativo:<\/strong> Susana Gaspar (<a href=\"mailto:susanargaspar@edu.madeira.gov.pt\">susanargaspar@edu.madeira.gov.pt<\/a>)<\/p>\n\n\n\n<p><strong>Chefe dos Servi\u00e7os Administrativos:<\/strong> Od\u00edlia Jarimba (<a href=\"mailto:odiliajarimba@edu.madeira.gov.pt\">odiliajarimba@edu.madeira.gov.pt<\/a>)<\/p>\n\n\n\n<h2 class=\"wp-block-heading\">Coordena\u00e7\u00e3o dos Diretores de Turma:<\/h2>\n\n\n\n<p>Virg\u00edlio Barreto (<a href=\"mailto:virgiliobarreto@edu.madeira.gov.pt\">virgiliobarreto@edu.madeira.gov.pt<\/a>)<\/p>\n\n\n\n<h2 class=\"wp-block-heading\">Coordena\u00e7\u00e3o das Tecnologias da Informa\u00e7\u00e3o e Comunica\u00e7\u00e3o:<\/h2>\n\n\n\n<p><strong>Coordenador TIC:<\/strong> Jo\u00e3o Garrido (<a href=\"mailto:joao.garrido@edu.madeira.gov.pt\">joao.garrido@edu.madeira.gov.pt<\/a>)<\/p>\n\n\n\n<h2 class=\"wp-block-heading\">Coordena\u00e7\u00e3o dos Edif\u00edcios da Creche, Pr\u00e9-escolar e 1\u00ba Ciclo<\/h2>\n\n\n\n<p>Creche e Pr\u00e9-escolar: Maria Jo\u00e3o Santos (<a href=\"mailto:maria.694@edu.madeira.gov.pt\">maria.694@edu.madeira.gov.pt<\/a>)<\/p>\n\n\n\n<p>1\u00ba Ciclo e Pr\u00e9-escolar (5anos): Nat\u00e9rcia Magalh\u00e3es (<a href=\"mailto:naterciamagalhaes@edu.madeira.gov.pt\">naterciamagalhaes@edu.madeira.gov.pt<\/a>)<\/p>\n\n\n\n<p><\/p>\n","protected":false},"excerpt":{"rendered":"<p>Conselho da Comunidade Educativa Presidente do&nbsp;Conselho da Comunidade Educativa: Rita Malaca (ana.1933@edu.madeira.gov.pt) Conselho Executivo Presidente do Conselho Executivo: Lisete Garrido (lisetegarrido@edu.madeira.gov.pt) Vice-presidentes do Conselho Executivo: An\u00e1lia Vasconcelos (analiavasconcelos@edu.madeira.gov.pt) e Susana Gaspar (susanargaspar@edu.madeira.gov.pt) Conselho Pedag\u00f3gico Presidente do Conselho Pedag\u00f3gico: Manuela Alexandra Silva (manuelasilva@edu.madeira.gov.pt) Sec\u00e7\u00e3o de Avalia\u00e7\u00e3o do Desempenho Docente: Lisete Garrido, Manuela Alexandra Silva, Jo\u00e3o Garrido, &hellip; <\/p>\n<p class=\"link-more\"><a href=\"https:\/\/escoladigital.madeira.gov.pt\/ebpeccanical\/orgaos-de-gestao\/\" class=\"more-link\">Read more<span class=\"screen-reader-text\"> &#8220;\u00d3rg\u00e3os de Gest\u00e3o e Estruturas de Gest\u00e3o Interm\u00e9dia&#8221;<\/span><\/a><\/p>\n","protected":false},"author":52,"featured_media":38,"parent":0,"menu_order":0,"comment_status":"closed","ping_status":"closed","template":"","meta":{"_themeisle_gutenberg_block_has_review":false,"inspiro_hide_title":false,"footnotes":""},"class_list":["post-104","page","type-page","status-publish","has-post-thumbnail","hentry"],"_links":{"self":[{"href":"https:\/\/escoladigital.madeira.gov.pt\/ebpeccanical\/wp-json\/wp\/v2\/pages\/104","targetHints":{"allow":["GET"]}}],"collection":[{"href":"https:\/\/escoladigital.madeira.gov.pt\/ebpeccanical\/wp-json\/wp\/v2\/pages"}],"about":[{"href":"https:\/\/escoladigital.madeira.gov.pt\/ebpeccanical\/wp-json\/wp\/v2\/types\/page"}],"author":[{"embeddable":true,"href":"https:\/\/escoladigital.madeira.gov.pt\/ebpeccanical\/wp-json\/wp\/v2\/users\/52"}],"replies":[{"embeddable":true,"href":"https:\/\/escoladigital.madeira.gov.pt\/ebpeccanical\/wp-json\/wp\/v2\/comments?post=104"}],"version-history":[{"count":2,"href":"https:\/\/escoladigital.madeira.gov.pt\/ebpeccanical\/wp-json\/wp\/v2\/pages\/104\/revisions"}],"predecessor-version":[{"id":380,"href":"https:\/\/escoladigital.madeira.gov.pt\/ebpeccanical\/wp-json\/wp\/v2\/pages\/104\/revisions\/380"}],"wp:featuredmedia":[{"embeddable":true,"href":"https:\/\/escoladigital.madeira.gov.pt\/ebpeccanical\/wp-json\/wp\/v2\/media\/38"}],"wp:attachment":[{"href":"https:\/\/escoladigital.madeira.gov.pt\/ebpeccanical\/wp-json\/wp\/v2\/media?parent=104"}],"curies":[{"name":"wp","href":"https:\/\/api.w.org\/{rel}","templated":true}]}}