{"id":135,"date":"2022-10-13T11:18:42","date_gmt":"2022-10-13T11:18:42","guid":{"rendered":"https:\/\/escolacanical.pt\/?page_id=135"},"modified":"2022-10-13T11:18:42","modified_gmt":"2022-10-13T11:18:42","slug":"identidade","status":"publish","type":"page","link":"https:\/\/escoladigital.madeira.gov.pt\/ebpeccanical\/identidade\/","title":{"rendered":"Identidade"},"content":{"rendered":"<p><span style=\"font-family: helvetica, arial, sans-serif\"><\/span><\/p>\n<h2 class=\"wp-block-heading\"><span style=\"font-family: helvetica, arial, sans-serif;font-size: 18pt\">Vis\u00e3o<\/span><\/h2>\n<p><span style=\"font-family: helvetica, arial, sans-serif;font-size: 14pt\">\n\n<\/span><\/p>\n<p><span style=\"font-family: helvetica, arial, sans-serif;font-size: 14pt\">Orientamo-nos no sentido de uma conce\u00e7\u00e3o de escola centrada nas aprendizagens dos seus alunos e na cria\u00e7\u00e3o de oportunidades educativas de sucesso para todos, flex\u00edvel no delineamento dos percursos de aprendizagem, porque atenta \u00e0 diversidade.<\/span><\/p>\n<p><span style=\"font-family: helvetica, arial, sans-serif;font-size: 14pt\">\n\n<\/span><\/p>\n<p><span style=\"font-family: helvetica, arial, sans-serif;font-size: 14pt\">A nossa interven\u00e7\u00e3o educativa enquadra-se no desenvolvimento do curr\u00edculo com vista a concretizar o perfil do aluno, em conformidade com os princ\u00edpios, \u00e1reas de compet\u00eancias e valores, definidos no documento orientador \u201cPerfil dos Alunos \u00e0 Sa\u00edda da Escolaridade Obrigat\u00f3ria\u201d.<\/span><\/p>\n<p><span style=\"font-family: helvetica, arial, sans-serif;font-size: 14pt\">\n\n<\/span><\/p>\n<h2 class=\"wp-block-heading\"><span style=\"font-family: helvetica, arial, sans-serif;font-size: 18pt\">Miss\u00e3o<\/span><\/h2>\n<p><span style=\"font-family: helvetica, arial, sans-serif;font-size: 14pt\">\n\n<\/span><\/p>\n<p><span style=\"font-family: helvetica, arial, sans-serif;font-size: 14pt\">Contribuir para o melhoramento da sociedade, formando cidad\u00e3o cr\u00edticos, respons\u00e1veis, tolerantes, cooperantes, aut\u00f3nomos e conscientes dos seus direitos e deveres, capazes de atuar como agentes de mudan\u00e7a num ambiente participativo, aberto e integrador.<\/span><\/p>\n<p><span style=\"font-family: helvetica, arial, sans-serif;font-size: 14pt\">\n\n<\/span><\/p>\n<p><span style=\"font-family: helvetica, arial, sans-serif;font-size: 14pt\"><strong>Trabalhamos no sentido de construir:<\/strong><\/span><\/p>\n<p><span style=\"font-family: helvetica, arial, sans-serif;font-size: 14pt\">\n\n<\/span><\/p>\n<ol class=\"wp-block-list\" type=\"a\">\n<li><span style=\"font-family: helvetica, arial, sans-serif;font-size: 14pt\">Um lugar onde os alunos s\u00e3o valorizados nas suas aprendizagens, porque se sentem \u00fateis, porque sentem que a escola gosta deles, ou seja, um espa\u00e7o de cria\u00e7\u00e3o e desenvolvimento de um projeto de vida;<\/span><\/li>\n<li><span style=\"font-family: helvetica, arial, sans-serif;font-size: 14pt\">Uma escola aberta \u00e0 comunidade envolvente e a um crescente envolvimento dos pais e encarregados de educa\u00e7\u00e3o nos processos educacionais dos seus educandos, coresponsabilizando-os no sucesso educativo destes;<\/span><\/li>\n<li><span style=\"font-family: helvetica, arial, sans-serif;font-size: 14pt\">Um espa\u00e7o prop\u00edcio ao desenvolvimento de compet\u00eancias e ao aperfei\u00e7oamento profissional para o pessoal docente e n\u00e3o docente, construtor de n\u00edveis de excel\u00eancia e potenciadores de uma escola de sucesso.<\/span><\/li>\n<\/ol>\n<p><span style=\"font-family: helvetica, arial, sans-serif;font-size: 14pt\">\n\n<\/span><\/p>\n<h2 class=\"wp-block-heading\"><span style=\"font-family: helvetica, arial, sans-serif;font-size: 18pt\">Valores<\/span><\/h2>\n<p><span style=\"font-family: helvetica, arial, sans-serif;font-size: 14pt\">\n\n<\/span><\/p>\n<p><strong><span style=\"font-family: helvetica, arial, sans-serif;font-size: 14pt\">Autonomia | Coopera\u00e7\u00e3o | Inclus\u00e3o<\/span><\/strong><\/p>\n<p><span style=\"font-family: helvetica, arial, sans-serif;font-size: 14pt\">\n\n<\/span><\/p>\n<ul class=\"wp-block-list\">\n<li><span style=\"font-family: helvetica, arial, sans-serif;font-size: 14pt\">Ao n\u00edvel do valor da <strong>Autonomia<\/strong>, queremos fomentar a autonomia e a criatividade no trabalho desenvolvido por todos os intervenientes nos processos de ensino e aprendizagem, incutindo o sentido de responsabilidade, exig\u00eancia e compet\u00eancia que lhes s\u00e3o inerentes.<\/span><\/li>\n<li><span style=\"font-family: helvetica, arial, sans-serif;font-size: 14pt\">No que respeita ao valor da <strong>Coopera\u00e7\u00e3o<\/strong>, queremos facilitar um ambiente de trabalho colaborativo que se paute pelo Respeito, Compreens\u00e3o e Toler\u00e2ncia entre todos os atores educativos;<\/span><\/li>\n<li><span style=\"font-family: helvetica, arial, sans-serif;font-size: 14pt\">J\u00e1 no que respeita ao valor da <strong>Inclus\u00e3o<\/strong>, queremos continuar a dar resposta \u00e0 diversidade das necessidades e potencialidades de todos e de cada um dos discentes, fomentando a sua participa\u00e7\u00e3o nos processos de aprendizagem e participa\u00e7\u00e3o cr\u00edtica, ativa e construtiva na vida da comunidade educativa em que se inserem.<\/span><\/li>\n<\/ul>\n<p><span style=\"font-family: helvetica, arial, sans-serif\"><\/span><\/p>","protected":false},"excerpt":{"rendered":"<p>Vis\u00e3o Orientamo-nos no sentido de uma conce\u00e7\u00e3o de escola centrada nas aprendizagens dos seus alunos e na cria\u00e7\u00e3o de oportunidades educativas de sucesso para todos, flex\u00edvel no delineamento dos percursos de aprendizagem, porque atenta \u00e0 diversidade. A nossa interven\u00e7\u00e3o educativa enquadra-se no desenvolvimento do curr\u00edculo com vista a concretizar o perfil do aluno, em conformidade &hellip; <\/p>\n<p class=\"link-more\"><a href=\"https:\/\/escoladigital.madeira.gov.pt\/ebpeccanical\/identidade\/\" class=\"more-link\">Read more<span class=\"screen-reader-text\"> &#8220;Identidade&#8221;<\/span><\/a><\/p>\n","protected":false},"author":52,"featured_media":52,"parent":0,"menu_order":0,"comment_status":"closed","ping_status":"closed","template":"","meta":{"_themeisle_gutenberg_block_has_review":false,"inspiro_hide_title":false,"footnotes":""},"class_list":["post-135","page","type-page","status-publish","has-post-thumbnail","hentry"],"_links":{"self":[{"href":"https:\/\/escoladigital.madeira.gov.pt\/ebpeccanical\/wp-json\/wp\/v2\/pages\/135","targetHints":{"allow":["GET"]}}],"collection":[{"href":"https:\/\/escoladigital.madeira.gov.pt\/ebpeccanical\/wp-json\/wp\/v2\/pages"}],"about":[{"href":"https:\/\/escoladigital.madeira.gov.pt\/ebpeccanical\/wp-json\/wp\/v2\/types\/page"}],"author":[{"embeddable":true,"href":"https:\/\/escoladigital.madeira.gov.pt\/ebpeccanical\/wp-json\/wp\/v2\/users\/52"}],"replies":[{"embeddable":true,"href":"https:\/\/escoladigital.madeira.gov.pt\/ebpeccanical\/wp-json\/wp\/v2\/comments?post=135"}],"version-history":[{"count":0,"href":"https:\/\/escoladigital.madeira.gov.pt\/ebpeccanical\/wp-json\/wp\/v2\/pages\/135\/revisions"}],"wp:featuredmedia":[{"embeddable":true,"href":"https:\/\/escoladigital.madeira.gov.pt\/ebpeccanical\/wp-json\/wp\/v2\/media\/52"}],"wp:attachment":[{"href":"https:\/\/escoladigital.madeira.gov.pt\/ebpeccanical\/wp-json\/wp\/v2\/media?parent=135"}],"curies":[{"name":"wp","href":"https:\/\/api.w.org\/{rel}","templated":true}]}}