{"id":188,"date":"2023-06-23T14:46:08","date_gmt":"2023-06-23T14:46:08","guid":{"rendered":"https:\/\/escolacanical.pt\/?page_id=188"},"modified":"2024-10-02T08:06:17","modified_gmt":"2024-10-02T08:06:17","slug":"ciberseguranca","status":"publish","type":"page","link":"https:\/\/escoladigital.madeira.gov.pt\/ebpeccanical\/ciberseguranca\/","title":{"rendered":"Ciberseguran\u00e7a"},"content":{"rendered":"<p>O uso de computadores e da Internet sempre representou um risco de exposi\u00e7\u00e3o de dados pessoais sens\u00edveis a potenciais atacantes mal intencionados, tamb\u00e9m conhecidos por Hackers. Hoje em dia, com a prolifera\u00e7\u00e3o de dispositivos m\u00f3veis, como smartphones, tablets e smartwatches, entre outros, em que o acesso \u00e0 Internet \u00e9 cada vez mais feito por meio destes aparelhos, o perigo tem aumentado exponencialmente, representando uma porta aberta para o roubo e uso indevido de informa\u00e7\u00f5es de car\u00e1ter pessoal como fotografias, sons e v\u00eddeos, documentos com informa\u00e7\u00e3o pessoal e dados de acesso, como palavras-passe e PINs para, por exemplo, gest\u00e3o de contas banc\u00e1rias.<\/p>\n<p>Tendo consci\u00eancia disso, a Coordena\u00e7\u00e3o TIC da Escola B\u00e1sica com Pr\u00e9-escolar e Creche do Cani\u00e7al, tomou a iniciativa de criar um espa\u00e7o de divulga\u00e7\u00e3o e sensibiliza\u00e7\u00e3o para esta problem\u00e1tica na p\u00e1gina da Internet da escola. Nesta p\u00e1gina encontrar\u00e1 informa\u00e7\u00f5es \u00fateis para se manter atualizado sobre quest\u00f5es de seguran\u00e7a na utiliza\u00e7\u00e3o da Internet, de computadores e outros dispositivos m\u00f3veis.<\/p>\n<h2>Documentos \u00fateis:<\/h2>\n<ul>\n<li><a href=\"https:\/\/drive.google.com\/file\/d\/1onb1ms6Ut1ad-0g12SPVTlBKlo9yNOLJ\/view?usp=drive_link\" target=\"_blank\" rel=\"noreferrer noopener\" data-type=\"link\" data-id=\"https:\/\/drive.google.com\/file\/d\/1onb1ms6Ut1ad-0g12SPVTlBKlo9yNOLJ\/view?usp=drive_link\">Equipa de Ciberseguran\u00e7a;<\/a><\/li>\n<li><a href=\"https:\/\/drive.google.com\/file\/d\/1psevk6V9Tm80HceE85gad6gC3jFtTm7c\/view?usp=drive_link\" target=\"_blank\" rel=\"noreferrer noopener\">Pol\u00edtica de utiliza\u00e7\u00e3o aceit\u00e1vel<\/a>;<\/li>\n<li><a href=\"https:\/\/escoladigital.madeira.gov.pt\/ebpeccanical\/privacy-policy\/\" target=\"_blank\" rel=\"noopener\">Pol\u00edtica de Privacidade.<\/a><\/li>\n<\/ul>\n<h2>Plataforma de Suporte\/Reporte de situa\u00e7\u00f5es cr\u00edticas<\/h2>\n<p><span style=\"color: #800000\"><strong>NOTA IMPORTANTE<\/strong>: \u00c9 requerido o login no dom\u00ednio edu.madeira.gov.pt para acesso \u00e0 plataforma<\/span><\/p>\n<ul>\n<li><a href=\"https:\/\/livemadeiraedu.sharepoint.com\/:u:\/r\/sites\/ciberseguranca.ebcanical\/SitePages\/ITHelpdeskHome.aspx?csf=1&amp;web=1&amp;share=Ee4xp1__tfpHkXO1RX0WtvsB4cjcRTdxSd7sM9KmO0ayBQ&amp;e=cNVgPc\" target=\"_blank\" rel=\"noopener\">https:\/\/livemadeiraedu.sharepoint.com\/:u:\/r\/sites\/ciberseguranca.ebcanical\/SitePages\/ITHelpdeskHome.aspx?csf=1&amp;web=1&amp;share=Ee4xp1__tfpHkXO1RX0WtvsB4cjcRTdxSd7sM9KmO0ayBQ&amp;e=cNVgPc<\/a>\u00a0<\/li>\n<\/ul>\n<p><strong><span style=\"color: #993300\">ALTERNATIVA:<\/span><\/strong><\/p>\n<p>No caso de n\u00e3o ter credencias de acesso ao dom\u00ednio <span style=\"color: #800000\">edu.madeira.gov.pt<\/span>, pode enviar um email para o endere\u00e7o <a href=\"mailto:ciberseguranca@escolacanical.pt\">ciberseguranca@escolacanical.pt<\/a><\/p>\n\n\n<p><\/p>\n","protected":false},"excerpt":{"rendered":"<p>O uso de computadores e da Internet sempre representou um risco de exposi\u00e7\u00e3o de dados pessoais sens\u00edveis a potenciais atacantes mal intencionados, tamb\u00e9m conhecidos por Hackers. Hoje em dia, com a prolifera\u00e7\u00e3o de dispositivos m\u00f3veis, como smartphones, tablets e smartwatches, entre outros, em que o acesso \u00e0 Internet \u00e9 cada vez mais feito por meio &hellip; <\/p>\n<p class=\"link-more\"><a href=\"https:\/\/escoladigital.madeira.gov.pt\/ebpeccanical\/ciberseguranca\/\" class=\"more-link\">Read more<span class=\"screen-reader-text\"> &#8220;Ciberseguran\u00e7a&#8221;<\/span><\/a><\/p>\n","protected":false},"author":52,"featured_media":322,"parent":0,"menu_order":0,"comment_status":"closed","ping_status":"closed","template":"","meta":{"_themeisle_gutenberg_block_has_review":false,"inspiro_hide_title":false,"footnotes":""},"class_list":["post-188","page","type-page","status-publish","has-post-thumbnail","hentry"],"_links":{"self":[{"href":"https:\/\/escoladigital.madeira.gov.pt\/ebpeccanical\/wp-json\/wp\/v2\/pages\/188","targetHints":{"allow":["GET"]}}],"collection":[{"href":"https:\/\/escoladigital.madeira.gov.pt\/ebpeccanical\/wp-json\/wp\/v2\/pages"}],"about":[{"href":"https:\/\/escoladigital.madeira.gov.pt\/ebpeccanical\/wp-json\/wp\/v2\/types\/page"}],"author":[{"embeddable":true,"href":"https:\/\/escoladigital.madeira.gov.pt\/ebpeccanical\/wp-json\/wp\/v2\/users\/52"}],"replies":[{"embeddable":true,"href":"https:\/\/escoladigital.madeira.gov.pt\/ebpeccanical\/wp-json\/wp\/v2\/comments?post=188"}],"version-history":[{"count":4,"href":"https:\/\/escoladigital.madeira.gov.pt\/ebpeccanical\/wp-json\/wp\/v2\/pages\/188\/revisions"}],"predecessor-version":[{"id":335,"href":"https:\/\/escoladigital.madeira.gov.pt\/ebpeccanical\/wp-json\/wp\/v2\/pages\/188\/revisions\/335"}],"wp:featuredmedia":[{"embeddable":true,"href":"https:\/\/escoladigital.madeira.gov.pt\/ebpeccanical\/wp-json\/wp\/v2\/media\/322"}],"wp:attachment":[{"href":"https:\/\/escoladigital.madeira.gov.pt\/ebpeccanical\/wp-json\/wp\/v2\/media?parent=188"}],"curies":[{"name":"wp","href":"https:\/\/api.w.org\/{rel}","templated":true}]}}