{"id":217,"date":"2022-06-03T09:37:56","date_gmt":"2022-06-03T09:37:56","guid":{"rendered":"https:\/\/escolacanical.pt\/?page_id=11"},"modified":"2024-11-13T12:13:29","modified_gmt":"2024-11-13T12:13:29","slug":"contacto","status":"publish","type":"page","link":"https:\/\/escoladigital.madeira.gov.pt\/ebpeccanical\/contacto\/","title":{"rendered":"Contactos"},"content":{"rendered":"\n<p><strong>Morada<br><\/strong>Rua Garcia Moniz, n\u00ba7<br>9200-031 Cani\u00e7al<\/p>\n\n\n\n<p><strong>Endere\u00e7o na Internet:&nbsp;<\/strong><a href=\"http:\/\/www.escolacanical.pt\">http:\/\/www.escolacanical.pt<\/a><\/p>\n\n\n\n<p><strong>Telefones:<\/strong><\/p>\n\n\n\n<p>291 960 156 (Geral)<br>291 961 687 (Creche + Pr\u00e9-escolar dos 3 e 4 anos)<br>291 960 425 (Pr\u00e9-escolar dos 5 anos + 1\u00ba Ciclo)<\/p>\n\n\n\n<p><strong>Fax:<\/strong> 291 960 166<\/p>\n\n\n\n<p><strong>E-mail:<\/strong> <a href=\"mailto:ebcanical@edu.madeira.gov.pt\">ebcanical@edu.madeira.gov.pt<\/a><\/p>\n\n\n\n<h2 class=\"wp-block-heading\">Formul\u00e1rio de Contacto<\/h2>\n\n\n\n<div id=\"wp-block-themeisle-blocks-form-e510f5fd\" class=\"wp-block-themeisle-blocks-form\" data-option-name=\"66b8119004b647d046a12f5d969b177f9b3dd884_e510f5fd\"><form class=\"otter-form__container\">\n<div id=\"wp-block-themeisle-blocks-form-input-5e897346\" class=\"wp-block-themeisle-blocks-form-input\"><label for=\"wp-block-themeisle-blocks-form-input-5e897346-input\" class=\"otter-form-input-label\"><span class=\"otter-form-input-label__label\">Nome<\/span><span class=\"required\">*<\/span><\/label><input type=\"text\" id=\"wp-block-themeisle-blocks-form-input-5e897346-input\" required class=\"otter-form-input\" \/><\/div>\n\n\n\n<div id=\"wp-block-themeisle-blocks-form-input-94b56fa6\" class=\"wp-block-themeisle-blocks-form-input\"><label for=\"wp-block-themeisle-blocks-form-input-94b56fa6-input\" class=\"otter-form-input-label\"><span class=\"otter-form-input-label__label\">Email<\/span><span class=\"required\">*<\/span><\/label><input type=\"email\" id=\"wp-block-themeisle-blocks-form-input-94b56fa6-input\" required class=\"otter-form-input\" \/><\/div>\n\n\n<div class=\"protection\" aria-hidden=\"true\"><input type=\"hidden\" id=\"wp-block-themeisle-blocks-form-e510f5fd_nonce_field\" name=\"wp-block-themeisle-blocks-form-e510f5fd_nonce_field\" value=\"4abeb89756\" \/><input type=\"hidden\" name=\"_wp_http_referer\" value=\"\/ebpeccanical\/wp-json\/wp\/v2\/pages\/217\" \/><input class=\"o-anti-bot\" type=\"checkbox\"><\/div>\n\n\n<div id=\"wp-block-themeisle-blocks-form-textarea-fb71492f\" class=\"wp-block-themeisle-blocks-form-textarea\"><label for=\"wp-block-themeisle-blocks-form-textarea-fb71492f-input\" class=\"otter-form-textarea-label\"><span class=\"otter-form-textarea-label__label\">Mensagem<\/span><\/label><textarea id=\"wp-block-themeisle-blocks-form-textarea-fb71492f-input\" rows=\"10\" class=\"otter-form-textarea-input\"><\/textarea><\/div>\n\n\n\n<p class=\"has-extra-small-font-size\">Ao submeter, compreende que os seus dados de contacto ficar\u00e3o guardados connosco e concorda em receber comunica\u00e7\u00f5es por correio eletr\u00f3nico da nossa parte.<\/p>\n<div class=\"wp-block-button\"><button class=\"wp-block-button__link\" type=\"submit\">Submit<\/button><\/div><\/form><\/div>\n","protected":false},"excerpt":{"rendered":"<p>MoradaRua Garcia Moniz, n\u00ba79200-031 Cani\u00e7al Endere\u00e7o na Internet:&nbsp;http:\/\/www.escolacanical.pt Telefones: 291 960 156 (Geral)291 961 687 (Creche + Pr\u00e9-escolar dos 3 e 4 anos)291 960 425 (Pr\u00e9-escolar dos 5 anos + 1\u00ba Ciclo) Fax: 291 960 166 E-mail: ebcanical@edu.madeira.gov.pt Formul\u00e1rio de Contacto<\/p>\n","protected":false},"author":52,"featured_media":54,"parent":0,"menu_order":0,"comment_status":"closed","ping_status":"closed","template":"","meta":{"_themeisle_gutenberg_block_has_review":false,"inspiro_hide_title":false,"footnotes":""},"class_list":["post-217","page","type-page","status-publish","has-post-thumbnail","hentry"],"_links":{"self":[{"href":"https:\/\/escoladigital.madeira.gov.pt\/ebpeccanical\/wp-json\/wp\/v2\/pages\/217","targetHints":{"allow":["GET"]}}],"collection":[{"href":"https:\/\/escoladigital.madeira.gov.pt\/ebpeccanical\/wp-json\/wp\/v2\/pages"}],"about":[{"href":"https:\/\/escoladigital.madeira.gov.pt\/ebpeccanical\/wp-json\/wp\/v2\/types\/page"}],"author":[{"embeddable":true,"href":"https:\/\/escoladigital.madeira.gov.pt\/ebpeccanical\/wp-json\/wp\/v2\/users\/52"}],"replies":[{"embeddable":true,"href":"https:\/\/escoladigital.madeira.gov.pt\/ebpeccanical\/wp-json\/wp\/v2\/comments?post=217"}],"version-history":[{"count":5,"href":"https:\/\/escoladigital.madeira.gov.pt\/ebpeccanical\/wp-json\/wp\/v2\/pages\/217\/revisions"}],"predecessor-version":[{"id":394,"href":"https:\/\/escoladigital.madeira.gov.pt\/ebpeccanical\/wp-json\/wp\/v2\/pages\/217\/revisions\/394"}],"wp:featuredmedia":[{"embeddable":true,"href":"https:\/\/escoladigital.madeira.gov.pt\/ebpeccanical\/wp-json\/wp\/v2\/media\/54"}],"wp:attachment":[{"href":"https:\/\/escoladigital.madeira.gov.pt\/ebpeccanical\/wp-json\/wp\/v2\/media?parent=217"}],"curies":[{"name":"wp","href":"https:\/\/api.w.org\/{rel}","templated":true}]}}