{"id":226,"date":"2024-02-26T15:57:38","date_gmt":"2024-02-26T15:57:38","guid":{"rendered":"https:\/\/escolacanical.pt\/?page_id=226"},"modified":"2024-11-13T12:17:39","modified_gmt":"2024-11-13T12:17:39","slug":"noticias","status":"publish","type":"page","link":"https:\/\/escoladigital.madeira.gov.pt\/ebpeccanical\/noticias\/","title":{"rendered":"Not\u00edcias"},"content":{"rendered":"<div class=\"is-style-boxed wp-block-themeisle-blocks-posts-grid\" id=\"wp-block-themeisle-blocks-posts-grid-e1a5290f\"><div class=\"is-grid o-posts-grid-columns-3\"><div class=\"o-posts-grid-post-blog o-posts-grid-post-plain\"><div class=\"o-posts-grid-post\"><div class=\"o-posts-grid-post-body is-full\"><span class=\"o-posts-grid-post-category\"><a href=\"https:\/\/escoladigital.madeira.gov.pt\/ebpeccanical\/category\/uncategorized\/\">N\u00e3o categorizado<\/a><\/span><h4 class=\"o-posts-grid-post-title\"><a href=\"https:\/\/escoladigital.madeira.gov.pt\/ebpeccanical\/2026\/03\/03\/provas-e-exames-nacionais-2026\/\">Provas e Exames Nacionais 2026<\/a><\/h4><p class=\"o-posts-grid-post-meta\">  <time datetime=\"2026-03-03T16:30:22+00:00\">Mar\u00e7o 3, 2026<\/time> by <a href=\"https:\/\/escoladigital.madeira.gov.pt\/ebpeccanical\/author\/ebpeccanical\/\">ebpeccanical<\/a><\/p><div class=\"o-posts-grid-post-description\"><p>Provas- Ensaio \u2013 4.\u00ba; 6.\u00ba e 9.\u00ba anos Foram alteradas as datas para a realiza\u00e7\u00e3o do&nbsp;Ensaio das P\u2026<\/p><\/div><\/div><\/div><\/div><div class=\"o-posts-grid-post-blog o-posts-grid-post-plain\"><div class=\"o-posts-grid-post\"><div class=\"o-posts-grid-post-image\"><a href=\"https:\/\/escoladigital.madeira.gov.pt\/ebpeccanical\/2025\/09\/01\/inicio-das-aulas-e-calendario-escolar\/\"><img fetchpriority=\"high\" decoding=\"async\" width=\"640\" height=\"359\" src=\"https:\/\/escoladigital.madeira.gov.pt\/ebpeccanical\/wp-content\/uploads\/sites\/38\/2025\/09\/back2school-2635456_640.png\" class=\"attachment-full size-full\" alt=\"In\u00edcio das aulas e calend\u00e1rio escolar\" srcset=\"https:\/\/escoladigital.madeira.gov.pt\/ebpeccanical\/wp-content\/uploads\/sites\/38\/2025\/09\/back2school-2635456_640.png 640w, https:\/\/escoladigital.madeira.gov.pt\/ebpeccanical\/wp-content\/uploads\/sites\/38\/2025\/09\/back2school-2635456_640-300x168.png 300w\" sizes=\"100vw\" \/><\/a><\/div><div class=\"o-posts-grid-post-body\"><span class=\"o-posts-grid-post-category\"><a href=\"https:\/\/escoladigital.madeira.gov.pt\/ebpeccanical\/category\/info\/\">Informa\u00e7\u00f5es<\/a><\/span><h4 class=\"o-posts-grid-post-title\"><a href=\"https:\/\/escoladigital.madeira.gov.pt\/ebpeccanical\/2025\/09\/01\/inicio-das-aulas-e-calendario-escolar\/\">In\u00edcio das aulas e calend\u00e1rio escolar<\/a><\/h4><p class=\"o-posts-grid-post-meta\">  <time datetime=\"2025-09-01T09:28:13+00:00\">Setembro 1, 2025<\/time> by <a href=\"https:\/\/escoladigital.madeira.gov.pt\/ebpeccanical\/author\/ebpeccanical\/\">ebpeccanical<\/a><\/p><div class=\"o-posts-grid-post-description\"><p>As aulas ter\u00e3o in\u00edcio nos seguintes dias: Clique aqui para aceder ao documento com toda a informa\u00e7\u00e3o\u2026<\/p><\/div><\/div><\/div><\/div><div class=\"o-posts-grid-post-blog o-posts-grid-post-plain\"><div class=\"o-posts-grid-post\"><div class=\"o-posts-grid-post-body is-full\"><span class=\"o-posts-grid-post-category\"><a href=\"https:\/\/escoladigital.madeira.gov.pt\/ebpeccanical\/category\/info\/\">Informa\u00e7\u00f5es<\/a><\/span><h4 class=\"o-posts-grid-post-title\"><a href=\"https:\/\/escoladigital.madeira.gov.pt\/ebpeccanical\/2025\/07\/07\/lista-dos-manuais-escolares-para-o-ano-letivo-2025-2026\/\">Lista dos manuais escolares para o ano letivo 2025\/2026<\/a><\/h4><p class=\"o-posts-grid-post-meta\">  <time datetime=\"2025-07-07T15:44:06+00:00\">Julho 7, 2025<\/time> by <a href=\"https:\/\/escoladigital.madeira.gov.pt\/ebpeccanical\/author\/ebpeccanical\/\">ebpeccanical<\/a><\/p><div class=\"o-posts-grid-post-description\"><p>J\u00e1 pode consultar a lista dos manuais escolares adotados pela Escola B\u00e1sica com Pr\u00e9-escolar e Creche\u2026<\/p><\/div><\/div><\/div><\/div><div class=\"o-posts-grid-post-blog o-posts-grid-post-plain\"><div class=\"o-posts-grid-post\"><div class=\"o-posts-grid-post-body is-full\"><span class=\"o-posts-grid-post-category\"><a href=\"https:\/\/escoladigital.madeira.gov.pt\/ebpeccanical\/category\/info\/\">Informa\u00e7\u00f5es<\/a><\/span><h4 class=\"o-posts-grid-post-title\"><a href=\"https:\/\/escoladigital.madeira.gov.pt\/ebpeccanical\/2024\/11\/21\/divulgacao-e-a-publicitacao-dos-apoios-concedidos-pelo-fundo-europeu-programa-madeira-14-20\/\">Divulga\u00e7\u00e3o e a publicita\u00e7\u00e3o dos apoios concedidos pelo Fundo Europeu Programa Madeira 14-20<\/a><\/h4><p class=\"o-posts-grid-post-meta\">  <time datetime=\"2024-11-21T17:34:53+00:00\">Novembro 21, 2024<\/time> by <a href=\"https:\/\/escoladigital.madeira.gov.pt\/ebpeccanical\/author\/ebpeccanical\/\">ebpeccanical<\/a><\/p><div class=\"o-posts-grid-post-description\"><p>Divulga\u00e7\u00e3o e a publicita\u00e7\u00e3o dos apoios concedidos pelo Fundo Europeu Programa Madeira 14-20 -M1420-0\u2026<\/p><\/div><\/div><\/div><\/div><\/div> <\/div>","protected":false},"excerpt":{"rendered":"","protected":false},"author":52,"featured_media":395,"parent":0,"menu_order":0,"comment_status":"closed","ping_status":"closed","template":"","meta":{"_themeisle_gutenberg_block_has_review":false,"inspiro_hide_title":false,"footnotes":""},"class_list":["post-226","page","type-page","status-publish","has-post-thumbnail","hentry"],"_links":{"self":[{"href":"https:\/\/escoladigital.madeira.gov.pt\/ebpeccanical\/wp-json\/wp\/v2\/pages\/226","targetHints":{"allow":["GET"]}}],"collection":[{"href":"https:\/\/escoladigital.madeira.gov.pt\/ebpeccanical\/wp-json\/wp\/v2\/pages"}],"about":[{"href":"https:\/\/escoladigital.madeira.gov.pt\/ebpeccanical\/wp-json\/wp\/v2\/types\/page"}],"author":[{"embeddable":true,"href":"https:\/\/escoladigital.madeira.gov.pt\/ebpeccanical\/wp-json\/wp\/v2\/users\/52"}],"replies":[{"embeddable":true,"href":"https:\/\/escoladigital.madeira.gov.pt\/ebpeccanical\/wp-json\/wp\/v2\/comments?post=226"}],"version-history":[{"count":22,"href":"https:\/\/escoladigital.madeira.gov.pt\/ebpeccanical\/wp-json\/wp\/v2\/pages\/226\/revisions"}],"predecessor-version":[{"id":397,"href":"https:\/\/escoladigital.madeira.gov.pt\/ebpeccanical\/wp-json\/wp\/v2\/pages\/226\/revisions\/397"}],"wp:featuredmedia":[{"embeddable":true,"href":"https:\/\/escoladigital.madeira.gov.pt\/ebpeccanical\/wp-json\/wp\/v2\/media\/395"}],"wp:attachment":[{"href":"https:\/\/escoladigital.madeira.gov.pt\/ebpeccanical\/wp-json\/wp\/v2\/media?parent=226"}],"curies":[{"name":"wp","href":"https:\/\/api.w.org\/{rel}","templated":true}]}}