{"id":314,"date":"2024-09-24T08:11:15","date_gmt":"2024-09-24T08:11:15","guid":{"rendered":"https:\/\/escoladigital.madeira.gov.pt\/ebpeccanical\/?page_id=314"},"modified":"2025-11-06T09:59:34","modified_gmt":"2025-11-06T09:59:34","slug":"criterios-de-avaliacao","status":"publish","type":"page","link":"https:\/\/escoladigital.madeira.gov.pt\/ebpeccanical\/criterios-de-avaliacao\/","title":{"rendered":"Crit\u00e9rios de Avalia\u00e7\u00e3o"},"content":{"rendered":"\n<p><a href=\"https:\/\/drive.google.com\/drive\/folders\/1-6uxsE7OKNd5dnLo9SEwz52x8b6rqLzz?usp=drive_link\" target=\"_blank\" rel=\"noreferrer noopener\">Clique aqui<\/a>\u00a0para abrir a pasta do Google Drive onde est\u00e3o dispon\u00edveis para consulta\u00a0<strong>todos os crit\u00e9rios de avalia\u00e7\u00e3o<\/strong>\u00a0da escola para o corrente ano letivo. Procure na pasta correspondente e\u00a0 depois abra o ficheiro relativo ao n\u00edvel que pretende consultar.<\/p>\n\n\n\n<p><\/p>\n","protected":false},"excerpt":{"rendered":"<p>Clique aqui\u00a0para abrir a pasta do Google Drive onde est\u00e3o dispon\u00edveis para consulta\u00a0todos os crit\u00e9rios de avalia\u00e7\u00e3o\u00a0da escola para o corrente ano letivo. Procure na pasta correspondente e\u00a0 depois abra o ficheiro relativo ao n\u00edvel que pretende consultar.<\/p>\n","protected":false},"author":52,"featured_media":391,"parent":0,"menu_order":0,"comment_status":"closed","ping_status":"closed","template":"","meta":{"_themeisle_gutenberg_block_has_review":false,"inspiro_hide_title":false,"footnotes":""},"class_list":["post-314","page","type-page","status-publish","has-post-thumbnail","hentry"],"_links":{"self":[{"href":"https:\/\/escoladigital.madeira.gov.pt\/ebpeccanical\/wp-json\/wp\/v2\/pages\/314","targetHints":{"allow":["GET"]}}],"collection":[{"href":"https:\/\/escoladigital.madeira.gov.pt\/ebpeccanical\/wp-json\/wp\/v2\/pages"}],"about":[{"href":"https:\/\/escoladigital.madeira.gov.pt\/ebpeccanical\/wp-json\/wp\/v2\/types\/page"}],"author":[{"embeddable":true,"href":"https:\/\/escoladigital.madeira.gov.pt\/ebpeccanical\/wp-json\/wp\/v2\/users\/52"}],"replies":[{"embeddable":true,"href":"https:\/\/escoladigital.madeira.gov.pt\/ebpeccanical\/wp-json\/wp\/v2\/comments?post=314"}],"version-history":[{"count":3,"href":"https:\/\/escoladigital.madeira.gov.pt\/ebpeccanical\/wp-json\/wp\/v2\/pages\/314\/revisions"}],"predecessor-version":[{"id":575,"href":"https:\/\/escoladigital.madeira.gov.pt\/ebpeccanical\/wp-json\/wp\/v2\/pages\/314\/revisions\/575"}],"wp:featuredmedia":[{"embeddable":true,"href":"https:\/\/escoladigital.madeira.gov.pt\/ebpeccanical\/wp-json\/wp\/v2\/media\/391"}],"wp:attachment":[{"href":"https:\/\/escoladigital.madeira.gov.pt\/ebpeccanical\/wp-json\/wp\/v2\/media?parent=314"}],"curies":[{"name":"wp","href":"https:\/\/api.w.org\/{rel}","templated":true}]}}