{"id":458,"date":"2025-05-15T12:22:33","date_gmt":"2025-05-15T12:22:33","guid":{"rendered":"https:\/\/escoladigital.madeira.gov.pt\/ebpeccanical\/?page_id=458"},"modified":"2025-06-05T13:40:49","modified_gmt":"2025-06-05T13:40:49","slug":"geossitios-do-canical","status":"publish","type":"page","link":"https:\/\/escoladigital.madeira.gov.pt\/ebpeccanical\/geossitios-do-canical\/","title":{"rendered":"Geoss\u00edtios"},"content":{"rendered":"\n<p><strong>Geoss\u00edtios do Cani\u00e7al:<\/strong><\/p>\n\n\n\n<figure class=\"wp-block-image size-large\"><img fetchpriority=\"high\" decoding=\"async\" width=\"1024\" height=\"368\" src=\"https:\/\/escoladigital.madeira.gov.pt\/ebpeccanical\/wp-content\/uploads\/sites\/38\/2025\/06\/GeossitiosCanical-1-1024x368.jpg\" alt=\"\" class=\"wp-image-517\" srcset=\"https:\/\/escoladigital.madeira.gov.pt\/ebpeccanical\/wp-content\/uploads\/sites\/38\/2025\/06\/GeossitiosCanical-1-1024x368.jpg 1024w, https:\/\/escoladigital.madeira.gov.pt\/ebpeccanical\/wp-content\/uploads\/sites\/38\/2025\/06\/GeossitiosCanical-1-300x108.jpg 300w, https:\/\/escoladigital.madeira.gov.pt\/ebpeccanical\/wp-content\/uploads\/sites\/38\/2025\/06\/GeossitiosCanical-1.jpg 1344w\" sizes=\"(max-width: 1024px) 100vw, 1024px\" \/><\/figure>\n\n\n\n<ul class=\"wp-block-list\">\n<li>A: <a href=\"https:\/\/escoladigital.madeira.gov.pt\/ebpeccanical\/geossitio-dunas-da-prainha\/\" data-type=\"page\" data-id=\"460\">Dunas da Prainha<\/a><\/li>\n\n\n\n<li>B: <a href=\"https:\/\/escoladigital.madeira.gov.pt\/ebpeccanical\/geossitio-foz-da-ribeira-natal\/\" data-type=\"page\" data-id=\"462\">Foz da Ribeira Natal<\/a><\/li>\n\n\n\n<li>C: <a href=\"https:\/\/escoladigital.madeira.gov.pt\/ebpeccanical\/geossitio-miradouro-da-ponta-do-rosto\/\" data-type=\"page\" data-id=\"469\">Miradouro da Ponta do Rosto<\/a><\/li>\n\n\n\n<li>D: <a href=\"https:\/\/escoladigital.madeira.gov.pt\/ebpeccanical\/geossitio-nossa-senhora-da-piedade\/\" data-type=\"page\" data-id=\"471\">Nossa Senhora da Piedade<\/a><\/li>\n\n\n\n<li>E: <a href=\"https:\/\/escoladigital.madeira.gov.pt\/ebpeccanical\/geossitio-ponta-de-sao-lourenco\/\" data-type=\"page\" data-id=\"467\">Ponta de S\u00e3o Louren\u00e7o<\/a><\/li>\n\n\n\n<li>F: <a href=\"https:\/\/escoladigital.madeira.gov.pt\/ebpeccanical\/geossitio-porta-dabra\/\" data-type=\"page\" data-id=\"473\">Porta d&#8217;Abra<\/a><\/li>\n\n\n\n<li>G: <a href=\"https:\/\/escoladigital.madeira.gov.pt\/ebpeccanical\/geossitio-prainha\/\" data-type=\"page\" data-id=\"465\">Prainha<\/a><\/li>\n<\/ul>\n\n\n\n<p>Voltar &gt;&gt; <a href=\"https:\/\/escolacanical.pt\">Escola B\u00e1sica com Pr\u00e9-escolar e Creche do Cani\u00e7al<\/a><\/p>\n\n\n\n<p><\/p>\n","protected":false},"excerpt":{"rendered":"<p>Geoss\u00edtios do Cani\u00e7al: Voltar &gt;&gt; Escola B\u00e1sica com Pr\u00e9-escolar e Creche do Cani\u00e7al<\/p>\n","protected":false},"author":52,"featured_media":512,"parent":0,"menu_order":0,"comment_status":"closed","ping_status":"closed","template":"","meta":{"_themeisle_gutenberg_block_has_review":false,"inspiro_hide_title":false,"footnotes":""},"class_list":["post-458","page","type-page","status-publish","has-post-thumbnail","hentry"],"_links":{"self":[{"href":"https:\/\/escoladigital.madeira.gov.pt\/ebpeccanical\/wp-json\/wp\/v2\/pages\/458","targetHints":{"allow":["GET"]}}],"collection":[{"href":"https:\/\/escoladigital.madeira.gov.pt\/ebpeccanical\/wp-json\/wp\/v2\/pages"}],"about":[{"href":"https:\/\/escoladigital.madeira.gov.pt\/ebpeccanical\/wp-json\/wp\/v2\/types\/page"}],"author":[{"embeddable":true,"href":"https:\/\/escoladigital.madeira.gov.pt\/ebpeccanical\/wp-json\/wp\/v2\/users\/52"}],"replies":[{"embeddable":true,"href":"https:\/\/escoladigital.madeira.gov.pt\/ebpeccanical\/wp-json\/wp\/v2\/comments?post=458"}],"version-history":[{"count":6,"href":"https:\/\/escoladigital.madeira.gov.pt\/ebpeccanical\/wp-json\/wp\/v2\/pages\/458\/revisions"}],"predecessor-version":[{"id":519,"href":"https:\/\/escoladigital.madeira.gov.pt\/ebpeccanical\/wp-json\/wp\/v2\/pages\/458\/revisions\/519"}],"wp:featuredmedia":[{"embeddable":true,"href":"https:\/\/escoladigital.madeira.gov.pt\/ebpeccanical\/wp-json\/wp\/v2\/media\/512"}],"wp:attachment":[{"href":"https:\/\/escoladigital.madeira.gov.pt\/ebpeccanical\/wp-json\/wp\/v2\/media?parent=458"}],"curies":[{"name":"wp","href":"https:\/\/api.w.org\/{rel}","templated":true}]}}