{"id":460,"date":"2025-05-15T13:34:44","date_gmt":"2025-05-15T13:34:44","guid":{"rendered":"https:\/\/escoladigital.madeira.gov.pt\/ebpeccanical\/?page_id=460"},"modified":"2025-05-22T13:38:10","modified_gmt":"2025-05-22T13:38:10","slug":"geossitio-dunas-da-prainha","status":"publish","type":"page","link":"https:\/\/escoladigital.madeira.gov.pt\/ebpeccanical\/geossitio-dunas-da-prainha\/","title":{"rendered":"Geoss\u00edtio: Dunas da Prainha"},"content":{"rendered":"\n<p><strong>C\u00f3digo de Geoss\u00edtio:<\/strong> M01PSL03<br><strong>Denomina\u00e7\u00e3o: <\/strong>Dunas da Prainha<br><strong>Categoria tem\u00e1tica:<\/strong> Sedimentologia e Paleontologia<br><strong>GPS: <\/strong>32\u00b044&#8217;42.60&#8243;N 16\u00b042&#8217;56.30&#8243;W<\/p>\n\n\n\n<figure class=\"wp-block-image alignleft size-full is-resized\"><img fetchpriority=\"high\" decoding=\"async\" width=\"411\" height=\"343\" src=\"https:\/\/escoladigital.madeira.gov.pt\/ebpeccanical\/wp-content\/uploads\/sites\/38\/2025\/05\/dunas-prainha.jpg\" alt=\"\" class=\"wp-image-485\" style=\"width:573px;height:auto\" srcset=\"https:\/\/escoladigital.madeira.gov.pt\/ebpeccanical\/wp-content\/uploads\/sites\/38\/2025\/05\/dunas-prainha.jpg 411w, https:\/\/escoladigital.madeira.gov.pt\/ebpeccanical\/wp-content\/uploads\/sites\/38\/2025\/05\/dunas-prainha-300x250.jpg 300w\" sizes=\"(max-width: 411px) 100vw, 411px\" \/><figcaption class=\"wp-element-caption\">https:\/\/ecosmachico.pt\/images\/Institucional\/Geodiversidade\/Geossitios\/dunas-prainha.jpg<\/figcaption><\/figure>\n\n\n\n<h2 class=\"wp-block-heading\"><strong>Caracter\u00edsticas<\/strong><\/h2>\n\n\n\n<p>As dunas da Prainha no Cani\u00e7al s\u00e3o forma\u00e7\u00f5es raras na ilha da Madeira compostas por areias biog\u00e9nicas de origem marinha. Estas areias resultam da acumula\u00e7\u00e3o de fragmentos de conchas e outros organismos calc\u00e1rios. T\u00eam uma colora\u00e7\u00e3o clara, distinta da paisagem vulc\u00e2nica envolvente. Situam-se junto \u00e0 \u00fanica praia natural de areia da Madeira. As dunas s\u00e3o fosseis com milhares de anos e possuem elevado valor geol\u00f3gico e ecol\u00f3gico. A vegeta\u00e7\u00e3o e escassa, mas e adaptado ao ambiente seco e arenosa. Est\u00e3o inseridos na reserva natural parcial na Ponta de S\u00e3o Louren\u00e7o. A sua preserva\u00e7\u00e3o \u00e9 essencial devido a sua raridade e fragilidade.<\/p>\n\n\n\n<h2 class=\"wp-block-heading\"><strong>Descri\u00e7\u00e3o sum\u00e1ria<\/strong><\/h2>\n\n\n\n<p>As dunas da Prainha do Cani\u00e7al s\u00e3o um espet\u00e1culo natural que combina a impon\u00eancia do deserto com a beleza da costa. Localizadas na costa leste da Madeira, elas se erguem suavemente sobre a paisagem, com sua areia dourada que reflete a luz do sol de maneira radiante. O vento constante molda suas formas, criando ondula\u00e7\u00f5es que parecem se estender at\u00e9 o horizonte.<\/p>\n\n\n\n<figure class=\"wp-block-image alignright size-full is-resized\"><img decoding=\"async\" width=\"678\" height=\"866\" src=\"https:\/\/escoladigital.madeira.gov.pt\/ebpeccanical\/wp-content\/uploads\/sites\/38\/2025\/05\/dunas-prainha2.jpg\" alt=\"\" class=\"wp-image-486\" style=\"width:479px;height:auto\" srcset=\"https:\/\/escoladigital.madeira.gov.pt\/ebpeccanical\/wp-content\/uploads\/sites\/38\/2025\/05\/dunas-prainha2.jpg 678w, https:\/\/escoladigital.madeira.gov.pt\/ebpeccanical\/wp-content\/uploads\/sites\/38\/2025\/05\/dunas-prainha2-235x300.jpg 235w\" sizes=\"(max-width: 678px) 100vw, 678px\" \/><figcaption class=\"wp-element-caption\"><a href=\"https:\/\/ecosmachico.pt\/images\/Institucional\/Geodiversidade\/Geossitios\/dunas-prainha2.jpg\">https:\/\/ecosmachico.pt\/images\/Institucional\/Geodiversidade\/Geossitios\/dunas-prainha2.jpg<\/a><\/figcaption><\/figure>\n\n\n\n<p>A vegeta\u00e7\u00e3o rasteira que cresce nas dunas, composta principalmente por plantas adaptadas ao ambiente \u00e1rido, contribui para a rusticidade do local, contrastando com o azul profundo do mar que se v\u00ea ao fundo. O som das ondas quebrando suavemente na praia e o canto dos p\u00e1ssaros locais completam a serenidade do lugar, tornando-o um ref\u00fagio tranquilo e isolado.<\/p>\n\n\n\n<p>Embora o acesso \u00e0s dunas possa exigir um pouco de esfor\u00e7o, a recompensa ao chegar \u00e9 ineg\u00e1vel: uma paisagem \u00fanica, onde a areia e o mar se encontram, criando uma atmosfera de paz e beleza natural.<\/p>\n\n\n\n<h2 class=\"wp-block-heading\"><strong>Notas Revelantes<\/strong><\/h2>\n\n\n\n<p>A visita ao local de interesse geol\u00f3gico \u00e9 da inteira responsabilidade do utilizador.<\/p>\n\n\n\n<p>O utilizador deve tomar as devidas precau\u00e7\u00f5es quando visita o local, tendo em aten\u00e7\u00e3o as condi\u00e7\u00f5es do terreno, condi\u00e7\u00f5es climat\u00e9ricas e outros perigos, para que n\u00e3o se criem situa\u00e7\u00f5es que coloquem a sua integridade e a de outros em risco.<\/p>\n\n\n\n<p>O utilizador deve respeitar a propriedade privada. O acesso a zonas privadas requer autoriza\u00e7\u00e3o pr\u00e9via dos propriet\u00e1rios.<\/p>\n\n\n\n<p>O utilizador deve respeitar o patrim\u00f3nio natural mantendo-o intacto.&nbsp; O impacto das suas a\u00e7\u00f5es deve ser m\u00ednimo.<\/p>\n\n\n\n<p><em>[ Texto elaborado pelos alunos Eduardo e H\u00e9lder | Fotos da responsabilidade da turma do 7\u00ba ano e dos sites referenciados.]<\/em><\/p>\n\n\n\n<blockquote class=\"wp-block-quote is-style-plain is-layout-flow wp-block-quote-is-layout-flow\"><\/blockquote>\n\n\n\n<hr class=\"wp-block-separator has-alpha-channel-opacity is-style-wide\" \/>\n\n\n\n<p>Voltar &gt;&gt; <a href=\"https:\/\/escoladigital.madeira.gov.pt\/ebpeccanical\/geossitios-do-canical\/\" data-type=\"page\" data-id=\"458\">Geoss\u00edtios do Cani\u00e7al<\/a><\/p>\n\n\n\n<p><\/p>\n","protected":false},"excerpt":{"rendered":"<p>C\u00f3digo de Geoss\u00edtio: M01PSL03Denomina\u00e7\u00e3o: Dunas da PrainhaCategoria tem\u00e1tica: Sedimentologia e PaleontologiaGPS: 32\u00b044&#8217;42.60&#8243;N 16\u00b042&#8217;56.30&#8243;W Caracter\u00edsticas As dunas da Prainha no Cani\u00e7al s\u00e3o forma\u00e7\u00f5es raras na ilha da Madeira compostas por areias biog\u00e9nicas de origem marinha. Estas areias resultam da acumula\u00e7\u00e3o de fragmentos de conchas e outros organismos calc\u00e1rios. T\u00eam uma colora\u00e7\u00e3o clara, distinta da paisagem vulc\u00e2nica &hellip; <\/p>\n<p class=\"link-more\"><a href=\"https:\/\/escoladigital.madeira.gov.pt\/ebpeccanical\/geossitio-dunas-da-prainha\/\" class=\"more-link\">Read more<span class=\"screen-reader-text\"> &#8220;Geoss\u00edtio: Dunas da Prainha&#8221;<\/span><\/a><\/p>\n","protected":false},"author":52,"featured_media":482,"parent":0,"menu_order":0,"comment_status":"closed","ping_status":"closed","template":"","meta":{"_themeisle_gutenberg_block_has_review":false,"inspiro_hide_title":false,"footnotes":"[]"},"class_list":["post-460","page","type-page","status-publish","has-post-thumbnail","hentry"],"_links":{"self":[{"href":"https:\/\/escoladigital.madeira.gov.pt\/ebpeccanical\/wp-json\/wp\/v2\/pages\/460","targetHints":{"allow":["GET"]}}],"collection":[{"href":"https:\/\/escoladigital.madeira.gov.pt\/ebpeccanical\/wp-json\/wp\/v2\/pages"}],"about":[{"href":"https:\/\/escoladigital.madeira.gov.pt\/ebpeccanical\/wp-json\/wp\/v2\/types\/page"}],"author":[{"embeddable":true,"href":"https:\/\/escoladigital.madeira.gov.pt\/ebpeccanical\/wp-json\/wp\/v2\/users\/52"}],"replies":[{"embeddable":true,"href":"https:\/\/escoladigital.madeira.gov.pt\/ebpeccanical\/wp-json\/wp\/v2\/comments?post=460"}],"version-history":[{"count":6,"href":"https:\/\/escoladigital.madeira.gov.pt\/ebpeccanical\/wp-json\/wp\/v2\/pages\/460\/revisions"}],"predecessor-version":[{"id":490,"href":"https:\/\/escoladigital.madeira.gov.pt\/ebpeccanical\/wp-json\/wp\/v2\/pages\/460\/revisions\/490"}],"wp:featuredmedia":[{"embeddable":true,"href":"https:\/\/escoladigital.madeira.gov.pt\/ebpeccanical\/wp-json\/wp\/v2\/media\/482"}],"wp:attachment":[{"href":"https:\/\/escoladigital.madeira.gov.pt\/ebpeccanical\/wp-json\/wp\/v2\/media?parent=460"}],"curies":[{"name":"wp","href":"https:\/\/api.w.org\/{rel}","templated":true}]}}