{"id":462,"date":"2025-05-15T13:36:45","date_gmt":"2025-05-15T13:36:45","guid":{"rendered":"https:\/\/escoladigital.madeira.gov.pt\/ebpeccanical\/?page_id=462"},"modified":"2025-05-23T08:39:39","modified_gmt":"2025-05-23T08:39:39","slug":"geossitio-foz-da-ribeira-natal","status":"publish","type":"page","link":"https:\/\/escoladigital.madeira.gov.pt\/ebpeccanical\/geossitio-foz-da-ribeira-natal\/","title":{"rendered":"Geoss\u00edtio: Foz da Ribeira Natal"},"content":{"rendered":"\n<p>C\u00f3digo de Geoss\u00edtio: M02<br>Denomina\u00e7\u00e3o: Praia da Ribeira Natal<br>Categoria tem\u00e1tica: Vulcanol\u00f3gica, litol\u00f3gica e sedimentol\u00f3gica.<br>Localiza\u00e7\u00e3o: 32\u00b044&#8217;07.9&#8243;N 16\u00b044&#8217;45.1\u201cW<\/p>\n\n\n\n<figure class=\"wp-block-image alignleft size-large is-resized\"><img fetchpriority=\"high\" decoding=\"async\" width=\"1024\" height=\"531\" src=\"https:\/\/escoladigital.madeira.gov.pt\/ebpeccanical\/wp-content\/uploads\/sites\/38\/2025\/05\/fozribeiranatal-1024x531.jpg\" alt=\"\" class=\"wp-image-497\" style=\"width:604px;height:auto\" srcset=\"https:\/\/escoladigital.madeira.gov.pt\/ebpeccanical\/wp-content\/uploads\/sites\/38\/2025\/05\/fozribeiranatal-1024x531.jpg 1024w, https:\/\/escoladigital.madeira.gov.pt\/ebpeccanical\/wp-content\/uploads\/sites\/38\/2025\/05\/fozribeiranatal-300x156.jpg 300w, https:\/\/escoladigital.madeira.gov.pt\/ebpeccanical\/wp-content\/uploads\/sites\/38\/2025\/05\/fozribeiranatal.jpg 1928w\" sizes=\"(max-width: 1024px) 100vw, 1024px\" \/><figcaption class=\"wp-element-caption\">(Fonte: <a href=\"https:\/\/ecosmachico.pt\/ecossitios\/canical\/foz-da-ribeira-do-natal?os_image_id-89\">https:\/\/ecosmachico.pt\/ecossitios\/canical\/foz-da-ribeira-do-natal?os_image_id-89<\/a>)<\/figcaption><\/figure>\n\n\n\n<h2 class=\"wp-block-heading\"><strong>Caracter\u00edsticas<\/strong><\/h2>\n\n\n\n<p>Este geoss\u00edtio \u00e9 uma excelente oportunidade para observar dep\u00f3sitos sedimentares, como f\u00e1cies conglomer\u00e1ticas e brech\u00f3ides pertencentes da Forma\u00e7\u00e3o do Funchal.<\/p>\n\n\n\n<h2 class=\"wp-block-heading\"><strong>Descri\u00e7\u00e3o sum\u00e1ria<\/strong><\/h2>\n\n\n\n<p>No local, podem ser vistas v\u00e1rias camadas de rochas, incluindo:<\/p>\n\n\n\n<ul class=\"wp-block-list\">\n<li>dep\u00f3sitos brech\u00f3ides das quedas de pedras;<\/li>\n\n\n\n<li>dep\u00f3sitos de lahar, com rochas grandes e fragmentadas, originados por fluxos de detritos e chuvas intensas;<\/li>\n\n\n\n<li>dep\u00f3sitos de cinzas vulc\u00e2nicas amareladas, seguidas de blocos e cinzas vermelhas;<\/li>\n\n\n\n<li>derrames l\u00e1vicos (lava);<\/li>\n\n\n\n<li>dep\u00f3sitos de enxurrada com pedras grandes e fragmentadas.<\/li>\n<\/ul>\n\n\n\n<figure class=\"wp-block-image alignright size-large is-resized\"><img decoding=\"async\" width=\"768\" height=\"1024\" src=\"https:\/\/escoladigital.madeira.gov.pt\/ebpeccanical\/wp-content\/uploads\/sites\/38\/2025\/05\/IMG-20250302-WA0002-768x1024.jpg\" alt=\"\" class=\"wp-image-498\" style=\"width:358px;height:auto\" srcset=\"https:\/\/escoladigital.madeira.gov.pt\/ebpeccanical\/wp-content\/uploads\/sites\/38\/2025\/05\/IMG-20250302-WA0002-768x1024.jpg 768w, https:\/\/escoladigital.madeira.gov.pt\/ebpeccanical\/wp-content\/uploads\/sites\/38\/2025\/05\/IMG-20250302-WA0002-225x300.jpg 225w, https:\/\/escoladigital.madeira.gov.pt\/ebpeccanical\/wp-content\/uploads\/sites\/38\/2025\/05\/IMG-20250302-WA0002.jpg 1200w\" sizes=\"(max-width: 768px) 100vw, 768px\" \/><\/figure>\n\n\n\n<h2 class=\"wp-block-heading\"><strong>Notas Revelantes<\/strong><\/h2>\n\n\n\n<p>Quem visita o local \u00e9 respons\u00e1vel pela sua pr\u00f3pria seguran\u00e7a, por isso deve:<\/p>\n\n\n\n<ul class=\"wp-block-list\">\n<li>Prestar aten\u00e7\u00e3o ao terreno (como pedras soltas ou escorregadias);<\/li>\n\n\n\n<li>Verificar as condi\u00e7\u00f5es do tempo antes da visita (chuva, vento forte etc.);<\/li>\n\n\n\n<li>Evitar situa\u00e7\u00f5es de risco para si e para os outros;<\/li>\n\n\n\n<li>N\u00e3o mexer nas forma\u00e7\u00f5es geol\u00f3gicas ou levar pedras para casa;<\/li>\n\n\n\n<li>Deixar o local da forma que encontrou, sem causar impacto na natureza.<\/li>\n<\/ul>\n\n\n\n<p>[ Texto elaborado pelos alunos Diogo e Eva | Fontes de informa\u00e7\u00e3o: <a href=\"https:\/\/geodiversidade.madeira.gov.pt\/\">https:\/\/geodiversidade.madeira.gov.pt\/<\/a> e Fotos da responsabilidade da turma do 7\u00ba ano e dos sites referenciados.]<\/p>\n\n\n\n<hr class=\"wp-block-separator has-alpha-channel-opacity is-style-wide\" \/>\n\n\n\n<p>Voltar &gt;&gt; <a href=\"https:\/\/escoladigital.madeira.gov.pt\/ebpeccanical\/geossitios-do-canical\/\" data-type=\"page\" data-id=\"458\">Geoss\u00edtios do Cani\u00e7al<\/a><\/p>\n\n\n\n<p><\/p>\n","protected":false},"excerpt":{"rendered":"<p>C\u00f3digo de Geoss\u00edtio: M02Denomina\u00e7\u00e3o: Praia da Ribeira NatalCategoria tem\u00e1tica: Vulcanol\u00f3gica, litol\u00f3gica e sedimentol\u00f3gica.Localiza\u00e7\u00e3o: 32\u00b044&#8217;07.9&#8243;N 16\u00b044&#8217;45.1\u201cW Caracter\u00edsticas Este geoss\u00edtio \u00e9 uma excelente oportunidade para observar dep\u00f3sitos sedimentares, como f\u00e1cies conglomer\u00e1ticas e brech\u00f3ides pertencentes da Forma\u00e7\u00e3o do Funchal. Descri\u00e7\u00e3o sum\u00e1ria No local, podem ser vistas v\u00e1rias camadas de rochas, incluindo: Notas Revelantes Quem visita o local \u00e9 &hellip; <\/p>\n<p class=\"link-more\"><a href=\"https:\/\/escoladigital.madeira.gov.pt\/ebpeccanical\/geossitio-foz-da-ribeira-natal\/\" class=\"more-link\">Read more<span class=\"screen-reader-text\"> &#8220;Geoss\u00edtio: Foz da Ribeira Natal&#8221;<\/span><\/a><\/p>\n","protected":false},"author":52,"featured_media":492,"parent":0,"menu_order":0,"comment_status":"closed","ping_status":"closed","template":"","meta":{"_themeisle_gutenberg_block_has_review":false,"inspiro_hide_title":false,"footnotes":""},"class_list":["post-462","page","type-page","status-publish","has-post-thumbnail","hentry"],"_links":{"self":[{"href":"https:\/\/escoladigital.madeira.gov.pt\/ebpeccanical\/wp-json\/wp\/v2\/pages\/462","targetHints":{"allow":["GET"]}}],"collection":[{"href":"https:\/\/escoladigital.madeira.gov.pt\/ebpeccanical\/wp-json\/wp\/v2\/pages"}],"about":[{"href":"https:\/\/escoladigital.madeira.gov.pt\/ebpeccanical\/wp-json\/wp\/v2\/types\/page"}],"author":[{"embeddable":true,"href":"https:\/\/escoladigital.madeira.gov.pt\/ebpeccanical\/wp-json\/wp\/v2\/users\/52"}],"replies":[{"embeddable":true,"href":"https:\/\/escoladigital.madeira.gov.pt\/ebpeccanical\/wp-json\/wp\/v2\/comments?post=462"}],"version-history":[{"count":4,"href":"https:\/\/escoladigital.madeira.gov.pt\/ebpeccanical\/wp-json\/wp\/v2\/pages\/462\/revisions"}],"predecessor-version":[{"id":499,"href":"https:\/\/escoladigital.madeira.gov.pt\/ebpeccanical\/wp-json\/wp\/v2\/pages\/462\/revisions\/499"}],"wp:featuredmedia":[{"embeddable":true,"href":"https:\/\/escoladigital.madeira.gov.pt\/ebpeccanical\/wp-json\/wp\/v2\/media\/492"}],"wp:attachment":[{"href":"https:\/\/escoladigital.madeira.gov.pt\/ebpeccanical\/wp-json\/wp\/v2\/media?parent=462"}],"curies":[{"name":"wp","href":"https:\/\/api.w.org\/{rel}","templated":true}]}}