{"id":465,"date":"2025-05-15T13:37:57","date_gmt":"2025-05-15T13:37:57","guid":{"rendered":"https:\/\/escoladigital.madeira.gov.pt\/ebpeccanical\/?page_id=465"},"modified":"2025-06-12T14:19:29","modified_gmt":"2025-06-12T14:19:29","slug":"geossitio-prainha","status":"publish","type":"page","link":"https:\/\/escoladigital.madeira.gov.pt\/ebpeccanical\/geossitio-prainha\/","title":{"rendered":"Geoss\u00edtio: Prainha"},"content":{"rendered":"\n<p><strong>C\u00f3digo de Geoss\u00edtio:<\/strong> M01PSL04<br><strong>Denomina\u00e7\u00e3o<\/strong>: Prainha<br><strong>Categoria tem\u00e1tica<\/strong>: Geomorfologia, Sedimentologia e Paleontologia<br><strong>Localiza\u00e7\u00e3o<\/strong>: 32\u00b044\u201934.7\u2019\u2019 N 16\u00b042\u201959.1\u2019\u2019 W<\/p>\n\n\n\n<figure class=\"wp-block-image alignright size-large is-resized\"><img fetchpriority=\"high\" decoding=\"async\" width=\"1024\" height=\"768\" src=\"https:\/\/escoladigital.madeira.gov.pt\/ebpeccanical\/wp-content\/uploads\/sites\/38\/2025\/06\/prainha_jaime-1024x768.jpeg\" alt=\"\" class=\"wp-image-553\" style=\"width:650px;height:auto\" srcset=\"https:\/\/escoladigital.madeira.gov.pt\/ebpeccanical\/wp-content\/uploads\/sites\/38\/2025\/06\/prainha_jaime-1024x768.jpeg 1024w, https:\/\/escoladigital.madeira.gov.pt\/ebpeccanical\/wp-content\/uploads\/sites\/38\/2025\/06\/prainha_jaime-300x225.jpeg 300w, https:\/\/escoladigital.madeira.gov.pt\/ebpeccanical\/wp-content\/uploads\/sites\/38\/2025\/06\/prainha_jaime.jpeg 2000w\" sizes=\"(max-width: 1024px) 100vw, 1024px\" \/><\/figure>\n\n\n\n<p><strong>Caracter\u00edsticas<\/strong><\/p>\n\n\n\n<p>A Pra\u00ednha \u00e9 uma das poucas praias naturais de areia permanente na ilha da Madeira \u2013 uma ilha caracterizada por arribas escarpadas e de dif\u00edcil acesso e exclusiva de praias de calhau. A sua raridade deve-se \u00e0 falta de condi\u00e7\u00f5es hidrodin\u00e2micas, sedimentares e geomorfol\u00f3gicas (ci\u00eancia que estuda as formas da superf\u00edcie da terrestre), que permitam a acumula\u00e7\u00e3o e perman\u00eancia de areias em praias.<\/p>\n\n\n\n<p><strong>Descri\u00e7\u00e3o sum\u00e1ria<\/strong><\/p>\n\n\n\n<p>Os sedimentos da prainha t\u00eam a sua origem em dep\u00f3sitos e\u00f3licos (antigas dunas) de idade Plisto-holoc\u00e9nica (per\u00edodo do quatern\u00e1rio) que se encontram a montante. Tamb\u00e9m \u00e9 caracterizada por ser de areia preta que resulta da meteoriza\u00e7\u00e3o e eros\u00e3o do basalto.<\/p>\n\n\n\n<p><strong>Notas Revelantes<\/strong><\/p>\n\n\n\n<p>A visita ao local de interesse geol\u00f3gico \u00e9 da responsabilidade do utilizador.<\/p>\n\n\n\n<p>O utilizador deve tomar os devidos cuidados quando visita o local, tendo em aten\u00e7\u00e3o o estado &nbsp;do terreno, &nbsp;condi\u00e7\u00f5es climat\u00e9ricas e outros perigos, para que n\u00e3o ocorram situa\u00e7\u00f5es que coloquem a sua vida e a de outros em risco.<\/p>\n\n\n\n<p>O utilizador deve respeitar as propriedades privadas. O acesso a lugares privados requer autoriza\u00e7\u00e3o dos donos do local.<\/p>\n\n\n\n<p>O utilizador deve respeitar o patrim\u00f3nio natural mantendo-o intacto. &nbsp;As suas a\u00e7\u00f5es devem respeitar o patrim\u00f3nio natural.<\/p>\n\n\n\n<p>[ Texto elaborado pelos alunos Jaime e Lara | Fotos da responsabilidade da turma do 7\u00ba ano e dos sites referenciados.]<\/p>\n\n\n\n<hr class=\"wp-block-separator has-alpha-channel-opacity is-style-wide\" \/>\n\n\n\n<p>Voltar &gt;&gt; <a href=\"https:\/\/escoladigital.madeira.gov.pt\/ebpeccanical\/geossitios-do-canical\/\" data-type=\"page\" data-id=\"458\">Geoss\u00edtios do Cani\u00e7al<\/a><\/p>\n\n\n\n<p><\/p>\n","protected":false},"excerpt":{"rendered":"<p>C\u00f3digo de Geoss\u00edtio: M01PSL04Denomina\u00e7\u00e3o: PrainhaCategoria tem\u00e1tica: Geomorfologia, Sedimentologia e PaleontologiaLocaliza\u00e7\u00e3o: 32\u00b044\u201934.7\u2019\u2019 N 16\u00b042\u201959.1\u2019\u2019 W Caracter\u00edsticas A Pra\u00ednha \u00e9 uma das poucas praias naturais de areia permanente na ilha da Madeira \u2013 uma ilha caracterizada por arribas escarpadas e de dif\u00edcil acesso e exclusiva de praias de calhau. A sua raridade deve-se \u00e0 falta de condi\u00e7\u00f5es &hellip; <\/p>\n<p class=\"link-more\"><a href=\"https:\/\/escoladigital.madeira.gov.pt\/ebpeccanical\/geossitio-prainha\/\" class=\"more-link\">Read more<span class=\"screen-reader-text\"> &#8220;Geoss\u00edtio: Prainha&#8221;<\/span><\/a><\/p>\n","protected":false},"author":52,"featured_media":552,"parent":0,"menu_order":0,"comment_status":"closed","ping_status":"closed","template":"","meta":{"_themeisle_gutenberg_block_has_review":false,"inspiro_hide_title":false,"footnotes":""},"class_list":["post-465","page","type-page","status-publish","has-post-thumbnail","hentry"],"_links":{"self":[{"href":"https:\/\/escoladigital.madeira.gov.pt\/ebpeccanical\/wp-json\/wp\/v2\/pages\/465","targetHints":{"allow":["GET"]}}],"collection":[{"href":"https:\/\/escoladigital.madeira.gov.pt\/ebpeccanical\/wp-json\/wp\/v2\/pages"}],"about":[{"href":"https:\/\/escoladigital.madeira.gov.pt\/ebpeccanical\/wp-json\/wp\/v2\/types\/page"}],"author":[{"embeddable":true,"href":"https:\/\/escoladigital.madeira.gov.pt\/ebpeccanical\/wp-json\/wp\/v2\/users\/52"}],"replies":[{"embeddable":true,"href":"https:\/\/escoladigital.madeira.gov.pt\/ebpeccanical\/wp-json\/wp\/v2\/comments?post=465"}],"version-history":[{"count":4,"href":"https:\/\/escoladigital.madeira.gov.pt\/ebpeccanical\/wp-json\/wp\/v2\/pages\/465\/revisions"}],"predecessor-version":[{"id":554,"href":"https:\/\/escoladigital.madeira.gov.pt\/ebpeccanical\/wp-json\/wp\/v2\/pages\/465\/revisions\/554"}],"wp:featuredmedia":[{"embeddable":true,"href":"https:\/\/escoladigital.madeira.gov.pt\/ebpeccanical\/wp-json\/wp\/v2\/media\/552"}],"wp:attachment":[{"href":"https:\/\/escoladigital.madeira.gov.pt\/ebpeccanical\/wp-json\/wp\/v2\/media?parent=465"}],"curies":[{"name":"wp","href":"https:\/\/api.w.org\/{rel}","templated":true}]}}