{"id":467,"date":"2025-05-15T13:38:31","date_gmt":"2025-05-15T13:38:31","guid":{"rendered":"https:\/\/escoladigital.madeira.gov.pt\/ebpeccanical\/?page_id=467"},"modified":"2025-06-05T16:06:36","modified_gmt":"2025-06-05T16:06:36","slug":"geossitio-ponta-de-sao-lourenco","status":"publish","type":"page","link":"https:\/\/escoladigital.madeira.gov.pt\/ebpeccanical\/geossitio-ponta-de-sao-lourenco\/","title":{"rendered":"Geoss\u00edtio: Ponta de S\u00e3o Louren\u00e7o"},"content":{"rendered":"\n<p><strong>C\u00f3digo de Geoss\u00edtio:<\/strong> M01<br><strong>Denomina\u00e7\u00e3o:<\/strong> Ponta de S\u00e3o Louren\u00e7o<br><strong>Categoria tem\u00e1tica:<\/strong> Vulcanologia e Tect\u00f3nica<br><strong>Coordenadas: <\/strong>32\u00b044.7 N 16\u00b042.7\u2019 W<\/p>\n\n\n\n<figure class=\"wp-block-image alignright size-full is-resized\"><img fetchpriority=\"high\" decoding=\"async\" width=\"837\" height=\"1024\" src=\"https:\/\/escoladigital.madeira.gov.pt\/ebpeccanical\/wp-content\/uploads\/sites\/38\/2025\/06\/M01.jpg\" alt=\"\" class=\"wp-image-522\" style=\"width:444px;height:auto\" srcset=\"https:\/\/escoladigital.madeira.gov.pt\/ebpeccanical\/wp-content\/uploads\/sites\/38\/2025\/06\/M01.jpg 837w, https:\/\/escoladigital.madeira.gov.pt\/ebpeccanical\/wp-content\/uploads\/sites\/38\/2025\/06\/M01-245x300.jpg 245w\" sizes=\"(max-width: 837px) 100vw, 837px\" \/><figcaption class=\"wp-element-caption\">(Fonte: https:\/\/geodiversidade.madeira.gov.pt\/images\/ORTOFOTOMAPAS\/M01.jpg)<\/figcaption><\/figure>\n\n\n\n<p><strong>Caracter\u00edsticas<\/strong><\/p>\n\n\n\n<p>\u201c<em>A Ponta de S\u00e3o Louren\u00e7o \u00e9 considerada uma \u00e1rea com elevada relev\u00e2ncia geol\u00f3gica.<br>Apesar da sua homogeneidade fisiogr\u00e1fica, esta \u00e1rea \u00a0engloba um conjunto de 8 locais com interesse geol\u00f3gico que apresentam elevada diversidade de aspetos, essencialmente de natureza estratigr\u00e1fica, tect\u00f3nica, vulc\u00e2nica, geomorfol\u00f3gica, litol\u00f3gica e sedimentol\u00f3gica<\/em>.\u201d<br>(<em>Fonte: https:\/\/geodiversidade.madeira.gov.pt\/index.php\/geossitios\/madeira\/machico\/m01-ponta-de-sao-lourenco<\/em>)<\/p>\n\n\n\n<p><strong>Descri\u00e7\u00e3o sum\u00e1ria<\/strong><\/p>\n\n\n\n<p>A Ponta de S\u00e3o Louren\u00e7o \u00e9 o ponto mais oriental da ilha da Madeira tendo 9 km de comprimento, onde se encontra pelo menos 2 ilh\u00e9us os quais s\u00e3o o da Metade ou da Cevada e o do Farol. Podemos l\u00e1 chegar de barco ou a p\u00e9.<\/p>\n\n\n\n<p><strong>Notas Revelantes<\/strong><\/p>\n\n\n\n<p>Este geoss\u00edtio \u00e9 um espa\u00e7o geol\u00f3gico de grande import\u00e2ncia cient\u00edfica, educativa, tur\u00edstica, cultural, ecol\u00f3gica e est\u00e9tica. Estes espa\u00e7os s\u00e3o protegidos e salvaguardados para a realiza\u00e7\u00e3o de estudos cient\u00edficos.<\/p>\n\n\n\n<p>[Texto elaborado pelos alunos David e Gon\u00e7alo | Fotos da responsabilidade da turma do 7\u00ba ano e dos sites referenciados.]<\/p>\n\n\n\n<figure class=\"wp-block-image size-large is-resized\"><img decoding=\"async\" width=\"1024\" height=\"693\" src=\"https:\/\/escoladigital.madeira.gov.pt\/ebpeccanical\/wp-content\/uploads\/sites\/38\/2025\/06\/geossitios_canical-1024x693.jpg\" alt=\"\" class=\"wp-image-512\" style=\"width:377px;height:auto\" srcset=\"https:\/\/escoladigital.madeira.gov.pt\/ebpeccanical\/wp-content\/uploads\/sites\/38\/2025\/06\/geossitios_canical-1024x693.jpg 1024w, https:\/\/escoladigital.madeira.gov.pt\/ebpeccanical\/wp-content\/uploads\/sites\/38\/2025\/06\/geossitios_canical-300x203.jpg 300w, https:\/\/escoladigital.madeira.gov.pt\/ebpeccanical\/wp-content\/uploads\/sites\/38\/2025\/06\/geossitios_canical-2000x1354.jpg 2000w\" sizes=\"(max-width: 1024px) 100vw, 1024px\" \/><\/figure>\n\n\n\n<p><strong>Fontes:<\/strong><\/p>\n\n\n\n<ul class=\"wp-block-list\">\n<li>BRUM DA SILVEIRA, A.; PRADA, S.; RAMALHO, R.; MADEIRA, J.; FONSECA, P.; CANHA, E.; BRILHA, J. (2012). Inventaria\u00e7\u00e3o do Patrim\u00f3nio Geol\u00f3gico da Ilha da Madeira. Secretaria Regional do Ambiente e Recursos Naturais &#8211; Relat\u00f3rio Final, 414 p. In:&nbsp;<a href=\"https:\/\/geodiversidade.madeira.gov.pt\/\" target=\"_blank\" rel=\"noreferrer noopener\">https:\/\/geodiversidade.madeira.gov.pt<\/a><\/li>\n\n\n\n<li>ECOS MACHICO &#8211; Desenvolvimento e Sustentabilidade Territorial: <a href=\"https:\/\/ecosmachico.pt\/ecossitios\">https:\/\/ecosmachico.pt\/ecossitios<\/a><\/li>\n<\/ul>\n\n\n\n<p>Voltar &gt;&gt; <a href=\"https:\/\/escoladigital.madeira.gov.pt\/ebpeccanical\/geossitios-do-canical\/\" data-type=\"page\" data-id=\"458\">Geoss\u00edtios do Cani\u00e7al<\/a><\/p>\n\n\n\n<p><\/p>\n","protected":false},"excerpt":{"rendered":"<p>C\u00f3digo de Geoss\u00edtio: M01Denomina\u00e7\u00e3o: Ponta de S\u00e3o Louren\u00e7oCategoria tem\u00e1tica: Vulcanologia e Tect\u00f3nicaCoordenadas: 32\u00b044.7 N 16\u00b042.7\u2019 W Caracter\u00edsticas \u201cA Ponta de S\u00e3o Louren\u00e7o \u00e9 considerada uma \u00e1rea com elevada relev\u00e2ncia geol\u00f3gica.Apesar da sua homogeneidade fisiogr\u00e1fica, esta \u00e1rea \u00a0engloba um conjunto de 8 locais com interesse geol\u00f3gico que apresentam elevada diversidade de aspetos, essencialmente de natureza estratigr\u00e1fica, &hellip; <\/p>\n<p class=\"link-more\"><a href=\"https:\/\/escoladigital.madeira.gov.pt\/ebpeccanical\/geossitio-ponta-de-sao-lourenco\/\" class=\"more-link\">Read more<span class=\"screen-reader-text\"> &#8220;Geoss\u00edtio: Ponta de S\u00e3o Louren\u00e7o&#8221;<\/span><\/a><\/p>\n","protected":false},"author":52,"featured_media":520,"parent":0,"menu_order":0,"comment_status":"closed","ping_status":"closed","template":"","meta":{"_themeisle_gutenberg_block_has_review":false,"inspiro_hide_title":false,"footnotes":""},"class_list":["post-467","page","type-page","status-publish","has-post-thumbnail","hentry"],"_links":{"self":[{"href":"https:\/\/escoladigital.madeira.gov.pt\/ebpeccanical\/wp-json\/wp\/v2\/pages\/467","targetHints":{"allow":["GET"]}}],"collection":[{"href":"https:\/\/escoladigital.madeira.gov.pt\/ebpeccanical\/wp-json\/wp\/v2\/pages"}],"about":[{"href":"https:\/\/escoladigital.madeira.gov.pt\/ebpeccanical\/wp-json\/wp\/v2\/types\/page"}],"author":[{"embeddable":true,"href":"https:\/\/escoladigital.madeira.gov.pt\/ebpeccanical\/wp-json\/wp\/v2\/users\/52"}],"replies":[{"embeddable":true,"href":"https:\/\/escoladigital.madeira.gov.pt\/ebpeccanical\/wp-json\/wp\/v2\/comments?post=467"}],"version-history":[{"count":5,"href":"https:\/\/escoladigital.madeira.gov.pt\/ebpeccanical\/wp-json\/wp\/v2\/pages\/467\/revisions"}],"predecessor-version":[{"id":529,"href":"https:\/\/escoladigital.madeira.gov.pt\/ebpeccanical\/wp-json\/wp\/v2\/pages\/467\/revisions\/529"}],"wp:featuredmedia":[{"embeddable":true,"href":"https:\/\/escoladigital.madeira.gov.pt\/ebpeccanical\/wp-json\/wp\/v2\/media\/520"}],"wp:attachment":[{"href":"https:\/\/escoladigital.madeira.gov.pt\/ebpeccanical\/wp-json\/wp\/v2\/media?parent=467"}],"curies":[{"name":"wp","href":"https:\/\/api.w.org\/{rel}","templated":true}]}}