{"id":469,"date":"2025-05-15T13:39:05","date_gmt":"2025-05-15T13:39:05","guid":{"rendered":"https:\/\/escoladigital.madeira.gov.pt\/ebpeccanical\/?page_id=469"},"modified":"2025-05-29T14:10:12","modified_gmt":"2025-05-29T14:10:12","slug":"geossitio-miradouro-da-ponta-do-rosto","status":"publish","type":"page","link":"https:\/\/escoladigital.madeira.gov.pt\/ebpeccanical\/geossitio-miradouro-da-ponta-do-rosto\/","title":{"rendered":"Geoss\u00edtio: Miradouro da Ponta do Rosto"},"content":{"rendered":"\n<p><strong>C\u00f3digo de Geoss\u00edtio:<\/strong> M01PSL05<br><strong>Denomina\u00e7\u00e3o:<\/strong> Miradouro da Ponta do Rosto<br><strong>Categoria tem\u00e1tica:<\/strong> Estratigrafia, Tect\u00f3nica e Geomorfologia<br><strong>Coordenadas: <\/strong>32\u00b044\u201957.2\u201d N 16\u00b042\u201924.3\u201d W<\/p>\n\n\n\n<figure class=\"wp-block-image alignright size-full is-resized\"><img fetchpriority=\"high\" decoding=\"async\" width=\"800\" height=\"600\" src=\"https:\/\/escoladigital.madeira.gov.pt\/ebpeccanical\/wp-content\/uploads\/sites\/38\/2025\/05\/ponta-do-rosto-geossitio.jpg\" alt=\"\" class=\"wp-image-510\" style=\"width:562px;height:auto\" srcset=\"https:\/\/escoladigital.madeira.gov.pt\/ebpeccanical\/wp-content\/uploads\/sites\/38\/2025\/05\/ponta-do-rosto-geossitio.jpg 800w, https:\/\/escoladigital.madeira.gov.pt\/ebpeccanical\/wp-content\/uploads\/sites\/38\/2025\/05\/ponta-do-rosto-geossitio-300x225.jpg 300w\" sizes=\"(max-width: 800px) 100vw, 800px\" \/><figcaption class=\"wp-element-caption\">(Fonte: https:\/\/geodiversidade.madeira.gov.pt\/images\/thumbnails\/images\/banners\/geossitios\/DSC_8332_Speq-stretch-800&#215;600.jpg)<\/figcaption><\/figure>\n\n\n\n<p><strong>Caracter\u00edsticas<\/strong><\/p>\n\n\n\n<p>O Miradouro da Ponta do Rosto tem como, freguesia o Cani\u00e7al, a sua dist\u00e2ncia \u00e9 de 189 metros&nbsp; e a sua altitude \u00e9 de 146 metros. Localizado na Ponta de S\u00e3o Louren\u00e7o, no oriental da ilha, o Miradouro da Ponta do Rosto tem uma vista ampla para a costa norte e para a costa sul.<\/p>\n\n\n\n<p><strong>Descri\u00e7\u00e3o sum\u00e1ria<\/strong><\/p>\n\n\n\n<p><em>\u201cO miradouro da Ponta do Rosto \u00e9 um dos locais privilegiados para reconhecer a forma geral da ilha da Madeira, em Vulc\u00e3o Escudo. Nos cortes das arribas litorais pode observar-se a estrutura interna da ilha antiga, formada durante a primeira etapa de constru\u00e7\u00e3o vulc\u00e2nica fissural em ambiente suba\u00e9reo (Complexo Vulc\u00e2nico Interm\u00e9dio \u2013 Forma\u00e7\u00e3o da Encumeada), onde ocorrem numerosos fil\u00f5es verticais relacionados com uma antiga zona de rift vulc\u00e2nico de dire\u00e7\u00e3o E-W. Os fil\u00f5es podem ocorrer descarnados ou em cabo real (destacados da rocha encaixante) por eros\u00e3o marinha diferencial. A Falha da Pedra Furada, um dos principais acidentes tect\u00f3nicos que ocorrem na Ponta de S\u00e3o Louren\u00e7o, tem tamb\u00e9m particular relev\u00e2ncia neste local. Do ponto de vista geomorfol\u00f3gico, \u00e9 evidente a rela\u00e7\u00e3o entre a eros\u00e3o da linha de costa e as principais estruturas vulcano-tect\u00f3nicas.\u201d <\/em>(Fonte: https:\/\/geodiversidade.madeira.gov.pt\/index.php\/geossitios\/madeira\/machico\/m01psl04-prainha)<\/p>\n\n\n\n<p><strong>Notas Revelantes<\/strong><\/p>\n\n\n\n<p>A visita ao local de interesse geol\u00f3gico \u00e9 da inteira responsabilidade do utilizador.<\/p>\n\n\n\n<p>O utilizador deve tomar as devidas precau\u00e7\u00f5es quando visita o local, tendo em aten\u00e7\u00e3o as condi\u00e7\u00f5es do terreno, condi\u00e7\u00f5es climat\u00e9ricas e outros perigos, para que n\u00e3o se criem situa\u00e7\u00f5es que coloquem a sua integridade e a de outros em risco.<\/p>\n\n\n\n<p>[Texto elaborado pelas alunas J\u00falia e Lara | Fotos da responsabilidade da turma do 7\u00ba ano e dos sites referenciados.]<\/p>\n\n\n\n<p><strong>Fontes:<\/strong><\/p>\n\n\n\n<ul class=\"wp-block-list\">\n<li>BRUM DA SILVEIRA, A.; PRADA, S.; RAMALHO, R.; MADEIRA, J.; FONSECA, P.; CANHA, E.; BRILHA, J. (2012). Inventaria\u00e7\u00e3o do Patrim\u00f3nio Geol\u00f3gico da Ilha da Madeira. Secretaria Regional do Ambiente e Recursos Naturais &#8211; Relat\u00f3rio Final, 414 p. In:\u00a0<a href=\"https:\/\/geodiversidade.madeira.gov.pt\/\" target=\"_blank\" rel=\"noreferrer noopener\">https:\/\/geodiversidade.madeira.gov.pt<\/a><\/li>\n\n\n\n<li>ECOS MACHICO &#8211; Desenvolvimento e Sustentabilidade Territorial: <a href=\"https:\/\/ecosmachico.pt\/ecossitios\">https:\/\/ecosmachico.pt\/ecossitios<\/a><\/li>\n<\/ul>\n\n\n\n<p>Voltar &gt;&gt; <a href=\"https:\/\/escoladigital.madeira.gov.pt\/ebpeccanical\/geossitios-do-canical\/\" data-type=\"page\" data-id=\"458\">Geoss\u00edtios do Cani\u00e7al<\/a><\/p>\n","protected":false},"excerpt":{"rendered":"<p>C\u00f3digo de Geoss\u00edtio: M01PSL05Denomina\u00e7\u00e3o: Miradouro da Ponta do RostoCategoria tem\u00e1tica: Estratigrafia, Tect\u00f3nica e GeomorfologiaCoordenadas: 32\u00b044\u201957.2\u201d N 16\u00b042\u201924.3\u201d W Caracter\u00edsticas O Miradouro da Ponta do Rosto tem como, freguesia o Cani\u00e7al, a sua dist\u00e2ncia \u00e9 de 189 metros&nbsp; e a sua altitude \u00e9 de 146 metros. Localizado na Ponta de S\u00e3o Louren\u00e7o, no oriental da ilha, &hellip; <\/p>\n<p class=\"link-more\"><a href=\"https:\/\/escoladigital.madeira.gov.pt\/ebpeccanical\/geossitio-miradouro-da-ponta-do-rosto\/\" class=\"more-link\">Read more<span class=\"screen-reader-text\"> &#8220;Geoss\u00edtio: Miradouro da Ponta do Rosto&#8221;<\/span><\/a><\/p>\n","protected":false},"author":52,"featured_media":508,"parent":0,"menu_order":0,"comment_status":"closed","ping_status":"closed","template":"","meta":{"_themeisle_gutenberg_block_has_review":false,"inspiro_hide_title":false,"footnotes":""},"class_list":["post-469","page","type-page","status-publish","has-post-thumbnail","hentry"],"_links":{"self":[{"href":"https:\/\/escoladigital.madeira.gov.pt\/ebpeccanical\/wp-json\/wp\/v2\/pages\/469","targetHints":{"allow":["GET"]}}],"collection":[{"href":"https:\/\/escoladigital.madeira.gov.pt\/ebpeccanical\/wp-json\/wp\/v2\/pages"}],"about":[{"href":"https:\/\/escoladigital.madeira.gov.pt\/ebpeccanical\/wp-json\/wp\/v2\/types\/page"}],"author":[{"embeddable":true,"href":"https:\/\/escoladigital.madeira.gov.pt\/ebpeccanical\/wp-json\/wp\/v2\/users\/52"}],"replies":[{"embeddable":true,"href":"https:\/\/escoladigital.madeira.gov.pt\/ebpeccanical\/wp-json\/wp\/v2\/comments?post=469"}],"version-history":[{"count":4,"href":"https:\/\/escoladigital.madeira.gov.pt\/ebpeccanical\/wp-json\/wp\/v2\/pages\/469\/revisions"}],"predecessor-version":[{"id":511,"href":"https:\/\/escoladigital.madeira.gov.pt\/ebpeccanical\/wp-json\/wp\/v2\/pages\/469\/revisions\/511"}],"wp:featuredmedia":[{"embeddable":true,"href":"https:\/\/escoladigital.madeira.gov.pt\/ebpeccanical\/wp-json\/wp\/v2\/media\/508"}],"wp:attachment":[{"href":"https:\/\/escoladigital.madeira.gov.pt\/ebpeccanical\/wp-json\/wp\/v2\/media?parent=469"}],"curies":[{"name":"wp","href":"https:\/\/api.w.org\/{rel}","templated":true}]}}