{"id":471,"date":"2025-05-15T13:39:36","date_gmt":"2025-05-15T13:39:36","guid":{"rendered":"https:\/\/escoladigital.madeira.gov.pt\/ebpeccanical\/?page_id=471"},"modified":"2025-06-12T12:00:12","modified_gmt":"2025-06-12T12:00:12","slug":"geossitio-nossa-senhora-da-piedade","status":"publish","type":"page","link":"https:\/\/escoladigital.madeira.gov.pt\/ebpeccanical\/geossitio-nossa-senhora-da-piedade\/","title":{"rendered":"Geoss\u00edtio: Nossa Senhora da Piedade"},"content":{"rendered":"\n<p><strong>C\u00f3digo de Geoss\u00edtio:<\/strong> M01PSL06<br><strong>Denomina\u00e7\u00e3o:<\/strong> Nossa Senhora da Piedade<br><strong>Categoria tem\u00e1tica:<\/strong> Vulcanologia<br><strong>Coordenadas: <\/strong>32\u207044&#8217;32.1\u201c N 16\u207042&#8217;44.4\u201cW<\/p>\n\n\n\n<figure class=\"wp-block-image alignright size-full is-resized\"><img fetchpriority=\"high\" decoding=\"async\" width=\"768\" height=\"1024\" src=\"https:\/\/escoladigital.madeira.gov.pt\/ebpeccanical\/wp-content\/uploads\/sites\/38\/2025\/05\/NossaSenhoraPiedade_DN.jpeg\" alt=\"\" class=\"wp-image-503\" style=\"width:341px;height:auto\" srcset=\"https:\/\/escoladigital.madeira.gov.pt\/ebpeccanical\/wp-content\/uploads\/sites\/38\/2025\/05\/NossaSenhoraPiedade_DN.jpeg 768w, https:\/\/escoladigital.madeira.gov.pt\/ebpeccanical\/wp-content\/uploads\/sites\/38\/2025\/05\/NossaSenhoraPiedade_DN-225x300.jpeg 225w\" sizes=\"(max-width: 768px) 100vw, 768px\" \/><figcaption class=\"wp-element-caption\">(Fonte: <a href=\"https:\/\/freguesias.dnoticias.pt\/wp-content\/uploads\/2021\/09\/45846B31-EC68-43D8-A6AD-559A10326309-768x1024.jpeg\">https:\/\/freguesias.dnoticias.pt\/wp-content\/uploads\/2021\/09\/45846B31-EC68-43D8-A6AD-559A10326309-768&#215;1024.jpeg<\/a> em <a href=\"https:\/\/freguesias.dnoticias.pt\/a-geologia-no-ecossitio-do-monte-da-piedade\/\">https:\/\/freguesias.dnoticias.pt\/a-geologia-no-ecossitio-do-monte-da-piedade\/<\/a> )<\/figcaption><\/figure>\n\n\n\n<p class=\"has-text-align-left\"><strong>Caracter\u00edsticas<\/strong><\/p>\n\n\n\n<p class=\"has-text-align-left\"><em>\u201cNeste local, a eros\u00e3o marinha exp\u00f4s a estrutura interna do cone de esc\u00f3rias bas\u00e1lticas e a sua conduta vulc\u00e2nica principal (fil\u00e3o ou dique) na qual a alimenta\u00e7\u00e3o de magma foi efetuada lateralmente. Para al\u00e9m dos produtos vulc\u00e2nicos explosivos (piroclastos de queda) observam-se ainda produtos efusivos (escoadas l\u00e1vicas), bem como numerosos aspetos vulcanol\u00f3gicos que permitem interpretar as v\u00e1rias etapas de edifica\u00e7\u00e3o deste pequeno vulc\u00e3o.\u201d<\/em> (fonte: <a href=\"https:\/\/geodiversidade.madeira.gov.pt\/index.php\/geossitios\/madeira\/machico\/6-nossa-sr-da-piedade\">https:\/\/geodiversidade.madeira.gov.pt\/index.php\/geossitios\/madeira\/machico\/6-nossa-sr-da-piedade<\/a>)<\/p>\n\n\n\n<p class=\"has-text-align-left\"><strong>Descri\u00e7\u00e3o sum\u00e1ria<\/strong><\/p>\n\n\n\n<p class=\"has-text-align-left\">O Cone de Piroclastos da Senhora da Piedade, tamb\u00e9m conhecido como Monte Gordo, \u00e9 um vulc\u00e3o monogen\u00e9tico formado por erup\u00e7\u00f5es havaiano-estrombolianas,com idades entre o Plistoc\u00e9nico e o Holoc\u00e9nico (1,8 milh\u00f5es a 7 mil anos atr\u00e1s).<\/p>\n\n\n\n<div class=\"wp-block-group is-nowrap is-layout-flex wp-container-core-group-is-layout-6c531013 wp-block-group-is-layout-flex\">\n<figure class=\"wp-block-image alignleft size-large is-resized\"><img decoding=\"async\" width=\"768\" height=\"1024\" src=\"https:\/\/escoladigital.madeira.gov.pt\/ebpeccanical\/wp-content\/uploads\/sites\/38\/2025\/05\/montepiedade_ecos-768x1024.jpg\" alt=\"\" class=\"wp-image-504\" style=\"width:335px;height:auto\" srcset=\"https:\/\/escoladigital.madeira.gov.pt\/ebpeccanical\/wp-content\/uploads\/sites\/38\/2025\/05\/montepiedade_ecos-768x1024.jpg 768w, https:\/\/escoladigital.madeira.gov.pt\/ebpeccanical\/wp-content\/uploads\/sites\/38\/2025\/05\/montepiedade_ecos-225x300.jpg 225w, https:\/\/escoladigital.madeira.gov.pt\/ebpeccanical\/wp-content\/uploads\/sites\/38\/2025\/05\/montepiedade_ecos.jpg 1440w\" sizes=\"(max-width: 768px) 100vw, 768px\" \/><figcaption class=\"wp-element-caption\"><br>(Fonte: <a href=\"https:\/\/ecosmachico.pt\/ecossitios\/canical\/monte-da-piedade?os_image_id-463\">https:\/\/ecosmachico.pt\/ecossitios\/canical\/monte-da-piedade?os_image_id-463<\/a>)<\/figcaption><\/figure>\n\n\n\n<p class=\"has-text-align-left\"><\/p>\n<\/div>\n\n\n\n<p class=\"has-text-align-left\"><strong>Notas Revelantes<\/strong><\/p>\n\n\n\n<p class=\"has-text-align-left\">Ao visitar um local de interesse geol\u00f3gico, \u00e9 importante que o visitante se responsabilize pela sua seguran\u00e7a, tomando as devidas precau\u00e7\u00f5es em rela\u00e7\u00e3o \u00e0s condi\u00e7\u00f5es do terreno, clima e outros poss\u00edveis perigos. A sua aten\u00e7\u00e3o a estes fatores ajudar\u00e1 a garantir que a visita seja segura tanto para si quanto para os outros.<\/p>\n\n\n\n<p class=\"has-text-align-left\">[Texto elaborado pelas alunas Cynthia e Kyara | Fotos da responsabilidade da turma do 7\u00ba ano e dos sites referenciados.]<\/p>\n\n\n\n<p><\/p>\n\n\n\n<p><\/p>\n\n\n\n<p><strong>Fontes:<\/strong><\/p>\n\n\n\n<ul class=\"wp-block-list\">\n<li>BRUM DA SILVEIRA, A.; PRADA, S.; RAMALHO, R.; MADEIRA, J.; FONSECA, P.; CANHA, E.; BRILHA, J. (2012). Inventaria\u00e7\u00e3o do Patrim\u00f3nio Geol\u00f3gico da Ilha da Madeira. Secretaria Regional do Ambiente e Recursos Naturais &#8211; Relat\u00f3rio Final, 414 p. In:&nbsp;<a href=\"https:\/\/geodiversidade.madeira.gov.pt\/\" target=\"_blank\" rel=\"noreferrer noopener\">https:\/\/geodiversidade.madeira.gov.pt<\/a><\/li>\n\n\n\n<li>ECOS MACHICO &#8211; Desenvolvimento e Sustentabilidade Territorial: <a href=\"https:\/\/ecosmachico.pt\/ecossitios\">https:\/\/ecosmachico.pt\/ecossitios<\/a><\/li>\n<\/ul>\n\n\n\n<p><\/p>\n\n\n\n<hr class=\"wp-block-separator has-alpha-channel-opacity is-style-wide\" \/>\n\n\n\n<p>Voltar &gt;&gt; <a href=\"https:\/\/escoladigital.madeira.gov.pt\/ebpeccanical\/geossitios-do-canical\/\" data-type=\"page\" data-id=\"458\">Geoss\u00edtios do Cani\u00e7al<\/a><\/p>\n","protected":false},"excerpt":{"rendered":"<p>C\u00f3digo de Geoss\u00edtio: M01PSL06Denomina\u00e7\u00e3o: Nossa Senhora da PiedadeCategoria tem\u00e1tica: VulcanologiaCoordenadas: 32\u207044&#8217;32.1\u201c N 16\u207042&#8217;44.4\u201cW Caracter\u00edsticas \u201cNeste local, a eros\u00e3o marinha exp\u00f4s a estrutura interna do cone de esc\u00f3rias bas\u00e1lticas e a sua conduta vulc\u00e2nica principal (fil\u00e3o ou dique) na qual a alimenta\u00e7\u00e3o de magma foi efetuada lateralmente. Para al\u00e9m dos produtos vulc\u00e2nicos explosivos (piroclastos de queda) &hellip; <\/p>\n<p class=\"link-more\"><a href=\"https:\/\/escoladigital.madeira.gov.pt\/ebpeccanical\/geossitio-nossa-senhora-da-piedade\/\" class=\"more-link\">Read more<span class=\"screen-reader-text\"> &#8220;Geoss\u00edtio: Nossa Senhora da Piedade&#8221;<\/span><\/a><\/p>\n","protected":false},"author":52,"featured_media":501,"parent":0,"menu_order":0,"comment_status":"closed","ping_status":"closed","template":"","meta":{"_themeisle_gutenberg_block_has_review":false,"inspiro_hide_title":false,"footnotes":""},"class_list":["post-471","page","type-page","status-publish","has-post-thumbnail","hentry"],"_links":{"self":[{"href":"https:\/\/escoladigital.madeira.gov.pt\/ebpeccanical\/wp-json\/wp\/v2\/pages\/471","targetHints":{"allow":["GET"]}}],"collection":[{"href":"https:\/\/escoladigital.madeira.gov.pt\/ebpeccanical\/wp-json\/wp\/v2\/pages"}],"about":[{"href":"https:\/\/escoladigital.madeira.gov.pt\/ebpeccanical\/wp-json\/wp\/v2\/types\/page"}],"author":[{"embeddable":true,"href":"https:\/\/escoladigital.madeira.gov.pt\/ebpeccanical\/wp-json\/wp\/v2\/users\/52"}],"replies":[{"embeddable":true,"href":"https:\/\/escoladigital.madeira.gov.pt\/ebpeccanical\/wp-json\/wp\/v2\/comments?post=471"}],"version-history":[{"count":7,"href":"https:\/\/escoladigital.madeira.gov.pt\/ebpeccanical\/wp-json\/wp\/v2\/pages\/471\/revisions"}],"predecessor-version":[{"id":536,"href":"https:\/\/escoladigital.madeira.gov.pt\/ebpeccanical\/wp-json\/wp\/v2\/pages\/471\/revisions\/536"}],"wp:featuredmedia":[{"embeddable":true,"href":"https:\/\/escoladigital.madeira.gov.pt\/ebpeccanical\/wp-json\/wp\/v2\/media\/501"}],"wp:attachment":[{"href":"https:\/\/escoladigital.madeira.gov.pt\/ebpeccanical\/wp-json\/wp\/v2\/media?parent=471"}],"curies":[{"name":"wp","href":"https:\/\/api.w.org\/{rel}","templated":true}]}}