{"id":473,"date":"2025-05-15T13:40:08","date_gmt":"2025-05-15T13:40:08","guid":{"rendered":"https:\/\/escoladigital.madeira.gov.pt\/ebpeccanical\/?page_id=473"},"modified":"2025-06-12T12:29:52","modified_gmt":"2025-06-12T12:29:52","slug":"geossitio-porta-dabra","status":"publish","type":"page","link":"https:\/\/escoladigital.madeira.gov.pt\/ebpeccanical\/geossitio-porta-dabra\/","title":{"rendered":"Geoss\u00edtio: Porta d&#8217;Abra"},"content":{"rendered":"\n<p><strong>C\u00f3digo de Geoss\u00edtio:<\/strong> M01PSL07<br><strong>Denomina\u00e7\u00e3o:<\/strong> Porta d\u2019Abra<br><strong>Categoria tem\u00e1tica:<\/strong> Estratigrafia e Tect\u00f3nica<br><strong>Coordenadas: <\/strong>32\u00b045&#8217;01.6&#8221; N 16\u00b041&#8217;42.3&#8221; W<\/p>\n\n\n\n<figure class=\"wp-block-image alignright size-full is-resized\"><img fetchpriority=\"high\" decoding=\"async\" width=\"800\" height=\"600\" src=\"https:\/\/escoladigital.madeira.gov.pt\/ebpeccanical\/wp-content\/uploads\/sites\/38\/2025\/06\/DSC_9408peq-stretch-800x600-1.jpg\" alt=\"\" class=\"wp-image-539\" style=\"width:545px;height:auto\" srcset=\"https:\/\/escoladigital.madeira.gov.pt\/ebpeccanical\/wp-content\/uploads\/sites\/38\/2025\/06\/DSC_9408peq-stretch-800x600-1.jpg 800w, https:\/\/escoladigital.madeira.gov.pt\/ebpeccanical\/wp-content\/uploads\/sites\/38\/2025\/06\/DSC_9408peq-stretch-800x600-1-300x225.jpg 300w\" sizes=\"(max-width: 800px) 100vw, 800px\" \/><figcaption class=\"wp-element-caption\">(Fonte: <a href=\"https:\/\/geodiversidade.madeira.gov.pt\/index.php\/geossitios\/madeira\/machico\/m01psl07-porta-d-abra#galeria-de-fotos\">https:\/\/geodiversidade.madeira.gov.pt\/index.php\/geossitios\/madeira\/machico\/m01psl07-porta-d-abra#galeria-de-fotos<\/a>)<\/figcaption><\/figure>\n\n\n\n<p><strong>Caracter\u00edsticas<\/strong><\/p>\n\n\n\n<p>A Porta d&#8217;Abra situa-se na Ilha da Madeira, mais precisamente na Ponta de S. Louren\u00e7o &#8211; freguesia do Cani\u00e7al<\/p>\n\n\n\n<p>Constitui um excelente exemplo da estreita rela\u00e7\u00e3o existente entre estruturas de origem tect\u00f3nica e vulc\u00e2nica na ilha da Madeira.<\/p>\n\n\n\n<p><strong>Descri\u00e7\u00e3o sum\u00e1ria<\/strong><\/p>\n\n\n\n<p>Atrav\u00e9s da&nbsp;magn\u00edfica exposi\u00e7\u00e3o de numerosos cortes geol\u00f3gicos \u00e9 poss\u00edvel&nbsp;perceber as rela\u00e7\u00f5es geom\u00e9tricas e estratigr\u00e1ficas entre as v\u00e1rias unidades geol\u00f3gicas.<\/p>\n\n\n\n<p>Neste geoss\u00edtio, \u00e9 poss\u00edvel observar a discord\u00e2ncia erosiva entre o Complexo Vulc\u00e2nico Interm\u00e9dio e o Complexo Vulc\u00e2nico Superior. Em geologia, uma discord\u00e2ncia \u00e9 uma superf\u00edcie erosiva que separa duas massas de rochas sedimentares ou estratos de diferentes idades, indicando que a deposi\u00e7\u00e3o de sedimentos n\u00e3o foi cont\u00ednua.<\/p>\n\n\n\n<p>Neste local podemos observar os melhores fil\u00f5es descarnados, por eros\u00e3o marinha diferencial. Os fil\u00f5es s\u00e3o corpos magm\u00e1ticos, de forma tabular, resultantes do preenchimento de fraturas existentes nas rochas. A sua atitude e dimens\u00f5es s\u00e3o vari\u00e1veis, podendo apresentar espessuras que variam entre poucos mil\u00edmetros\u00a0 a alguns metros ou mesmo quil\u00f3metros e extens\u00f5es desde alguns metros at\u00e9 quil\u00f3metros.<\/p>\n\n\n\n<figure class=\"wp-block-image size-full is-resized\"><img decoding=\"async\" width=\"800\" height=\"600\" src=\"https:\/\/escoladigital.madeira.gov.pt\/ebpeccanical\/wp-content\/uploads\/sites\/38\/2025\/06\/DSC_9324peq-stretch-800x600-1.jpg\" alt=\"\" class=\"wp-image-541\" style=\"width:589px;height:auto\" srcset=\"https:\/\/escoladigital.madeira.gov.pt\/ebpeccanical\/wp-content\/uploads\/sites\/38\/2025\/06\/DSC_9324peq-stretch-800x600-1.jpg 800w, https:\/\/escoladigital.madeira.gov.pt\/ebpeccanical\/wp-content\/uploads\/sites\/38\/2025\/06\/DSC_9324peq-stretch-800x600-1-300x225.jpg 300w\" sizes=\"(max-width: 800px) 100vw, 800px\" \/><figcaption class=\"wp-element-caption\">(Fonte: <a href=\"https:\/\/geodiversidade.madeira.gov.pt\/index.php\/geossitios\/madeira\/machico\/m01psl07-porta-d-abra#galeria-de-fotos\">https:\/\/geodiversidade.madeira.gov.pt\/index.php\/geossitios\/madeira\/machico\/m01psl07-porta-d-abra#galeria-de-fotos<\/a>)<\/figcaption><\/figure>\n\n\n\n<p><strong>Notas Revelantes<\/strong><\/p>\n\n\n\n<p>Como \u00e9 evidente, este local tem uma grande import\u00e2ncia do ponto de vista geol\u00f3gico. Tem servido para a realiza\u00e7\u00e3o de estudos e chamado a aten\u00e7\u00e3o pelas suas caracter\u00edsticas.<\/p>\n\n\n\n<p>Contudo, n\u00e3o podemos esquecer a sua import\u00e2ncia&nbsp;do ponto de vista tur\u00edstico, uma vez que ao longo dos tempos tem atra\u00eddo imensos turistas que se deixam encantar pela sua beleza natural.<\/p>\n\n\n\n<p><strong><em>Cuidados a ter:<\/em><\/strong><\/p>\n\n\n\n<p>+O visitante dever\u00e1 ter o m\u00e1ximo de cuidado ao visitar o local, tendo em conta as condi\u00e7\u00f5es &nbsp;do terreno, &nbsp;condi\u00e7\u00f5es climat\u00e9ricas e outras amea\u00e7as para que n\u00e3o se criem ambientes que coloquem a sua integridade e a de outros em risco.<\/p>\n\n\n\n<p>+O visitante dever\u00e1 respeitar o ambiente privado. O acesso a \u00e1reas privadas, exige autoriza\u00e7\u00e3o antecipada dos propriet\u00e1rios.<\/p>\n\n\n\n<p>+O visitante dever\u00e1 respeitar o recurso natural, deixando-o limpo. A consequ\u00eancia das suas atitudes dever\u00e1 ser m\u00ednima.<\/p>\n\n\n\n<p>[Texto elaborado pelos alunos Emanuel e Vit\u00f3ria | Fotos da responsabilidade da turma do 7\u00ba ano e dos sites referenciados.]<\/p>\n\n\n\n<p><strong>Fontes:<\/strong><\/p>\n\n\n\n<ul class=\"wp-block-list\">\n<li>BRUM DA SILVEIRA, A.; PRADA, S.; RAMALHO, R.; MADEIRA, J.; FONSECA, P.; CANHA, E.; BRILHA, J. (2012). Inventaria\u00e7\u00e3o do Patrim\u00f3nio Geol\u00f3gico da Ilha da Madeira. Secretaria Regional do Ambiente e Recursos Naturais &#8211; Relat\u00f3rio Final, 414 p. In:&nbsp;<a href=\"https:\/\/geodiversidade.madeira.gov.pt\/\" target=\"_blank\" rel=\"noreferrer noopener\">https:\/\/geodiversidade.madeira.gov.pt<\/a><\/li>\n\n\n\n<li>ECOS MACHICO &#8211; Desenvolvimento e Sustentabilidade Territorial: <a href=\"https:\/\/ecosmachico.pt\/ecossitios\">https:\/\/ecosmachico.pt\/ecossitios<\/a><\/li>\n<\/ul>\n\n\n\n<hr class=\"wp-block-separator has-alpha-channel-opacity is-style-wide\" \/>\n\n\n\n<p>Voltar &gt;&gt; <a href=\"https:\/\/escoladigital.madeira.gov.pt\/ebpeccanical\/geossitios-do-canical\/\" data-type=\"page\" data-id=\"458\">Geoss\u00edtios do Cani\u00e7al<\/a><\/p>\n","protected":false},"excerpt":{"rendered":"<p>C\u00f3digo de Geoss\u00edtio: M01PSL07Denomina\u00e7\u00e3o: Porta d\u2019AbraCategoria tem\u00e1tica: Estratigrafia e Tect\u00f3nicaCoordenadas: 32\u00b045&#8217;01.6&#8221; N 16\u00b041&#8217;42.3&#8221; W Caracter\u00edsticas A Porta d&#8217;Abra situa-se na Ilha da Madeira, mais precisamente na Ponta de S. Louren\u00e7o &#8211; freguesia do Cani\u00e7al Constitui um excelente exemplo da estreita rela\u00e7\u00e3o existente entre estruturas de origem tect\u00f3nica e vulc\u00e2nica na ilha da Madeira. Descri\u00e7\u00e3o sum\u00e1ria &hellip; <\/p>\n<p class=\"link-more\"><a href=\"https:\/\/escoladigital.madeira.gov.pt\/ebpeccanical\/geossitio-porta-dabra\/\" class=\"more-link\">Read more<span class=\"screen-reader-text\"> &#8220;Geoss\u00edtio: Porta d&#8217;Abra&#8221;<\/span><\/a><\/p>\n","protected":false},"author":52,"featured_media":542,"parent":0,"menu_order":0,"comment_status":"closed","ping_status":"closed","template":"","meta":{"_themeisle_gutenberg_block_has_review":false,"inspiro_hide_title":false,"footnotes":""},"class_list":["post-473","page","type-page","status-publish","has-post-thumbnail","hentry"],"_links":{"self":[{"href":"https:\/\/escoladigital.madeira.gov.pt\/ebpeccanical\/wp-json\/wp\/v2\/pages\/473","targetHints":{"allow":["GET"]}}],"collection":[{"href":"https:\/\/escoladigital.madeira.gov.pt\/ebpeccanical\/wp-json\/wp\/v2\/pages"}],"about":[{"href":"https:\/\/escoladigital.madeira.gov.pt\/ebpeccanical\/wp-json\/wp\/v2\/types\/page"}],"author":[{"embeddable":true,"href":"https:\/\/escoladigital.madeira.gov.pt\/ebpeccanical\/wp-json\/wp\/v2\/users\/52"}],"replies":[{"embeddable":true,"href":"https:\/\/escoladigital.madeira.gov.pt\/ebpeccanical\/wp-json\/wp\/v2\/comments?post=473"}],"version-history":[{"count":6,"href":"https:\/\/escoladigital.madeira.gov.pt\/ebpeccanical\/wp-json\/wp\/v2\/pages\/473\/revisions"}],"predecessor-version":[{"id":547,"href":"https:\/\/escoladigital.madeira.gov.pt\/ebpeccanical\/wp-json\/wp\/v2\/pages\/473\/revisions\/547"}],"wp:featuredmedia":[{"embeddable":true,"href":"https:\/\/escoladigital.madeira.gov.pt\/ebpeccanical\/wp-json\/wp\/v2\/media\/542"}],"wp:attachment":[{"href":"https:\/\/escoladigital.madeira.gov.pt\/ebpeccanical\/wp-json\/wp\/v2\/media?parent=473"}],"curies":[{"name":"wp","href":"https:\/\/api.w.org\/{rel}","templated":true}]}}