{"id":608,"date":"2026-05-07T16:45:17","date_gmt":"2026-05-07T16:45:17","guid":{"rendered":"https:\/\/escoladigital.madeira.gov.pt\/ebpeccanical\/?page_id=608"},"modified":"2026-05-07T16:45:17","modified_gmt":"2026-05-07T16:45:17","slug":"provas-extraordinarias-de-avaliacao-pea","status":"publish","type":"page","link":"https:\/\/escoladigital.madeira.gov.pt\/ebpeccanical\/provas-extraordinarias-de-avaliacao-pea\/","title":{"rendered":"Provas Extraordin\u00e1rias de Avalia\u00e7\u00e3o (PEA)"},"content":{"rendered":"\n<p>Conforme disposto na Portaria n.\u00ba 223-A\/2018, de 3 de agosto, estas provas destinam-se aos alunos com ingresso tardio no sistema de ensino portugu\u00eas (com apenas um per\u00edodo de avalia\u00e7\u00e3o).<\/p>\n\n\n\n<p><strong>Matriz Provas Extraordin\u00e1rias de Avalia\u00e7\u00e3o<\/strong><\/p>\n\n\n\n<ul class=\"wp-block-list\">\n<li>1.\u00baCiclo (1.\u00baAno; 2.\u00baAno; 3.\u00baAno; 4.\u00baAno)<\/li>\n\n\n\n<li>2.\u00baCiclo (5.\u00baano; 6.\u00baAno)<\/li>\n\n\n\n<li>3.\u00baCiclo(7.\u00baAno; 8.\u00baAno; 9.\u00ba Ano).<\/li>\n<\/ul>\n\n\n\n<p><strong>Calend\u00e1rio das Provas Extraordin\u00e1rias de Avalia\u00e7\u00e3o<\/strong><\/p>\n\n\n\n<p>1.\u00baAno<\/p>\n\n\n\n<p>2.\u00baAno<\/p>\n\n\n\n<p>3.\u00baAno<\/p>\n\n\n\n<p>4.\u00baAno<\/p>\n\n\n\n<p>5.\u00baano<\/p>\n\n\n\n<p>6.\u00baAno<\/p>\n\n\n\n<p>7.\u00baAno<\/p>\n\n\n\n<p>8.\u00baAno<\/p>\n\n\n\n<p><a href=\"https:\/\/drive.google.com\/file\/d\/18C6BFi1freTjieKZxGl2cDsip-GsM7oH\/view?usp=sharing\" data-type=\"link\" data-id=\"https:\/\/drive.google.com\/file\/d\/18C6BFi1freTjieKZxGl2cDsip-GsM7oH\/view?usp=sharing\" target=\"_blank\" rel=\"noreferrer noopener\">9.\u00ba Ano<\/a><\/p>\n","protected":false},"excerpt":{"rendered":"<p>Conforme disposto na Portaria n.\u00ba 223-A\/2018, de 3 de agosto, estas provas destinam-se aos alunos com ingresso tardio no sistema de ensino portugu\u00eas (com apenas um per\u00edodo de avalia\u00e7\u00e3o). Matriz Provas Extraordin\u00e1rias de Avalia\u00e7\u00e3o Calend\u00e1rio das Provas Extraordin\u00e1rias de Avalia\u00e7\u00e3o 1.\u00baAno 2.\u00baAno 3.\u00baAno 4.\u00baAno 5.\u00baano 6.\u00baAno 7.\u00baAno 8.\u00baAno 9.\u00ba Ano<\/p>\n","protected":false},"author":52,"featured_media":0,"parent":0,"menu_order":0,"comment_status":"closed","ping_status":"closed","template":"","meta":{"_themeisle_gutenberg_block_has_review":false,"inspiro_hide_title":false,"footnotes":""},"class_list":["post-608","page","type-page","status-publish","hentry"],"_links":{"self":[{"href":"https:\/\/escoladigital.madeira.gov.pt\/ebpeccanical\/wp-json\/wp\/v2\/pages\/608","targetHints":{"allow":["GET"]}}],"collection":[{"href":"https:\/\/escoladigital.madeira.gov.pt\/ebpeccanical\/wp-json\/wp\/v2\/pages"}],"about":[{"href":"https:\/\/escoladigital.madeira.gov.pt\/ebpeccanical\/wp-json\/wp\/v2\/types\/page"}],"author":[{"embeddable":true,"href":"https:\/\/escoladigital.madeira.gov.pt\/ebpeccanical\/wp-json\/wp\/v2\/users\/52"}],"replies":[{"embeddable":true,"href":"https:\/\/escoladigital.madeira.gov.pt\/ebpeccanical\/wp-json\/wp\/v2\/comments?post=608"}],"version-history":[{"count":1,"href":"https:\/\/escoladigital.madeira.gov.pt\/ebpeccanical\/wp-json\/wp\/v2\/pages\/608\/revisions"}],"predecessor-version":[{"id":609,"href":"https:\/\/escoladigital.madeira.gov.pt\/ebpeccanical\/wp-json\/wp\/v2\/pages\/608\/revisions\/609"}],"wp:attachment":[{"href":"https:\/\/escoladigital.madeira.gov.pt\/ebpeccanical\/wp-json\/wp\/v2\/media?parent=608"}],"curies":[{"name":"wp","href":"https:\/\/api.w.org\/{rel}","templated":true}]}}